{"id":31959,"date":"2025-07-02T03:28:59","date_gmt":"2025-07-02T03:28:59","guid":{"rendered":"https:\/\/volovape.com\/?post_type=product&#038;p=31959"},"modified":"2025-08-30T09:26:48","modified_gmt":"2025-08-30T09:26:48","slug":"vozol-rave-40000-puffow","status":"publish","type":"product","link":"https:\/\/volovape.com\/pl\/product\/vozol-rave-40000-puffs\/","title":{"rendered":"Vozol Rave 40000 Puffs | podw\u00f3jny smak podw\u00f3jny tryb jednorazowy hurtownia vape"},"content":{"rendered":"<p>\ud83d\udd25 <strong>Vozol Rave 40000 Vape jednorazowego u\u017cytku<\/strong> Do\u015bwiadcz najwy\u017cszej jako\u015bci waporyzacji dzi\u0119ki Vozol Rave 40000. Ciesz si\u0119 zdumiewaj\u0105c\u0105 <strong>40 000 zaci\u0105gni\u0119\u0107<\/strong>, <strong>Podw\u00f3jne komory smakowe<\/strong>, I <strong>podw\u00f3jna cewka siatkowa<\/strong> Technologia zapewniaj\u0105ca intensywny, czysty smak. Z <strong>Szybkie \u0142adowanie typu C<\/strong> (80% w 20 minut) i ol\u015bniewaj\u0105ce <strong>\u015awiat\u0142a LED reaguj\u0105ce na muzyk\u0119<\/strong>Twoje doznania z wapowania w\u0142a\u015bnie zosta\u0142y ulepszone! Dostosuj swoje uderzenie za pomoc\u0105 <strong>regulowany przep\u0142yw powietrza<\/strong> I <strong>Dwa tryby zasilania<\/strong>. Idealny do u\u017cytku hurtowego lub osobistego. \ud83d\ude80<\/p>\n<h3>Specyfikacje:<\/h3>\n<ul>\n<li><strong>Liczba zaci\u0105gni\u0119\u0107:<\/strong> Do 40 000 zaci\u0105gni\u0119\u0107<\/li>\n<li><strong>Cewka:<\/strong> Podw\u00f3jna cewka siatkowa<\/li>\n<li><strong>\u0141adowanie:<\/strong> Szybkie \u0142adowanie typu C (80% w 20 minut)<\/li>\n<li><strong>Cechy:<\/strong> Podw\u00f3jne komory smakowe, aktywne muzycznie o\u015bwietlenie LED, regulowany przep\u0142yw powietrza, dwa tryby zasilania<\/li>\n<\/ul>\n<h3>Lista smak\u00f3w:<\/h3>\n<p>Odkryj 20 pysznych kombinacji smakowych! (<em>Uwaga: Tutaj mo\u017cna umie\u015bci\u0107 list\u0119 konkretnych smak\u00f3w, np. truskawkowy kiwi, lemoniada Blue Razz itp.<\/em>) \ud83c\udf47\ud83c\udf4d\ud83e\udd6d<\/p>","protected":false},"excerpt":{"rendered":"<p>Roz\u015bwietl swoje doznania zwi\u0105zane z waporyzacj\u0105 dzi\u0119ki <strong>Vozol Rave 40000<\/strong> - Kompaktowa moc zbudowana zar\u00f3wno dla powa\u017cnych poszukiwaczy smaku, jak i profesjonalist\u00f3w hurtowych.<\/p>","protected":false},"featured_media":32269,"comment_status":"open","ping_status":"closed","template":"","meta":[],"product_brand":[241],"product_cat":[230,228],"product_tag":[],"class_list":{"0":"post-31959","1":"product","2":"type-product","3":"status-publish","4":"has-post-thumbnail","6":"product_brand-vozol","7":"product_cat-new","8":"product_cat-vozol","10":"first","11":"instock","12":"shipping-taxable","13":"purchasable","14":"product-type-variable","15":"has-default-attributes"},"jetpack_sharing_enabled":true,"tiered_pricing_type":"fixed","tiered_pricing_fixed_rules":{"2000":7.0999999999999996447286321199499070644378662109375},"tiered_pricing_product_settings":{"layout":"default","base_unit_name":{"singular":null,"plural":null},"default_variation":null},"tiered_pricing_minimum_quantity":1000,"tiered_pricing_roles_data":[],"tiered_pricing_percentage_rules":[],"tiered_pricing_maximum_quantity":null,"tiered_pricing_quantity_step":"10","_links":{"self":[{"href":"https:\/\/volovape.com\/pl\/wp-json\/wp\/v2\/product\/31959","targetHints":{"allow":["GET"]}}],"collection":[{"href":"https:\/\/volovape.com\/pl\/wp-json\/wp\/v2\/product"}],"about":[{"href":"https:\/\/volovape.com\/pl\/wp-json\/wp\/v2\/types\/product"}],"replies":[{"embeddable":true,"href":"https:\/\/volovape.com\/pl\/wp-json\/wp\/v2\/comments?post=31959"}],"wp:featuredmedia":[{"embeddable":true,"href":"https:\/\/volovape.com\/pl\/wp-json\/wp\/v2\/media\/32269"}],"wp:attachment":[{"href":"https:\/\/volovape.com\/pl\/wp-json\/wp\/v2\/media?parent=31959"}],"wp:term":[{"taxonomy":"product_brand","embeddable":true,"href":"https:\/\/volovape.com\/pl\/wp-json\/wp\/v2\/product_brand?post=31959"},{"taxonomy":"product_cat","embeddable":true,"href":"https:\/\/volovape.com\/pl\/wp-json\/wp\/v2\/product_cat?post=31959"},{"taxonomy":"product_tag","embeddable":true,"href":"https:\/\/volovape.com\/pl\/wp-json\/wp\/v2\/product_tag?post=31959"}],"curies":[{"name":"wp","href":"https:\/\/api.w.org\/{rel}","templated":true}]}}