{"id":31958,"date":"2025-07-02T03:28:59","date_gmt":"2025-07-02T03:28:59","guid":{"rendered":"https:\/\/volovape.com\/?post_type=product&#038;p=31958"},"modified":"2025-11-19T01:47:08","modified_gmt":"2025-11-19T01:47:08","slug":"mrvi-twins-32k","status":"publish","type":"product","link":"https:\/\/volovape.com\/pl\/product\/mrvi-twins-32k\/","title":{"rendered":"MRVI Twins 32K 2-w-1 32000 Puffs | podw\u00f3jny smak jednorazowych vape hurtowo"},"content":{"rendered":"<h2>MRVI Twins 32K | Double Flavor 32000 Puff jednorazowy Vape<\/h2>\n<p><strong>Podw\u00f3jny smak. Podw\u00f3jna przyjemno\u015b\u0107.<\/strong><\/p>\n<p>Ten <strong>MRVI Twins 32K<\/strong> zosta\u0142 stworzony dla prawdziwych entuzjast\u00f3w waporyzacji, kt\u00f3rzy pragn\u0105 r\u00f3\u017cnorodno\u015bci i potwornej liczby zaci\u0105gni\u0119\u0107. Z osza\u0142amiaj\u0105c\u0105 <strong>32 000 zaci\u0105gni\u0119\u0107<\/strong> i podw\u00f3jne komory smakowe pozwalaj\u0105 na zmian\u0119 ustawie\u0144 w dowolnym momencie bez konieczno\u015bci wymiany urz\u0105dzenia. Ciesz si\u0119 p\u0142ynnymi, bogatymi doznaniami dzi\u0119ki podw\u00f3jnej cewce siatkowej i du\u017cej pojemno\u015bci. <strong>Pojemno\u015b\u0107 40 ml e-liquidu<\/strong> kt\u00f3ra utrzymuje ci\u0119 przez wiele tygodni.<\/p>\n<ul>\n<li>System podw\u00f3jnego smaku dla niesko\u0144czonych kombinacji smakowych<\/li>\n<li>\ud83d\udd39 Ogromna pojemno\u015b\u0107 32 000 zaci\u0105gni\u0119\u0107 dla intensywnych u\u017cytkownik\u00f3w<\/li>\n<li>Krystalicznie przezroczysta obudowa z inteligentnym ekranem dla stylowego wygl\u0105du<\/li>\n<li>Szybkie \u0142adowanie typu C dla \u0142atwego i niezawodnego zasilania<\/li>\n<li>Opcje nikotynowe 2% lub 5% dopasowane do Twojego stylu<\/li>\n<\/ul>\n<p>Niezale\u017cnie od tego, czy robisz zapasy na w\u0142asne sesje, czy zape\u0142niasz p\u00f3\u0142ki sklepowe, MRVI Twins 32K zapewnia niezr\u00f3wnany smak, wydajno\u015b\u0107 i warto\u015b\u0107 hurtow\u0105 - a wszystko to w jednym, eleganckim i wydajnym pakiecie.<\/p>\n<h3>Kombinacje smak\u00f3w<\/h3>\n<table border=\"1\" cellspacing=\"0\" cellpadding=\"6\">\n<thead>\n<tr>\n<th>Komora A<\/th>\n<th>Komora B<\/th>\n<\/tr>\n<\/thead>\n<tbody>\n<tr>\n<td>L\u00f3d bananowy<\/td>\n<td>Truskawka Kiwi<\/td>\n<\/tr>\n<tr>\n<td>Mango Slushie<\/td>\n<td>Orange Creamsicle<\/td>\n<\/tr>\n<tr>\n<td>Brzoskwiniowy l\u00f3d<\/td>\n<td>Czerwony Byk<\/td>\n<\/tr>\n<tr>\n<td>L\u00f3d jagodowy<\/td>\n<td>Czerwony l\u00f3d jab\u0142kowy<\/td>\n<\/tr>\n<tr>\n<td>Bujny l\u00f3d<\/td>\n<td>Mieszane jagody<\/td>\n<\/tr>\n<tr>\n<td>L\u00f3d truskawkowy<\/td>\n<td>Rainbow Drop<\/td>\n<\/tr>\n<tr>\n<td>Musuj\u0105ca wi\u015bnia<\/td>\n<td>Niebieski Razz Ice<\/td>\n<\/tr>\n<tr>\n<td>Truskawka Arbuz<\/td>\n<td>\u017burawina Winogrono<\/td>\n<\/tr>\n<tr>\n<td>Potr\u00f3jny Melon<\/td>\n<td>Lody na patyku<\/td>\n<\/tr>\n<tr>\n<td>Lody ananasowe<\/td>\n<td>L\u00f3d winogronowy<\/td>\n<\/tr>\n<\/tbody>\n<\/table>\n<p><strong>Gotowy na prze\u0142amanie smakowej nudy? Poznaj MRVI Twins 32K - najlepszy waporyzator o dw\u00f3ch smakach zapewniaj\u0105cy niepowstrzyman\u0105 satysfakcj\u0119.<\/strong><\/p>\n<h3><img data-recalc-dims=\"1\" decoding=\"async\" style=\"color: #555555; font-size: 14.4px;\" src=\"https:\/\/i0.wp.com\/www.mrvivape-store.com\/wp-content\/uploads\/2025\/03\/%E6%B5%B7%E6%8A%A5_M-1-scaled.jpg?ssl=1\" alt=\"MRVI TWINS 32000 Puffs Podw\u00f3jny wska\u017anik poziomu oleju i dwa smaki - 10 SZTUK \/ PUDE\u0141KO\" title=\"\"><\/h3>","protected":false},"excerpt":{"rendered":"<p>Kup jednorazowy waporyzator MRVI Twins 32000 z 32 000 zaci\u0105gni\u0119\u0107, podw\u00f3jn\u0105 cewk\u0105 siatkow\u0105, podw\u00f3jnymi aromatami i \u0142adowaniem typu C - ulubiony produkt hurtownik\u00f3w i poszukiwaczy aromat\u00f3w.<\/p>","protected":false},"featured_media":32255,"comment_status":"open","ping_status":"closed","template":"","meta":[],"product_brand":[240],"product_cat":[55,230],"product_tag":[],"class_list":{"0":"post-31958","1":"product","2":"type-product","3":"status-publish","4":"has-post-thumbnail","6":"product_brand-mrvi","7":"product_cat-mrvi","8":"product_cat-new","10":"first","11":"instock","12":"shipping-taxable","13":"purchasable","14":"product-type-variable","15":"has-default-attributes"},"jetpack_sharing_enabled":true,"tiered_pricing_type":"fixed","tiered_pricing_fixed_rules":{"100":6.230000000000000426325641456060111522674560546875,"200":5.86000000000000031974423109204508364200592041015625,"400":5.42999999999999971578290569595992565155029296875},"tiered_pricing_product_settings":{"layout":"default","base_unit_name":{"singular":null,"plural":null},"default_variation":null},"tiered_pricing_minimum_quantity":50,"tiered_pricing_roles_data":[],"tiered_pricing_percentage_rules":[],"tiered_pricing_maximum_quantity":null,"tiered_pricing_quantity_step":"10","_links":{"self":[{"href":"https:\/\/volovape.com\/pl\/wp-json\/wp\/v2\/product\/31958","targetHints":{"allow":["GET"]}}],"collection":[{"href":"https:\/\/volovape.com\/pl\/wp-json\/wp\/v2\/product"}],"about":[{"href":"https:\/\/volovape.com\/pl\/wp-json\/wp\/v2\/types\/product"}],"replies":[{"embeddable":true,"href":"https:\/\/volovape.com\/pl\/wp-json\/wp\/v2\/comments?post=31958"}],"wp:featuredmedia":[{"embeddable":true,"href":"https:\/\/volovape.com\/pl\/wp-json\/wp\/v2\/media\/32255"}],"wp:attachment":[{"href":"https:\/\/volovape.com\/pl\/wp-json\/wp\/v2\/media?parent=31958"}],"wp:term":[{"taxonomy":"product_brand","embeddable":true,"href":"https:\/\/volovape.com\/pl\/wp-json\/wp\/v2\/product_brand?post=31958"},{"taxonomy":"product_cat","embeddable":true,"href":"https:\/\/volovape.com\/pl\/wp-json\/wp\/v2\/product_cat?post=31958"},{"taxonomy":"product_tag","embeddable":true,"href":"https:\/\/volovape.com\/pl\/wp-json\/wp\/v2\/product_tag?post=31958"}],"curies":[{"name":"wp","href":"https:\/\/api.w.org\/{rel}","templated":true}]}}