{"id":31955,"date":"2025-07-02T03:28:58","date_gmt":"2025-07-02T03:28:58","guid":{"rendered":"https:\/\/volovape.com\/?post_type=product&#038;p=31955"},"modified":"2026-04-14T06:07:29","modified_gmt":"2026-04-14T06:07:29","slug":"fihp-60k-triple-3-in-1","status":"publish","type":"product","link":"https:\/\/volovape.com\/pl\/product\/fihp-60k-triple-3-in-1\/","title":{"rendered":"FIHP 60K Potr\u00f3jne 3 w 1 | 60000 zaci\u0105gni\u0119\u0107 potr\u00f3jny smak jednorazowy vape luzem"},"content":{"rendered":"<h4>FIHP 60000 Triple: Vape 3 w 1 dla najlepszego smaku i warto\u015bci! \ud83c\udf2c\ufe0f<\/h4>\n<p>Idealny dla entuzjast\u00f3w smaku i pogoni za chmur\u0105, jest r\u00f3wnie\u017c bezkonkurencyjnym wyborem dla sprzeda\u017cy hurtowej!<\/p>\n<h3>Dlaczego potrzebujesz FIHP 60000 Triple:<\/h3>\n<ul>\n<li><strong>Potr\u00f3jny smak zabawy:<\/strong> W dowolnym momencie mo\u017cesz prze\u0142\u0105cza\u0107 si\u0119 mi\u0119dzy r\u00f3\u017cnymi smakami 3\ufe0f\u20e3.<\/li>\n<li><strong>Ogromna liczba zaci\u0105gni\u0119\u0107:<\/strong> Uzyskaj niesamowit\u0105 <strong>60 000 zaci\u0105gni\u0119\u0107<\/strong> dla d\u0142u\u017cszej przyjemno\u015bci.<\/li>\n<li><strong>Doskona\u0142y smak i chmury:<\/strong> Wyposa\u017cony w pot\u0119\u017cne <strong>podw\u00f3jne cewki siatkowe (0,9\u03a9)<\/strong> dla bogatej, satysfakcjonuj\u0105cej pary.<\/li>\n<li><strong>Inteligentny i wygodny:<\/strong> B\u0105d\u017a na bie\u017c\u0105co z <strong>Inteligentny ekran LED<\/strong> dla poziom\u00f3w baterii i e-cieczy.<\/li>\n<li><strong>Szybkie \u0142adowanie:<\/strong> Szybkie \u0142adowanie za pomoc\u0105 niezawodnego <strong>Port typu C<\/strong>.<\/li>\n<li><strong>Gotowo\u015b\u0107 do sprzeda\u017cy hurtowej:<\/strong> Idealny, wysokonak\u0142adowy produkt dla sklep\u00f3w vape, kt\u00f3re chc\u0105 zaimponowa\u0107 klientom! \ud83d\udcc8<\/li>\n<\/ul>\n<h3>Kluczowe specyfikacje:<\/h3>\n<ul>\n<li><strong>Pojemno\u015b\u0107 zaci\u0105gni\u0119cia:<\/strong> 60,000 Puffs<\/li>\n<li><strong>Pojemno\u015b\u0107 e-liquidu:<\/strong> \u0141\u0105cznie 54 ml (komory o potr\u00f3jnym smaku)<\/li>\n<li><strong>Bateria:<\/strong> Akumulator 850 mAh (typ C)<\/li>\n<li><strong>Cewki:<\/strong> Podw\u00f3jna siatka 0,9\u03a9<\/li>\n<li><strong>Moc nikotyny:<\/strong> 2% \/ 5%<\/li>\n<li><strong>Wy\u015bwietlacz:<\/strong> Inteligentny ekran LED<\/li>\n<li><strong>Wymiary:<\/strong> 42\u00d742\u00d7110mm<\/li>\n<\/ul>\n<h3>Poznaj rotacje smak\u00f3w:<\/h3>\n<table border=\"1\" cellpadding=\"5\">\n<thead>\n<tr>\n<th>Komora A<\/th>\n<th>Komora B<\/th>\n<th>Komora C<\/th>\n<\/tr>\n<\/thead>\n<tbody>\n<tr>\n<td>L\u00f3d arbuzowy<\/td>\n<td>Czerwony Byk<\/td>\n<td>Truskawka Kiwi<\/td>\n<\/tr>\n<tr>\n<td>Cytryna i limonka<\/td>\n<td>Truskawka Arbuz<\/td>\n<td>L\u00f3d jagodowy<\/td>\n<\/tr>\n<tr>\n<td>Truskawka Banan<\/td>\n<td>Podw\u00f3jne Jab\u0142ko<\/td>\n<td>Malina Arbuz<\/td>\n<\/tr>\n<tr>\n<td>Truskawka Kiwi<\/td>\n<td>Kwa\u015bny mango i ananas<\/td>\n<td>Czerwony Byk<\/td>\n<\/tr>\n<tr>\n<td>Owoce tropikalne<\/td>\n<td>Truskawka Arbuz<\/td>\n<td>Cytryna Brzoskwinia<\/td>\n<\/tr>\n<tr>\n<td>Ananas Kokos<\/td>\n<td>Niebieski Razz<\/td>\n<td>Truskawka Banan<\/td>\n<\/tr>\n<tr>\n<td>Truskawka Malina<\/td>\n<td>Potr\u00f3jny Melon<\/td>\n<td>Kwa\u015bny mango i ananas<\/td>\n<\/tr>\n<tr>\n<td>Mieszane jagody<\/td>\n<td>Malina Arbuz<\/td>\n<td>Mango brzoskwinia<\/td>\n<\/tr>\n<tr>\n<td>Bor\u00f3wka Malina<\/td>\n<td>Truskawkowo-waniliowa cola<\/td>\n<td>Cytryna i limonka<\/td>\n<\/tr>\n<tr>\n<td>L\u00f3d arbuzowy<\/td>\n<td>Brzoskwiniowa jagoda<\/td>\n<td>Potr\u00f3jny Melon<\/td>\n<\/tr>\n<\/tbody>\n<\/table>","protected":false},"excerpt":{"rendered":"<p>Do\u015bwiadcz najwy\u017cszej jako\u015bci waporyzacji dzi\u0119ki FIHP 60000 Triple 3-in-1! To innowacyjne urz\u0105dzenie oferuje zdumiewaj\u0105ce 60 000 zaci\u0105gni\u0119\u0107 i pozwala prze\u0142\u0105cza\u0107 si\u0119 mi\u0119dzy trzema niesamowitymi smakami na \u017c\u0105danie.<\/p>","protected":false},"featured_media":32219,"comment_status":"open","ping_status":"closed","template":"","meta":[],"product_brand":[238],"product_cat":[18,231,21,39,20,23,24,22,25,26,27,28,29,30,31,32,33,34,35,46,230,40],"product_tag":[],"class_list":{"0":"post-31955","1":"product","2":"type-product","3":"status-publish","4":"has-post-thumbnail","6":"product_brand-fihp","7":"product_cat-different-puffs-of-disposable-vapes","8":"product_cat-60000-puffs-disposable-vape","9":"product_cat-big-puffs-vapes","10":"product_cat-digital-box-vapes","11":"product_cat-disposable-vape-types","12":"product_cat-disposable-vapes-in-austria","13":"product_cat-disposable-vapes-in-belgium","14":"product_cat-disposable-vapes-in-europe","15":"product_cat-disposable-vapes-in-france","16":"product_cat-disposable-vapes-in-germany","17":"product_cat-disposable-vapes-in-hungary","18":"product_cat-disposable-vapes-in-ltaly","19":"product_cat-disposable-vapes-in-netherlands","20":"product_cat-disposable-vapes-in-norway","21":"product_cat-disposable-vapes-in-poland","22":"product_cat-disposable-vapes-in-portugal","23":"product_cat-disposable-vapes-in-spain","24":"product_cat-disposable-vapes-in-sweden","25":"product_cat-disposable-vapes-in-switzerland","26":"product_cat-fihp","27":"product_cat-new","28":"product_cat-smart-screen-vapes","30":"first","31":"instock","32":"shipping-taxable","33":"purchasable","34":"product-type-variable","35":"has-default-attributes"},"jetpack_sharing_enabled":true,"tiered_pricing_type":"fixed","tiered_pricing_fixed_rules":{"30":8.17999999999999971578290569595992565155029296875,"50":7.78000000000000024868995751603506505489349365234375,"100":7.28000000000000024868995751603506505489349365234375,"200":6.6699999999999999289457264239899814128875732421875,"400":6.36000000000000031974423109204508364200592041015625},"tiered_pricing_product_settings":{"layout":"default","base_unit_name":{"singular":null,"plural":null},"default_variation":null},"tiered_pricing_minimum_quantity":10,"tiered_pricing_roles_data":[],"tiered_pricing_percentage_rules":[],"tiered_pricing_maximum_quantity":null,"tiered_pricing_quantity_step":"10","_links":{"self":[{"href":"https:\/\/volovape.com\/pl\/wp-json\/wp\/v2\/product\/31955","targetHints":{"allow":["GET"]}}],"collection":[{"href":"https:\/\/volovape.com\/pl\/wp-json\/wp\/v2\/product"}],"about":[{"href":"https:\/\/volovape.com\/pl\/wp-json\/wp\/v2\/types\/product"}],"replies":[{"embeddable":true,"href":"https:\/\/volovape.com\/pl\/wp-json\/wp\/v2\/comments?post=31955"}],"wp:featuredmedia":[{"embeddable":true,"href":"https:\/\/volovape.com\/pl\/wp-json\/wp\/v2\/media\/32219"}],"wp:attachment":[{"href":"https:\/\/volovape.com\/pl\/wp-json\/wp\/v2\/media?parent=31955"}],"wp:term":[{"taxonomy":"product_brand","embeddable":true,"href":"https:\/\/volovape.com\/pl\/wp-json\/wp\/v2\/product_brand?post=31955"},{"taxonomy":"product_cat","embeddable":true,"href":"https:\/\/volovape.com\/pl\/wp-json\/wp\/v2\/product_cat?post=31955"},{"taxonomy":"product_tag","embeddable":true,"href":"https:\/\/volovape.com\/pl\/wp-json\/wp\/v2\/product_tag?post=31955"}],"curies":[{"name":"wp","href":"https:\/\/api.w.org\/{rel}","templated":true}]}}