{"id":31953,"date":"2025-07-02T03:28:57","date_gmt":"2025-07-02T03:28:57","guid":{"rendered":"https:\/\/volovape.com\/?post_type=product&#038;p=31953"},"modified":"2026-04-14T06:13:29","modified_gmt":"2026-04-14T06:13:29","slug":"bang-leader-80k-puffs","status":"publish","type":"product","link":"https:\/\/volovape.com\/pl\/product\/bang-leader-80k-puffs\/","title":{"rendered":"Bang Leader 80K Puffs | potr\u00f3jny smak podw\u00f3jna siatka luzem jednorazowe vape"},"content":{"rendered":"<h2>Bang Leader 80K Puffs | Vape jednorazowe o potr\u00f3jnym smaku \ud83d\ude80<\/h2>\n<p>Do\u015bwiadcz najwy\u017cszej wygody i r\u00f3\u017cnorodno\u015bci waporyzacji dzi\u0119ki <b>Bang Leader 80K Puffs<\/b> jednorazowy vape! Ciesz si\u0119 zdumiewaj\u0105c\u0105 pojemno\u015bci\u0105 80 000 zaci\u0105gni\u0119\u0107 i inteligentnym systemem smakowym 3 w 1, kt\u00f3ry pozwala prze\u0142\u0105cza\u0107 si\u0119 mi\u0119dzy niesamowitymi smakami w locie. Zaprojektowany dla vaper\u00f3w, kt\u00f3rzy wymagaj\u0105 ogromnej pojemno\u015bci, odwa\u017cnych smak\u00f3w i niezr\u00f3wnanej wygody.<\/p>\n<p>Zasilany wytrzyma\u0142ym akumulatorem 850 mAh z \u0142adowaniem typu C i wysokiej jako\u015bci podw\u00f3jn\u0105 cewk\u0105 siatkow\u0105, ka\u017cde zaci\u0105gni\u0119cie jest g\u0119ste, g\u0142adkie i satysfakcjonuj\u0105ce. Po\u017cegnaj si\u0119 ze zm\u0119czeniem smakiem i utrzymuj swoje sesje \u015bwie\u017ce i ekscytuj\u0105ce! \u2728<\/p>\n<h2>G\u0142\u00f3wne cechy:<\/h2>\n<ul>\n<li>\ud83d\udd25 <b>Do 80 000 zaci\u0105gni\u0119\u0107:<\/b> D\u0142ugotrwa\u0142a przyjemno\u015b\u0107 z waporyzacji.<\/li>\n<li>\ud83d\udd04 <b>System rotacji smak\u00f3w 3 w 1:<\/b> Natychmiastowa zmiana smaku.<\/li>\n<li>\ud83c\udf2c\ufe0f <b>Podw\u00f3jna cewka siatkowa:<\/b> Dla bogatej, g\u0142adkiej produkcji pary.<\/li>\n<li>\u26a1 <b>Akumulator 850 mAh:<\/b> Z szybkim \u0142adowaniem typu C.<\/li>\n<li>\ud83e\uddea <b>Moc nikotyny:<\/b> Dost\u0119pne w wersjach 0%, 2%, 3%, 5%.<\/li>\n<li>\ud83d\udce6 <b>Przyjazny dla luzem:<\/b> Pakowane po 10 sztuk w pude\u0142ku.<\/li>\n<\/ul>\n<h2>Kombinacje smakowe:<\/h2>\n<ul>\n<li>\ud83c\udf49\ud83e\uddca\ud83c\udf53\ud83e\udd6d\ud83c\udf4c L\u00f3d arbuzowy + truskawka z mango + banan<\/li>\n<li>\ud83e\uded0\ud83e\uddca\ud83c\udf53\ud83c\udf4c\ud83c\udf47 Blueberry Ice + Strawberry Banana + Mixed Berries<\/li>\n<li>\ud83e\udd64\ud83e\uddca\ud83e\uded0\ud83c\udf53\ud83c\udf51\ud83e\udd6d Watermelon Cola Ice + Blueberry Raspberry + Peach Mango Watermelon<\/li>\n<li>\u044d\u043d\u0435\u0440\u0433\u0438\u0438 \ud83c\udf49\ud83c\udf4e\ud83c\udf50 Red Bull + arbuz jagodowy + gruszka jab\u0142kowa<\/li>\n<li>...i wiele innych ekscytuj\u0105cych kombinacji! \ud83c\udf08<\/li>\n<\/ul>\n<p>Gotowy, aby podnie\u015b\u0107 swoje doznania z waporyzacji? Bang Leader 80K z potr\u00f3jn\u0105 moc\u0105 smaku i ogromn\u0105 liczb\u0105 zaci\u0105gni\u0119\u0107 to tw\u00f3j nast\u0119pny vape! Kupuj hurtowo i kontynuuj smakow\u0105 imprez\u0119! \ud83c\udf89<\/p>","protected":false},"excerpt":{"rendered":"<p>\ud83d\udd25 <strong>Poznaj swojego nowego lidera smaku - Bang Leader 80K!<\/strong> Ten pot\u0119\u017cny jednorazowy produkt zapewnia zdumiewaj\u0105ce <strong>80 000 zaci\u0105gni\u0119\u0107<\/strong> plus a <em>Inteligentny system smakowy 3 w 1, kt\u00f3ry warto wypr\u00f3bowa\u0107.<\/em><\/p>","protected":false},"featured_media":32197,"comment_status":"open","ping_status":"closed","template":"","meta":[],"product_brand":[227],"product_cat":[231,61,230],"product_tag":[],"class_list":{"0":"post-31953","1":"product","2":"type-product","3":"status-publish","4":"has-post-thumbnail","6":"product_brand-bang","7":"product_cat-60000-puffs-disposable-vape","8":"product_cat-bang","9":"product_cat-new","11":"first","12":"instock","13":"featured","14":"shipping-taxable","15":"purchasable","16":"product-type-variable","17":"has-default-attributes"},"jetpack_sharing_enabled":true,"tiered_pricing_type":"fixed","tiered_pricing_fixed_rules":{"30":7.37999999999999989341858963598497211933135986328125,"50":6.910000000000000142108547152020037174224853515625,"100":6.04999999999999982236431605997495353221893310546875,"200":5.67999999999999971578290569595992565155029296875,"400":5.12000000000000010658141036401502788066864013671875},"tiered_pricing_product_settings":{"layout":"default","base_unit_name":{"singular":null,"plural":null},"default_variation":null},"tiered_pricing_minimum_quantity":10,"tiered_pricing_roles_data":[],"tiered_pricing_percentage_rules":[],"tiered_pricing_maximum_quantity":null,"tiered_pricing_quantity_step":"10","_links":{"self":[{"href":"https:\/\/volovape.com\/pl\/wp-json\/wp\/v2\/product\/31953","targetHints":{"allow":["GET"]}}],"collection":[{"href":"https:\/\/volovape.com\/pl\/wp-json\/wp\/v2\/product"}],"about":[{"href":"https:\/\/volovape.com\/pl\/wp-json\/wp\/v2\/types\/product"}],"replies":[{"embeddable":true,"href":"https:\/\/volovape.com\/pl\/wp-json\/wp\/v2\/comments?post=31953"}],"wp:featuredmedia":[{"embeddable":true,"href":"https:\/\/volovape.com\/pl\/wp-json\/wp\/v2\/media\/32197"}],"wp:attachment":[{"href":"https:\/\/volovape.com\/pl\/wp-json\/wp\/v2\/media?parent=31953"}],"wp:term":[{"taxonomy":"product_brand","embeddable":true,"href":"https:\/\/volovape.com\/pl\/wp-json\/wp\/v2\/product_brand?post=31953"},{"taxonomy":"product_cat","embeddable":true,"href":"https:\/\/volovape.com\/pl\/wp-json\/wp\/v2\/product_cat?post=31953"},{"taxonomy":"product_tag","embeddable":true,"href":"https:\/\/volovape.com\/pl\/wp-json\/wp\/v2\/product_tag?post=31953"}],"curies":[{"name":"wp","href":"https:\/\/api.w.org\/{rel}","templated":true}]}}