{"id":31952,"date":"2025-07-02T03:28:57","date_gmt":"2025-07-02T03:28:57","guid":{"rendered":"https:\/\/volovape.com\/?post_type=product&#038;p=31952"},"modified":"2026-04-14T06:12:15","modified_gmt":"2026-04-14T06:12:15","slug":"bang-blaze-40k-40000-puffow","status":"publish","type":"product","link":"https:\/\/volovape.com\/pl\/product\/bang-blaze-40k-40000-puffs\/","title":{"rendered":"Bang Blaze 40K 40000 Puffs | podw\u00f3jny smak \u0142adowalny vape jednorazowy luzem"},"content":{"rendered":"<p>\ud83d\udd25\ud83d\udca8 Przygotuj si\u0119 na najlepsze doznania z waporyzacji dzi\u0119ki <b>Bang Blaze 40K Vape jednorazowego u\u017cytku<\/b>! \ud83d\udca8\ud83d\udd25<\/p>\n<p>To pot\u0119\u017cne urz\u0105dzenie na nowo definiuje wygod\u0119 i smak, oferuj\u0105c zdumiewaj\u0105ce <b>40 000 zaci\u0105gni\u0119\u0107<\/b> i masywny <b>Wst\u0119pnie nape\u0142niony e-liquid o pojemno\u015bci 40 ml<\/b>. Nigdy si\u0119 nie nudz\u0119 <b>Prze\u0142\u0105czanie dw\u00f3ch smak\u00f3w<\/b>umo\u017cliwiaj\u0105c natychmiastowe prze\u0142\u0105czanie si\u0119 mi\u0119dzy dwoma pysznymi smakami! \ud83e\udd29<\/p>\n<h3>Dlaczego warto wybra\u0107 Bang Blaze 40K?<\/h3>\n<ul>\n<li><b>Bezkonkurencyjna liczba zaci\u0105gni\u0119\u0107:<\/b> Ciesz si\u0119 nawet 40 000 satysfakcjonuj\u0105cych zaci\u0105gni\u0119\u0107 - waporyzuj przez tygodnie bez konieczno\u015bci wymiany!<\/li>\n<li><b>System podw\u00f3jnego smaku:<\/b> Natychmiast prze\u0142\u0105czaj si\u0119 mi\u0119dzy dwoma niesamowitymi smakami za pomoc\u0105 prostego suwaka.<\/li>\n<li><b>Ogromna pojemno\u015b\u0107 e-liquidu:<\/b> Wst\u0119pnie nape\u0142niony 40 ml wysokiej jako\u015bci e-liquidu dla d\u0142u\u017cszej przyjemno\u015bci.<\/li>\n<li><b>Mo\u017cliwo\u015b\u0107 dostosowania nikotyny:<\/b> Wybierz idealn\u0105 moc od 0% do 5% nikotyny.<\/li>\n<li><b>P\u0142ynna i aromatyczna waporyzacja:<\/b> Zaawansowana cewka z podw\u00f3jn\u0105 siatk\u0105 1,2\u03a9 zapewnia sp\u00f3jn\u0105, jedwabi\u015bcie g\u0142adk\u0105 par\u0119.<\/li>\n<li><b>Szybkie \u0142adowanie:<\/b> Szybkie \u0142adowanie przez USB-C zapewnia zasilanie.<\/li>\n<li><b>Przeno\u015bna konstrukcja:<\/b> Przyjazny dla kieszeni do waporyzacji w podr\u00f3\u017cy.<\/li>\n<\/ul>\n<h3>Specyfikacje:<\/h3>\n<ul>\n<li><b>Puffy:<\/b> Do 40 000<\/li>\n<li><b>Pojemno\u015b\u0107 e-liquidu:<\/b> 40 ml (wst\u0119pnie nape\u0142niony)<\/li>\n<li><b>Opcje nikotynowe:<\/b> 0%, 2%, 3%, 5% (do 5%)<\/li>\n<li><b>Cewka:<\/b> Podw\u00f3jna siatka 1,2\u03a9<\/li>\n<li><b>Bateria:<\/b> 650 mAh (akumulator)<\/li>\n<li><b>\u0141adowanie:<\/b> USB-C<\/li>\n<li><b>Smaki:<\/b> 32 kombinacje dw\u00f3ch smak\u00f3w<\/li>\n<\/ul>\n<h3>Najwa\u017cniejsze smaki (dost\u0119pne 32 opcje!):<\/h3>\n<ul>\n<li>Arbuz \/ Arbuz truskawkowy<\/li>\n<li>Blueberry Ice \/ Blueberry Raspberry<\/li>\n<li>Mango Ice \/ Mango truskawkowe<\/li>\n<li>Peach Ice \/ Mango Peach<\/li>\n<li>Black Dragon Ice \/ Red Bull<\/li>\n<li>I wiele, wiele wi\u0119cej!<\/li>\n<\/ul>","protected":false},"excerpt":{"rendered":"<p>Po\u017cegnaj si\u0119 z nud\u0105 smakow\u0105 dzi\u0119ki <strong>Bang Blaze 40K, <\/strong>\u0142adowalny, wysokowydajny jednorazowy vape dla mi\u0142o\u015bnik\u00f3w smaku.<\/p>","protected":false},"featured_media":32185,"comment_status":"open","ping_status":"closed","template":"","meta":[],"product_brand":[227],"product_cat":[74,61,230],"product_tag":[],"class_list":{"0":"post-31952","1":"product","2":"type-product","3":"status-publish","4":"has-post-thumbnail","6":"product_brand-bang","7":"product_cat-40000-puffs-disposable-vape","8":"product_cat-bang","9":"product_cat-new","11":"first","12":"instock","13":"shipping-taxable","14":"purchasable","15":"product-type-variable","16":"has-default-attributes"},"jetpack_sharing_enabled":true,"tiered_pricing_type":"fixed","tiered_pricing_fixed_rules":{"30":6.82000000000000028421709430404007434844970703125,"50":6.29999999999999982236431605997495353221893310546875,"100":5.42999999999999971578290569595992565155029296875,"200":5.05999999999999960920149533194489777088165283203125,"400":4.5099999999999997868371792719699442386627197265625},"tiered_pricing_product_settings":{"layout":"default","base_unit_name":{"singular":null,"plural":null},"default_variation":null},"tiered_pricing_minimum_quantity":10,"tiered_pricing_roles_data":[],"tiered_pricing_percentage_rules":[],"tiered_pricing_maximum_quantity":null,"tiered_pricing_quantity_step":"10","_links":{"self":[{"href":"https:\/\/volovape.com\/pl\/wp-json\/wp\/v2\/product\/31952","targetHints":{"allow":["GET"]}}],"collection":[{"href":"https:\/\/volovape.com\/pl\/wp-json\/wp\/v2\/product"}],"about":[{"href":"https:\/\/volovape.com\/pl\/wp-json\/wp\/v2\/types\/product"}],"replies":[{"embeddable":true,"href":"https:\/\/volovape.com\/pl\/wp-json\/wp\/v2\/comments?post=31952"}],"wp:featuredmedia":[{"embeddable":true,"href":"https:\/\/volovape.com\/pl\/wp-json\/wp\/v2\/media\/32185"}],"wp:attachment":[{"href":"https:\/\/volovape.com\/pl\/wp-json\/wp\/v2\/media?parent=31952"}],"wp:term":[{"taxonomy":"product_brand","embeddable":true,"href":"https:\/\/volovape.com\/pl\/wp-json\/wp\/v2\/product_brand?post=31952"},{"taxonomy":"product_cat","embeddable":true,"href":"https:\/\/volovape.com\/pl\/wp-json\/wp\/v2\/product_cat?post=31952"},{"taxonomy":"product_tag","embeddable":true,"href":"https:\/\/volovape.com\/pl\/wp-json\/wp\/v2\/product_tag?post=31952"}],"curies":[{"name":"wp","href":"https:\/\/api.w.org\/{rel}","templated":true}]}}