{"id":31951,"date":"2025-07-02T03:28:57","date_gmt":"2025-07-02T03:28:57","guid":{"rendered":"https:\/\/volovape.com\/?post_type=product&#038;p=31951"},"modified":"2026-04-14T06:11:16","modified_gmt":"2026-04-14T06:11:16","slug":"bang-blaze-shisha-40000-zaciagniec-40ml-0-6%cf%89-mesh-coil-4-poziomy-nikotyny-luzem-jednorazowe-vape","status":"publish","type":"product","link":"https:\/\/volovape.com\/pl\/product\/bang-blaze-shisha-40000-puffs-40ml-0-6%cf%89-mesh-coil-4-nicotine-levels-bulk-disposable-vape\/","title":{"rendered":"Bang Blaze Shisha 40000 Puffs | Shisha styl hurtowy hurtowy jednorazowy vape"},"content":{"rendered":"<h2>Bang Blaze Shisha 40000 Puffs Jednorazowe Vape | Hurtowa sprzeda\u017c hurtowa<\/h2>\n<p>Do\u015bwiadcz najwy\u017cszej wygody waporyzacji dzi\u0119ki <strong>Bang Blaze Shisha 40000 zaci\u0105gni\u0119\u0107<\/strong> jednorazowy vape! Zaprojektowany z my\u015bl\u0105 o d\u0142ugotrwa\u0142ej satysfakcji, ten vape w stylu shishy zapewnia niewiarygodne 40 000 zaci\u0105gni\u0119\u0107, dzi\u0119ki czemu jest idealny dla entuzjast\u00f3w i nabywc\u00f3w hurtowych. Ciesz si\u0119 niezmiennie g\u0142adkimi, bogatymi i autentycznymi smakami dzi\u0119ki zaawansowanej cewce siatkowej 0,6\u03a9. Dostosuj swoje wra\u017cenia dzi\u0119ki czterem poziomom nikotyny (0%, 2%, 3%, 5%) i szybko \u0142aduj przez Type-C dzi\u0119ki pot\u0119\u017cnej baterii 1000 mAh. Idealny do sprzeda\u017cy hurtowej, ka\u017cdy 10-pak oferuje bezkonkurencyjn\u0105 warto\u015b\u0107! \ud83d\udca8<\/p>\n<h2>Kluczowe cechy i specyfikacja:<\/h2>\n<ul>\n<li>\u2705 <strong>Bezkonkurencyjna liczba zaci\u0105gni\u0119\u0107:<\/strong> Do 40 000 zaci\u0105gni\u0119\u0107 na urz\u0105dzenie dla d\u0142u\u017cszej przyjemno\u015bci.<\/li>\n<li>\u2705 <strong>Ogromna pojemno\u015b\u0107 e-liquidu:<\/strong> Wst\u0119pnie nape\u0142niony 40 ml wysokiej jako\u015bci e-liquidu, minimalizuj\u0105c konieczno\u015b\u0107 uzupe\u0142niania.<\/li>\n<li>\u2705 <strong>Zoptymalizowany smak i para:<\/strong> Wyposa\u017cony w cewk\u0119 siatkow\u0105 0,6\u03a9 dla niezmiennie g\u0142adkich i aromatycznych uderze\u0144.<\/li>\n<li>\u2705 <strong>D\u0142ugotrwa\u0142y i \u0142adowalny:<\/strong> Wyposa\u017cony w akumulator o pojemno\u015bci 1000 mAh i szybkie \u0142adowanie typu C.<\/li>\n<li>\u2705 <strong>Mo\u017cliwo\u015b\u0107 dostosowania nikotyny:<\/strong> Dost\u0119pne w wersjach o zawarto\u015bci nikotyny 0%, 2%, 3% i 5%.<\/li>\n<li>\u2705 <strong>Gotowo\u015b\u0107 do sprzeda\u017cy hurtowej:<\/strong> Dost\u0119pne w wygodnych 10-pakach do zakup\u00f3w hurtowych.<\/li>\n<\/ul>\n<h2>Linia smak\u00f3w Irresistible:<\/h2>\n<p>Arbuzowy, Arbuzowo-Truskawkowy, Pina Colada, Truskawkowy Lodowy, Red Bull, Brzoskwiniowy Lodowy, Jagodowy Lodowy, Jagodowo-Malinowy, Wi\u015bniowy Winogronowy, Podw\u00f3jne Jab\u0142ko, Mieszane Owoce, Mango-Brzoskwinia.<\/p>\n<p>Gotowy, aby podnie\u015b\u0107 poziom swojej przygody z waporyzacj\u0105? The <strong>Bang Blaze Shisha 40K<\/strong> oferuje niezr\u00f3wnany smak, moc i wydajno\u015b\u0107. Chwy\u0107 sw\u00f3j ju\u017c dzi\u015b i poczuj r\u00f3\u017cnic\u0119! \u2728<\/p>","protected":false},"excerpt":{"rendered":"<p>Poznaj <strong>Bang Blaze Shisha 40K,<\/strong>\u00a0Tw\u00f3j nowy wyb\u00f3r dla nieko\u0144cz\u0105cego si\u0119 smaku i niepowstrzymanych chmur. Zawiera 40 ml e-liquidu, bateri\u0119 1000 mAh i 12 smak\u00f3w, kt\u00f3rym nie mo\u017cna si\u0119 oprze\u0107.<\/p>","protected":false},"featured_media":32173,"comment_status":"open","ping_status":"closed","template":"","meta":[],"product_brand":[227],"product_cat":[74,61,230],"product_tag":[],"class_list":{"0":"post-31951","1":"product","2":"type-product","3":"status-publish","4":"has-post-thumbnail","6":"product_brand-bang","7":"product_cat-40000-puffs-disposable-vape","8":"product_cat-bang","9":"product_cat-new","11":"first","12":"instock","13":"shipping-taxable","14":"purchasable","15":"product-type-variable","16":"has-default-attributes"},"jetpack_sharing_enabled":true,"tiered_pricing_type":"fixed","tiered_pricing_fixed_rules":{"30":6.480000000000000426325641456060111522674560546875,"50":6.1699999999999999289457264239899814128875732421875,"100":5.42999999999999971578290569595992565155029296875,"200":5.05999999999999960920149533194489777088165283203125,"400":4.5099999999999997868371792719699442386627197265625},"tiered_pricing_product_settings":{"layout":"default","base_unit_name":{"singular":null,"plural":null},"default_variation":null},"tiered_pricing_minimum_quantity":10,"tiered_pricing_roles_data":[],"tiered_pricing_percentage_rules":[],"tiered_pricing_maximum_quantity":null,"tiered_pricing_quantity_step":"10","_links":{"self":[{"href":"https:\/\/volovape.com\/pl\/wp-json\/wp\/v2\/product\/31951","targetHints":{"allow":["GET"]}}],"collection":[{"href":"https:\/\/volovape.com\/pl\/wp-json\/wp\/v2\/product"}],"about":[{"href":"https:\/\/volovape.com\/pl\/wp-json\/wp\/v2\/types\/product"}],"replies":[{"embeddable":true,"href":"https:\/\/volovape.com\/pl\/wp-json\/wp\/v2\/comments?post=31951"}],"wp:featuredmedia":[{"embeddable":true,"href":"https:\/\/volovape.com\/pl\/wp-json\/wp\/v2\/media\/32173"}],"wp:attachment":[{"href":"https:\/\/volovape.com\/pl\/wp-json\/wp\/v2\/media?parent=31951"}],"wp:term":[{"taxonomy":"product_brand","embeddable":true,"href":"https:\/\/volovape.com\/pl\/wp-json\/wp\/v2\/product_brand?post=31951"},{"taxonomy":"product_cat","embeddable":true,"href":"https:\/\/volovape.com\/pl\/wp-json\/wp\/v2\/product_cat?post=31951"},{"taxonomy":"product_tag","embeddable":true,"href":"https:\/\/volovape.com\/pl\/wp-json\/wp\/v2\/product_tag?post=31951"}],"curies":[{"name":"wp","href":"https:\/\/api.w.org\/{rel}","templated":true}]}}