{"id":31950,"date":"2025-07-02T03:28:57","date_gmt":"2025-07-02T03:28:57","guid":{"rendered":"https:\/\/volovape.com\/?post_type=product&#038;p=31950"},"modified":"2026-04-14T06:10:42","modified_gmt":"2026-04-14T06:10:42","slug":"vopk-ultra-40000-puff","status":"publish","type":"product","link":"https:\/\/volovape.com\/pl\/product\/vopk-ultra-40000-puffs\/","title":{"rendered":"VOPK Ultra 40000 Puffs | podw\u00f3jny smak regulowana moc jednorazowe vape"},"content":{"rendered":"<h2>VOPK Ultra 40000 Puffs | Podw\u00f3jny smak Regulowana moc Jednorazowe Vape \ud83d\ude80<\/h2>\n<p>Do\u015bwiadcz najwy\u017cszej jako\u015bci waporyzacji dzi\u0119ki <b>VOPK Ultra 40000 Puff<\/b>! Ten zaawansowany jednorazowy waporyzator oferuje niezr\u00f3wnane po\u0142\u0105czenie innowacji i smaku. Z <b>Podw\u00f3jnie regulowane smaki<\/b>masywny <b>Pojemno\u015b\u0107 40 000 puff\u00f3w<\/b>, I <b>Inteligentne wy\u015bwietlacze w czasie rzeczywistym<\/b>Dzi\u0119ki temu za ka\u017cdym razem otrzymasz niezmiennie satysfakcjonuj\u0105ce uderzenie. Idealny dla entuzjast\u00f3w smaku i intensywnych vaper\u00f3w, VOPK Ultra zapewnia wydajno\u015b\u0107, bezpiecze\u0144stwo i niezr\u00f3wnan\u0105 r\u00f3\u017cnorodno\u015b\u0107. \ud83d\udcaf<\/p>\n<h3>G\u0142\u00f3wne cechy:<\/h3>\n<ul>\n<li>\ud83d\udd0b <b>Akumulator 850 mAh:<\/b> D\u0142ugotrwa\u0142a moc dla d\u0142u\u017cszych sesji waporyzacji.<\/li>\n<li>\ud83c\udf08 <b>Podw\u00f3jne kapsu\u0142ki smakowe:<\/b> B\u0142yskawicznie prze\u0142\u0105czaj lub \u0142\u0105cz dwa pyszne smaki.<\/li>\n<li>\u26a1 <b>Regulowane tryby zasilania:<\/b> Dostosuj produkcj\u0119 pary od \u0142agodnej do intensywnej.<\/li>\n<li>\ud83d\udee1\ufe0f <b>Zabezpieczenie przed dzie\u0107mi:<\/b> Ciesz si\u0119 spokojem dzi\u0119ki dodatkowemu bezpiecze\u0144stwu.<\/li>\n<li>\ud83d\udcca <b>Ekran LED:<\/b> \u0141atwe monitorowanie poziomu e-liquidu i baterii w czasie rzeczywistym.<\/li>\n<li>\ud83d\udca8 <b>Pojemno\u015b\u0107 36 ml e-liquidu:<\/b> Wst\u0119pnie nape\u0142niony dla wygody i d\u0142u\u017cszego u\u017cytkowania.<\/li>\n<li>\ud83c\udf2c\ufe0f <b>System cewek z czterema oczkami:<\/b> Zapewnia g\u0142adki, wyrazisty i sp\u00f3jny smak.<\/li>\n<li>opcje nikotynowe od <b>0%-5%<\/b><\/li>\n<\/ul>\n<h3>Popularne kombinacje dw\u00f3ch smak\u00f3w: \ud83c\udf53\ud83c\udf47<\/h3>\n<ul>\n<li>Truskawka Arbuz \/ Kiwi Marakuja Guawa<\/li>\n<li>Jagoda Malina \/ Mango Brzoskwinia Arbuz<\/li>\n<li>Blue Razz Gummy Bear \/ Strawberry Kiwi<\/li>\n<li>Blue Razz Cherry \/ Strawberry Raspberry<\/li>\n<li>Fizzy Lemon &amp; Lime \/ Watermelon Fresh Mint<\/li>\n<li>Blue Razz Pineapple \/ Triple Mango<\/li>\n<li>Grape Berry Burst \/ Pear Apple Raspberry<\/li>\n<li>Truskawka \u017burawina Wi\u015bnia \/ Ananas Pasja Limonka<\/li>\n<li>Blueberry Strawberry Menthol \/ Blueberry Raspberry Menthol<\/li>\n<\/ul>\n<p>Dost\u0119pne w sprzeda\u017cy hurtowej w wygodnych opakowaniach po 10 sztuk. Podnie\u015b swoje wra\u017cenia z waporyzacji dzi\u0119ki VOPK Ultra! \u2728<\/p>","protected":false},"excerpt":{"rendered":"<p>\ud83d\ude80 <strong>Do\u015bwiadcz niepowstrzymanej wolno\u015bci smaku dzi\u0119ki VOPK Ultra 40000 Puffs<\/strong> - podw\u00f3jna moc smaku stworzona dla tych, kt\u00f3rzy odmawiaj\u0105 zadowolenia.<\/p>","protected":false},"featured_media":32160,"comment_status":"open","ping_status":"closed","template":"","meta":[],"product_brand":[233],"product_cat":[74,230,65],"product_tag":[],"class_list":{"0":"post-31950","1":"product","2":"type-product","3":"status-publish","4":"has-post-thumbnail","6":"product_brand-okso","7":"product_cat-40000-puffs-disposable-vape","8":"product_cat-new","9":"product_cat-vopk","11":"first","12":"instock","13":"shipping-taxable","14":"purchasable","15":"product-type-variable","16":"has-default-attributes"},"jetpack_sharing_enabled":true,"tiered_pricing_type":"fixed","tiered_pricing_fixed_rules":{"30":7.839999999999999857891452847979962825775146484375,"50":6.79000000000000003552713678800500929355621337890625,"100":6.1699999999999999289457264239899814128875732421875,"200":5.79999999999999982236431605997495353221893310546875,"400":5.37000000000000010658141036401502788066864013671875},"tiered_pricing_product_settings":{"layout":"default","base_unit_name":{"singular":null,"plural":null},"default_variation":null},"tiered_pricing_minimum_quantity":10,"tiered_pricing_roles_data":[],"tiered_pricing_percentage_rules":[],"tiered_pricing_maximum_quantity":null,"tiered_pricing_quantity_step":"10","_links":{"self":[{"href":"https:\/\/volovape.com\/pl\/wp-json\/wp\/v2\/product\/31950","targetHints":{"allow":["GET"]}}],"collection":[{"href":"https:\/\/volovape.com\/pl\/wp-json\/wp\/v2\/product"}],"about":[{"href":"https:\/\/volovape.com\/pl\/wp-json\/wp\/v2\/types\/product"}],"replies":[{"embeddable":true,"href":"https:\/\/volovape.com\/pl\/wp-json\/wp\/v2\/comments?post=31950"}],"wp:featuredmedia":[{"embeddable":true,"href":"https:\/\/volovape.com\/pl\/wp-json\/wp\/v2\/media\/32160"}],"wp:attachment":[{"href":"https:\/\/volovape.com\/pl\/wp-json\/wp\/v2\/media?parent=31950"}],"wp:term":[{"taxonomy":"product_brand","embeddable":true,"href":"https:\/\/volovape.com\/pl\/wp-json\/wp\/v2\/product_brand?post=31950"},{"taxonomy":"product_cat","embeddable":true,"href":"https:\/\/volovape.com\/pl\/wp-json\/wp\/v2\/product_cat?post=31950"},{"taxonomy":"product_tag","embeddable":true,"href":"https:\/\/volovape.com\/pl\/wp-json\/wp\/v2\/product_tag?post=31950"}],"curies":[{"name":"wp","href":"https:\/\/api.w.org\/{rel}","templated":true}]}}