{"id":31949,"date":"2025-07-02T03:28:56","date_gmt":"2025-07-02T03:28:56","guid":{"rendered":"https:\/\/volovape.com\/?post_type=product&#038;p=31949"},"modified":"2026-04-14T06:17:18","modified_gmt":"2026-04-14T06:17:18","slug":"vopk-triple-60k-60000-puffow","status":"publish","type":"product","link":"https:\/\/volovape.com\/pl\/product\/vopk-triple-60k-60000-puffs\/","title":{"rendered":"Vopk Triple 60K | 3 w 1 potr\u00f3jny smak 60000 zaci\u0105gni\u0119\u0107 luzem jednorazowe vape"},"content":{"rendered":"<p>\ud83d\udd25 <b>Vopk Triple 60000 Puffs Vape jednorazowego u\u017cytku<\/b>: Do\u015bwiadcz najwy\u017cszej wygody i smaku waporyzacji! Ten innowacyjny jednorazowy waporyzator 3 w 1 oferuje zdumiewaj\u0105ce 60 000 zaci\u0105gni\u0119\u0107, 54 ml e-cieczy i potr\u00f3jne cewki siatkowe zapewniaj\u0105ce niezr\u00f3wnan\u0105 podr\u00f3\u017c waporyzacyjn\u0105. B\u0105d\u017a na bie\u017c\u0105co dzi\u0119ki inteligentnemu wy\u015bwietlaczowi LED i zasilaj si\u0119 szybko dzi\u0119ki szybkiemu \u0142adowaniu typu C. Dostosuj swoje uderzenie za pomoc\u0105 opcji nikotyny 2% lub 5%. Idealny na ka\u017cd\u0105 okazj\u0119, Vopk Triple 60K zapewnia ogromne chmury, bogaty smak i niezr\u00f3wnan\u0105 wydajno\u015b\u0107. \ud83d\ude80<\/p>\n<h3>Kluczowe cechy:<\/h3>\n<ul>\n<li><b>Liczba zaci\u0105gni\u0119\u0107:<\/b> Do 60 000 zaci\u0105gni\u0119\u0107<\/li>\n<li><b>Pojemno\u015b\u0107 e-liquidu:<\/b> Wst\u0119pnie nape\u0142niony 54 ml<\/li>\n<li><b>Typ cewki:<\/b> Cewki z potr\u00f3jn\u0105 siatk\u0105<\/li>\n<li><b>Bateria:<\/b> Akumulator 650 mAh<\/li>\n<li><b>\u0141adowanie:<\/b> Szybkie \u0142adowanie typu C<\/li>\n<li><b>Opcje nikotynowe:<\/b> 2% (20 mg) \/ 5% (50 mg) S\u0142ona nikotyna<\/li>\n<li><b>Wy\u015bwietlacz:<\/b> Inteligentny ekran LED (wska\u017aniki baterii i e-cieczy)<\/li>\n<li><b>System aromat\u00f3w:<\/b> Rotacja smak\u00f3w 3 w 1<\/li>\n<\/ul>\n<h3>\ud83c\udf53\ud83d\udca8 Kombinacje smakowe:<\/h3>\n<ul>\n<li>Lody arbuzowe - Lody potr\u00f3jnie melonowe - Lody truskawkowe<\/li>\n<li>Banan truskawkowy - Arbuz malinowy - Kokos ananasowy<\/li>\n<li>Peach Berry - Blue Razz Ice - Watermelon Peach Mango<\/li>\n<li>Sour Mango Pineapple - Red Bull Strawberry - Black Currant Ice<\/li>\n<li>Kiwi Passion Fruit - Strawberry Cherry - Love 66<\/li>\n<li>Double Apple Ice - Owoce tropikalne - Truskawka, arbuz, guma balonowa<\/li>\n<li>Grape Ice - Strawberry Kiwi - Watermelon Red Bull<\/li>\n<li>Arbuz truskawkowy - Malina jagodowa - Limonka cytrynowa<\/li>\n<li>Banan Ananas - Red Bull Ice - Truskawka Mango<\/li>\n<li>Gummy Bear - Strawberry Vanilla Coke - Blueberry Cotton Candy<\/li>\n<\/ul>","protected":false},"excerpt":{"rendered":"<p>\ud83d\udd25 <strong>Trzy smaki, niesko\u0144czona satysfakcja.<\/strong> Vopk Triple 60K jest przeznaczony dla waper\u00f3w, kt\u00f3rzy pragn\u0105 nieprzerwanej r\u00f3\u017cnorodno\u015bci i powa\u017cnej wydajno\u015bci.<\/p>","protected":false},"featured_media":32148,"comment_status":"open","ping_status":"closed","template":"","meta":[],"product_brand":[236],"product_cat":[39,231,21,43,20,230,65],"product_tag":[],"class_list":{"0":"post-31949","1":"product","2":"type-product","3":"status-publish","4":"has-post-thumbnail","6":"product_brand-vopk","7":"product_cat-digital-box-vapes","8":"product_cat-60000-puffs-disposable-vape","9":"product_cat-big-puffs-vapes","10":"product_cat-crystal-vapes","11":"product_cat-disposable-vape-types","12":"product_cat-new","13":"product_cat-vopk","15":"first","16":"instock","17":"featured","18":"shipping-taxable","19":"purchasable","20":"product-type-variable","21":"has-default-attributes"},"jetpack_sharing_enabled":true,"tiered_pricing_type":"fixed","tiered_pricing_fixed_rules":{"30":7.839999999999999857891452847979962825775146484375,"50":7.6500000000000003552713678800500929355621337890625,"100":6.910000000000000142108547152020037174224853515625,"200":6.54000000000000003552713678800500929355621337890625,"400":5.9900000000000002131628207280300557613372802734375},"tiered_pricing_product_settings":{"layout":"default","base_unit_name":{"singular":null,"plural":null},"default_variation":null},"tiered_pricing_minimum_quantity":10,"tiered_pricing_roles_data":[],"tiered_pricing_percentage_rules":[],"tiered_pricing_maximum_quantity":null,"tiered_pricing_quantity_step":"10","_links":{"self":[{"href":"https:\/\/volovape.com\/pl\/wp-json\/wp\/v2\/product\/31949","targetHints":{"allow":["GET"]}}],"collection":[{"href":"https:\/\/volovape.com\/pl\/wp-json\/wp\/v2\/product"}],"about":[{"href":"https:\/\/volovape.com\/pl\/wp-json\/wp\/v2\/types\/product"}],"replies":[{"embeddable":true,"href":"https:\/\/volovape.com\/pl\/wp-json\/wp\/v2\/comments?post=31949"}],"wp:featuredmedia":[{"embeddable":true,"href":"https:\/\/volovape.com\/pl\/wp-json\/wp\/v2\/media\/32148"}],"wp:attachment":[{"href":"https:\/\/volovape.com\/pl\/wp-json\/wp\/v2\/media?parent=31949"}],"wp:term":[{"taxonomy":"product_brand","embeddable":true,"href":"https:\/\/volovape.com\/pl\/wp-json\/wp\/v2\/product_brand?post=31949"},{"taxonomy":"product_cat","embeddable":true,"href":"https:\/\/volovape.com\/pl\/wp-json\/wp\/v2\/product_cat?post=31949"},{"taxonomy":"product_tag","embeddable":true,"href":"https:\/\/volovape.com\/pl\/wp-json\/wp\/v2\/product_tag?post=31949"}],"curies":[{"name":"wp","href":"https:\/\/api.w.org\/{rel}","templated":true}]}}