{"id":31948,"date":"2025-07-02T03:28:56","date_gmt":"2025-07-02T03:28:56","guid":{"rendered":"https:\/\/volovape.com\/?post_type=product&#038;p=31948"},"modified":"2025-07-28T04:26:25","modified_gmt":"2025-07-28T04:26:25","slug":"vapsolo-triple-30000-puff","status":"publish","type":"product","link":"https:\/\/volovape.com\/pl\/product\/vapsolo-triple-30000-puffs\/","title":{"rendered":"Vapsolo Triple 30K Puffs | 3 w 1 smak LCD jednorazowy vape luzem"},"content":{"rendered":"<h2>VapSolo Triple 30K: 3 smaki, 30 000 zaci\u0105gni\u0119\u0107 - niezr\u00f3wnana wolno\u015b\u0107 wapowania!<\/h2>\n<p>Po\u017cegnaj si\u0119 z nud\u0105 vape i zmieniaj smak na \u017c\u0105danie, aby uzyska\u0107 ekscytuj\u0105ce nowe doznania przy ka\u017cdym zaci\u0105gni\u0119ciu. Idealny dla poszukiwaczy smak\u00f3w, intensywnych vaper\u00f3w lub w\u0142a\u015bcicieli vape shop\u00f3w!<\/p>\n<p>Zachowaj kontrol\u0119 dzi\u0119ki intuicyjnemu <strong>Inteligentny ekran LCD<\/strong>Wy\u015bwietla \u017cywotno\u015b\u0107 baterii, liczb\u0119 zaci\u0105gni\u0119\u0107 i wyb\u00f3r smaku na pierwszy rzut oka. Zasilany przez solidny <strong>Akumulator o pojemno\u015bci 650 mAh<\/strong> z <strong>Szybkie \u0142adowanie typu C<\/strong>VapSolo Triple 30K zapewnia sp\u00f3jn\u0105, bogat\u0105 par\u0119. Jego zaawansowany <strong>System cewek z potr\u00f3jn\u0105 siatk\u0105<\/strong> gwarantuje maksymaln\u0105 intensywno\u015b\u0107 smaku i g\u0142adkie chmury za ka\u017cdym razem. \ud83c\udf2c\ufe0f<\/p>\n<h3>Specyfikacje:<\/h3>\n<ul>\n<li><strong>Liczba zaci\u0105gni\u0119\u0107:<\/strong> Do 30 000 zaci\u0105gni\u0119\u0107<\/li>\n<li><strong>Pojemno\u015b\u0107 e-liquidu:<\/strong> 45 ml (15 ml x 3 komory)<\/li>\n<li><strong>Bateria:<\/strong> Akumulator 650 mAh<\/li>\n<li><strong>\u0141adowanie:<\/strong> Szybkie \u0142adowanie typu C<\/li>\n<li><strong>System cewek:<\/strong> Cewki z potr\u00f3jn\u0105 siatk\u0105<\/li>\n<li><strong>Wy\u015bwietlacz:<\/strong> Inteligentny ekran LCD (bateria, liczba zaci\u0105gni\u0119\u0107, smak)<\/li>\n<li><strong>Projekt:<\/strong> Lekki i przyjazny w podr\u00f3\u017cy<\/li>\n<li><strong>Cechy:<\/strong> Rotacja smak\u00f3w 3 w 1<\/li>\n<\/ul>\n<h3>Kombinacje smakowe:<\/h3>\n<ul>\n<li>L\u00f3d arbuzowy \/ Truskawka kiwi \/ Mi\u0119ta cytrynowa<\/li>\n<li>Blue Razz Ice \/ Mango Peach \/ Grape Ice<\/li>\n<li>Cola Ice \/ Cherry Pomegranate \/ Sour Apple<\/li>\n<li>Truskawka Banan \/ Malina Arbuz \/ Ananas Kokos<\/li>\n<li>Tropikalny poncz \/ Lody truskawkowe \/ Zielone jab\u0142ko<\/li>\n<li>Blueberry Mint \/ Love 66 \/ Double Apple<\/li>\n<li>Kiwi Passion Fruit Guava \/ Strawberry Cherry \/ Lush Ice<\/li>\n<li>L\u00f3d z czarnej porzeczki \/ Arbuz liczi \/ Owoce mieszane<\/li>\n<li>Red Bull \/ Truskawka \/ Winogrono \/ Jagoda \/ Malina<\/li>\n<li>Energy Drink \/ Peach Ice \/ Cool Mint<\/li>\n<\/ul>","protected":false},"excerpt":{"rendered":"<p>Uwolnij eksplozj\u0119 smaku dzi\u0119ki jednorazowemu waporyzatorowi VapSolo Triple 30K! Do\u015bwiadcz niesamowitej \u017cywotno\u015bci 30 000 zaci\u0105gni\u0119\u0107 i rewolucyjnej rotacji smak\u00f3w 3 w 1.<\/p>","protected":false},"featured_media":32127,"comment_status":"open","ping_status":"closed","template":"","meta":[],"product_brand":[235],"product_cat":[63,230,72],"product_tag":[],"class_list":{"0":"post-31948","1":"product","2":"type-product","3":"status-publish","4":"has-post-thumbnail","6":"product_brand-vapsolo","7":"product_cat-30000-puffs-disposable-vape","8":"product_cat-new","9":"product_cat-vapsolo","11":"first","12":"instock","13":"shipping-taxable","14":"purchasable","15":"product-type-variable","16":"has-default-attributes"},"jetpack_sharing_enabled":true,"tiered_pricing_type":"fixed","tiered_pricing_fixed_rules":{"2000":7.6500000000000003552713678800500929355621337890625},"tiered_pricing_product_settings":{"layout":"default","base_unit_name":{"singular":null,"plural":null},"default_variation":null},"tiered_pricing_minimum_quantity":1000,"tiered_pricing_roles_data":[],"tiered_pricing_percentage_rules":[],"tiered_pricing_maximum_quantity":null,"tiered_pricing_quantity_step":"10","_links":{"self":[{"href":"https:\/\/volovape.com\/pl\/wp-json\/wp\/v2\/product\/31948","targetHints":{"allow":["GET"]}}],"collection":[{"href":"https:\/\/volovape.com\/pl\/wp-json\/wp\/v2\/product"}],"about":[{"href":"https:\/\/volovape.com\/pl\/wp-json\/wp\/v2\/types\/product"}],"replies":[{"embeddable":true,"href":"https:\/\/volovape.com\/pl\/wp-json\/wp\/v2\/comments?post=31948"}],"wp:featuredmedia":[{"embeddable":true,"href":"https:\/\/volovape.com\/pl\/wp-json\/wp\/v2\/media\/32127"}],"wp:attachment":[{"href":"https:\/\/volovape.com\/pl\/wp-json\/wp\/v2\/media?parent=31948"}],"wp:term":[{"taxonomy":"product_brand","embeddable":true,"href":"https:\/\/volovape.com\/pl\/wp-json\/wp\/v2\/product_brand?post=31948"},{"taxonomy":"product_cat","embeddable":true,"href":"https:\/\/volovape.com\/pl\/wp-json\/wp\/v2\/product_cat?post=31948"},{"taxonomy":"product_tag","embeddable":true,"href":"https:\/\/volovape.com\/pl\/wp-json\/wp\/v2\/product_tag?post=31948"}],"curies":[{"name":"wp","href":"https:\/\/api.w.org\/{rel}","templated":true}]}}