{"id":31947,"date":"2025-07-02T03:28:56","date_gmt":"2025-07-02T03:28:56","guid":{"rendered":"https:\/\/volovape.com\/?post_type=product&#038;p=31947"},"modified":"2025-11-11T04:39:23","modified_gmt":"2025-11-11T04:39:23","slug":"vapme-digital-30000-puffow","status":"publish","type":"product","link":"https:\/\/volovape.com\/pl\/product\/vapme-digital-30000-puffs\/","title":{"rendered":"Vapme Digital 30000 Puffs | 12 smak\u00f3w cewka siatkowa luzem jednorazowe vape"},"content":{"rendered":"<h2>Vapme Digital 30000: najlepszy jednorazowy waporyzator! \ud83d\ude80<\/h2>\n<p>Do\u015bwiadcz waporyzacji jak nigdy dot\u0105d dzi\u0119ki <strong>Vapme Digital 30000<\/strong>. Idealne dla intensywnych vaper\u00f3w i nabywc\u00f3w hurtowych, urz\u0105dzenie to zapewnia bezkonkurencyjn\u0105 wydajno\u015b\u0107. <strong>30 000 zaci\u0105gni\u0119\u0107<\/strong> sp\u00f3jnego, mocnego smaku. Po\u017cegnaj si\u0119 z ci\u0105g\u0142ym uzupe\u0142nianiem i s\u0142abymi uderzeniami dzi\u0119ki masywnej konstrukcji. <strong>Pojemno\u015b\u0107 20 ml e-liquidu<\/strong> i solidny <strong>Akumulator 850mAh<\/strong> z wygodnym <strong>\u0141adowanie typu C<\/strong>. Ciesz si\u0119 p\u0142ynno\u015bci\u0105 <strong>Chmury MTL (Mouth-to-Lung)<\/strong> i bogate opary z zaawansowanych <strong>Cewka o oczkach 0,6\u03a9<\/strong>. Gotowy, by zrobi\u0107 wra\u017cenie? Kup sw\u00f3j produkt luzem ju\u017c dzi\u015b! \ud83d\udca8<\/p>\n<h3>Kluczowe specyfikacje:<\/h3>\n<ul>\n<li><strong>Liczba zaci\u0105gni\u0119\u0107:<\/strong> Do 30 000 zaci\u0105gni\u0119\u0107 \ud83e\udd2f<\/li>\n<li><strong>Pojemno\u015b\u0107 e-liquidu:<\/strong> Wst\u0119pnie nape\u0142niony 20 ml<\/li>\n<li><strong>Cewka:<\/strong> Zaawansowana cewka siatkowa 0,6\u03a9 dla bogatej pary<\/li>\n<li><strong>Bateria:<\/strong> Akumulator 850 mAh (typ C)<\/li>\n<li><strong>Poziom nikotyny:<\/strong> 0%, 12%, 13%, 15%<\/li>\n<li><strong>Styl wapowania:<\/strong> MTL (Mouth-to-Lung)<\/li>\n<li><strong>Opcje smakowe:<\/strong> 12 niesamowitych wybor\u00f3w \ud83c\udf53\ud83e\uded0\ud83e\udd6d<\/li>\n<\/ul>\n<h3>Zanurz si\u0119 w 12 pysznych smakach:<\/h3>\n<p>Odkryj sw\u00f3j nowy ulubiony smak dzi\u0119ki naszemu szerokiemu wyborowi \u017cywych smak\u00f3w! Od soczystych <strong>Bor\u00f3wka Malina<\/strong> do o\u017cywczego <strong>Nap\u00f3j energetyczny<\/strong> i egzotyczny <strong>Kiwi, marakuja, guawa<\/strong>, istnieje idealne dopasowanie do ka\u017cdego nastroju. Obr\u00f3t mi\u0119dzy <em>12 satysfakcjonuj\u0105cych smak\u00f3w<\/em> nigdy nie by\u0142o \u0142atwiejsze! \ud83d\ude0b<\/p>\n<p>Wybierz Vapme Digital 30000 dla intensywnej, d\u0142ugotrwa\u0142ej satysfakcji i spraw, by Twoi klienci wracali po wi\u0119cej!<\/p>","protected":false},"excerpt":{"rendered":"<p>\ud83d\ude80 <strong>Gotowy na podniesienie jako\u015bci swoich dozna\u0144 z waporyzacji?<\/strong> Poznaj Vapme Digital 30000 - jednorazowy waporyzator o du\u017cej pojemno\u015bci zaprojektowany z my\u015bl\u0105 o powa\u017cnych poszukiwaczach smaku i mi\u0142o\u015bnikach nikotyny.<\/p>","protected":false},"featured_media":32103,"comment_status":"open","ping_status":"closed","template":"","meta":[],"product_brand":[234],"product_cat":[63,230,49],"product_tag":[],"class_list":{"0":"post-31947","1":"product","2":"type-product","3":"status-publish","4":"has-post-thumbnail","6":"product_brand-vapme","7":"product_cat-30000-puffs-disposable-vape","8":"product_cat-new","9":"product_cat-vapme","11":"first","12":"instock","13":"shipping-taxable","14":"purchasable","15":"product-type-variable","16":"has-default-attributes"},"jetpack_sharing_enabled":true,"tiered_pricing_type":"fixed","tiered_pricing_fixed_rules":{"30":8.6300000000000007815970093361102044582366943359375,"50":7.6500000000000003552713678800500929355621337890625,"100":7.04000000000000003552713678800500929355621337890625,"200":6.6699999999999999289457264239899814128875732421875,"400":6.230000000000000426325641456060111522674560546875},"tiered_pricing_product_settings":{"layout":"default","base_unit_name":{"singular":null,"plural":null},"default_variation":null},"tiered_pricing_minimum_quantity":10,"tiered_pricing_roles_data":[],"tiered_pricing_percentage_rules":[],"tiered_pricing_maximum_quantity":null,"tiered_pricing_quantity_step":"10","_links":{"self":[{"href":"https:\/\/volovape.com\/pl\/wp-json\/wp\/v2\/product\/31947","targetHints":{"allow":["GET"]}}],"collection":[{"href":"https:\/\/volovape.com\/pl\/wp-json\/wp\/v2\/product"}],"about":[{"href":"https:\/\/volovape.com\/pl\/wp-json\/wp\/v2\/types\/product"}],"replies":[{"embeddable":true,"href":"https:\/\/volovape.com\/pl\/wp-json\/wp\/v2\/comments?post=31947"}],"wp:featuredmedia":[{"embeddable":true,"href":"https:\/\/volovape.com\/pl\/wp-json\/wp\/v2\/media\/32103"}],"wp:attachment":[{"href":"https:\/\/volovape.com\/pl\/wp-json\/wp\/v2\/media?parent=31947"}],"wp:term":[{"taxonomy":"product_brand","embeddable":true,"href":"https:\/\/volovape.com\/pl\/wp-json\/wp\/v2\/product_brand?post=31947"},{"taxonomy":"product_cat","embeddable":true,"href":"https:\/\/volovape.com\/pl\/wp-json\/wp\/v2\/product_cat?post=31947"},{"taxonomy":"product_tag","embeddable":true,"href":"https:\/\/volovape.com\/pl\/wp-json\/wp\/v2\/product_tag?post=31947"}],"curies":[{"name":"wp","href":"https:\/\/api.w.org\/{rel}","templated":true}]}}