{"id":31946,"date":"2025-07-02T03:28:55","date_gmt":"2025-07-02T03:28:55","guid":{"rendered":"https:\/\/volovape.com\/?post_type=product&#038;p=31946"},"modified":"2026-04-14T06:24:46","modified_gmt":"2026-04-14T06:24:46","slug":"okso-shisha-max-40000-puffow","status":"publish","type":"product","link":"https:\/\/volovape.com\/pl\/product\/okso-shisha-max-40000-puffs\/","title":{"rendered":"OKSO Shisha Max 40K | cewka siatkowa, wy\u015bwietlacz LED luzem jednorazowe vape"},"content":{"rendered":"<h2>Dlaczego warto wybra\u0107 OKSO Shisha Max 40K?<\/h2>\n<p>Podnie\u015b swoje wra\u017cenia z waporyzacji dzi\u0119ki <strong>OKSO Shisha Max 40K<\/strong>Zaprojektowany z my\u015bl\u0105 o najwy\u017cszej satysfakcji i kontroli. Ciesz si\u0119 zdumiewaj\u0105c\u0105 <strong>40 000 zaci\u0105gni\u0119\u0107<\/strong> z jednego urz\u0105dzenia! Jego zaawansowane <strong>cewka siatkowa<\/strong> Technologia zapewnia niezmiennie bogaty i g\u0142adki smak, podczas gdy intuicyjna <strong>Wy\u015bwietlacz LED<\/strong> informuje o \u017cywotno\u015bci baterii i liczbie zaci\u0105gni\u0119\u0107. Spersonalizuj swoj\u0105 waporyzacj\u0119 dzi\u0119ki regulowanemu przep\u0142ywowi powietrza i ustawieniom mocy. Z solidnym <strong>Akumulator o pojemno\u015bci 800 mAh<\/strong> i szybkie \u0142adowanie typu C, zawsze jeste\u015b gotowy do pracy. Dodatkowo, wbudowany <strong>blokada przed dzie\u0107mi<\/strong> zapewnia dodatkowy spok\u00f3j ducha. Idealny dla vaper\u00f3w poszukuj\u0105cych d\u0142ugowieczno\u015bci, smaku i elastyczno\u015bci, a tak\u017ce doskona\u0142a opcja hurtowa dla sprzedawc\u00f3w detalicznych!<\/p>\n<h2>Specyfikacja produktu:<\/h2>\n<ul>\n<li><strong>Liczba zaci\u0105gni\u0119\u0107:<\/strong> Do 40 000 zaci\u0105gni\u0119\u0107<\/li>\n<li><strong>Pojemno\u015b\u0107 e-liquidu:<\/strong> 36 ml (wst\u0119pnie nape\u0142niony)<\/li>\n<li><strong>Typ cewki:<\/strong> Siatkowa cewka zapewniaj\u0105ca doskona\u0142y smak i produkcj\u0119 pary<\/li>\n<li><strong>Wy\u015bwietlacz:<\/strong> Ekran LED (bateria i liczba zaci\u0105gni\u0119\u0107)<\/li>\n<li><strong>Bateria:<\/strong> Akumulator o pojemno\u015bci 800 mAh<\/li>\n<li><strong>\u0141adowanie:<\/strong> Szybkie \u0142adowanie typu C<\/li>\n<li><strong>Moc nikotyny:<\/strong> 0%, 2%, 3%, 5% (obj\u0119to\u015bciowo)<\/li>\n<li><strong>Cechy:<\/strong> Regulowany przep\u0142yw powietrza, regulowana moc, blokada przed dzie\u0107mi<\/li>\n<\/ul>\n<h2>Lista smak\u00f3w:<\/h2>\n<ul>\n<li>Dwa jab\u0142ka \ud83c\udf4f\ud83c\udf4f<\/li>\n<li>Grape Mint \ud83c\udf47\ud83c\udf43<\/li>\n<li>Cherry Fiesta \ud83c\udf52\ud83c\udf89<\/li>\n<li>Peach Ice \ud83c\udf51\ud83e\uddca<\/li>\n<li>Magic Love \u2728\u2764\ufe0f<\/li>\n<li>Strawberry Punch \ud83c\udf53\ud83d\udca5<\/li>\n<li>Blue Razz Ice \ud83d\udc99\ud83e\uddca<\/li>\n<li>Lush Ice \ud83c\udf49\u2744\ufe0f<\/li>\n<li>Arbuz truskawkowy \ud83c\udf53\ud83c\udf49<\/li>\n<li>Berry Mint \ud83c\udf53\ud83c\udf43<\/li>\n<\/ul>","protected":false},"excerpt":{"rendered":"<p>Jednorazowa fajka wodna OKSO Shisha Max 40K zapewnia do 40 000 zaci\u0105gni\u0119\u0107 z kontrol\u0105 mocy, regulacj\u0105 przep\u0142ywu powietrza i 10 bogatymi smakami - stworzonymi z my\u015bl\u0105 o d\u0142ugotrwa\u0142ej, konfigurowalnej i aromatycznej przyjemno\u015bci z waporyzacji.<\/p>","protected":false},"featured_media":32093,"comment_status":"open","ping_status":"closed","template":"","meta":[],"product_brand":[233],"product_cat":[74,230,229],"product_tag":[],"class_list":{"0":"post-31946","1":"product","2":"type-product","3":"status-publish","4":"has-post-thumbnail","6":"product_brand-okso","7":"product_cat-40000-puffs-disposable-vape","8":"product_cat-new","9":"product_cat-okso","11":"first","12":"instock","13":"shipping-taxable","14":"purchasable","15":"product-type-variable","16":"has-default-attributes"},"jetpack_sharing_enabled":true,"tiered_pricing_type":"fixed","tiered_pricing_fixed_rules":{"30":7.589999999999999857891452847979962825775146484375,"50":6.519999999999999573674358543939888477325439453125,"100":5.9000000000000003552713678800500929355621337890625,"200":5.53000000000000024868995751603506505489349365234375,"400":5.0999999999999996447286321199499070644378662109375},"tiered_pricing_product_settings":{"layout":"default","base_unit_name":{"singular":null,"plural":null},"default_variation":null},"tiered_pricing_minimum_quantity":10,"tiered_pricing_roles_data":[],"tiered_pricing_percentage_rules":[],"tiered_pricing_maximum_quantity":null,"tiered_pricing_quantity_step":"10","_links":{"self":[{"href":"https:\/\/volovape.com\/pl\/wp-json\/wp\/v2\/product\/31946","targetHints":{"allow":["GET"]}}],"collection":[{"href":"https:\/\/volovape.com\/pl\/wp-json\/wp\/v2\/product"}],"about":[{"href":"https:\/\/volovape.com\/pl\/wp-json\/wp\/v2\/types\/product"}],"replies":[{"embeddable":true,"href":"https:\/\/volovape.com\/pl\/wp-json\/wp\/v2\/comments?post=31946"}],"wp:featuredmedia":[{"embeddable":true,"href":"https:\/\/volovape.com\/pl\/wp-json\/wp\/v2\/media\/32093"}],"wp:attachment":[{"href":"https:\/\/volovape.com\/pl\/wp-json\/wp\/v2\/media?parent=31946"}],"wp:term":[{"taxonomy":"product_brand","embeddable":true,"href":"https:\/\/volovape.com\/pl\/wp-json\/wp\/v2\/product_brand?post=31946"},{"taxonomy":"product_cat","embeddable":true,"href":"https:\/\/volovape.com\/pl\/wp-json\/wp\/v2\/product_cat?post=31946"},{"taxonomy":"product_tag","embeddable":true,"href":"https:\/\/volovape.com\/pl\/wp-json\/wp\/v2\/product_tag?post=31946"}],"curies":[{"name":"wp","href":"https:\/\/api.w.org\/{rel}","templated":true}]}}