{"id":31945,"date":"2025-07-02T03:28:55","date_gmt":"2025-07-02T03:28:55","guid":{"rendered":"https:\/\/volovape.com\/?post_type=product&#038;p=31945"},"modified":"2026-04-14T06:23:17","modified_gmt":"2026-04-14T06:23:17","slug":"okso-magic-mirror-50000-puff","status":"publish","type":"product","link":"https:\/\/volovape.com\/pl\/product\/okso-magic-mirror-50000-puffs\/","title":{"rendered":"OKSO Magic Mirror 50000 Puffs | RGB LED, podw\u00f3jna siatka, wy\u015bwietlacz LED, vape jednorazowe luzem"},"content":{"rendered":"<p>\ud83d\udd25 <strong>Do\u015bwiadcz waporyzacji na nowo zdefiniowanej dzi\u0119ki OKSO Magic Mirror 50K!<\/strong> \ud83d\udd25 To nie jest kolejny jednorazowy waporyzator; to wyj\u0105tkowy produkt zaprojektowany z my\u015bl\u0105 o najwy\u017cszej satysfakcji. Uzyskaj zdumiewaj\u0105cy <strong>50 000 zaci\u0105gni\u0119\u0107<\/strong>masywny <strong>Pojemno\u015b\u0107 40 ml e-liquidu<\/strong>i wygod\u0119 <strong>Akumulator typu C<\/strong>. Jego przyci\u0105gaj\u0105ce wzrok lustrzane wyko\u0144czenie i dynamiczny <strong>Blask LED RGB<\/strong> sprawiaj\u0105, \u017ce si\u0119 wyr\u00f3\u017cniasz, podczas gdy <strong>podw\u00f3jne cewki siatkowe<\/strong> gwarantuj\u0105 intensywny smak i ogromne chmury za ka\u017cdym razem. Idealny dla entuzjast\u00f3w smaku, mi\u0142o\u015bnik\u00f3w chmur i sprzedawc\u00f3w detalicznych poszukuj\u0105cych wysokiej jako\u015bci jednorazowych waporyzator\u00f3w.<\/p>\n<h3>Specyfikacja:<\/h3>\n<ul>\n<li>\ud83d\udca8 <strong>Puffy:<\/strong> Do 50 000<\/li>\n<li>\ud83d\udca7 <strong>E-liquid:<\/strong> 40 ml (wst\u0119pnie nape\u0142niony)<\/li>\n<li>\u2728 <strong>Cewka:<\/strong> Podw\u00f3jna siatka dla doskona\u0142ego smaku<\/li>\n<li>\ud83d\udd0b <strong>Bateria:<\/strong> Akumulator 850 mAh (typ C)<\/li>\n<li>\ud83e\uddea <strong>Moc nikotyny:<\/strong> 0%, 2%, 3%, 5% (dost\u0119pne opcje)<\/li>\n<li>\ud83d\udda5\ufe0f <strong>Wy\u015bwietlacz:<\/strong> Ekran LED informuj\u0105cy o liczbie zaci\u0105gni\u0119\u0107 i \u017cywotno\u015bci baterii<\/li>\n<li>\ud83d\udd12 <strong>Bezpiecze\u0144stwo:<\/strong> Wbudowana funkcja blokady przed dzie\u0107mi<\/li>\n<li>\ud83c\udf1f <strong>Projekt:<\/strong> Lustrzane wyko\u0144czenie z efektami LED RGB<\/li>\n<\/ul>\n<h3>Dost\u0119pne smaki:<\/h3>\n<ul>\n<li>Blue Razz Ice \ud83e\uded0\u2744\ufe0f<\/li>\n<li>Lush Ice \ud83c\udf49\u2744\ufe0f<\/li>\n<li>Strawberry Ice \ud83c\udf53\u2744\ufe0f<\/li>\n<li>Grape Ice \ud83c\udf47\u2744\ufe0f<\/li>\n<li>LOVE 66 \u2764\ufe0f\u200d\ud83d\udd25<\/li>\n<li>Lady Killa \ud83d\udc51<\/li>\n<li>Mi\u0119towy l\u00f3d \ud83c\udf43\u2744\ufe0f<\/li>\n<li>Arbuz truskawkowy \ud83c\udf53\ud83c\udf49<\/li>\n<li>Kiwi Passion Fruit \ud83e\udd5d\ud83e\udd6d<\/li>\n<li>Mieszane jagody \ud83c\udf53\ud83e\uded0\ud83c\udf47<\/li>\n<\/ul>","protected":false},"excerpt":{"rendered":"<p>Przygotuj si\u0119 na stylowe waporyzowanie z OKSO Magic Mirror 50K: 50 000 zaci\u0105gni\u0119\u0107, podw\u00f3jne cewki siatkowe, dioda LED RGB i 40 ml e-liquidu - stylowy, wydajny jednorazowy waporyzator dla kupuj\u0105cych hurtowo.<\/p>","protected":false},"featured_media":32025,"comment_status":"open","ping_status":"closed","template":"","meta":[],"product_brand":[233],"product_cat":[74,230,229],"product_tag":[],"class_list":{"0":"post-31945","1":"product","2":"type-product","3":"status-publish","4":"has-post-thumbnail","6":"product_brand-okso","7":"product_cat-40000-puffs-disposable-vape","8":"product_cat-new","9":"product_cat-okso","11":"first","12":"instock","13":"shipping-taxable","14":"purchasable","15":"product-type-variable","16":"has-default-attributes"},"jetpack_sharing_enabled":true,"tiered_pricing_type":"fixed","tiered_pricing_fixed_rules":{"30":8.7400000000000002131628207280300557613372802734375,"60":8.699999999999999289457264239899814128875732421875,"100":8.300000000000000710542735760100185871124267578125,"200":7.9000000000000003552713678800500929355621337890625},"tiered_pricing_product_settings":{"layout":"default","base_unit_name":{"singular":null,"plural":null},"default_variation":null},"tiered_pricing_minimum_quantity":10,"tiered_pricing_roles_data":[],"tiered_pricing_percentage_rules":[],"tiered_pricing_maximum_quantity":null,"tiered_pricing_quantity_step":"10","_links":{"self":[{"href":"https:\/\/volovape.com\/pl\/wp-json\/wp\/v2\/product\/31945","targetHints":{"allow":["GET"]}}],"collection":[{"href":"https:\/\/volovape.com\/pl\/wp-json\/wp\/v2\/product"}],"about":[{"href":"https:\/\/volovape.com\/pl\/wp-json\/wp\/v2\/types\/product"}],"replies":[{"embeddable":true,"href":"https:\/\/volovape.com\/pl\/wp-json\/wp\/v2\/comments?post=31945"}],"wp:featuredmedia":[{"embeddable":true,"href":"https:\/\/volovape.com\/pl\/wp-json\/wp\/v2\/media\/32025"}],"wp:attachment":[{"href":"https:\/\/volovape.com\/pl\/wp-json\/wp\/v2\/media?parent=31945"}],"wp:term":[{"taxonomy":"product_brand","embeddable":true,"href":"https:\/\/volovape.com\/pl\/wp-json\/wp\/v2\/product_brand?post=31945"},{"taxonomy":"product_cat","embeddable":true,"href":"https:\/\/volovape.com\/pl\/wp-json\/wp\/v2\/product_cat?post=31945"},{"taxonomy":"product_tag","embeddable":true,"href":"https:\/\/volovape.com\/pl\/wp-json\/wp\/v2\/product_tag?post=31945"}],"curies":[{"name":"wp","href":"https:\/\/api.w.org\/{rel}","templated":true}]}}