{"id":31944,"date":"2025-07-02T03:28:55","date_gmt":"2025-07-02T03:28:55","guid":{"rendered":"https:\/\/volovape.com\/?post_type=product&#038;p=31944"},"modified":"2026-04-14T06:20:46","modified_gmt":"2026-04-14T06:20:46","slug":"okso-crystal-bar-800-puff","status":"publish","type":"product","link":"https:\/\/volovape.com\/pl\/product\/okso-crystal-bar-800-puffs\/","title":{"rendered":"OKSO Crystal Bar 800 | cewka siatkowa RGB hurtowa jednorazowa vape"},"content":{"rendered":"<p>Jednorazowy waporyzator OKSO Crystal Bar 800 zapewnia 800 p\u0142ynnych zaci\u0105gni\u0119\u0107, efekty LED RGB i 10 odwa\u017cnych smak\u00f3w w kompaktowej, stylowej obudowie - idealnej do codziennego wapowania w podr\u00f3\u017cy. Wst\u0119pnie nape\u0142niony 2 ml e-liquidu i dost\u0119pny w r\u00f3\u017cnych mocach nikotyny (0-5%), ten ultraprzeno\u015bny vape zapewnia satysfakcjonuj\u0105c\u0105 moc do 800 zaci\u0105gni\u0119\u0107.<\/p>\n<p>Zapomnij o skomplikowanych ustawieniach - po prostu chwy\u0107, zaci\u0105gnij si\u0119 i ciesz si\u0119! Wa\u017c\u0105cy zaledwie 36 g, Crystal Bar jest idealny do dyskretnego wapowania w podr\u00f3\u017cy, a jednocze\u015bnie przyci\u0105ga wzrok \u017cywymi efektami \u015bwietlnymi LED.<\/p>\n<h3>Dlaczego to pokochasz<\/h3>\n<ul>\n<li>Sp\u00f3jny, wyrazisty smak dzi\u0119ki siatkowej konstrukcji cewki<\/li>\n<li>Kolorowe diody LED RGB dla dodatkowego efektu<\/li>\n<li>Kompaktowy, lekki i przyjazny w podr\u00f3\u017cy<\/li>\n<li>Wiele poziom\u00f3w nikotyny, aby dopasowa\u0107 si\u0119 do Twojego nastroju<\/li>\n<li>Bez konieczno\u015bci uzupe\u0142niania - 800 zaci\u0105gni\u0119\u0107 to czysta wygoda<\/li>\n<\/ul>\n<h3>Opcje smakowe<\/h3>\n<ul>\n<li>Mennica<\/li>\n<li>Brzoskwiniowy l\u00f3d<\/li>\n<li>R\u00f3\u017cowa cytryna<\/li>\n<li>Krew tygrysa<\/li>\n<li>L\u00f3d winogronowy<\/li>\n<li>L\u00f3d arbuzowy<\/li>\n<li>Niebieski Razz Ice<\/li>\n<li>Brzoskwinia, mango i arbuz<\/li>\n<li>Wi\u015bniowy l\u00f3d<\/li>\n<li>L\u00f3d truskawkowy<\/li>\n<\/ul>\n<p>Je\u015bli potrzebujesz jednorazowego waporyzatora, kt\u00f3ry wygl\u0105da niesamowicie i uderza w sam raz, OKSO Crystal Bar 800 to Tw\u00f3j nowy kieszonkowy bohater. Idealny dla zwyk\u0142ych u\u017cytkownik\u00f3w, pocz\u0105tkuj\u0105cych lub ka\u017cdego, kto szuka bezproblemowego, aromatycznego do\u015bwiadczenia - a wszystko to z odrobin\u0105 magii RGB. \ud83c\udf08<\/p>","protected":false},"excerpt":{"rendered":"<p>\u2728 <strong>Ma\u0142y, ale pot\u0119\u017cny!<\/strong> OKSO Crystal Bar 800 jest tutaj, aby rozja\u015bni\u0107 Tw\u00f3j dzie\u0144 kolorowym \u015bwiat\u0142em RGB i zapewni\u0107 jedwabi\u015bcie g\u0142adki smak dzi\u0119ki zaawansowanej technologii cewki siatkowej.<\/p>","protected":false},"featured_media":32012,"comment_status":"open","ping_status":"closed","template":"","meta":[],"product_brand":[233],"product_cat":[59,230,229],"product_tag":[],"class_list":{"0":"post-31944","1":"product","2":"type-product","3":"status-publish","4":"has-post-thumbnail","6":"product_brand-okso","7":"product_cat-800-puffs-disposable-vape","8":"product_cat-new","9":"product_cat-okso","11":"first","12":"instock","13":"shipping-taxable","14":"purchasable","15":"product-type-variable","16":"has-default-attributes"},"jetpack_sharing_enabled":true,"tiered_pricing_type":"fixed","tiered_pricing_fixed_rules":{"30":4.589999999999999857891452847979962825775146484375,"50":3.4900000000000002131628207280300557613372802734375,"100":2.899999999999999911182158029987476766109466552734375,"200":2.75,"400":2.390000000000000124344978758017532527446746826171875},"tiered_pricing_product_settings":{"layout":"default","base_unit_name":{"singular":null,"plural":null},"default_variation":null},"tiered_pricing_minimum_quantity":10,"tiered_pricing_roles_data":[],"tiered_pricing_percentage_rules":[],"tiered_pricing_maximum_quantity":null,"tiered_pricing_quantity_step":"10","_links":{"self":[{"href":"https:\/\/volovape.com\/pl\/wp-json\/wp\/v2\/product\/31944","targetHints":{"allow":["GET"]}}],"collection":[{"href":"https:\/\/volovape.com\/pl\/wp-json\/wp\/v2\/product"}],"about":[{"href":"https:\/\/volovape.com\/pl\/wp-json\/wp\/v2\/types\/product"}],"replies":[{"embeddable":true,"href":"https:\/\/volovape.com\/pl\/wp-json\/wp\/v2\/comments?post=31944"}],"wp:featuredmedia":[{"embeddable":true,"href":"https:\/\/volovape.com\/pl\/wp-json\/wp\/v2\/media\/32012"}],"wp:attachment":[{"href":"https:\/\/volovape.com\/pl\/wp-json\/wp\/v2\/media?parent=31944"}],"wp:term":[{"taxonomy":"product_brand","embeddable":true,"href":"https:\/\/volovape.com\/pl\/wp-json\/wp\/v2\/product_brand?post=31944"},{"taxonomy":"product_cat","embeddable":true,"href":"https:\/\/volovape.com\/pl\/wp-json\/wp\/v2\/product_cat?post=31944"},{"taxonomy":"product_tag","embeddable":true,"href":"https:\/\/volovape.com\/pl\/wp-json\/wp\/v2\/product_tag?post=31944"}],"curies":[{"name":"wp","href":"https:\/\/api.w.org\/{rel}","templated":true}]}}