{"id":31943,"date":"2025-07-02T03:28:53","date_gmt":"2025-07-02T03:28:53","guid":{"rendered":"https:\/\/volovape.com\/?post_type=product&#038;p=31943"},"modified":"2026-04-14T06:26:05","modified_gmt":"2026-04-14T06:26:05","slug":"okso-shisha-hookah-mega-50000","status":"publish","type":"product","link":"https:\/\/volovape.com\/pl\/product\/okso-shisha-hookah-mega-50000\/","title":{"rendered":"OKSO Shisha Hookah Mega 50K | potr\u00f3jna siatka, jednorazowy vape LED luzem"},"content":{"rendered":"<p>Zanurz si\u0119 w niezr\u00f3wnanym do\u015bwiadczeniu waporyzacji dzi\u0119ki <strong>OKSO Shisha Hookah Mega 50K<\/strong>! Zaprojektowane zar\u00f3wno dla entuzjast\u00f3w smaku, jak i po\u015bcig\u00f3w za chmur\u0105, urz\u0105dzenie to na nowo definiuje waporyzacj\u0119 jednorazow\u0105. Przygotuj si\u0119 na zdumiewaj\u0105ce <strong>50 000 zaci\u0105gni\u0119\u0107<\/strong>wzmocniony przez najnowocze\u015bniejszy <strong>potr\u00f3jna cewka siatkowa<\/strong> dla bogatszych, p\u0142ynniejszych uderze\u0144. \ud83d\ude80<\/p>\n<p>Zachowaj kontrol\u0119 dzi\u0119ki \u017cywemu wy\u015bwietlaczowi LED, kt\u00f3ry z \u0142atwo\u015bci\u0105 \u015bledzi poziom baterii i e-cieczy. Dostosuj zaci\u0105ganie si\u0119 dzi\u0119ki regulowanemu przep\u0142ywowi powietrza, zapewniaj\u0105c, \u017ce ka\u017cdy wdech b\u0119dzie idealny. Niezale\u017cnie od tego, czy wolisz sesj\u0119 bez nikotyny, czy te\u017c mocne uderzenie w gard\u0142o 5%, OKSO Mega 50K dostosowuje si\u0119 do twoich preferencji. Jego ogromna pojemno\u015b\u0107 40 ml e-liquidu i akumulator 1100 mAh gwarantuj\u0105 d\u0142ugotrwa\u0142\u0105 intensywno\u015b\u0107, dzi\u0119ki czemu idealnie nadaje si\u0119 do ci\u0105g\u0142ej przyjemno\u015bci lub jako bestseller dla Twojej firmy. \u2728<\/p>\n<h3>Kluczowe cechy:<\/h3>\n<ul>\n<li><strong>50,000 Puffs:<\/strong> Wi\u0119ksza przyjemno\u015b\u0107 z u\u017cytkowania, mniej wymian.<\/li>\n<li><strong>Cewka z potr\u00f3jn\u0105 siatk\u0105:<\/strong> Doskona\u0142y smak i produkcja pary.<\/li>\n<li><strong>Akumulator typu C:<\/strong> Wygodne i przyjazne dla \u015brodowiska zasilanie.<\/li>\n<li><strong>Wy\u015bwietlacz LED:<\/strong> Monitoruj bateri\u0119 i e-ciecz na pierwszy rzut oka.<\/li>\n<li><strong>Regulowany przep\u0142yw powietrza:<\/strong> Spersonalizuj swoje idealne losowanie.<\/li>\n<\/ul>\n<h3>Lista smak\u00f3w:<\/h3>\n<ul>\n<li>Bujny l\u00f3d<\/li>\n<li>Dwa jab\u0142ka<\/li>\n<li>Truskawka Arbuz Bubblegum<\/li>\n<li>Brzoskwiniowy l\u00f3d<\/li>\n<li>Bor\u00f3wka Malina Wi\u015bnia<\/li>\n<li>Mi\u0142o\u015b\u0107 66<\/li>\n<li>L\u00f3d mango<\/li>\n<li>Truskawka Kiwi<\/li>\n<li>Pani Killa<\/li>\n<li>L\u00f3d winogronowy<\/li>\n<\/ul>\n<p>Podnie\u015b poziom waporyzacji dzi\u0119ki OKSO Shisha Hookah Mega 50K - najlepszemu wyborowi dla kupuj\u0105cych hurtowo, fanatyk\u00f3w smaku i ci\u0119\u017ckich u\u017cytkownik\u00f3w! \ud83c\udf2c\ufe0f<\/p>","protected":false},"excerpt":{"rendered":"<p>OKSO Magic Mirror 50K zapewnia do 50 000 zaci\u0105gni\u0119\u0107 dzi\u0119ki osza\u0142amiaj\u0105cemu o\u015bwietleniu RGB, stylowemu lustrzanemu wyko\u0144czeniu, podw\u00f3jnym cewkom siatkowym i 10 smakom premium - idealnym dla mi\u0142o\u015bnik\u00f3w smaku i wydajno\u015bci.<\/p>","protected":false},"featured_media":31968,"comment_status":"open","ping_status":"closed","template":"","meta":[],"product_brand":[233],"product_cat":[74,230,229],"product_tag":[],"class_list":{"0":"post-31943","1":"product","2":"type-product","3":"status-publish","4":"has-post-thumbnail","6":"product_brand-okso","7":"product_cat-40000-puffs-disposable-vape","8":"product_cat-new","9":"product_cat-okso","11":"first","12":"instock","13":"shipping-taxable","14":"purchasable","15":"product-type-variable","16":"has-default-attributes"},"jetpack_sharing_enabled":true,"tiered_pricing_type":"fixed","tiered_pricing_fixed_rules":{"30":9.5,"50":8.9000000000000003552713678800500929355621337890625,"100":7.9000000000000003552713678800500929355621337890625,"200":7.20000000000000017763568394002504646778106689453125},"tiered_pricing_product_settings":{"layout":"default","base_unit_name":{"singular":null,"plural":null},"default_variation":null},"tiered_pricing_minimum_quantity":10,"tiered_pricing_roles_data":[],"tiered_pricing_percentage_rules":[],"tiered_pricing_maximum_quantity":null,"tiered_pricing_quantity_step":"10","_links":{"self":[{"href":"https:\/\/volovape.com\/pl\/wp-json\/wp\/v2\/product\/31943","targetHints":{"allow":["GET"]}}],"collection":[{"href":"https:\/\/volovape.com\/pl\/wp-json\/wp\/v2\/product"}],"about":[{"href":"https:\/\/volovape.com\/pl\/wp-json\/wp\/v2\/types\/product"}],"replies":[{"embeddable":true,"href":"https:\/\/volovape.com\/pl\/wp-json\/wp\/v2\/comments?post=31943"}],"wp:featuredmedia":[{"embeddable":true,"href":"https:\/\/volovape.com\/pl\/wp-json\/wp\/v2\/media\/31968"}],"wp:attachment":[{"href":"https:\/\/volovape.com\/pl\/wp-json\/wp\/v2\/media?parent=31943"}],"wp:term":[{"taxonomy":"product_brand","embeddable":true,"href":"https:\/\/volovape.com\/pl\/wp-json\/wp\/v2\/product_brand?post=31943"},{"taxonomy":"product_cat","embeddable":true,"href":"https:\/\/volovape.com\/pl\/wp-json\/wp\/v2\/product_cat?post=31943"},{"taxonomy":"product_tag","embeddable":true,"href":"https:\/\/volovape.com\/pl\/wp-json\/wp\/v2\/product_tag?post=31943"}],"curies":[{"name":"wp","href":"https:\/\/api.w.org\/{rel}","templated":true}]}}