{"id":31210,"date":"2025-08-16T11:41:05","date_gmt":"2025-08-16T11:41:05","guid":{"rendered":"https:\/\/volovape.com\/?post_type=product&#038;p=31210"},"modified":"2026-04-14T05:59:35","modified_gmt":"2026-04-14T05:59:35","slug":"fumot-leopard-40k","status":"publish","type":"product","link":"https:\/\/volovape.com\/pl\/product\/fumot-leopard-40k\/","title":{"rendered":"Fumot Leopard 40K | 40,000 Puffs, hurtownia jednorazowych vape do wielokrotnego \u0142adowania"},"content":{"rendered":"<p><!-- SEO Description --><\/p>\n<p>Przedstawiamy <strong>Fumot Leopard 40K<\/strong> - to najlepszy jednorazowy waporyzator, kt\u00f3ry \u0142\u0105czy w sobie wygod\u0119, styl i wydajno\u015b\u0107. Dzi\u0119ki nawet 40 000 zaci\u0105gni\u0119\u0107, ten elegancki vape zapewnia satysfakcjonuj\u0105ce wra\u017cenia od pocz\u0105tku do ko\u0144ca. Model <strong>16 smak\u00f3w, kt\u00f3rym nie mo\u017cna si\u0119 oprze\u0107<\/strong> s\u0105 idealne dla mi\u0142o\u015bnik\u00f3w smaku, a funkcja \u0142adowania przez USB-C zapewnia, \u017ce nigdy nie zabraknie Ci mocy. Zaprojektowany z opcj\u0105 nikotynow\u0105 2%, jest idealny dla tych, kt\u00f3rzy preferuj\u0105 p\u0142ynne i kontrolowane uderzenie. Niezale\u017cnie od tego, czy jeste\u015b intensywnym waperem, czy dystrybutorem, Fumot Leopard 40K spe\u0142ni Twoje potrzeby.<\/p>\n<h3>Dlaczego warto wybra\u0107 Fumot Leopard 40K?<\/h3>\n<ul>\n<li>40 000 zaci\u0105gni\u0119\u0107 g\u0142adkiej, d\u0142ugotrwa\u0142ej satysfakcji.<\/li>\n<li>Mo\u017cliwo\u015b\u0107 \u0142adowania przez USB-C zapewnia najwy\u017csz\u0105 wygod\u0119.<\/li>\n<li>16 wyj\u0105tkowych i ekscytuj\u0105cych smak\u00f3w do wyboru.<\/li>\n<li>Moc nikotyny 2% idealna do kontrolowanego, p\u0142ynnego uderzenia.<\/li>\n<li>Idealny dla smakoszy, ci\u0119\u017ckich waper\u00f3w i dystrybutor\u00f3w.<\/li>\n<\/ul>\n<p><!-- Conclusion --><\/p>\n<p>Niezale\u017cnie od tego, czy jeste\u015b intensywnym u\u017cytkownikiem, entuzjast\u0105 smaku, czy dystrybutorem vape, <strong>Fumot Leopard 40K<\/strong> jest idealnym wyborem. Dzi\u0119ki d\u0142ugotrwa\u0142ej liczbie zaci\u0105gni\u0119\u0107, wygodnemu \u0142adowaniu przez USB-C i szerokiej gamie smak\u00f3w, z pewno\u015bci\u0105 zaspokoi Twoje potrzeby w zakresie waporyzacji. Dost\u0119pna ju\u017c teraz dla zam\u00f3wie\u0144 hurtowych - idealna dla sklep\u00f3w vape i dystrybucji hurtowej.<\/p>\n<p><!-- Specifications Table --><\/p>\n<h3>Specyfikacja:<\/h3>\n<table>\n<tbody>\n<tr>\n<th>Cecha<\/th>\n<th>Szczeg\u00f3\u0142y<\/th>\n<\/tr>\n<tr>\n<td>Pojemno\u015b\u0107 zaci\u0105gni\u0119cia<\/td>\n<td>40 000 zaci\u0105gni\u0119\u0107<\/td>\n<\/tr>\n<tr>\n<td>Pojemno\u015b\u0107 e-liquidu<\/td>\n<td>20 ml<\/td>\n<\/tr>\n<tr>\n<td>Moc nikotyny<\/td>\n<td>2%<\/td>\n<\/tr>\n<tr>\n<td>Bateria<\/td>\n<td>Mo\u017cliwo\u015b\u0107 \u0142adowania przez USB-C<\/td>\n<\/tr>\n<tr>\n<td>Smaki<\/td>\n<td>16 smak\u00f3w<\/td>\n<\/tr>\n<tr>\n<td>Typ cewki<\/td>\n<td>Wysokiej jako\u015bci cewka siatkowa<\/td>\n<\/tr>\n<tr>\n<td>Projekt<\/td>\n<td>Nowoczesna, elegancka konstrukcja<\/td>\n<\/tr>\n<\/tbody>\n<\/table>\n<p><!-- Flavor List --><\/p>\n<h3>Dost\u0119pne smaki:<\/h3>\n<ul>\n<li>L\u00f3d mango<\/li>\n<li>Wybuch jag\u00f3d<\/li>\n<li>Arbuz zamro\u017cony<\/li>\n<li>Lemoniada Truskawkowa<\/li>\n<li>Brzoskwiniowy poncz<\/li>\n<li>Mi\u0119towy mentol<\/li>\n<li>I nie tylko!<\/li>\n<\/ul>\n<p><!-- Why Choose Fumot Leopard 40K --><\/p>\n<p><!-- Meta Description --><\/p>\n<p><img data-recalc-dims=\"1\" loading=\"lazy\" decoding=\"async\" class=\"alignnone wp-image-31278 size-full\" src=\"https:\/\/i0.wp.com\/volovape.com\/wp-content\/uploads\/2025\/06\/%E7%BA%BF%E4%B8%8BA4%E6%B5%B7%E6%8A%A5-Leopard-40k.jpg?resize=1357%2C1920&#038;ssl=1\" alt=\"\" width=\"1357\" height=\"1920\" title=\"\" srcset=\"https:\/\/i0.wp.com\/volovape.com\/wp-content\/uploads\/2025\/06\/%E7%BA%BF%E4%B8%8BA4%E6%B5%B7%E6%8A%A5-Leopard-40k.jpg?w=1357&amp;ssl=1 1357w, https:\/\/i0.wp.com\/volovape.com\/wp-content\/uploads\/2025\/06\/%E7%BA%BF%E4%B8%8BA4%E6%B5%B7%E6%8A%A5-Leopard-40k.jpg?resize=212%2C300&amp;ssl=1 212w, https:\/\/i0.wp.com\/volovape.com\/wp-content\/uploads\/2025\/06\/%E7%BA%BF%E4%B8%8BA4%E6%B5%B7%E6%8A%A5-Leopard-40k.jpg?resize=724%2C1024&amp;ssl=1 724w, https:\/\/i0.wp.com\/volovape.com\/wp-content\/uploads\/2025\/06\/%E7%BA%BF%E4%B8%8BA4%E6%B5%B7%E6%8A%A5-Leopard-40k.jpg?resize=768%2C1087&amp;ssl=1 768w, https:\/\/i0.wp.com\/volovape.com\/wp-content\/uploads\/2025\/06\/%E7%BA%BF%E4%B8%8BA4%E6%B5%B7%E6%8A%A5-Leopard-40k.jpg?resize=1086%2C1536&amp;ssl=1 1086w, https:\/\/i0.wp.com\/volovape.com\/wp-content\/uploads\/2025\/06\/%E7%BA%BF%E4%B8%8BA4%E6%B5%B7%E6%8A%A5-Leopard-40k.jpg?resize=8%2C12&amp;ssl=1 8w, https:\/\/i0.wp.com\/volovape.com\/wp-content\/uploads\/2025\/06\/%E7%BA%BF%E4%B8%8BA4%E6%B5%B7%E6%8A%A5-Leopard-40k.jpg?resize=800%2C1132&amp;ssl=1 800w\" sizes=\"auto, (max-width: 1000px) 100vw, 1000px\" \/><\/p>\n<p><img data-recalc-dims=\"1\" loading=\"lazy\" decoding=\"async\" class=\"alignnone wp-image-31277 size-full\" src=\"https:\/\/i0.wp.com\/volovape.com\/wp-content\/uploads\/2025\/06\/%E5%B9%BF%E5%91%8A%E5%9B%BE-2.jpg?resize=1920%2C1231&#038;ssl=1\" alt=\"\" width=\"1920\" height=\"1231\" title=\"\" srcset=\"https:\/\/i0.wp.com\/volovape.com\/wp-content\/uploads\/2025\/06\/%E5%B9%BF%E5%91%8A%E5%9B%BE-2.jpg?w=1920&amp;ssl=1 1920w, https:\/\/i0.wp.com\/volovape.com\/wp-content\/uploads\/2025\/06\/%E5%B9%BF%E5%91%8A%E5%9B%BE-2.jpg?resize=300%2C192&amp;ssl=1 300w, https:\/\/i0.wp.com\/volovape.com\/wp-content\/uploads\/2025\/06\/%E5%B9%BF%E5%91%8A%E5%9B%BE-2.jpg?resize=1024%2C657&amp;ssl=1 1024w, https:\/\/i0.wp.com\/volovape.com\/wp-content\/uploads\/2025\/06\/%E5%B9%BF%E5%91%8A%E5%9B%BE-2.jpg?resize=768%2C492&amp;ssl=1 768w, https:\/\/i0.wp.com\/volovape.com\/wp-content\/uploads\/2025\/06\/%E5%B9%BF%E5%91%8A%E5%9B%BE-2.jpg?resize=1536%2C985&amp;ssl=1 1536w, https:\/\/i0.wp.com\/volovape.com\/wp-content\/uploads\/2025\/06\/%E5%B9%BF%E5%91%8A%E5%9B%BE-2.jpg?resize=18%2C12&amp;ssl=1 18w, https:\/\/i0.wp.com\/volovape.com\/wp-content\/uploads\/2025\/06\/%E5%B9%BF%E5%91%8A%E5%9B%BE-2.jpg?resize=800%2C513&amp;ssl=1 800w\" sizes=\"auto, (max-width: 1000px) 100vw, 1000px\" \/><\/p>\n<p><img data-recalc-dims=\"1\" loading=\"lazy\" decoding=\"async\" class=\"alignnone wp-image-31276 size-full\" src=\"https:\/\/i0.wp.com\/volovape.com\/wp-content\/uploads\/2025\/06\/%E5%B9%BF%E5%91%8A%E5%9B%BE-1.jpg?resize=1920%2C1231&#038;ssl=1\" alt=\"\" width=\"1920\" height=\"1231\" title=\"\" srcset=\"https:\/\/i0.wp.com\/volovape.com\/wp-content\/uploads\/2025\/06\/%E5%B9%BF%E5%91%8A%E5%9B%BE-1.jpg?w=1920&amp;ssl=1 1920w, https:\/\/i0.wp.com\/volovape.com\/wp-content\/uploads\/2025\/06\/%E5%B9%BF%E5%91%8A%E5%9B%BE-1.jpg?resize=300%2C192&amp;ssl=1 300w, https:\/\/i0.wp.com\/volovape.com\/wp-content\/uploads\/2025\/06\/%E5%B9%BF%E5%91%8A%E5%9B%BE-1.jpg?resize=1024%2C657&amp;ssl=1 1024w, https:\/\/i0.wp.com\/volovape.com\/wp-content\/uploads\/2025\/06\/%E5%B9%BF%E5%91%8A%E5%9B%BE-1.jpg?resize=768%2C492&amp;ssl=1 768w, https:\/\/i0.wp.com\/volovape.com\/wp-content\/uploads\/2025\/06\/%E5%B9%BF%E5%91%8A%E5%9B%BE-1.jpg?resize=1536%2C985&amp;ssl=1 1536w, https:\/\/i0.wp.com\/volovape.com\/wp-content\/uploads\/2025\/06\/%E5%B9%BF%E5%91%8A%E5%9B%BE-1.jpg?resize=18%2C12&amp;ssl=1 18w, https:\/\/i0.wp.com\/volovape.com\/wp-content\/uploads\/2025\/06\/%E5%B9%BF%E5%91%8A%E5%9B%BE-1.jpg?resize=800%2C513&amp;ssl=1 800w\" sizes=\"auto, (max-width: 1000px) 100vw, 1000px\" \/><\/p>","protected":false},"excerpt":{"rendered":"<p>Fumot Leopard 40K Disposable Vape - Do\u015bwiadcz 40 000 zaci\u0105gni\u0119\u0107 najwy\u017cszej jako\u015bci waporyzacji dzi\u0119ki \u0142adowalnej konstrukcji USB-C i 16 ekscytuj\u0105cym smakom. Idealny dla intensywnych u\u017cytkownik\u00f3w i dystrybucji hurtowej!<\/p>","protected":false},"featured_media":31275,"comment_status":"open","ping_status":"closed","template":"","meta":[],"product_brand":[],"product_cat":[52],"product_tag":[],"class_list":{"0":"post-31210","1":"product","2":"type-product","3":"status-publish","4":"has-post-thumbnail","6":"product_cat-randm","8":"first","9":"instock","10":"shipping-taxable","11":"purchasable","12":"product-type-variable","13":"has-default-attributes"},"jetpack_sharing_enabled":true,"tiered_pricing_type":"fixed","tiered_pricing_fixed_rules":{"30":9.2599999999999997868371792719699442386627197265625,"50":7.46999999999999975131004248396493494510650634765625,"100":6.8499999999999996447286321199499070644378662109375,"200":6.480000000000000426325641456060111522674560546875,"400":6.04999999999999982236431605997495353221893310546875},"tiered_pricing_product_settings":{"layout":"default","base_unit_name":{"singular":null,"plural":null},"default_variation":null},"tiered_pricing_minimum_quantity":10,"tiered_pricing_roles_data":[],"tiered_pricing_percentage_rules":[],"tiered_pricing_maximum_quantity":null,"tiered_pricing_quantity_step":"10","_links":{"self":[{"href":"https:\/\/volovape.com\/pl\/wp-json\/wp\/v2\/product\/31210","targetHints":{"allow":["GET"]}}],"collection":[{"href":"https:\/\/volovape.com\/pl\/wp-json\/wp\/v2\/product"}],"about":[{"href":"https:\/\/volovape.com\/pl\/wp-json\/wp\/v2\/types\/product"}],"replies":[{"embeddable":true,"href":"https:\/\/volovape.com\/pl\/wp-json\/wp\/v2\/comments?post=31210"}],"wp:featuredmedia":[{"embeddable":true,"href":"https:\/\/volovape.com\/pl\/wp-json\/wp\/v2\/media\/31275"}],"wp:attachment":[{"href":"https:\/\/volovape.com\/pl\/wp-json\/wp\/v2\/media?parent=31210"}],"wp:term":[{"taxonomy":"product_brand","embeddable":true,"href":"https:\/\/volovape.com\/pl\/wp-json\/wp\/v2\/product_brand?post=31210"},{"taxonomy":"product_cat","embeddable":true,"href":"https:\/\/volovape.com\/pl\/wp-json\/wp\/v2\/product_cat?post=31210"},{"taxonomy":"product_tag","embeddable":true,"href":"https:\/\/volovape.com\/pl\/wp-json\/wp\/v2\/product_tag?post=31210"}],"curies":[{"name":"wp","href":"https:\/\/api.w.org\/{rel}","templated":true}]}}