{"id":31061,"date":"2025-08-16T11:40:34","date_gmt":"2025-08-16T11:40:34","guid":{"rendered":"https:\/\/volovape.com\/?post_type=product&#038;p=31061"},"modified":"2026-04-22T01:04:25","modified_gmt":"2026-04-22T01:04:25","slug":"vozol-star-40000","status":"publish","type":"product","link":"https:\/\/volovape.com\/pl\/product\/vozol-star-40000\/","title":{"rendered":"Vozol Star 40000 Puffs | podw\u00f3jne cewki siatkowe, inteligentny wy\u015bwietlacz, jednorazowe vape z mo\u017cliwo\u015bci\u0105 \u0142adowania"},"content":{"rendered":"<h3>Vozol Star 40000 Puffs - doskona\u0142y smak, maksymalna chmura<\/h3>\n<p>Przedstawiamy Vozol Star 40000 Puffs - szczyt jednorazowej technologii waporyzacji. Zaprojektowane dla tych, kt\u00f3rzy wymagaj\u0105 d\u0142ugowieczno\u015bci, smaku i wydajno\u015bci, urz\u0105dzenie to zapewnia niezr\u00f3wnane wra\u017cenia. Dzi\u0119ki eleganckiemu wzornictwu, inteligentnym funkcjom i szerokim opcjom smakowym jest to idealny wyb\u00f3r zar\u00f3wno dla zwyk\u0142ych waper\u00f3w, jak i dystrybutor\u00f3w hurtowych.<\/p>\n<h3>Specyfikacje<\/h3>\n<table>\n<tbody>\n<tr>\n<td><strong>Liczba zaci\u0105gni\u0119\u0107<\/strong><\/td>\n<td>Do 40 000 zaci\u0105gni\u0119\u0107<\/td>\n<\/tr>\n<tr>\n<td><strong>Pojemno\u015b\u0107 e-liquidu<\/strong><\/td>\n<td>28 ml<\/td>\n<\/tr>\n<tr>\n<td><strong>Bateria<\/strong><\/td>\n<td>Akumulator 1000 mAh<\/td>\n<\/tr>\n<tr>\n<td><strong>Typ cewki<\/strong><\/td>\n<td>Podw\u00f3jne cewki siatkowe<\/td>\n<\/tr>\n<tr>\n<td><strong>Opcje nikotynowe<\/strong><\/td>\n<td>20 mg\/ml, 50 mg\/ml<\/td>\n<\/tr>\n<tr>\n<td><strong>Wy\u015bwietlacz<\/strong><\/td>\n<td>Falisto zakrzywiony ekran OLED<\/td>\n<\/tr>\n<tr>\n<td><strong>\u0141adowanie<\/strong><\/td>\n<td>Szybkie \u0142adowanie przez USB-C<\/td>\n<\/tr>\n<tr>\n<td><strong>Tryby<\/strong><\/td>\n<td>Tryb Eco, Tryb zasilania<\/td>\n<\/tr>\n<tr>\n<td><strong>Aktywacja<\/strong><\/td>\n<td>Aktywowane rysowaniem<\/td>\n<\/tr>\n<tr>\n<td><strong>Projekt<\/strong><\/td>\n<td>Smuk\u0142a, ergonomiczna obudowa<\/td>\n<\/tr>\n<\/tbody>\n<\/table>\n<h3>Kombinacje smak\u00f3w<\/h3>\n<table>\n<tbody>\n<tr>\n<td><strong>Komora A<\/strong><\/td>\n<td><strong>Komora B<\/strong><\/td>\n<\/tr>\n<tr>\n<td>Niebieski Razz Ice<\/td>\n<td>Guma balonowa o smaku arbuza<\/td>\n<\/tr>\n<tr>\n<td>Truskawka Kiwi<\/td>\n<td>Lemoniada brzoskwiniowo-malinowa<\/td>\n<\/tr>\n<tr>\n<td>L\u00f3d mango<\/td>\n<td>Truskawka Arbuz<\/td>\n<\/tr>\n<tr>\n<td>Bor\u00f3wka Mi\u0119ta<\/td>\n<td>L\u00f3d winogronowy<\/td>\n<\/tr>\n<tr>\n<td>Mi\u0119ta ch\u0142odna<\/td>\n<td>Bor\u00f3wka Arbuz<\/td>\n<\/tr>\n<\/tbody>\n<\/table>\n<h3>Dlaczego warto wybra\u0107 Vozol Star 40000?<\/h3>\n<ul>\n<li><strong>Ogromna pojemno\u015b\u0107 dmuchawy:<\/strong> Do 40 000 zaci\u0105gni\u0119\u0107 w trybie Eco, zapewniaj\u0105cym d\u0142ugotrwa\u0142\u0105 przyjemno\u015b\u0107.<\/li>\n<li><strong>Podw\u00f3jne cewki siatkowe:<\/strong> Zapewnia r\u00f3wnomierne podgrzewanie i sp\u00f3jny smak od pierwszego do ostatniego zaci\u0105gni\u0119cia.<\/li>\n<li><strong>Inteligentny wy\u015bwietlacz:<\/strong> Falisty, zakrzywiony ekran OLED \u015bledzi liczb\u0119 zaci\u0105gni\u0119\u0107, \u017cywotno\u015b\u0107 baterii i wyb\u00f3r trybu.<\/li>\n<li><strong>Wygoda \u0142adowania:<\/strong> Szybkie \u0142adowanie przez USB-C zapewnia szybkie zasilanie.<\/li>\n<li><strong>Dwa tryby:<\/strong> Wybierz tryb Eco, aby wyd\u0142u\u017cy\u0107 \u017cywotno\u015b\u0107 baterii lub tryb Power, aby uzyska\u0107 bogatsze chmury.<\/li>\n<li><strong>E-liquid klasy premium:<\/strong> Wysokiej jako\u015bci sole nikotyny zapewniaj\u0105 g\u0142adkie i satysfakcjonuj\u0105ce uderzenie w gard\u0142o.<\/li>\n<li><strong>Elegancka konstrukcja:<\/strong> Ergonomiczna konstrukcja zapewnia wygod\u0119 i przeno\u015bno\u015b\u0107.<\/li>\n<li><strong>W\u0142a\u015bciwo\u015bci higieniczne:<\/strong> Obejmuje ochron\u0119 ustnika i szczeln\u0105 konstrukcj\u0119 zapobiegaj\u0105c\u0105 wyciekom.<\/li>\n<\/ul>\n<p>Model Vozol Star 40000 jest przeznaczony dla intensywnych u\u017cytkownik\u00f3w poszukuj\u0105cych d\u0142u\u017cszych sesji waporyzacji bez uszczerbku dla smaku. Podw\u00f3jne cewki siatkowe i inteligentne funkcje sprawiaj\u0105, \u017ce jest to najlepszy wyb\u00f3r dla entuzjast\u00f3w smaku. Sklepy vape i dystrybutorzy hurtowi doceni\u0105 jego elegancki wygl\u0105d i bogate opcje smakowe, co czyni go wyr\u00f3\u017cniaj\u0105cym si\u0119 produktem w ka\u017cdym asortymencie.<\/p>\n<p><a href=\"https:\/\/i0.wp.com\/volovape.com\/wp-content\/uploads\/2025\/06\/38881750159394_.pic_hd.jpg?ssl=1\"><img data-recalc-dims=\"1\" loading=\"lazy\" decoding=\"async\" class=\"alignnone wp-image-31803 size-full\" src=\"https:\/\/i0.wp.com\/volovape.com\/wp-content\/uploads\/2025\/06\/38881750159394_.pic_hd.jpg?resize=1358%2C1920&#038;ssl=1\" alt=\"\" width=\"1358\" height=\"1920\" title=\"\" srcset=\"https:\/\/i0.wp.com\/volovape.com\/wp-content\/uploads\/2025\/06\/38881750159394_.pic_hd.jpg?w=1358&amp;ssl=1 1358w, https:\/\/i0.wp.com\/volovape.com\/wp-content\/uploads\/2025\/06\/38881750159394_.pic_hd.jpg?resize=212%2C300&amp;ssl=1 212w, https:\/\/i0.wp.com\/volovape.com\/wp-content\/uploads\/2025\/06\/38881750159394_.pic_hd.jpg?resize=724%2C1024&amp;ssl=1 724w, https:\/\/i0.wp.com\/volovape.com\/wp-content\/uploads\/2025\/06\/38881750159394_.pic_hd.jpg?resize=768%2C1086&amp;ssl=1 768w, https:\/\/i0.wp.com\/volovape.com\/wp-content\/uploads\/2025\/06\/38881750159394_.pic_hd.jpg?resize=1086%2C1536&amp;ssl=1 1086w, https:\/\/i0.wp.com\/volovape.com\/wp-content\/uploads\/2025\/06\/38881750159394_.pic_hd.jpg?resize=8%2C12&amp;ssl=1 8w, https:\/\/i0.wp.com\/volovape.com\/wp-content\/uploads\/2025\/06\/38881750159394_.pic_hd.jpg?resize=800%2C1131&amp;ssl=1 800w\" sizes=\"auto, (max-width: 1000px) 100vw, 1000px\" \/><\/a><\/p>\n<p><a href=\"https:\/\/i0.wp.com\/volovape.com\/wp-content\/uploads\/2025\/06\/38891750159406_.pic_hd.jpg?ssl=1\"><img data-recalc-dims=\"1\" loading=\"lazy\" decoding=\"async\" class=\"alignnone wp-image-31804 size-full\" src=\"https:\/\/i0.wp.com\/volovape.com\/wp-content\/uploads\/2025\/06\/38891750159406_.pic_hd.jpg?resize=1358%2C1920&#038;ssl=1\" alt=\"\" width=\"1358\" height=\"1920\" title=\"\" srcset=\"https:\/\/i0.wp.com\/volovape.com\/wp-content\/uploads\/2025\/06\/38891750159406_.pic_hd.jpg?w=1358&amp;ssl=1 1358w, https:\/\/i0.wp.com\/volovape.com\/wp-content\/uploads\/2025\/06\/38891750159406_.pic_hd.jpg?resize=212%2C300&amp;ssl=1 212w, https:\/\/i0.wp.com\/volovape.com\/wp-content\/uploads\/2025\/06\/38891750159406_.pic_hd.jpg?resize=724%2C1024&amp;ssl=1 724w, https:\/\/i0.wp.com\/volovape.com\/wp-content\/uploads\/2025\/06\/38891750159406_.pic_hd.jpg?resize=768%2C1086&amp;ssl=1 768w, https:\/\/i0.wp.com\/volovape.com\/wp-content\/uploads\/2025\/06\/38891750159406_.pic_hd.jpg?resize=1086%2C1536&amp;ssl=1 1086w, https:\/\/i0.wp.com\/volovape.com\/wp-content\/uploads\/2025\/06\/38891750159406_.pic_hd.jpg?resize=8%2C12&amp;ssl=1 8w, https:\/\/i0.wp.com\/volovape.com\/wp-content\/uploads\/2025\/06\/38891750159406_.pic_hd.jpg?resize=800%2C1131&amp;ssl=1 800w\" sizes=\"auto, (max-width: 1000px) 100vw, 1000px\" \/><\/a><\/p>","protected":false},"excerpt":{"rendered":"<p>Do\u015bwiadcz do 40 000 zaci\u0105gni\u0119\u0107 dzi\u0119ki Vozol Star 40000 - z podw\u00f3jnymi cewkami siatkowymi, inteligentnym ekranem i wygodnym \u0142adowaniem.<\/p>","protected":false},"featured_media":36360,"comment_status":"open","ping_status":"closed","template":"","meta":[],"product_brand":[],"product_cat":[228],"product_tag":[],"class_list":{"0":"post-31061","1":"product","2":"type-product","3":"status-publish","4":"has-post-thumbnail","6":"product_cat-vozol","8":"first","9":"instock","10":"shipping-taxable","11":"purchasable","12":"product-type-variable","13":"has-default-attributes"},"jetpack_sharing_enabled":true,"tiered_pricing_type":"fixed","tiered_pricing_fixed_rules":{"2000":7.5800000000000000710542735760100185871124267578125},"tiered_pricing_product_settings":{"layout":"default","base_unit_name":{"singular":null,"plural":null},"default_variation":null},"tiered_pricing_minimum_quantity":1000,"tiered_pricing_roles_data":[],"tiered_pricing_percentage_rules":[],"tiered_pricing_maximum_quantity":null,"tiered_pricing_quantity_step":"10","_links":{"self":[{"href":"https:\/\/volovape.com\/pl\/wp-json\/wp\/v2\/product\/31061","targetHints":{"allow":["GET"]}}],"collection":[{"href":"https:\/\/volovape.com\/pl\/wp-json\/wp\/v2\/product"}],"about":[{"href":"https:\/\/volovape.com\/pl\/wp-json\/wp\/v2\/types\/product"}],"replies":[{"embeddable":true,"href":"https:\/\/volovape.com\/pl\/wp-json\/wp\/v2\/comments?post=31061"}],"wp:featuredmedia":[{"embeddable":true,"href":"https:\/\/volovape.com\/pl\/wp-json\/wp\/v2\/media\/36360"}],"wp:attachment":[{"href":"https:\/\/volovape.com\/pl\/wp-json\/wp\/v2\/media?parent=31061"}],"wp:term":[{"taxonomy":"product_brand","embeddable":true,"href":"https:\/\/volovape.com\/pl\/wp-json\/wp\/v2\/product_brand?post=31061"},{"taxonomy":"product_cat","embeddable":true,"href":"https:\/\/volovape.com\/pl\/wp-json\/wp\/v2\/product_cat?post=31061"},{"taxonomy":"product_tag","embeddable":true,"href":"https:\/\/volovape.com\/pl\/wp-json\/wp\/v2\/product_tag?post=31061"}],"curies":[{"name":"wp","href":"https:\/\/api.w.org\/{rel}","templated":true}]}}