{"id":31007,"date":"2025-08-16T11:40:48","date_gmt":"2025-08-16T11:40:48","guid":{"rendered":"https:\/\/volovape.com\/?post_type=product&#038;p=31007"},"modified":"2026-03-16T08:50:07","modified_gmt":"2026-03-16T08:50:07","slug":"vozol-gear-shisha-25000","status":"publish","type":"product","link":"https:\/\/volovape.com\/pl\/product\/vozol-gear-shisha-25000\/","title":{"rendered":"Vozol Gear Shisha 25000 Puffs | Podw\u00f3jna cewka siatkowa, 24 ml e-liquidu, inteligentny chip vape"},"content":{"rendered":"<p>Przygotuj si\u0119 na kolejny poziom waporyzacji z urz\u0105dzeniem <strong>Vozol Gear Shisha 25000<\/strong> - pierwszy na \u015bwiecie interaktywny d\u017awi\u0119kowo waporyzator DTL. Zaprojektowane z my\u015bl\u0105 o symulowaniu unikalnych, bulgocz\u0105cych d\u017awi\u0119k\u00f3w tradycyjnej shishy, urz\u0105dzenie to wnosi nowy poziom zabawy do sesji wapowania. Niezale\u017cnie od tego, czy jeste\u015b entuzjast\u0105 smaku, czy kim\u015b, kto lubi p\u0142ynne, intensywne zaci\u0105ganie si\u0119, Vozol Gear Shisha oferuje dwa tryby zapewniaj\u0105ce konfigurowalne wra\u017cenia. \ud83c\udf2c\ufe0f\ud83d\udca8<\/p>\n<h3>Specyfikacja:<\/h3>\n<table>\n<tbody>\n<tr>\n<td><strong>Pojemno\u015b\u0107 zaci\u0105gni\u0119cia<\/strong><\/td>\n<td>25000 zaci\u0105gni\u0119\u0107 (tryb Eco)<\/td>\n<\/tr>\n<tr>\n<td><strong>Pojemno\u015b\u0107 e-liquidu<\/strong><\/td>\n<td>24 ml<\/td>\n<\/tr>\n<tr>\n<td><strong>Bateria<\/strong><\/td>\n<td>1000 mAh, akumulator<\/td>\n<\/tr>\n<tr>\n<td><strong>Typ cewki<\/strong><\/td>\n<td>Podw\u00f3jna cewka siatkowa<\/td>\n<\/tr>\n<tr>\n<td><strong>Tryby<\/strong><\/td>\n<td>Eco (25000 zaci\u0105gni\u0119\u0107), Power (18000 zaci\u0105gni\u0119\u0107)<\/td>\n<\/tr>\n<tr>\n<td><strong>Przep\u0142yw powietrza<\/strong><\/td>\n<td>Regulowany<\/td>\n<\/tr>\n<tr>\n<td><strong>Ekran<\/strong><\/td>\n<td>2,1-calowy kolorowy ekran<\/td>\n<\/tr>\n<tr>\n<td><strong>Technologia<\/strong><\/td>\n<td>S.i.L.C. Smart Chip<\/td>\n<\/tr>\n<\/tbody>\n<\/table>\n<h3>Dlaczego warto wybra\u0107 Vozol Gear Shisha 25000?<\/h3>\n<ul>\n<li><strong>Innowacyjne efekty d\u017awi\u0119kowe:<\/strong> Ciesz si\u0119 realistycznymi d\u017awi\u0119kami bulgotania shishy przy ka\u017cdym zaci\u0105gni\u0119ciu, aby uzyska\u0107 bardziej wci\u0105gaj\u0105ce wra\u017cenia.<\/li>\n<li><strong>Podw\u00f3jne cewki siatkowe:<\/strong> Technologia podw\u00f3jnej siatki zapewnia p\u0142ynne i intensywne ssanie.<\/li>\n<li><strong>Dwa tryby:<\/strong> Prze\u0142\u0105czaj mi\u0119dzy trybem Eco dla d\u0142ugotrwa\u0142ych sesji i trybem Power dla bardziej intensywnej waporyzacji.<\/li>\n<li><strong>Regulowany przep\u0142yw powietrza:<\/strong> Doskona\u0142e wra\u017cenia z waporyzacji dzi\u0119ki konfigurowalnym ustawieniom przep\u0142ywu powietrza.<\/li>\n<li><strong>Technologia Smart Chip:<\/strong> Zasilany przez chip S.i.L.C. dla zwi\u0119kszenia wydajno\u015bci i bezpiecze\u0144stwa.<\/li>\n<li><strong>D\u0142uga \u017cywotno\u015b\u0107 baterii:<\/strong> Akumulator o pojemno\u015bci 1000 mAh zapewnia d\u0142u\u017csze u\u017cytkowanie bez konieczno\u015bci cz\u0119stego \u0142adowania.<\/li>\n<li><strong>Du\u017ca pojemno\u015b\u0107 e-liquidu:<\/strong> Zbiornik o pojemno\u015bci 24 ml zapewnia wystarczaj\u0105c\u0105 ilo\u015b\u0107 e-cieczy na d\u0142u\u017csze sesje, zmniejszaj\u0105c liczb\u0119 uzupe\u0142nie\u0144.<\/li>\n<\/ul>\n<p><strong>Vozol Gear Shisha 25000<\/strong> jest idealny dla intensywnych vaper\u00f3w, poszukiwaczy smak\u00f3w i sklep\u00f3w vape, kt\u00f3re chc\u0105 zaoferowa\u0107 swoim klientom innowacyjne do\u015bwiadczenie. Akumulator, regulowane tryby pracy i imponuj\u0105ca pojemno\u015b\u0107 e-liquidu sprawiaj\u0105, \u017ce jest to niezb\u0119dny produkt w dystrybucji hurtowej i handlu detalicznym. Ju\u017c dzi\u015b wzboga\u0107 swoj\u0105 kolekcj\u0119 vape o Vozol Gear Shisha - gdzie technologia spotyka si\u0119 ze smakiem!<\/p>\n<p>&nbsp;<\/p>\n<p>&nbsp;<\/p>\n<p><img data-recalc-dims=\"1\" loading=\"lazy\" decoding=\"async\" class=\"alignnone wp-image-31425 size-full\" src=\"https:\/\/i0.wp.com\/volovape.com\/wp-content\/uploads\/2025\/06\/Berry-Ice-2.jpg?resize=1829%2C1920&#038;ssl=1\" alt=\"\" width=\"1829\" height=\"1920\" title=\"\" srcset=\"https:\/\/i0.wp.com\/volovape.com\/wp-content\/uploads\/2025\/06\/Berry-Ice-2.jpg?w=1829&amp;ssl=1 1829w, https:\/\/i0.wp.com\/volovape.com\/wp-content\/uploads\/2025\/06\/Berry-Ice-2.jpg?resize=286%2C300&amp;ssl=1 286w, https:\/\/i0.wp.com\/volovape.com\/wp-content\/uploads\/2025\/06\/Berry-Ice-2.jpg?resize=975%2C1024&amp;ssl=1 975w, https:\/\/i0.wp.com\/volovape.com\/wp-content\/uploads\/2025\/06\/Berry-Ice-2.jpg?resize=768%2C806&amp;ssl=1 768w, https:\/\/i0.wp.com\/volovape.com\/wp-content\/uploads\/2025\/06\/Berry-Ice-2.jpg?resize=1463%2C1536&amp;ssl=1 1463w, https:\/\/i0.wp.com\/volovape.com\/wp-content\/uploads\/2025\/06\/Berry-Ice-2.jpg?resize=11%2C12&amp;ssl=1 11w, https:\/\/i0.wp.com\/volovape.com\/wp-content\/uploads\/2025\/06\/Berry-Ice-2.jpg?resize=800%2C840&amp;ssl=1 800w\" sizes=\"auto, (max-width: 1000px) 100vw, 1000px\" \/><\/p>","protected":false},"excerpt":{"rendered":"<p>Odkryj Vozol Gear Shisha 25000, najnowocze\u015bniejszy waporyzator wielokrotnego u\u017cytku z podw\u00f3jnymi cewkami siatkowymi, 25000 zaci\u0105gni\u0119\u0107 i pojemno\u015bci\u0105 24 ml e-liquidu.<\/p>","protected":false},"featured_media":31008,"comment_status":"open","ping_status":"closed","template":"","meta":[],"product_brand":[],"product_cat":[228],"product_tag":[],"class_list":{"0":"post-31007","1":"product","2":"type-product","3":"status-publish","4":"has-post-thumbnail","6":"product_cat-vozol","8":"first","9":"instock","10":"shipping-taxable","11":"purchasable","12":"product-type-variable","13":"has-default-attributes"},"jetpack_sharing_enabled":true,"tiered_pricing_type":"fixed","tiered_pricing_fixed_rules":{"2000":6.71999999999999975131004248396493494510650634765625},"tiered_pricing_product_settings":{"layout":"default","base_unit_name":{"singular":null,"plural":null},"default_variation":null},"tiered_pricing_minimum_quantity":1000,"tiered_pricing_roles_data":[],"tiered_pricing_percentage_rules":[],"tiered_pricing_maximum_quantity":null,"tiered_pricing_quantity_step":"10","_links":{"self":[{"href":"https:\/\/volovape.com\/pl\/wp-json\/wp\/v2\/product\/31007","targetHints":{"allow":["GET"]}}],"collection":[{"href":"https:\/\/volovape.com\/pl\/wp-json\/wp\/v2\/product"}],"about":[{"href":"https:\/\/volovape.com\/pl\/wp-json\/wp\/v2\/types\/product"}],"replies":[{"embeddable":true,"href":"https:\/\/volovape.com\/pl\/wp-json\/wp\/v2\/comments?post=31007"}],"wp:featuredmedia":[{"embeddable":true,"href":"https:\/\/volovape.com\/pl\/wp-json\/wp\/v2\/media\/31008"}],"wp:attachment":[{"href":"https:\/\/volovape.com\/pl\/wp-json\/wp\/v2\/media?parent=31007"}],"wp:term":[{"taxonomy":"product_brand","embeddable":true,"href":"https:\/\/volovape.com\/pl\/wp-json\/wp\/v2\/product_brand?post=31007"},{"taxonomy":"product_cat","embeddable":true,"href":"https:\/\/volovape.com\/pl\/wp-json\/wp\/v2\/product_cat?post=31007"},{"taxonomy":"product_tag","embeddable":true,"href":"https:\/\/volovape.com\/pl\/wp-json\/wp\/v2\/product_tag?post=31007"}],"curies":[{"name":"wp","href":"https:\/\/api.w.org\/{rel}","templated":true}]}}