{"id":30895,"date":"2025-08-16T11:40:18","date_gmt":"2025-08-16T11:40:18","guid":{"rendered":"https:\/\/volovape.com\/?post_type=product&#038;p=30895"},"modified":"2026-03-16T08:50:06","modified_gmt":"2026-03-16T08:50:06","slug":"uwin-crystal-twins-40k","status":"publish","type":"product","link":"https:\/\/volovape.com\/pl\/product\/uwin-crystal-twins-40k\/","title":{"rendered":"Uwin Crystal Twins 40K 40000 Puffs | podw\u00f3jny smak jednorazowy vape whoelsale"},"content":{"rendered":"<h2><strong>Uwin Crystal Twins 40K - Vape jednorazowe o dw\u00f3ch smakach \ud83c\udf1f<\/strong><\/h2>\n<p>Przedstawiamy model Uwin Crystal Twins 40K, zmieniaj\u0105cy zasady gry na rynku waporyzator\u00f3w jednorazowych! Urz\u0105dzenie to, oferuj\u0105ce do 40 000 zaci\u0105gni\u0119\u0107 czystej przyjemno\u015bci z waporyzacji, posiada unikaln\u0105 konstrukcj\u0119 o dw\u00f3ch smakach, oferuj\u0105c\u0105 ekscytuj\u0105c\u0105 kombinacj\u0119 smak\u00f3w w ka\u017cdym zaci\u0105gni\u0119ciu. Niezale\u017cnie od tego, czy jeste\u015b smakoszem, czy ci\u0119\u017ckim waperem, ten waporyzator zapewnia p\u0142ynne, satysfakcjonuj\u0105ce doznania, a wszystko to w jednym eleganckim, krystalicznie czystym korpusie. Po\u017cegnaj si\u0119 z uzupe\u0142nianiem i ciesz si\u0119 wygod\u0105 jak nigdy dot\u0105d. \ud83d\udd25\ud83d\udca8<\/p>\n<h4><strong>Specyfikacja:<\/strong><\/h4>\n<table>\n<thead>\n<tr>\n<th><strong>Cecha<\/strong><\/th>\n<th><strong>Szczeg\u00f3\u0142y<\/strong><\/th>\n<\/tr>\n<\/thead>\n<tbody>\n<tr>\n<td><strong>Pojemno\u015b\u0107 zaci\u0105gni\u0119cia<\/strong><\/td>\n<td>40 000 zaci\u0105gni\u0119\u0107<\/td>\n<\/tr>\n<tr>\n<td><strong>Pojemno\u015b\u0107 e-liquidu<\/strong><\/td>\n<td>8 ml (na komor\u0119)<\/td>\n<\/tr>\n<tr>\n<td><strong>Bateria<\/strong><\/td>\n<td>850mAh, Typ-C<\/td>\n<\/tr>\n<tr>\n<td><strong>Typ cewki<\/strong><\/td>\n<td>Cewka o oczkach 0,6\u03a9<\/td>\n<\/tr>\n<tr>\n<td><strong>Opcje nikotynowe<\/strong><\/td>\n<td>0%, 2%, 3%, 5%<\/td>\n<\/tr>\n<tr>\n<td><strong>Wy\u015bwietlacz<\/strong><\/td>\n<td>Inteligentny ekran<\/td>\n<\/tr>\n<tr>\n<td><strong>Projekt<\/strong><\/td>\n<td>Krystalicznie czysty korpus<\/td>\n<\/tr>\n<\/tbody>\n<\/table>\n<h4><strong>Kombinacje smak\u00f3w:<\/strong><\/h4>\n<table>\n<thead>\n<tr>\n<th><strong>Smak A<\/strong><\/th>\n<th><strong>Smak B<\/strong><\/th>\n<\/tr>\n<\/thead>\n<tbody>\n<tr>\n<td>Bor\u00f3wka na lodzie<\/td>\n<td>Letni l\u00f3d brzoskwiniowy<\/td>\n<\/tr>\n<tr>\n<td>Kiwi, Marakuja, Guawa<\/td>\n<td>Bor\u00f3wka Malina<\/td>\n<\/tr>\n<tr>\n<td>Truskawka Kiwi<\/td>\n<td>L\u00f3d winogronowy<\/td>\n<\/tr>\n<tr>\n<td>Kiwi, Marakuja, Guawa<\/td>\n<td>Dwa jab\u0142ka<\/td>\n<\/tr>\n<tr>\n<td>Truskawka Arbuz<\/td>\n<td>Cytryna i limonka<\/td>\n<\/tr>\n<tr>\n<td>Bor\u00f3wka Malina<\/td>\n<td>Wi\u015bniowy l\u00f3d<\/td>\n<\/tr>\n<tr>\n<td>Truskawka Malina Wi\u015bnia<\/td>\n<td>Pan Niebieski<\/td>\n<\/tr>\n<tr>\n<td>Brzoskwinia, mango i ananas<\/td>\n<td>Czerwony Byk<\/td>\n<\/tr>\n<tr>\n<td>L\u00f3d arbuzowy<\/td>\n<td>Mieszane jagody<\/td>\n<\/tr>\n<tr>\n<td>Truskawka Banan<\/td>\n<td>Love 66 (Passion Fruit Melon Ice)<\/td>\n<\/tr>\n<tr>\n<td>Smoczy owoc Banan Wi\u015bnia<\/td>\n<td>R\u00f3\u017cowa lemoniada<\/td>\n<\/tr>\n<tr>\n<td>Brzoskwinia Mango<\/td>\n<td>Cola wi\u015bniowa<\/td>\n<\/tr>\n<tr>\n<td>L\u00f3d truskawkowy<\/td>\n<td>Mango na lodzie<\/td>\n<\/tr>\n<tr>\n<td>Niebieski Razz Ice<\/td>\n<td>Dragon Fruit Ice<\/td>\n<\/tr>\n<tr>\n<td>Truskawkowy Red Bull<\/td>\n<td>Wi\u015bniowy l\u00f3d<\/td>\n<\/tr>\n<\/tbody>\n<\/table>\n<h4><strong>Dlaczego warto wybra\u0107 Uwin Crystal Twins 40K?<\/strong><\/h4>\n<ul>\n<li><strong>Podw\u00f3jny smak:<\/strong> Ciesz si\u0119 dwoma r\u00f3\u017cnymi smakami przy ka\u017cdym zaci\u0105gni\u0119ciu, aby uzyska\u0107 dynamiczne doznania podczas waporyzacji.<\/li>\n<li><strong>Ogromna liczba zaci\u0105gni\u0119\u0107:<\/strong> Uzyskaj do 40 000 zaci\u0105gni\u0119\u0107, dzia\u0142aj\u0105c d\u0142u\u017cej ni\u017c wi\u0119kszo\u015b\u0107 waporyzator\u00f3w jednorazowych.<\/li>\n<li><strong>Opcje o wysokiej zawarto\u015bci nikotyny:<\/strong> Dost\u0119pne w wersjach z nikotyn\u0105 0%, 2%, 3% i 5% dla spersonalizowanej satysfakcji.<\/li>\n<li><strong>Premium Mesh Coil:<\/strong> Do\u015bwiadcz p\u0142ynnej, sp\u00f3jnej produkcji pary przy ka\u017cdym zaci\u0105gni\u0119ciu.<\/li>\n<li><strong>Przeno\u015bno\u015b\u0107 i wygoda:<\/strong> Krystalicznie czysta konstrukcja obudowy zapewnia zar\u00f3wno trwa\u0142o\u015b\u0107, jak i elegancki wygl\u0105d.<\/li>\n<li><strong>Inteligentny ekran:<\/strong> Czytelny, inteligentny wy\u015bwietlacz pozwala \u015bledzi\u0107 przebieg sesji waporyzacji.<\/li>\n<\/ul>\n<p>Uwin Crystal Twins 40K jest idealny zar\u00f3wno dla codziennych u\u017cytkownik\u00f3w, jak i nabywc\u00f3w hurtowych, takich jak sklepy vape i dystrybutorzy. Dzi\u0119ki d\u0142ugotrwa\u0142ej wydajno\u015bci, unikalnym opcjom dw\u00f3ch smak\u00f3w i eleganckiemu wzornictwu, jest to idealny wyb\u00f3r dla tych, kt\u00f3rzy chc\u0105 podnie\u015b\u0107 swoje wra\u017cenia z waporyzacji. Niezale\u017cnie od tego, czy jeste\u015b smakoszem, czy hurtowym dystrybutorem, to urz\u0105dzenie jest idealnie dopasowane do twoich potrzeb.<\/p>\n<p><img data-recalc-dims=\"1\" loading=\"lazy\" decoding=\"async\" class=\"alignnone wp-image-31448 size-full\" src=\"https:\/\/i0.wp.com\/volovape.com\/wp-content\/uploads\/2025\/06\/%E8%81%94%E5%90%8D%E6%B5%B7%E6%8A%A5-2.jpg?resize=1480%2C1810&#038;ssl=1\" alt=\"\" width=\"1480\" height=\"1810\" title=\"\" srcset=\"https:\/\/i0.wp.com\/volovape.com\/wp-content\/uploads\/2025\/06\/%E8%81%94%E5%90%8D%E6%B5%B7%E6%8A%A5-2.jpg?w=1480&amp;ssl=1 1480w, https:\/\/i0.wp.com\/volovape.com\/wp-content\/uploads\/2025\/06\/%E8%81%94%E5%90%8D%E6%B5%B7%E6%8A%A5-2.jpg?resize=245%2C300&amp;ssl=1 245w, https:\/\/i0.wp.com\/volovape.com\/wp-content\/uploads\/2025\/06\/%E8%81%94%E5%90%8D%E6%B5%B7%E6%8A%A5-2.jpg?resize=837%2C1024&amp;ssl=1 837w, https:\/\/i0.wp.com\/volovape.com\/wp-content\/uploads\/2025\/06\/%E8%81%94%E5%90%8D%E6%B5%B7%E6%8A%A5-2.jpg?resize=768%2C939&amp;ssl=1 768w, https:\/\/i0.wp.com\/volovape.com\/wp-content\/uploads\/2025\/06\/%E8%81%94%E5%90%8D%E6%B5%B7%E6%8A%A5-2.jpg?resize=1256%2C1536&amp;ssl=1 1256w, https:\/\/i0.wp.com\/volovape.com\/wp-content\/uploads\/2025\/06\/%E8%81%94%E5%90%8D%E6%B5%B7%E6%8A%A5-2.jpg?resize=10%2C12&amp;ssl=1 10w, https:\/\/i0.wp.com\/volovape.com\/wp-content\/uploads\/2025\/06\/%E8%81%94%E5%90%8D%E6%B5%B7%E6%8A%A5-2.jpg?resize=800%2C978&amp;ssl=1 800w\" sizes=\"auto, (max-width: 1000px) 100vw, 1000px\" \/><\/p>\n<p><img data-recalc-dims=\"1\" loading=\"lazy\" decoding=\"async\" class=\"alignnone wp-image-31447 size-large\" src=\"https:\/\/i0.wp.com\/volovape.com\/wp-content\/uploads\/2025\/06\/40k%E5%8F%A3%E5%91%B3%E6%B5%B7%E6%8A%A5.jpg?resize=905%2C1024&#038;ssl=1\" alt=\"\" width=\"905\" height=\"1024\" title=\"\" srcset=\"https:\/\/i0.wp.com\/volovape.com\/wp-content\/uploads\/2025\/06\/40k%E5%8F%A3%E5%91%B3%E6%B5%B7%E6%8A%A5.jpg?resize=905%2C1024&amp;ssl=1 905w, https:\/\/i0.wp.com\/volovape.com\/wp-content\/uploads\/2025\/06\/40k%E5%8F%A3%E5%91%B3%E6%B5%B7%E6%8A%A5.jpg?resize=265%2C300&amp;ssl=1 265w, https:\/\/i0.wp.com\/volovape.com\/wp-content\/uploads\/2025\/06\/40k%E5%8F%A3%E5%91%B3%E6%B5%B7%E6%8A%A5.jpg?resize=768%2C869&amp;ssl=1 768w, https:\/\/i0.wp.com\/volovape.com\/wp-content\/uploads\/2025\/06\/40k%E5%8F%A3%E5%91%B3%E6%B5%B7%E6%8A%A5.jpg?resize=1358%2C1536&amp;ssl=1 1358w, https:\/\/i0.wp.com\/volovape.com\/wp-content\/uploads\/2025\/06\/40k%E5%8F%A3%E5%91%B3%E6%B5%B7%E6%8A%A5.jpg?resize=11%2C12&amp;ssl=1 11w, https:\/\/i0.wp.com\/volovape.com\/wp-content\/uploads\/2025\/06\/40k%E5%8F%A3%E5%91%B3%E6%B5%B7%E6%8A%A5.jpg?resize=800%2C905&amp;ssl=1 800w, https:\/\/i0.wp.com\/volovape.com\/wp-content\/uploads\/2025\/06\/40k%E5%8F%A3%E5%91%B3%E6%B5%B7%E6%8A%A5.jpg?w=1697&amp;ssl=1 1697w\" sizes=\"auto, (max-width: 905px) 100vw, 905px\" \/><\/p>\n<p><img data-recalc-dims=\"1\" loading=\"lazy\" decoding=\"async\" class=\"alignnone wp-image-31449 size-full\" src=\"https:\/\/i0.wp.com\/volovape.com\/wp-content\/uploads\/2025\/06\/%E7%BD%91%E7%AB%99-Banner-2.jpg?resize=1920%2C656&#038;ssl=1\" alt=\"\" width=\"1920\" height=\"656\" title=\"\" srcset=\"https:\/\/i0.wp.com\/volovape.com\/wp-content\/uploads\/2025\/06\/%E7%BD%91%E7%AB%99-Banner-2.jpg?w=1920&amp;ssl=1 1920w, https:\/\/i0.wp.com\/volovape.com\/wp-content\/uploads\/2025\/06\/%E7%BD%91%E7%AB%99-Banner-2.jpg?resize=300%2C103&amp;ssl=1 300w, https:\/\/i0.wp.com\/volovape.com\/wp-content\/uploads\/2025\/06\/%E7%BD%91%E7%AB%99-Banner-2.jpg?resize=1024%2C350&amp;ssl=1 1024w, https:\/\/i0.wp.com\/volovape.com\/wp-content\/uploads\/2025\/06\/%E7%BD%91%E7%AB%99-Banner-2.jpg?resize=768%2C262&amp;ssl=1 768w, https:\/\/i0.wp.com\/volovape.com\/wp-content\/uploads\/2025\/06\/%E7%BD%91%E7%AB%99-Banner-2.jpg?resize=1536%2C525&amp;ssl=1 1536w, https:\/\/i0.wp.com\/volovape.com\/wp-content\/uploads\/2025\/06\/%E7%BD%91%E7%AB%99-Banner-2.jpg?resize=18%2C6&amp;ssl=1 18w, https:\/\/i0.wp.com\/volovape.com\/wp-content\/uploads\/2025\/06\/%E7%BD%91%E7%AB%99-Banner-2.jpg?resize=800%2C273&amp;ssl=1 800w\" sizes=\"auto, (max-width: 1000px) 100vw, 1000px\" \/><\/p>","protected":false},"excerpt":{"rendered":"<p>Do\u015bwiadcz d\u0142ugotrwa\u0142ej satysfakcji dzi\u0119ki jednorazowemu waporyzatorowi Uwin Crystal Twins 40K! 40 000 zaci\u0105gni\u0119\u0107, opcje dw\u00f3ch smak\u00f3w i orze\u017awiaj\u0105ce smaki.<\/p>","protected":false},"featured_media":30896,"comment_status":"open","ping_status":"closed","template":"","meta":[],"product_brand":[],"product_cat":[16,224],"product_tag":[],"class_list":{"0":"post-30895","1":"product","2":"type-product","3":"status-publish","4":"has-post-thumbnail","6":"product_cat-volo-vape","7":"product_cat-uwin","9":"first","10":"instock","11":"shipping-taxable","12":"purchasable","13":"product-type-variable","14":"has-default-attributes"},"jetpack_sharing_enabled":true,"tiered_pricing_type":"fixed","tiered_pricing_fixed_rules":{"30":7.589999999999999857891452847979962825775146484375,"50":6.20999999999999996447286321199499070644378662109375,"100":5.88999999999999968025576890795491635799407958984375,"200":5.4900000000000002131628207280300557613372802734375,"400":5.04000000000000003552713678800500929355621337890625},"tiered_pricing_product_settings":{"layout":"default","base_unit_name":{"singular":null,"plural":null},"default_variation":null},"tiered_pricing_minimum_quantity":10,"tiered_pricing_roles_data":[],"tiered_pricing_percentage_rules":[],"tiered_pricing_maximum_quantity":null,"tiered_pricing_quantity_step":"10","_links":{"self":[{"href":"https:\/\/volovape.com\/pl\/wp-json\/wp\/v2\/product\/30895","targetHints":{"allow":["GET"]}}],"collection":[{"href":"https:\/\/volovape.com\/pl\/wp-json\/wp\/v2\/product"}],"about":[{"href":"https:\/\/volovape.com\/pl\/wp-json\/wp\/v2\/types\/product"}],"replies":[{"embeddable":true,"href":"https:\/\/volovape.com\/pl\/wp-json\/wp\/v2\/comments?post=30895"}],"wp:featuredmedia":[{"embeddable":true,"href":"https:\/\/volovape.com\/pl\/wp-json\/wp\/v2\/media\/30896"}],"wp:attachment":[{"href":"https:\/\/volovape.com\/pl\/wp-json\/wp\/v2\/media?parent=30895"}],"wp:term":[{"taxonomy":"product_brand","embeddable":true,"href":"https:\/\/volovape.com\/pl\/wp-json\/wp\/v2\/product_brand?post=30895"},{"taxonomy":"product_cat","embeddable":true,"href":"https:\/\/volovape.com\/pl\/wp-json\/wp\/v2\/product_cat?post=30895"},{"taxonomy":"product_tag","embeddable":true,"href":"https:\/\/volovape.com\/pl\/wp-json\/wp\/v2\/product_tag?post=30895"}],"curies":[{"name":"wp","href":"https:\/\/api.w.org\/{rel}","templated":true}]}}