{"id":30869,"date":"2025-08-16T11:39:59","date_gmt":"2025-08-16T11:39:59","guid":{"rendered":"https:\/\/volovape.com\/?post_type=product&#038;p=30869"},"modified":"2025-10-28T04:51:04","modified_gmt":"2025-10-28T04:51:04","slug":"uwin-randm-tornado-beat-35k","status":"publish","type":"product","link":"https:\/\/volovape.com\/pl\/product\/uwin-randm-tornado-beat-35k\/","title":{"rendered":"Uwin RandM tornado beat 35K: d\u0142ugotrwa\u0142y jednorazowy vape hurtowo"},"content":{"rendered":"<h2>Uwin RandM Tornado Beat 35K Przegl\u0105d i funkcje<\/h2>\n<p>Uwin RandM Tornado Beat 35K to najwy\u017cszej klasy jednorazowy waporyzator stworzony zar\u00f3wno dla entuzjast\u00f3w smak\u00f3w, jak i intensywnych u\u017cytkownik\u00f3w. Niezwyk\u0142a pojemno\u015b\u0107 35 000 zaci\u0105gni\u0119\u0107 zapewnia niezr\u00f3wnane wra\u017cenia podczas ka\u017cdej sesji waporyzacji. Urz\u0105dzenie to \u0142\u0105czy w sobie wysok\u0105 wydajno\u015b\u0107 z wyborem przepysznych smak\u00f3w, niezale\u017cnie od tego, czy jeste\u015b fanem owocowych mieszanek, czy orze\u017awiaj\u0105cych lodowych mieszanek. Idealny dla tych, kt\u00f3rzy pragn\u0105 d\u0142ugotrwa\u0142ej satysfakcji i g\u0142adkich uderze\u0144.<\/p>\n<p>Specyfikacja:<\/p>\n<p>Pojemno\u015b\u0107 zaci\u0105gni\u0119cia: 35 000 zaci\u0105gni\u0119\u0107<\/p>\n<p>Pojemno\u015b\u0107 e-liquidu: 12 ml<\/p>\n<p>Bateria: 800 mAh, Typ-C<\/p>\n<p>Typ cewki: Cewka siatkowa 0,8\u03a9<\/p>\n<p>Opcje nikotyny: 0%, 2%, 3%, 5%<\/p>\n<p>Wy\u015bwietlacz: Inteligentny ekran<\/p>\n<p>Konstrukcja: Kompaktowa i ergonomiczna<\/p>\n<h2>Uwin RandM Tornado Beat 35K smak\u00f3w w magazynie:<\/h2>\n<p>Blueberry Raspberry, Strawberry Watermelon, Blueberry On Ice, Watermelon Ice, Summer Peach Ice, Cherry Ice, Strawberry Raspberry Cherry Ice, Kiwi Passion Fruit Guava, Strawberry Ice, Cherry Cola, Mixed Berries, Mr Blue<\/p>\n<p>Dlaczego warto wybra\u0107 Uwin RandM Tornado Beat 35K?<\/p>\n<p>Niezr\u00f3wnana liczba zaci\u0105gni\u0119\u0107: Ciesz si\u0119 nawet 35 000 zaci\u0105gni\u0119\u0107, kt\u00f3re wystarcz\u0105 na znacznie d\u0142u\u017cej ni\u017c standardowe jednoraz\u00f3wki.<\/p>\n<p>Opcje dw\u00f3ch smak\u00f3w: Dwa unikalne smaki w jednym urz\u0105dzeniu zapewniaj\u0105 prawdziwie konfigurowalne doznania.<\/p>\n<p>Opcje wysokiej zawarto\u015bci nikotyny: Wybierz pomi\u0119dzy poziomami nikotyny 0%, 2%, 3% i 5%, aby dopasowa\u0107 je do swoich preferencji.<\/p>\n<p>Elegancka i kompaktowa konstrukcja: \u0141atwy do przenoszenia i stylowy do waporyzacji w podr\u00f3\u017cy.<\/p>\n<p>Zaawansowane funkcje: Inteligentny ekran i \u0142adowanie typu C dla maksymalnej wygody.<\/p>\n<p>Szeroki wyb\u00f3r smak\u00f3w: Ponad 12 \u017cywych, pysznych smak\u00f3w do wyboru.<\/p>\n<h2>Dlaczego Uwin RandM Tornado Beat 35K jest idealny dla Ciebie?<\/h2>\n<p>Uwin RandM Tornado Beat 35K to idealny wyb\u00f3r zar\u00f3wno dla zwyk\u0142ych waper\u00f3w, jak i zaawansowanych u\u017cytkownik\u00f3w. D\u0142ugotrwa\u0142e zaci\u0105gni\u0119cia, wszechstronna moc nikotyny i imponuj\u0105cy zakres smak\u00f3w sprawiaj\u0105, \u017ce jest to idealne rozwi\u0105zanie dla sklep\u00f3w vape, dystrybutor\u00f3w i hurtownik\u00f3w. Ciesz si\u0119 najwy\u017csz\u0105 wydajno\u015bci\u0105 i bogatym smakiem w ka\u017cdym zaci\u0105gni\u0119ciu.<\/p>","protected":false},"excerpt":{"rendered":"<p>Jednorazowy waporyzator Uwin RandM Tornado Beat 35K zapewnia do 35 000 zaci\u0105gni\u0119\u0107 o niesamowitym smaku i eleganckim wygl\u0105dzie. Ciesz si\u0119 smakami premium, takimi jak Blueberry Raspberry, Watermelon Ice i nie tylko!<\/p>","protected":false},"featured_media":30870,"comment_status":"open","ping_status":"closed","template":"","meta":[],"product_brand":[],"product_cat":[16,224],"product_tag":[],"class_list":{"0":"post-30869","1":"product","2":"type-product","3":"status-publish","4":"has-post-thumbnail","6":"product_cat-volo-vape","7":"product_cat-uwin","9":"first","10":"instock","11":"shipping-taxable","12":"purchasable","13":"product-type-variable","14":"has-default-attributes"},"jetpack_sharing_enabled":true,"tiered_pricing_type":"fixed","tiered_pricing_fixed_rules":{"30":8.21000000000000085265128291212022304534912109375,"50":6.36000000000000031974423109204508364200592041015625,"100":5.7400000000000002131628207280300557613372802734375,"200":5.37000000000000010658141036401502788066864013671875,"400":4.94000000000000039079850466805510222911834716796875},"tiered_pricing_product_settings":{"layout":"default","base_unit_name":{"singular":null,"plural":null},"default_variation":null},"tiered_pricing_minimum_quantity":10,"tiered_pricing_roles_data":[],"tiered_pricing_percentage_rules":[],"tiered_pricing_maximum_quantity":null,"tiered_pricing_quantity_step":"10","_links":{"self":[{"href":"https:\/\/volovape.com\/pl\/wp-json\/wp\/v2\/product\/30869","targetHints":{"allow":["GET"]}}],"collection":[{"href":"https:\/\/volovape.com\/pl\/wp-json\/wp\/v2\/product"}],"about":[{"href":"https:\/\/volovape.com\/pl\/wp-json\/wp\/v2\/types\/product"}],"replies":[{"embeddable":true,"href":"https:\/\/volovape.com\/pl\/wp-json\/wp\/v2\/comments?post=30869"}],"wp:featuredmedia":[{"embeddable":true,"href":"https:\/\/volovape.com\/pl\/wp-json\/wp\/v2\/media\/30870"}],"wp:attachment":[{"href":"https:\/\/volovape.com\/pl\/wp-json\/wp\/v2\/media?parent=30869"}],"wp:term":[{"taxonomy":"product_brand","embeddable":true,"href":"https:\/\/volovape.com\/pl\/wp-json\/wp\/v2\/product_brand?post=30869"},{"taxonomy":"product_cat","embeddable":true,"href":"https:\/\/volovape.com\/pl\/wp-json\/wp\/v2\/product_cat?post=30869"},{"taxonomy":"product_tag","embeddable":true,"href":"https:\/\/volovape.com\/pl\/wp-json\/wp\/v2\/product_tag?post=30869"}],"curies":[{"name":"wp","href":"https:\/\/api.w.org\/{rel}","templated":true}]}}