{"id":30055,"date":"2025-05-22T10:24:39","date_gmt":"2025-05-22T10:24:39","guid":{"rendered":"https:\/\/volovape.com\/?post_type=product&#038;p=30055"},"modified":"2025-11-07T04:12:53","modified_gmt":"2025-11-07T04:12:53","slug":"bang-blaze-60k-puffow-4-w-1-jednorazowego-uzytku","status":"publish","type":"product","link":"https:\/\/volovape.com\/pl\/product\/bang-blaze-60k-puffs-4-in-1-disposable\/","title":{"rendered":"Bang Blaze 60K Puffs | 4 w 1 jednorazowe, 60 ml, cewka siatkowa, inteligentny wy\u015bwietlacz, prze\u0142\u0105czanie smak\u00f3w"},"content":{"rendered":"<h3>Bang Blaze 60000 Puffs Jednorazowy Vape<\/h3>\n<p>Ciesz si\u0119 niesamowit\u0105 r\u00f3\u017cnorodno\u015bci\u0105 i d\u0142ugotrwa\u0142ym wapowaniem dzi\u0119ki Bang Blaze 60000 Puffs! To pot\u0119\u017cne urz\u0105dzenie oferuje cztery smaki w jednym, ogromny zbiornik o pojemno\u015bci 60 ml i regulowane poziomy nikotyny (0%, 2%, 3% lub 5%) - idealne dla ka\u017cdego wapera. Inteligentny ekran cyfrowy na bie\u017c\u0105co informuje o stanie baterii i e-cieczy, a szybkie \u0142adowanie typu C i akumulator 650 mAh oznaczaj\u0105 mniej przestoj\u00f3w i wi\u0119cej wapowania. Wypr\u00f3buj wszystkie 12 smacznych kombinacji smakowych i odkryj sw\u00f3j ulubiony!<\/p>\n<ul>\n<li><strong>Smaki 4 w 1:<\/strong> \u0141atwe prze\u0142\u0105czanie mi\u0119dzy czterema smakami w jednym urz\u0105dzeniu<\/li>\n<li><strong>Zbiornik o pojemno\u015bci 60 ml:<\/strong> Mniej uzupe\u0142niania, wi\u0119cej przyjemno\u015bci<\/li>\n<li><strong>Regulowana zawarto\u015b\u0107 nikotyny:<\/strong> 0%, 2%, 3% lub 5% w zale\u017cno\u015bci od potrzeb<\/li>\n<li><strong>Inteligentny ekran cyfrowy:<\/strong> Poziomy baterii i e-cieczy w czasie rzeczywistym<\/li>\n<li><strong>Cewka siatkowa 1,0\u03a9:<\/strong> G\u0142adka, bogata i aromatyczna para<\/li>\n<li><strong>Akumulator 650 mAh:<\/strong> D\u0142ugotrwa\u0142e i szybkie \u0142adowanie<\/li>\n<li><strong>\u0141adowanie typu C:<\/strong> Szybko i wygodnie<\/li>\n<li><strong>12 kombinacji smakowych:<\/strong> Co\u015b na ka\u017cd\u0105 zachciank\u0119<\/li>\n<\/ul>\n<p><em>Idealny zar\u00f3wno dla nowych, jak i do\u015bwiadczonych waper\u00f3w, kt\u00f3rzy chc\u0105 du\u017cych chmur, wspania\u0142ych smak\u00f3w i zero k\u0142opot\u00f3w!<\/em><\/p>","protected":false},"excerpt":{"rendered":"<p>Bang Blaze 60000 oferuje 4 smaki w 1, zbiornik o pojemno\u015bci 60 ml, regulowany poziom nikotyny, cyfrowy wy\u015bwietlacz i akumulator. Ciesz si\u0119 ogromnymi chmurami i doskona\u0142ym smakiem w jednym wygodnym jednorazowym waporyzatorze.<\/p>","protected":false},"featured_media":30085,"comment_status":"open","ping_status":"closed","template":"","meta":[],"product_brand":[227],"product_cat":[61],"product_tag":[],"class_list":{"0":"post-30055","1":"product","2":"type-product","3":"status-publish","4":"has-post-thumbnail","6":"product_brand-bang","7":"product_cat-bang","9":"first","10":"instock","11":"shipping-taxable","12":"purchasable","13":"product-type-variable","14":"has-default-attributes"},"jetpack_sharing_enabled":true,"tiered_pricing_type":"fixed","tiered_pricing_fixed_rules":{"30":8.449999999999999289457264239899814128875732421875,"50":8.1500000000000003552713678800500929355621337890625,"100":7.410000000000000142108547152020037174224853515625,"200":7.04000000000000003552713678800500929355621337890625,"400":6.480000000000000426325641456060111522674560546875},"tiered_pricing_product_settings":{"layout":"default","base_unit_name":{"singular":null,"plural":null},"default_variation":null},"tiered_pricing_minimum_quantity":10,"tiered_pricing_roles_data":[],"tiered_pricing_percentage_rules":[],"tiered_pricing_maximum_quantity":null,"tiered_pricing_quantity_step":null,"_links":{"self":[{"href":"https:\/\/volovape.com\/pl\/wp-json\/wp\/v2\/product\/30055","targetHints":{"allow":["GET"]}}],"collection":[{"href":"https:\/\/volovape.com\/pl\/wp-json\/wp\/v2\/product"}],"about":[{"href":"https:\/\/volovape.com\/pl\/wp-json\/wp\/v2\/types\/product"}],"replies":[{"embeddable":true,"href":"https:\/\/volovape.com\/pl\/wp-json\/wp\/v2\/comments?post=30055"}],"wp:featuredmedia":[{"embeddable":true,"href":"https:\/\/volovape.com\/pl\/wp-json\/wp\/v2\/media\/30085"}],"wp:attachment":[{"href":"https:\/\/volovape.com\/pl\/wp-json\/wp\/v2\/media?parent=30055"}],"wp:term":[{"taxonomy":"product_brand","embeddable":true,"href":"https:\/\/volovape.com\/pl\/wp-json\/wp\/v2\/product_brand?post=30055"},{"taxonomy":"product_cat","embeddable":true,"href":"https:\/\/volovape.com\/pl\/wp-json\/wp\/v2\/product_cat?post=30055"},{"taxonomy":"product_tag","embeddable":true,"href":"https:\/\/volovape.com\/pl\/wp-json\/wp\/v2\/product_tag?post=30055"}],"curies":[{"name":"wp","href":"https:\/\/api.w.org\/{rel}","templated":true}]}}