{"id":29669,"date":"2025-04-24T06:39:08","date_gmt":"2025-04-24T06:39:08","guid":{"rendered":"https:\/\/volovape.com\/?post_type=product&#038;p=29669"},"modified":"2026-04-14T06:31:09","modified_gmt":"2026-04-14T06:31:09","slug":"mrvi-df-40000-puff","status":"publish","type":"product","link":"https:\/\/volovape.com\/pl\/product\/mrvi-df-40000-puffs\/","title":{"rendered":"MRVI DF 40000 puff podw\u00f3jny smak jednorazowy vape | system smakowy 2 w 1, ogromna pojemno\u015b\u0107 40 ml ejuice"},"content":{"rendered":"<p><strong>MRVI DF 40000 Vape jednorazowego u\u017cytku o podw\u00f3jnym smaku<\/strong> - Podw\u00f3jna siatka, podw\u00f3jny smak, maksymalna przyjemno\u015b\u0107.<\/p>\n<p>Przedstawiamy <strong>MRVI DF 40000<\/strong>to prze\u0142omowe jednorazowe urz\u0105dzenie vape zaprojektowane dla tych, kt\u00f3rzy pragn\u0105 smaku i d\u0142ugowieczno\u015bci. To innowacyjne urz\u0105dzenie vape zapewnia do <strong>40 000 zaci\u0105gni\u0119\u0107<\/strong> i \u0142\u0105czy <em>Podw\u00f3jne prze\u0142\u0105czanie smak\u00f3w<\/em> z <strong>podw\u00f3jna cewka siatkowa<\/strong> technologia, zapewniaj\u0105ca p\u0142ynne zaci\u0105ganie si\u0119 i wyrazisty smak przy ka\u017cdym zaci\u0105gni\u0119ciu. Wyposa\u017cony w <strong>Akumulator 850 mAh<\/strong> i imponuj\u0105cy <strong>Pojemno\u015b\u0107 40 ml e-liquidu<\/strong>Jest zbudowany tak, aby pokonywa\u0107 du\u017ce odleg\u0142o\u015bci.<\/p>\n<p>Z opcjami dla <strong>Moc nikotyny 5% lub 2%<\/strong>, a <strong>Port \u0142adowania typu C<\/strong>, I <strong>10 bogatych smak\u00f3w do wyboru<\/strong>MRVI DF 40000 jest idealny dla doros\u0142ych u\u017cytkownik\u00f3w i hurtownik\u00f3w vape poszukuj\u0105cych niezawodnych produkt\u00f3w o wysokiej wydajno\u015bci. Niezale\u017cnie od tego, czy wapujesz solo, czy te\u017c gromadzisz zapasy do odsprzeda\u017cy, to urz\u0105dzenie zapewnia zar\u00f3wno jako\u015b\u0107, jak i ilo\u015b\u0107 w jednej eleganckiej, kompaktowej obudowie.<\/p>\n<h3><strong>MRVI DF 40000 Cechy:<\/strong><\/h3>\n<ul>\n<li>Puffy: Do 40 000<\/li>\n<li>Pojemno\u015b\u0107 e-liquidu: 40 ml<\/li>\n<li>Bateria: 850 mAh (akumulator)<\/li>\n<li>\u0141adowanie: Typ-C (pe\u0142ne na\u0142adowanie w 2 godziny)<\/li>\n<li>Cewka: Podw\u00f3jna cewka siatkowa dla g\u0142adkiej, bogatej pary<\/li>\n<li>Si\u0142a nikotyny: 5%, 2% (nikotyna wolna od tytoniu)<\/li>\n<li>Opcje smaku: 10 dynamicznych kombinacji dw\u00f3ch smak\u00f3w<\/li>\n<li>Spos\u00f3b u\u017cycia: Wdech w celu aktywacji (przycisk nie jest potrzebny)<\/li>\n<li>Opakowanie: 10 sztuk na pude\u0142ko ekspozycyjne<\/li>\n<li>Rozmiar: 92*41*19mm - Kieszonkowy i ergonomiczny<\/li>\n<\/ul>","protected":false},"excerpt":{"rendered":"<p>Podnie\u015b swoje wra\u017cenia z waporyzacji dzi\u0119ki MRVI DF 40000! Podw\u00f3jna moc aromatu, 40 000 zaci\u0105gni\u0119\u0107 i technologia podw\u00f3jnej cewki siatkowej. Idealny do u\u017cytku osobistego lub hurtowych zam\u00f3wie\u0144 hurtowych.<\/p>","protected":false},"featured_media":29675,"comment_status":"open","ping_status":"closed","template":"","meta":[],"product_brand":[],"product_cat":[55,74,64,44],"product_tag":[],"class_list":{"0":"post-29669","1":"product","2":"type-product","3":"status-publish","4":"has-post-thumbnail","6":"product_cat-mrvi","7":"product_cat-40000-puffs-disposable-vape","8":"product_cat-dual-flavor-vapes","9":"product_cat-dual-mesh-vapes","11":"first","12":"instock","13":"shipping-taxable","14":"purchasable","15":"product-type-variable","16":"has-default-attributes"},"jetpack_sharing_enabled":true,"tiered_pricing_type":"fixed","tiered_pricing_fixed_rules":{"100":6.730000000000000426325641456060111522674560546875,"200":6.11000000000000031974423109204508364200592041015625,"400":5.79999999999999982236431605997495353221893310546875},"tiered_pricing_product_settings":{"layout":"default","base_unit_name":{"singular":null,"plural":null},"default_variation":null},"tiered_pricing_minimum_quantity":50,"tiered_pricing_roles_data":[],"tiered_pricing_percentage_rules":[],"tiered_pricing_maximum_quantity":null,"tiered_pricing_quantity_step":"10","_links":{"self":[{"href":"https:\/\/volovape.com\/pl\/wp-json\/wp\/v2\/product\/29669","targetHints":{"allow":["GET"]}}],"collection":[{"href":"https:\/\/volovape.com\/pl\/wp-json\/wp\/v2\/product"}],"about":[{"href":"https:\/\/volovape.com\/pl\/wp-json\/wp\/v2\/types\/product"}],"replies":[{"embeddable":true,"href":"https:\/\/volovape.com\/pl\/wp-json\/wp\/v2\/comments?post=29669"}],"wp:featuredmedia":[{"embeddable":true,"href":"https:\/\/volovape.com\/pl\/wp-json\/wp\/v2\/media\/29675"}],"wp:attachment":[{"href":"https:\/\/volovape.com\/pl\/wp-json\/wp\/v2\/media?parent=29669"}],"wp:term":[{"taxonomy":"product_brand","embeddable":true,"href":"https:\/\/volovape.com\/pl\/wp-json\/wp\/v2\/product_brand?post=29669"},{"taxonomy":"product_cat","embeddable":true,"href":"https:\/\/volovape.com\/pl\/wp-json\/wp\/v2\/product_cat?post=29669"},{"taxonomy":"product_tag","embeddable":true,"href":"https:\/\/volovape.com\/pl\/wp-json\/wp\/v2\/product_tag?post=29669"}],"curies":[{"name":"wp","href":"https:\/\/api.w.org\/{rel}","templated":true}]}}