{"id":29610,"date":"2025-04-24T08:23:07","date_gmt":"2025-04-24T08:23:07","guid":{"rendered":"https:\/\/volovape.com\/?post_type=product&#038;p=29610"},"modified":"2026-05-05T02:01:29","modified_gmt":"2026-05-05T02:01:29","slug":"bang-king-50000-jednorazowy-vape-o-podwojnym-smaku","status":"publish","type":"product","link":"https:\/\/volovape.com\/pl\/product\/bang-king-50000-double-flavor-disposable-vape\/","title":{"rendered":"Bang King 50000 Puff jednorazowy vape o podw\u00f3jnym smaku | pojemno\u015b\u0107 50 ml, g\u0142adki smak, kompaktowy i przeno\u015bny"},"content":{"rendered":"<p><strong>Bang King 50000 Jednorazowy Vape o podw\u00f3jnym smaku<\/strong> - Maksymalna wydajno\u015b\u0107. Maksymalna satysfakcja.<\/p>\n<p>Do\u015bwiadczenie <strong>Bang King 50000 Puffs<\/strong>to wysokowydajny jednorazowy waporyzator stworzony z my\u015bl\u0105 o powa\u017cnych u\u017cytkownikach. Z ogromnym <strong>Wst\u0119pnie nape\u0142niony zbiornik e-liquidu o pojemno\u015bci 50 ml<\/strong> i <strong>d\u0142ugotrwa\u0142a bateria 850 mAh<\/strong>zapewnia do <strong>50 000 g\u0142adkich, aromatycznych ptysi\u00f3w<\/strong>. Wyposa\u017cenie <em>Technologia podw\u00f3jnego smaku<\/em> w ka\u017cdym urz\u0105dzeniu i <strong>regulowana moc nikotyny (0%, 2%, 3%, 5%)<\/strong>zaspokaja wszystkie preferencje dotycz\u0105ce waporyzacji. Bez przycisk\u00f3w, bez k\u0142opot\u00f3w - po prostu chwy\u0107 i wapuj.<\/p>\n<p>Niezale\u017cnie od tego, czy zaopatrujesz si\u0119 dla siebie, czy zamawiasz hurtowo, Bang King 50000 to idealne rozwi\u0105zanie do waporyzacji o przed\u0142u\u017conym u\u017cytkowaniu.<\/p>\n<h3><strong>Bang King 50000 Jednorazowe funkcje Vape:<\/strong><\/h3>\n<ul>\n<li>Puffy: Do 50 000<\/li>\n<li>Pojemno\u015b\u0107 e-liquidu: 50 ml (wst\u0119pnie nape\u0142niony)<\/li>\n<li>Bateria: 850 mAh (wbudowana)<\/li>\n<li>\u0141adowanie: Nie jest wymagane<\/li>\n<li>Moc nikotyny: 0%, 2%, 3%, 5%<\/li>\n<li>12 kombinacji o dw\u00f3ch smakach<\/li>\n<li>Przeno\u015bna, kompaktowa konstrukcja<\/li>\n<\/ul>","protected":false},"excerpt":{"rendered":"<p>Przekraczaj granice dzi\u0119ki jednorazowemu waporyzatorowi Bang King 50000 Puffs! Wyposa\u017cony w dwa smaki, ogromny 50 ml e-liquid i do 50 000 zaci\u0105gni\u0119\u0107. Zaprojektowany zar\u00f3wno dla zaawansowanych u\u017cytkownik\u00f3w, jak i nabywc\u00f3w hurtowych.<\/p>","protected":false},"featured_media":29611,"comment_status":"open","ping_status":"closed","template":"","meta":[],"product_brand":[],"product_cat":[16],"product_tag":[],"class_list":{"0":"post-29610","1":"product","2":"type-product","3":"status-publish","4":"has-post-thumbnail","6":"product_cat-volo-vape","8":"first","9":"instock","10":"shipping-taxable","11":"purchasable","12":"product-type-variable","13":"has-default-attributes"},"jetpack_sharing_enabled":true,"tiered_pricing_type":"fixed","tiered_pricing_fixed_rules":{"30":7.37999999999999989341858963598497211933135986328125,"50":6.910000000000000142108547152020037174224853515625,"100":6.1699999999999999289457264239899814128875732421875,"200":5.79999999999999982236431605997495353221893310546875,"400":5.25},"tiered_pricing_product_settings":{"layout":"default","base_unit_name":{"singular":null,"plural":null},"default_variation":null},"tiered_pricing_minimum_quantity":10,"tiered_pricing_roles_data":[],"tiered_pricing_percentage_rules":[],"tiered_pricing_maximum_quantity":null,"tiered_pricing_quantity_step":"10","_links":{"self":[{"href":"https:\/\/volovape.com\/pl\/wp-json\/wp\/v2\/product\/29610","targetHints":{"allow":["GET"]}}],"collection":[{"href":"https:\/\/volovape.com\/pl\/wp-json\/wp\/v2\/product"}],"about":[{"href":"https:\/\/volovape.com\/pl\/wp-json\/wp\/v2\/types\/product"}],"replies":[{"embeddable":true,"href":"https:\/\/volovape.com\/pl\/wp-json\/wp\/v2\/comments?post=29610"}],"wp:featuredmedia":[{"embeddable":true,"href":"https:\/\/volovape.com\/pl\/wp-json\/wp\/v2\/media\/29611"}],"wp:attachment":[{"href":"https:\/\/volovape.com\/pl\/wp-json\/wp\/v2\/media?parent=29610"}],"wp:term":[{"taxonomy":"product_brand","embeddable":true,"href":"https:\/\/volovape.com\/pl\/wp-json\/wp\/v2\/product_brand?post=29610"},{"taxonomy":"product_cat","embeddable":true,"href":"https:\/\/volovape.com\/pl\/wp-json\/wp\/v2\/product_cat?post=29610"},{"taxonomy":"product_tag","embeddable":true,"href":"https:\/\/volovape.com\/pl\/wp-json\/wp\/v2\/product_tag?post=29610"}],"curies":[{"name":"wp","href":"https:\/\/api.w.org\/{rel}","templated":true}]}}