{"id":28648,"date":"2025-03-21T06:47:18","date_gmt":"2025-03-21T06:47:18","guid":{"rendered":"https:\/\/volovape.com\/?post_type=product&#038;p=28648"},"modified":"2026-04-08T01:51:05","modified_gmt":"2026-04-08T01:51:05","slug":"jednorazowy-vape-waspe-60000-puffow-3-w-1","status":"publish","type":"product","link":"https:\/\/volovape.com\/pl\/product\/waspe-60000-puffs-3-in-1-disposable-vape\/","title":{"rendered":"WASPE 60K jednorazowe vape 3 w 1 | potr\u00f3jne smaki, 60 000 zaci\u0105gni\u0119\u0107, hurtowa sprzeda\u017c hurtowa"},"content":{"rendered":"<p><strong>WASPE 60K jednorazowy Vape 3 w 1<\/strong> - Potr\u00f3jny smak, potr\u00f3jna przyjemno\u015b\u0107, z niespotykan\u0105 liczb\u0105 60 000 zaci\u0105gni\u0119\u0107. Ten rewolucyjny jednorazowy waporyzator zapewnia zdumiewaj\u0105c\u0105 <strong>60 000 zaci\u0105gni\u0119\u0107<\/strong>\u0142\u0105cz\u0105c <strong>trzy r\u00f3\u017cne smaki<\/strong> w jednym eleganckim urz\u0105dzeniu. Zainspirowany popularnym WASPE Crystal, ten vape oferuje <strong>12 unikalnych trio smakowych<\/strong>zaspokajaj\u0105c ka\u017cde podniebienie. Idealne do sprzeda\u017cy hurtowej, urz\u0105dzenie to zapewnia klientom wi\u0119ksz\u0105 przyjemno\u015b\u0107 z waporyzacji i r\u00f3\u017cnorodne doznania smakowe. Jego przeno\u015bna konstrukcja i du\u017ca pojemno\u015b\u0107 sprawiaj\u0105, \u017ce jest to doskona\u0142y wyb\u00f3r zar\u00f3wno do u\u017cytku osobistego, jak i hurtowego.<\/p>\n<h3><strong>WASPE 60K 3 w 1 Funkcje:<\/strong><\/h3>\n<ul>\n<li>Puffy: 60 000 Puff\u00f3w (54 ml e-liquidu)<\/li>\n<li>Smaki: potr\u00f3jny smak 3 w 1<\/li>\n<li>Opcje smakowe: 12 unikalnych trio smakowych<\/li>\n<li>Konstrukcja: Elegancki i przeno\u015bny<\/li>\n<li>Idealny dla: Sprzeda\u017c hurtowa<\/li>\n<\/ul>\n<h4>Cz\u0119sto zadawane pytania<\/h4>\n<h5>Jak dzia\u0142a mechanizm prze\u0142\u0105czania smak\u00f3w 3 w 1?<\/h5>\n<p>WASPE 60K 3-w-1 posiada innowacyjny mechanizm, kt\u00f3ry pozwala u\u017cytkownikom p\u0142ynnie prze\u0142\u0105cza\u0107 si\u0119 mi\u0119dzy trzema do\u0142\u0105czonymi smakami. Prosta regulacja na urz\u0105dzeniu aktywuje r\u00f3\u017cne komory smakowe, zapewniaj\u0105c zr\u00f3\u017cnicowane i przyjemne doznania podczas waporyzacji bez konieczno\u015bci korzystania z wielu urz\u0105dze\u0144.<\/p>\n<h5>Czy jest jaka\u015b korzy\u015b\u0107 z hurtowej sprzeda\u017cy WASPE 60K 3-w-1?<\/h5>\n<p>Sprzeda\u017c hurtowa zapewnia priorytetowy dost\u0119p do tego produktu o wysokim popycie, gwarantuj\u0105c, \u017ce b\u0119dziesz jednym z pierwszych, kt\u00f3rzy zaoferuj\u0105 go swoim klientom. Pozwala to r\u00f3wnie\u017c skorzysta\u0107 z op\u0142acalnych cen hurtowych, maksymalizuj\u0105c rentowno\u015b\u0107. Zapewnia to mo\u017cliwo\u015b\u0107 zaspokojenia pocz\u0105tkowego wysokiego popytu i utrzymania sta\u0142ych zapas\u00f3w.<\/p>\n<h5>Jak zagwarantowa\u0107 jako\u015b\u0107 i bezpiecze\u0144stwo urz\u0105dzenia o tak du\u017cej pojemno\u015bci?<\/h5>\n<p>Opieramy si\u0119 na ugruntowanej reputacji WASPE Crystal, zapewniaj\u0105c, \u017ce WASPE 60K 3-w-1 spe\u0142nia rygorystyczne standardy jako\u015bci i bezpiecze\u0144stwa. Ka\u017cde urz\u0105dzenie przechodzi dok\u0142adne testy, aby zapewni\u0107 sta\u0142\u0105 wydajno\u015b\u0107 i bezpiecze\u0144stwo u\u017cytkownika. Obs\u0142ugujemy r\u00f3wnie\u017c p\u0142atno\u015bci PayPal i us\u0142ug\u0119 ochrony kupuj\u0105cych. Mo\u017cesz r\u00f3wnie\u017c sprawdzi\u0107 nasze recenzje na <a href=\"https:\/\/www.trustpilot.com\/review\/volovape.com?utm_medium=trustbox&amp;utm_source=TrustBoxReviewCollector\">TrustPilot<\/a>.<\/p>","protected":false},"excerpt":{"rendered":"<p>Uwolnij potr\u00f3jn\u0105 rozkosz smaku dzi\u0119ki jednorazowemu waporyzatorowi WASPE 60K 3 w 1! Ciesz si\u0119 60 000 zaci\u0105gni\u0119\u0107 i 3 unikalnymi smakami w jednym eleganckim urz\u0105dzeniu.<\/p>\n<p><strong>Sprzeda\u017c hurtowa<\/strong>\u00a0hurtowo i zaopatrz si\u0119 w ten ulepszony produkt <a href=\"https:\/\/volovape.com\/pl\/produkt\/waspe-40k-podwojny-smak-twins-40000-zaciagniec\/\">WASPE 40k<\/a> inspirowane vape z 12 smakami do wyboru.<\/p>","protected":false},"featured_media":37388,"comment_status":"open","ping_status":"closed","template":"","meta":[],"product_brand":[],"product_cat":[17],"product_tag":[],"class_list":{"0":"post-28648","1":"product","2":"type-product","3":"status-publish","4":"has-post-thumbnail","6":"product_cat-waspe","8":"first","9":"instock","10":"shipping-taxable","11":"purchasable","12":"product-type-variable","13":"has-default-attributes"},"jetpack_sharing_enabled":true,"tiered_pricing_type":"fixed","tiered_pricing_fixed_rules":{"30":8.17999999999999971578290569595992565155029296875,"50":7.78000000000000024868995751603506505489349365234375,"100":7.28000000000000024868995751603506505489349365234375,"200":6.6699999999999999289457264239899814128875732421875,"400":6.36000000000000031974423109204508364200592041015625},"tiered_pricing_product_settings":{"layout":"default","base_unit_name":{"singular":null,"plural":null},"default_variation":null},"tiered_pricing_minimum_quantity":10,"tiered_pricing_roles_data":[],"tiered_pricing_percentage_rules":[],"tiered_pricing_maximum_quantity":null,"tiered_pricing_quantity_step":"10","_links":{"self":[{"href":"https:\/\/volovape.com\/pl\/wp-json\/wp\/v2\/product\/28648","targetHints":{"allow":["GET"]}}],"collection":[{"href":"https:\/\/volovape.com\/pl\/wp-json\/wp\/v2\/product"}],"about":[{"href":"https:\/\/volovape.com\/pl\/wp-json\/wp\/v2\/types\/product"}],"replies":[{"embeddable":true,"href":"https:\/\/volovape.com\/pl\/wp-json\/wp\/v2\/comments?post=28648"}],"wp:featuredmedia":[{"embeddable":true,"href":"https:\/\/volovape.com\/pl\/wp-json\/wp\/v2\/media\/37388"}],"wp:attachment":[{"href":"https:\/\/volovape.com\/pl\/wp-json\/wp\/v2\/media?parent=28648"}],"wp:term":[{"taxonomy":"product_brand","embeddable":true,"href":"https:\/\/volovape.com\/pl\/wp-json\/wp\/v2\/product_brand?post=28648"},{"taxonomy":"product_cat","embeddable":true,"href":"https:\/\/volovape.com\/pl\/wp-json\/wp\/v2\/product_cat?post=28648"},{"taxonomy":"product_tag","embeddable":true,"href":"https:\/\/volovape.com\/pl\/wp-json\/wp\/v2\/product_tag?post=28648"}],"curies":[{"name":"wp","href":"https:\/\/api.w.org\/{rel}","templated":true}]}}