{"id":28647,"date":"2025-03-21T06:47:18","date_gmt":"2025-03-21T06:47:18","guid":{"rendered":"https:\/\/volovape.com\/?post_type=product&#038;p=28647"},"modified":"2026-04-14T06:54:42","modified_gmt":"2026-04-14T06:54:42","slug":"gazzbar-rocket-20000-puff-jednorazowy-vape","status":"publish","type":"product","link":"https:\/\/volovape.com\/pl\/product\/gazzbar-rocket-20000-puffs-disposable-vape\/","title":{"rendered":"Gazzbar Rocket 20000 Puffs jednorazowe vape | 14 smak\u00f3w, 0-5% nikotyny, hurtowa sprzeda\u017c hurtowa"},"content":{"rendered":"<p><strong>Gazzbar Rocket 20000 Puffs jednorazowy Vape<\/strong> - Wystrzel swoje doznania z wapowania na orbit\u0119 dzi\u0119ki niezr\u00f3wnanej pojemno\u015bci. Ten jednorazowy waporyzator o du\u017cej pojemno\u015bci zapewnia niesamowit\u0105 <strong>20 000 zaci\u0105gni\u0119\u0107<\/strong>zapewniaj\u0105c d\u0142ugotrwa\u0142\u0105 przyjemno\u015b\u0107 z u\u017cytkowania. Z <strong>14 r\u00f3\u017cnych smak\u00f3w<\/strong> i opcje nikotynowe od <strong>0% do 5%<\/strong>Gazzbar Rocket zaspokaja r\u00f3\u017cnorodne preferencje. The <strong>Mo\u017cliwo\u015b\u0107 \u0142adowania przez USB<\/strong> zapewnia dodatkow\u0105 wygod\u0119, dzi\u0119ki czemu idealnie nadaje si\u0119 zar\u00f3wno do u\u017cytku osobistego, jak i jednorazowej sprzeda\u017cy hurtowej. Ka\u017cde zaci\u0105gni\u0119cie si\u0119 oferuje sp\u00f3jny smak i niezawodn\u0105 wydajno\u015b\u0107, idealn\u0105 w przypadku zam\u00f3wie\u0144 hurtowych z 5 jednostkami w pude\u0142ku i 200 jednostkami w kartonie.<\/p>\n<h3><strong>Cechy Gazzbar Rocket 20000:<\/strong><\/h3>\n<ul>\n<li>Puffs: 20,000 Puffs<\/li>\n<li>Nikotyna: 0%\/2%\/3%\/5%<\/li>\n<li>\u0141adowanie: Akumulator USB<\/li>\n<li>Smaki: 14 unikalnych smak\u00f3w<\/li>\n<li>Opakowania: 5 sztuk\/pude\u0142ko, 200 sztuk\/karton<\/li>\n<\/ul>\n<h4>Cz\u0119sto zadawane pytania<\/h4>\n<h5>Jak zapewni\u0107, \u017ce smaki pozostan\u0105 niezmienne przez 20 000 zaci\u0105gni\u0119\u0107?<\/h5>\n<p>Wykorzystujemy zaawansowan\u0105 technologi\u0119 i wysokiej jako\u015bci materia\u0142y, aby zachowa\u0107 sp\u00f3jno\u015b\u0107 smaku od pierwszego do ostatniego zaci\u0105gni\u0119cia. Nasza rygorystyczna kontrola jako\u015bci gwarantuje, \u017ce ka\u017cdy Gazzbar Rocket zapewnia satysfakcjonuj\u0105ce i jednolite wra\u017cenia z waporyzacji, niezale\u017cnie od liczby zaci\u0105gni\u0119\u0107.<\/p>\n<h5>Jaka jest zaleta jednorazowych waporyzator\u00f3w \u0142adowanych przez USB, takich jak Gazzbar Rocket?<\/h5>\n<p>Jednorazowe waporyzatory \u0142adowane przez USB oferuj\u0105 mo\u017cliwo\u015b\u0107 d\u0142u\u017cszego u\u017cytkowania bez utraty mocy. Funkcja ta pozwala w pe\u0142ni wykorzysta\u0107 20 000 zaci\u0105gni\u0119\u0107, zapewniaj\u0105c delektowanie si\u0119 ka\u017cd\u0105 kropl\u0105 e-cieczy. Zmniejsza r\u00f3wnie\u017c ilo\u015b\u0107 odpad\u00f3w i zapewnia bardziej zr\u00f3wnowa\u017con\u0105 opcj\u0119 wapowania w por\u00f3wnaniu do jednorazowych urz\u0105dze\u0144 bez akumulatora.<\/p>\n<h5>Sk\u0105d mam wiedzie\u0107, \u017ce moje zam\u00f3wienie zbiorcze dotrze bez uszkodze\u0144?<\/h5>\n<p>Priorytetem jest dla nas bezpieczna dostawa zam\u00f3wienia zbiorczego. Ka\u017cdy karton zawieraj\u0105cy 200 sztuk jest starannie zapakowany, aby wytrzyma\u0107 transport, minimalizuj\u0105c ryzyko uszkodzenia. Wsp\u00f3\u0142pracujemy z niezawodnymi partnerami wysy\u0142kowymi, takimi jak UPS, DHL, FedEx i DPD, i wybieramy najlepsz\u0105 opcj\u0119 w zale\u017cno\u015bci od lokalizacji, aby zapewni\u0107, \u017ce zam\u00f3wienie dotrze w idealnym stanie. Obs\u0142ugujemy r\u00f3wnie\u017c p\u0142atno\u015bci PayPal i us\u0142ug\u0119 ochrony kupuj\u0105cych. Mo\u017cesz r\u00f3wnie\u017c sprawdzi\u0107 nasze recenzje na <a href=\"https:\/\/www.trustpilot.com\/review\/volovape.com?utm_medium=trustbox&amp;utm_source=TrustBoxReviewCollector\">TrustPilot<\/a>.<\/p>","protected":false},"excerpt":{"rendered":"<p>Do\u015bwiadcz jednorazowego waporyzatora Gazzbar Rocket 20000 z 20 000 zaci\u0105gni\u0119\u0107, 14 unikalnymi smakami i opcjami nikotyny 0-5%. \u0141adowany przez USB, ten gotowy do masowego u\u017cytku vape oferuje niezr\u00f3wnan\u0105 trwa\u0142o\u015b\u0107 i r\u00f3\u017cnorodno\u015b\u0107. Zam\u00f3w teraz hurtowo, aby uzyska\u0107 najwy\u017csz\u0105 satysfakcj\u0119 z waporyzacji!<\/p>","protected":false},"featured_media":28711,"comment_status":"open","ping_status":"closed","template":"","meta":[],"product_brand":[],"product_cat":[225],"product_tag":[],"class_list":{"0":"post-28647","1":"product","2":"type-product","3":"status-publish","4":"has-post-thumbnail","6":"product_cat-gazzbar","8":"first","9":"instock","10":"shipping-taxable","11":"purchasable","12":"product-type-variable","13":"has-default-attributes"},"jetpack_sharing_enabled":true,"tiered_pricing_type":"fixed","tiered_pricing_fixed_rules":{"30":7.269999999999999573674358543939888477325439453125,"60":6.9000000000000003552713678800500929355621337890625,"100":6.5,"200":5.9000000000000003552713678800500929355621337890625},"tiered_pricing_product_settings":{"layout":"default","base_unit_name":{"singular":null,"plural":null},"default_variation":null},"tiered_pricing_minimum_quantity":10,"tiered_pricing_roles_data":[],"tiered_pricing_percentage_rules":[],"tiered_pricing_maximum_quantity":null,"tiered_pricing_quantity_step":"10","_links":{"self":[{"href":"https:\/\/volovape.com\/pl\/wp-json\/wp\/v2\/product\/28647","targetHints":{"allow":["GET"]}}],"collection":[{"href":"https:\/\/volovape.com\/pl\/wp-json\/wp\/v2\/product"}],"about":[{"href":"https:\/\/volovape.com\/pl\/wp-json\/wp\/v2\/types\/product"}],"replies":[{"embeddable":true,"href":"https:\/\/volovape.com\/pl\/wp-json\/wp\/v2\/comments?post=28647"}],"wp:featuredmedia":[{"embeddable":true,"href":"https:\/\/volovape.com\/pl\/wp-json\/wp\/v2\/media\/28711"}],"wp:attachment":[{"href":"https:\/\/volovape.com\/pl\/wp-json\/wp\/v2\/media?parent=28647"}],"wp:term":[{"taxonomy":"product_brand","embeddable":true,"href":"https:\/\/volovape.com\/pl\/wp-json\/wp\/v2\/product_brand?post=28647"},{"taxonomy":"product_cat","embeddable":true,"href":"https:\/\/volovape.com\/pl\/wp-json\/wp\/v2\/product_cat?post=28647"},{"taxonomy":"product_tag","embeddable":true,"href":"https:\/\/volovape.com\/pl\/wp-json\/wp\/v2\/product_tag?post=28647"}],"curies":[{"name":"wp","href":"https:\/\/api.w.org\/{rel}","templated":true}]}}