{"id":28646,"date":"2025-03-21T06:47:18","date_gmt":"2025-03-21T06:47:18","guid":{"rendered":"https:\/\/volovape.com\/?post_type=product&#038;p=28646"},"modified":"2026-03-16T08:57:45","modified_gmt":"2026-03-16T08:57:45","slug":"uwin-crystal-10000-puff-jednorazowe-vape","status":"publish","type":"product","link":"https:\/\/volovape.com\/pl\/product\/uwin-crystal-10000-puffs-disposable-vape\/","title":{"rendered":"Uwin Crystal 10000 Puffs akumulator jednorazowy vape | 15 smak\u00f3w, 0-5% nikotyny, hurtowa sprzeda\u017c hurtowa"},"content":{"rendered":"<p><iframe title=\"Odtwarzacz wideo VideoPress\" aria-label='Odtwarzacz wideo VideoPress' width='421' height='750' src='https:\/\/videopress.com\/embed\/TT81Wr9Y?hd=0&amp;cover=1' frameborder='0' allowfullscreen allow='clipboard-write'><\/iframe><script src='https:\/\/v0.wordpress.com\/js\/next\/videopress-iframe.js?m=1739540970'><\/script><\/p>\n<p><strong>Uwin Crystal 10000 Puffs jednorazowy akumulator Vape<\/strong> - Do\u015bwiadcz niezr\u00f3wnanego smaku i trwa\u0142o\u015bci. Zaopatrz si\u0119 w tego jednorazowego vape'a o du\u017cej pojemno\u015bci zar\u00f3wno do u\u017cytku osobistego, jak i lukratywnych mo\u017cliwo\u015bci hurtowej sprzeda\u017cy jednorazowych vape'\u00f3w. Dzi\u0119ki ogromnej <strong>Pojemno\u015b\u0107 10 000 puff\u00f3w<\/strong> I <strong>18 ml najwy\u017cszej jako\u015bci e-liquidu<\/strong>Uwin Crystal zapewnia d\u0142u\u017csz\u0105 przyjemno\u015b\u0107 z waporyzacji. Do wyboru <strong>30 r\u00f3\u017cnorodnych smak\u00f3w<\/strong> i moc nikotyny <strong>0%, 2%, 3% lub 5%<\/strong> aby zaspokoi\u0107 wszelkie preferencje. Wyposa\u017cony w <strong>Akumulator o pojemno\u015bci 650 mAh<\/strong> I <strong>\u0141adowanie typu C<\/strong>Urz\u0105dzenie to zapewnia d\u0142ugotrwa\u0142\u0105 wydajno\u015b\u0107. The <strong>Cewka o oczkach 0,8\u03a9<\/strong> wzmacnia smak i produkcj\u0119 pary, podczas gdy \u017cywe <strong>\u015awiat\u0142a RGB<\/strong> dodaj\u0105 stylowego akcentu. Idealne do zam\u00f3wie\u0144 hurtowych, ka\u017cde pude\u0142ko zawiera 10 sztuk, a ka\u017cdy karton zawiera 200 sztuk.<\/p>\n<h3><strong>Uwin Crystal 10000 Puffs Cechy:<\/strong><\/h3>\n<ul>\n<li>Puffs: 10,000 Puffs<\/li>\n<li>Pojemno\u015b\u0107 e-liquidu: 18 ml<\/li>\n<li>Moc nikotyny: 0%\/2%\/3%\/5%<\/li>\n<li>Bateria: akumulator 650 mAh<\/li>\n<li>\u0141adowanie: Szybkie \u0142adowanie typu C<\/li>\n<li>Cewka: cewka siatkowa 0,8\u03a9<\/li>\n<li>\u015awiat\u0142a: \u015awiat\u0142a RGB<\/li>\n<li>Smaki: 30 unikalnych smak\u00f3w<\/li>\n<\/ul>\n<h4>Cz\u0119sto zadawane pytania<\/h4>\n<h5>Jak szybko mog\u0119 otrzyma\u0107 moje zam\u00f3wienie zbiorcze?<\/h5>\n<p>Priorytetowo traktujemy sprawn\u0105 wysy\u0142k\u0119 i zazwyczaj dostarczamy towar w ci\u0105gu 7-15 dni roboczych. Jednak w okresach szczytu lub z powodu nieprzewidzianych okoliczno\u015bci, takich jak \u015bwi\u0119ta pa\u0144stwowe lub trudne warunki pogodowe, dostawa mo\u017ce wyd\u0142u\u017cy\u0107 si\u0119 do 20 dni roboczych. Korzystamy z us\u0142ug renomowanych przewo\u017anik\u00f3w, takich jak UPS, DHL, FEDEX i DPD, wybieraj\u0105c najlepsz\u0105 opcj\u0119 w oparciu o lokalizacj\u0119 dostawy, aby zapewni\u0107 optymaln\u0105 szybko\u015b\u0107 i niezawodno\u015b\u0107.<\/p>\n<h5>Czy moje zam\u00f3wienie napotka problemy celne lub dodatkowe op\u0142aty?<\/h5>\n<p>Obs\u0142ugujemy wszystkie procesy odprawy celnej, zapewniaj\u0105c bezproblemow\u0105 obs\u0142ug\u0119. Gwarantujemy, \u017ce 100% naszych produkt\u00f3w pomy\u015blnie przejdzie odpraw\u0119 celn\u0105, a Ty nie poniesiesz \u017cadnych nieoczekiwanych podatk\u00f3w ani dodatkowych op\u0142at. Twoje zam\u00f3wienie dotrze sprawnie i bezpo\u015brednio do wyznaczonego miejsca docelowego.<\/p>\n<h5>Czy wymienione smaki i liczba puff\u00f3w s\u0105 dok\u0142adnie przedstawione?<\/h5>\n<p>Tak, gwarantujemy, \u017ce wszystkie informacje dotycz\u0105ce smak\u00f3w i liczby puff\u00f3w s\u0105 dok\u0142adne. Skrupulatnie wybieramy i testujemy ka\u017cdy produkt, aby upewni\u0107 si\u0119, \u017ce spe\u0142nia on nasze rygorystyczne standardy i zapewnia dok\u0142adnie to, co jest reklamowane. Dzi\u0119ki 30 unikalnym smakom i potwierdzonej pojemno\u015bci 10 000 puff\u00f3w, za ka\u017cdym razem otrzymasz produkt wysokiej jako\u015bci. Stoimy r\u00f3wnie\u017c za jako\u015bci\u0105 naszych produkt\u00f3w, umo\u017cliwiaj\u0105c dokonywanie bezpiecznych zakup\u00f3w za po\u015brednictwem p\u0142atno\u015bci Paypal i udost\u0119pniaj\u0105c recenzje na stronie <a href=\"https:\/\/www.trustpilot.com\/review\/volovape.com?utm_medium=trustbox&amp;utm_source=TrustBoxReviewCollector\">TrustPilot<\/a>.<\/p>","protected":false},"excerpt":{"rendered":"<p>Poznaj jednorazowy waporyzator akumulatorowy Uwin Crystal 10000 Puffs - do 10 000 zaci\u0105gni\u0119\u0107, 15 odwa\u017cnych smak\u00f3w i opcje nikotyny 0-5%. Wyposa\u017cony w bateri\u0119 650 mAh, \u0142adowanie typu C i \u015bwiat\u0142a RGB, jest idealny do zam\u00f3wie\u0144 hurtowych w VoloVape. Zaopatrz si\u0119 ju\u017c teraz!<\/p>","protected":false},"featured_media":28694,"comment_status":"open","ping_status":"closed","template":"","meta":[],"product_brand":[],"product_cat":[57,224],"product_tag":[],"class_list":{"0":"post-28646","1":"product","2":"type-product","3":"status-publish","4":"has-post-thumbnail","6":"product_cat-10000-puffs-disposable-vape","7":"product_cat-uwin","9":"first","10":"instock","11":"shipping-taxable","12":"purchasable","13":"product-type-variable","14":"has-default-attributes"},"jetpack_sharing_enabled":true,"tiered_pricing_type":"fixed","tiered_pricing_fixed_rules":{"30":5.28000000000000024868995751603506505489349365234375,"50":4.75,"100":4.160000000000000142108547152020037174224853515625,"200":3.979999999999999982236431605997495353221893310546875,"400":3.5800000000000000710542735760100185871124267578125},"tiered_pricing_product_settings":{"layout":"default","base_unit_name":{"singular":null,"plural":null},"default_variation":null},"tiered_pricing_minimum_quantity":10,"tiered_pricing_roles_data":[],"tiered_pricing_percentage_rules":[],"tiered_pricing_maximum_quantity":null,"tiered_pricing_quantity_step":"10","_links":{"self":[{"href":"https:\/\/volovape.com\/pl\/wp-json\/wp\/v2\/product\/28646","targetHints":{"allow":["GET"]}}],"collection":[{"href":"https:\/\/volovape.com\/pl\/wp-json\/wp\/v2\/product"}],"about":[{"href":"https:\/\/volovape.com\/pl\/wp-json\/wp\/v2\/types\/product"}],"replies":[{"embeddable":true,"href":"https:\/\/volovape.com\/pl\/wp-json\/wp\/v2\/comments?post=28646"}],"wp:featuredmedia":[{"embeddable":true,"href":"https:\/\/volovape.com\/pl\/wp-json\/wp\/v2\/media\/28694"}],"wp:attachment":[{"href":"https:\/\/volovape.com\/pl\/wp-json\/wp\/v2\/media?parent=28646"}],"wp:term":[{"taxonomy":"product_brand","embeddable":true,"href":"https:\/\/volovape.com\/pl\/wp-json\/wp\/v2\/product_brand?post=28646"},{"taxonomy":"product_cat","embeddable":true,"href":"https:\/\/volovape.com\/pl\/wp-json\/wp\/v2\/product_cat?post=28646"},{"taxonomy":"product_tag","embeddable":true,"href":"https:\/\/volovape.com\/pl\/wp-json\/wp\/v2\/product_tag?post=28646"}],"curies":[{"name":"wp","href":"https:\/\/api.w.org\/{rel}","templated":true}]}}