{"id":28645,"date":"2025-03-21T06:47:17","date_gmt":"2025-03-21T06:47:17","guid":{"rendered":"https:\/\/volovape.com\/?post_type=product&#038;p=28645"},"modified":"2025-07-30T05:24:44","modified_gmt":"2025-07-30T05:24:44","slug":"fizzy-nova-20000-puffow","status":"publish","type":"product","link":"https:\/\/volovape.com\/pl\/product\/fizzy-nova-20000-puffs\/","title":{"rendered":"Fizzy Nova 20000 Puffs akumulator jednorazowy vape podw\u00f3jna cewka siatkowa, ekran LCD, luzem i hurtowo"},"content":{"rendered":"<div>\n<p class=\"break-words\"><strong>Fizzy Nova 20000 Puffs Jednorazowy akumulator Vape - hurtowo i hurtowo w VoloVape<\/strong><br \/>\nFizzy Nova 20000 Puffs Rechargeable Disposable Vape to najnowocze\u015bniejsze urz\u0105dzenie zaprojektowane z my\u015bl\u0105 o wydajno\u015bci, trwa\u0142o\u015bci i stylu. Idealny dla sklep\u00f3w vape i dystrybutor\u00f3w, ten wysokiej jako\u015bci vape jest dost\u0119pny do zam\u00f3wie\u0144 hurtowych i hurtowych w VoloVape, zaufanym europejskim dostawcy vape online obs\u0142uguj\u0105cym Holandi\u0119, Niemcy, Belgi\u0119 i Hiszpani\u0119.<\/p>\n<h4>Dlaczego warto wybra\u0107 Fizzy Nova 20000 Puffs?<\/h4>\n<ul class=\"marker:text-secondary\">\n<li class=\"break-words\"><strong>Ogromna pojemno\u015b\u0107 20 000 zaci\u0105gni\u0119\u0107:<\/strong> Ciesz si\u0119 nieprzerwanym wapowaniem przy mniejszej liczbie wymian.<\/li>\n<li class=\"break-words\"><strong>Technologia podw\u00f3jnej cewki siatkowej:<\/strong> Zapewnia bogaty smak i g\u0119ste chmury pary za ka\u017cdym razem.<\/li>\n<li class=\"break-words\"><strong>Akumulator 850 mAh:<\/strong> D\u0142ugotrwa\u0142e zasilanie dzi\u0119ki wygodnemu \u0142adowaniu przez USB-C.<\/li>\n<li class=\"break-words\"><strong>Inteligentny ekran LCD:<\/strong> Bez wysi\u0142ku monitoruj poziom baterii i e-cieczy.<\/li>\n<li class=\"break-words\"><strong>Tryby Eco i Turbo:<\/strong> Prze\u0142\u0105czaj mi\u0119dzy wydajno\u015bci\u0105 i intensywno\u015bci\u0105, aby dopasowa\u0107 je do swojego stylu.<\/li>\n<li class=\"break-words\"><strong>Elastyczne opcje nikotyny:<\/strong> Wybierz moc nikotyny 2% lub 5% dla r\u00f3\u017cnych preferencji.<\/li>\n<li class=\"break-words\"><strong>Elegancka metalowa konstrukcja:<\/strong> Wytrzyma\u0142a, wysokiej jako\u015bci konstrukcja, kt\u00f3ra wygl\u0105da i jest luksusowa.<\/li>\n<li class=\"break-words\"><strong>Szeroki zakres smak\u00f3w:<\/strong> Od owocowych mieszanek po s\u0142odkie i cierpkie profile - co\u015b dla ka\u017cdego.<\/li>\n<\/ul>\n<p><iframe title=\"Odtwarzacz wideo VideoPress\" aria-label='Odtwarzacz wideo VideoPress' width='500' height='281' src='https:\/\/videopress.com\/embed\/5n4svF8i?hd=0&amp;cover=1' frameborder='0' allowfullscreen allow='clipboard-write'><\/iframe><script src='https:\/\/v0.wordpress.com\/js\/next\/videopress-iframe.js?m=1739540970'><\/script><\/p>\n<h4>Zaawansowane funkcje zapewniaj\u0105ce doskona\u0142\u0105 jako\u015b\u0107 waporyzacji<\/h4>\n<ul class=\"marker:text-secondary\">\n<li class=\"break-words\"><strong>Podw\u00f3jne cewki siatkowe:<\/strong> Zwi\u0119kszona powierzchnia zapewnia sp\u00f3jny smak i wydajno\u015b\u0107 pary.<\/li>\n<li class=\"break-words\"><strong>Tryb Eco:<\/strong> Wyd\u0142u\u017ca \u017cywotno\u015b\u0107 baterii i e-liquidu, zapewniaj\u0105c ekonomiczn\u0105 waporyzacj\u0119.<\/li>\n<li class=\"break-words\"><strong>Tryb Turbo:<\/strong> Zwi\u0119ksza intensywno\u015b\u0107, zapewniaj\u0105c mocne, satysfakcjonuj\u0105ce uderzenie.<\/li>\n<li class=\"break-words\"><strong>Bateria 850mAh:<\/strong> Mo\u017cliwo\u015b\u0107 \u0142adowania i niezawodno\u015b\u0107 podczas d\u0142ugich sesji.<\/li>\n<li class=\"break-words\"><strong>Wy\u015bwietlacz LCD:<\/strong> Zachowaj kontrol\u0119 dzi\u0119ki \u015bledzeniu stanu baterii i cieczy w czasie rzeczywistym.<\/li>\n<li class=\"break-words\"><strong>Konstrukcja klasy premium:<\/strong> Wysokiej jako\u015bci metalowe wyko\u0144czenie zapewnia trwa\u0142o\u015b\u0107 i elegancj\u0119.<\/li>\n<\/ul>\n<h4>Poznaj nasz\u0105 kolekcj\u0119 smak\u00f3w<\/h4>\n<ul class=\"marker:text-secondary\">\n<li class=\"break-words\"><strong>Ulubione owoce:<\/strong> Lemon Lime, Mixed Berry, Strawberry Kiwi, Watermelon, Blueberry, Grape, Pineapple Peach Passion Fruit, Kiwi Passion Fruit Guava.<\/li>\n<li class=\"break-words\"><strong>S\u0142odkie przysmaki:<\/strong> Fizzy Cherry, Pink Lemonade, Peach, Blueberry Coconut.<\/li>\n<li class=\"break-words\"><strong>Bold &amp; Tangy:<\/strong> Kwa\u015bne jab\u0142ko.<\/li>\n<\/ul>\n<h4>Dlaczego warto kupowa\u0107 hurtowo od VoloVape?<\/h4>\n<ul class=\"marker:text-secondary\">\n<li class=\"break-words\"><strong>Najlepsza platforma hurtowa:<\/strong> Obs\u0142uguje sprzedawc\u00f3w vape w Holandii, Niemczech, Belgii i Hiszpanii.<\/li>\n<li class=\"break-words\"><strong>Konkurencyjne ceny:<\/strong> Przyst\u0119pne stawki hurtowe zwi\u0119kszaj\u0105ce zyski.<\/li>\n<li class=\"break-words\"><strong>Szybka wysy\u0142ka:<\/strong> Niezawodna dostawa zapewniaj\u0105ca p\u0142ynno\u015b\u0107 zapas\u00f3w.<\/li>\n<li class=\"break-words\"><strong>Zaufana jako\u015b\u0107:<\/strong> Gwarantujemy autentyczne produkty fabryczne.<\/li>\n<li class=\"break-words\"><strong>Dedykowane wsparcie:<\/strong> Fachowa pomoc we wszystkich potrzebach hurtowych.<\/li>\n<\/ul>\n<p class=\"break-words\">Gotowy do uzupe\u0142nienia zapas\u00f3w? Ju\u017c dzi\u015b zam\u00f3w hurtowo Fizzy Nova 20000 Puffs Rechargeable Disposable Vape i zaoferuj swoim klientom najwy\u017csz\u0105 jako\u015b\u0107 vapingu. Z\u0142\u00f3\u017c zam\u00f3wienie hurtowe ju\u017c teraz w VoloVape i przenie\u015b sw\u00f3j biznes na wy\u017cszy poziom!<\/p>\n<\/div>","protected":false},"excerpt":{"rendered":"<p>Poznaj Fizzy Nova 20000 Puffs Vape z podw\u00f3jnymi cewkami siatkowymi, bateri\u0105 850 mAh, ekranem LCD i opcjami nikotynowymi 2%\/5%. Kupuj hurtowo w Volo, aby uzyska\u0107 wysokiej jako\u015bci waporyzacj\u0119 w Europie.<\/p>","protected":false},"featured_media":28675,"comment_status":"open","ping_status":"closed","template":"","meta":[],"product_brand":[],"product_cat":[223],"product_tag":[],"class_list":{"0":"post-28645","1":"product","2":"type-product","3":"status-publish","4":"has-post-thumbnail","6":"product_cat-fizzy","8":"first","9":"instock","10":"shipping-taxable","11":"purchasable","12":"product-type-variable","13":"has-default-attributes"},"jetpack_sharing_enabled":true,"tiered_pricing_type":"fixed","tiered_pricing_fixed_rules":{"200":6.0999999999999996447286321199499070644378662109375,"500":5.5999999999999996447286321199499070644378662109375},"tiered_pricing_product_settings":{"layout":"default","base_unit_name":{"singular":null,"plural":null},"default_variation":null},"tiered_pricing_minimum_quantity":100,"tiered_pricing_roles_data":[],"tiered_pricing_percentage_rules":[],"tiered_pricing_maximum_quantity":null,"tiered_pricing_quantity_step":"10","_links":{"self":[{"href":"https:\/\/volovape.com\/pl\/wp-json\/wp\/v2\/product\/28645","targetHints":{"allow":["GET"]}}],"collection":[{"href":"https:\/\/volovape.com\/pl\/wp-json\/wp\/v2\/product"}],"about":[{"href":"https:\/\/volovape.com\/pl\/wp-json\/wp\/v2\/types\/product"}],"replies":[{"embeddable":true,"href":"https:\/\/volovape.com\/pl\/wp-json\/wp\/v2\/comments?post=28645"}],"wp:featuredmedia":[{"embeddable":true,"href":"https:\/\/volovape.com\/pl\/wp-json\/wp\/v2\/media\/28675"}],"wp:attachment":[{"href":"https:\/\/volovape.com\/pl\/wp-json\/wp\/v2\/media?parent=28645"}],"wp:term":[{"taxonomy":"product_brand","embeddable":true,"href":"https:\/\/volovape.com\/pl\/wp-json\/wp\/v2\/product_brand?post=28645"},{"taxonomy":"product_cat","embeddable":true,"href":"https:\/\/volovape.com\/pl\/wp-json\/wp\/v2\/product_cat?post=28645"},{"taxonomy":"product_tag","embeddable":true,"href":"https:\/\/volovape.com\/pl\/wp-json\/wp\/v2\/product_tag?post=28645"}],"curies":[{"name":"wp","href":"https:\/\/api.w.org\/{rel}","templated":true}]}}