{"id":27742,"date":"2025-01-21T03:31:17","date_gmt":"2025-01-21T03:31:17","guid":{"rendered":"https:\/\/volovape.com\/?post_type=product&#038;p=27742"},"modified":"2026-04-29T02:13:28","modified_gmt":"2026-04-29T02:13:28","slug":"krysztal-waspe-40k-podwojny-smak-40000-zaciagniec","status":"publish","type":"product","link":"https:\/\/volovape.com\/pl\/product\/waspe-crystal-40k-double-flavor-40000-puffs\/","title":{"rendered":"WASPE Crystal 40K: podw\u00f3jny smak 40000 puff jednorazowy vape (podw\u00f3jny smak) - hurtowa sprzeda\u017c hurtowa"},"content":{"rendered":"<p><iframe title=\"Odtwarzacz wideo VideoPress\" aria-label='Odtwarzacz wideo VideoPress' width='421' height='750' src='https:\/\/videopress.com\/embed\/xUagakYO?hd=0&amp;cover=1' frameborder='0' allowfullscreen allow='clipboard-write'><\/iframe><script src='https:\/\/v0.wordpress.com\/js\/next\/videopress-iframe.js?m=1739540970'><\/script><\/p>\n<p><strong>Vape jednorazowe WASPE Crystal 40K<\/strong> - Do\u015bwiadcz niezr\u00f3wnanej trwa\u0142o\u015bci i smaku.<\/p>\n<p>Ten <strong>Kryszta\u0142 WASPE 40K<\/strong> zosta\u0142 zaprojektowany dla vaper\u00f3w poszukuj\u0105cych rozszerzonych, aromatycznych dozna\u0144. Szczyc\u0105cy si\u0119 ogromn\u0105 <strong>40 000 puff<\/strong> pojemno\u015b\u0107 i znaczna <strong>Wst\u0119pnie nape\u0142niony e-liquid o pojemno\u015bci 32 ml<\/strong> zbiornik, to urz\u0105dzenie minimalizuje potrzeb\u0119 uzupe\u0142niania p\u0142yn\u00f3w. Zasilany przez solidny <strong>Akumulator 850mAh<\/strong> z <strong>Szybkie \u0142adowanie typu C<\/strong>Zapewnia to d\u0142ugotrwa\u0142\u0105 wydajno\u015b\u0107. Zaawansowany <strong>Technologia podw\u00f3jnej cewki siatkowej<\/strong> (0,9ohm + 0,9ohm) zapewnia niezmiennie g\u0142adk\u0105 i bogat\u0105 par\u0119. Dost\u0119pne w <strong>Moc nikotyny 0%, 2% i 5%<\/strong> i zawieraj\u0105cy ekscytuj\u0105ce <strong>podw\u00f3jne kombinacje smakowe<\/strong>WASPE Crystal 40K zaspokaja r\u00f3\u017cnorodne preferencje. Idealny zar\u00f3wno do osobistej przyjemno\u015bci, jak i <strong>hurtownia vape jednorazowego u\u017cytku<\/strong>, poznaj nasze opcje dla <strong>zam\u00f3wienie zbiorcze<\/strong> oszcz\u0119dno\u015bci.<\/p>\n<h3><strong>Cechy WASPE Crystal 40K:<\/strong><\/h3>\n<ul>\n<li>Puffy: Do 40 000<\/li>\n<li>Pojemno\u015b\u0107 e-liquidu: 32 ml<\/li>\n<li>Bateria: 850 mAh (akumulator)<\/li>\n<li>Typ cewki: Dual Mesh (0,9ohm + 0,9ohm)<\/li>\n<li>Moc nikotyny: 0%, 2%, 5%<\/li>\n<li>\u0141adowanie: Typ-C<\/li>\n<li>Podw\u00f3jne kombinacje smak\u00f3w<\/li>\n<\/ul>\n<h4>Cz\u0119sto zadawane pytania<\/h4>\n<h5>W jaki spos\u00f3b podw\u00f3jna cewka siatkowa poprawia smak i produkcj\u0119 pary?<\/h5>\n<p>Podw\u00f3jna konstrukcja cewki WASPE Crystal 40K zapewnia r\u00f3wnomierne ogrzewanie i maksymalizuje powierzchni\u0119 cewki w kontakcie z e-ciecz\u0105. Skutkuje to zwi\u0119kszon\u0105 intensywno\u015bci\u0105 smaku, g\u0119stsz\u0105 produkcj\u0105 pary i niezmiennie p\u0142ynnym zaci\u0105ganiem si\u0119 przez ca\u0142y okres u\u017cytkowania urz\u0105dzenia.<\/p>\n<h5>Jakie s\u0105 dost\u0119pne podw\u00f3jne kombinacje smakowe?<\/h5>\n<p>WASPE Crystal 40K oferuje szereg unikalnych podw\u00f3jnych po\u0142\u0105cze\u0144 smakowych, w tym Watermelon Ice &amp; Lemon Lime, Red Bull Ice &amp; Strawberry Mango, Blueberry Candy &amp; Strawberry Watermelon, Peach Ice &amp; Watermelon Mango Peach oraz Grape Ice &amp; Black Dragon Ice. Ka\u017cda kombinacja zosta\u0142a starannie opracowana, aby zapewni\u0107 ekscytuj\u0105ce i satysfakcjonuj\u0105ce doznania podczas waporyzacji.<\/p>\n<h5>Sk\u0105d mam wiedzie\u0107, kt\u00f3ra moc nikotyny jest dla mnie odpowiednia?<\/h5>\n<p>WASPE Crystal 40K jest dost\u0119pny w wersjach o mocy nikotyny 0%, 2% i 5%. 0% nie zawiera nikotyny i jest odpowiedni dla tych, kt\u00f3rzy lubi\u0105 waporyzowa\u0107 bez nikotyny. 2% zapewnia \u0142agodne uderzenie nikotyny, idealne dla lekkich palaczy lub os\u00f3b przechodz\u0105cych z wy\u017cszych mocy. 5% oferuje silniejsze doznania nikotynowe, odpowiednie dla ci\u0119\u017ckich palaczy lub tych, kt\u00f3rzy preferuj\u0105 wyra\u017aniejszy efekt nikotynowy.<\/p>\n<h5>Jak mog\u0119 kupi\u0107 hurtowo WASPE Crystal 40K?<\/h5>\n<p>WASPE Crystal 40K jest dost\u0119pny do hurtowego zakupu hurtowego. Skontaktuj si\u0119 z nami, aby uzyska\u0107 wi\u0119cej informacji na temat cen i opcji zam\u00f3wie\u0144 hurtowych, zapewniaj\u0105c najlepsz\u0105 warto\u015b\u0107 dla swoich potrzeb.<\/p>","protected":false},"excerpt":{"rendered":"<p>Do\u015bwiadcz niezr\u00f3wnanego wapowania dzi\u0119ki WASPE Crystal 40K, rewolucyjnemu jednorazowemu waporyzatorowi oferuj\u0105cemu niewiarygodne 40 000 zaci\u0105gni\u0119\u0107 i innowacyjne podw\u00f3jne kombinacje smakowe. Idealny dla odbiorc\u00f3w hurtowych i hurtowych.<\/p>","protected":false},"featured_media":27772,"comment_status":"open","ping_status":"closed","template":"","meta":[],"product_brand":[],"product_cat":[17,74,21,43,18,39,20,23,24,22,25,26,27,28,29,30,31,32,33,34,35,64,36,40],"product_tag":[],"class_list":{"0":"post-27742","1":"product","2":"type-product","3":"status-publish","4":"has-post-thumbnail","6":"product_cat-waspe","7":"product_cat-40000-puffs-disposable-vape","8":"product_cat-big-puffs-vapes","9":"product_cat-crystal-vapes","10":"product_cat-different-puffs-of-disposable-vapes","11":"product_cat-digital-box-vapes","12":"product_cat-disposable-vape-types","13":"product_cat-disposable-vapes-in-austria","14":"product_cat-disposable-vapes-in-belgium","15":"product_cat-disposable-vapes-in-europe","16":"product_cat-disposable-vapes-in-france","17":"product_cat-disposable-vapes-in-germany","18":"product_cat-disposable-vapes-in-hungary","19":"product_cat-disposable-vapes-in-ltaly","20":"product_cat-disposable-vapes-in-netherlands","21":"product_cat-disposable-vapes-in-norway","22":"product_cat-disposable-vapes-in-poland","23":"product_cat-disposable-vapes-in-portugal","24":"product_cat-disposable-vapes-in-spain","25":"product_cat-disposable-vapes-in-sweden","26":"product_cat-disposable-vapes-in-switzerland","27":"product_cat-dual-flavor-vapes","28":"product_cat-rechargeable-vapes","29":"product_cat-smart-screen-vapes","31":"first","32":"instock","33":"shipping-taxable","34":"purchasable","35":"product-type-variable","36":"has-default-attributes"},"jetpack_sharing_enabled":true,"tiered_pricing_type":"fixed","tiered_pricing_fixed_rules":{"30":6.980000000000000426325641456060111522674560546875,"50":6.20999999999999996447286321199499070644378662109375,"100":5.95999999999999996447286321199499070644378662109375,"200":5.589999999999999857891452847979962825775146484375,"400":5.04000000000000003552713678800500929355621337890625},"tiered_pricing_product_settings":{"layout":"default","base_unit_name":{"singular":null,"plural":null},"default_variation":null},"tiered_pricing_minimum_quantity":10,"tiered_pricing_roles_data":[],"tiered_pricing_percentage_rules":[],"tiered_pricing_maximum_quantity":null,"tiered_pricing_quantity_step":"10","_links":{"self":[{"href":"https:\/\/volovape.com\/pl\/wp-json\/wp\/v2\/product\/27742","targetHints":{"allow":["GET"]}}],"collection":[{"href":"https:\/\/volovape.com\/pl\/wp-json\/wp\/v2\/product"}],"about":[{"href":"https:\/\/volovape.com\/pl\/wp-json\/wp\/v2\/types\/product"}],"replies":[{"embeddable":true,"href":"https:\/\/volovape.com\/pl\/wp-json\/wp\/v2\/comments?post=27742"}],"wp:featuredmedia":[{"embeddable":true,"href":"https:\/\/volovape.com\/pl\/wp-json\/wp\/v2\/media\/27772"}],"wp:attachment":[{"href":"https:\/\/volovape.com\/pl\/wp-json\/wp\/v2\/media?parent=27742"}],"wp:term":[{"taxonomy":"product_brand","embeddable":true,"href":"https:\/\/volovape.com\/pl\/wp-json\/wp\/v2\/product_brand?post=27742"},{"taxonomy":"product_cat","embeddable":true,"href":"https:\/\/volovape.com\/pl\/wp-json\/wp\/v2\/product_cat?post=27742"},{"taxonomy":"product_tag","embeddable":true,"href":"https:\/\/volovape.com\/pl\/wp-json\/wp\/v2\/product_tag?post=27742"}],"curies":[{"name":"wp","href":"https:\/\/api.w.org\/{rel}","templated":true}]}}