{"id":1269,"date":"2024-11-21T03:39:32","date_gmt":"2024-11-21T03:39:32","guid":{"rendered":"https:\/\/volovape.com\/?post_type=product&#038;p=1269"},"modified":"2025-09-08T03:35:43","modified_gmt":"2025-09-08T03:35:43","slug":"waspe-30000-puffs-jednorazowy-vape-hurtowo","status":"publish","type":"product","link":"https:\/\/volovape.com\/pl\/product\/waspe-30000-puffs-disposable-vape-wholesale\/","title":{"rendered":"Jednorazowy vape WASPE 30000 puff\u00f3w z podw\u00f3jn\u0105 siatk\u0105 i akumulatorem 850 mAh"},"content":{"rendered":"<p>Vape jednorazowe WASPE 30000 Puffs Dual Mesh - 30 000 zaci\u0105gni\u0119\u0107, z mo\u017cliwo\u015bci\u0105 \u0142adowania<br \/>\n<strong>WASPE 30000 Puffs Dual Mesh Vape jednorazowego u\u017cytku<\/strong> - Do\u015bwiadcz bezprecedensowej trwa\u0142o\u015bci i smaku.<\/p>\n<p>Podnie\u015b swoje wra\u017cenia z waporyzacji dzi\u0119ki <strong>WASPE 30000<\/strong>to rewolucyjny jednorazowy waporyzator zaprojektowany z my\u015bl\u0105 o maksymalnej wydajno\u015bci. Oferuj\u0105c zdumiewaj\u0105ce 30 000 zaci\u0105gni\u0119\u0107, du\u017c\u0105 pojemno\u015b\u0107 28 ml e-liquidu i akumulator 850 mAh z \u0142adowaniem typu C, urz\u0105dzenie to zapewnia d\u0142ugie sesje waporyzacji bez kompromis\u00f3w. Zaawansowana technologia podw\u00f3jnej cewki siatkowej zapewnia niezmiennie bogat\u0105 i aromatyczn\u0105 par\u0119, dzi\u0119ki czemu idealnie nadaje si\u0119 zar\u00f3wno do osobistej przyjemno\u015bci, jak i hurtowych zam\u00f3wie\u0144 jednorazowych vape. Poznaj 16 unikalnych opcji smakowych, z kt\u00f3rych ka\u017cda jest perfekcyjnie wykonana, i ciesz si\u0119 wygod\u0105 gotowego do u\u017cycia urz\u0105dzenia o du\u017cej pojemno\u015bci.<\/p>\n<h3><strong>Cechy WASPE 30000\uff1a<\/strong><\/h3>\n<ul>\n<li>Zaci\u0105gni\u0119cia: Do 30 000 zaci\u0105gni\u0119\u0107<\/li>\n<li>Pojemno\u015b\u0107 e-liquidu: 28 ml<\/li>\n<li>Bateria: 850 mAh (akumulator)<\/li>\n<li>\u0141adowanie: Typ-C<\/li>\n<li>Cewka: Podw\u00f3jna cewka siatkowa<\/li>\n<li>16 wyj\u0105tkowych smak\u00f3w<\/li>\n<li>Urz\u0105dzenie jednorazowego u\u017cytku<\/li>\n<\/ul>\n<h4>Cz\u0119sto zadawane pytania<\/h4>\n<h5>Jakie metody wysy\u0142ki s\u0105 stosowane?<\/h5>\n<p>Wsp\u00f3\u0142pracujemy z UPS\/DHL\/FEDEX\/DPD itp. Wybierzemy odpowiedni\u0105 opcj\u0119 wysy\u0142ki w zale\u017cno\u015bci od kraju dostawy, aby zapewni\u0107 jak najszybsze otrzymanie produkt\u00f3w.<\/p>\n<h5>Jak d\u0142ugo trwa dostawa?<\/h5>\n<p>Zwykle trwa to od 7 do 15 dni roboczych, a w dni wolne od pracy lub w z\u0142ych warunkach pogodowych mo\u017ce trwa\u0107 do 20 dni roboczych.<\/p>\n<h5>Czy mo\u017ce przej\u015b\u0107 przez odpraw\u0119 celn\u0105 i czy sprawi mi jakie\u015b problemy?<\/h5>\n<p>Gwarantujemy, \u017ce nie b\u0119dziesz mia\u0142 \u017cadnych k\u0142opot\u00f3w, poniewa\u017c zajmiemy si\u0119 odpraw\u0105 celn\u0105 i nie b\u0119dzie \u017cadnych podatk\u00f3w ani op\u0142at. Gwarantujemy, \u017ce 100% naszych produkt\u00f3w przejdzie odpraw\u0119 celn\u0105.<\/p>\n<h5>Co wyr\u00f3\u017cnia technologi\u0119 podw\u00f3jnej cewki siatkowej?<\/h5>\n<p>Podw\u00f3jna cewka siatkowa w WASPE 30000 poprawia dostarczanie smaku i produkcj\u0119 pary, zapewniaj\u0105c niezmiennie p\u0142ynne i satysfakcjonuj\u0105ce doznania podczas waporyzacji z ka\u017cdym zaci\u0105gni\u0119ciem, maksymalizuj\u0105c potencja\u0142 ka\u017cdego smaku.<\/p>\n<h5>Czy mog\u0119 mu zaufa\u0107?<\/h5>\n<p>Obs\u0142ugujemy p\u0142atno\u015bci PayPal i us\u0142ug\u0119 ochrony kupuj\u0105cych.<br \/>\nMo\u017cesz r\u00f3wnie\u017c sprawdzi\u0107 nasze recenzje na <a href=\"https:\/\/www.trustpilot.com\/review\/volovape.com?utm_medium=trustbox&amp;utm_source=TrustBoxReviewCollector\">TrustPilot<\/a><\/p>","protected":false},"excerpt":{"rendered":"<p>Uwolnij wytrzyma\u0142o\u015b\u0107 wapowania dzi\u0119ki jednorazowemu waporyzatorowi WASPE 30000 Puffs. Posiada 28 ml e-liquidu, bateri\u0119 850 mAh, podw\u00f3jne cewki siatkowe i 16 smak\u00f3w. Dost\u0119pna hurtowa sprzeda\u017c, \u0142adowanie typu C.<\/p>","protected":false},"featured_media":1491,"comment_status":"open","ping_status":"closed","template":"","meta":[],"product_brand":[],"product_cat":[46,63,21,18,39,20,23,24,22,25,26,27,28,29,30,31,32,33,34,35,44,36,40,17],"product_tag":[],"class_list":{"0":"post-1269","1":"product","2":"type-product","3":"status-publish","4":"has-post-thumbnail","6":"product_cat-fihp","7":"product_cat-30000-puffs-disposable-vape","8":"product_cat-big-puffs-vapes","9":"product_cat-different-puffs-of-disposable-vapes","10":"product_cat-digital-box-vapes","11":"product_cat-disposable-vape-types","12":"product_cat-disposable-vapes-in-austria","13":"product_cat-disposable-vapes-in-belgium","14":"product_cat-disposable-vapes-in-europe","15":"product_cat-disposable-vapes-in-france","16":"product_cat-disposable-vapes-in-germany","17":"product_cat-disposable-vapes-in-hungary","18":"product_cat-disposable-vapes-in-ltaly","19":"product_cat-disposable-vapes-in-netherlands","20":"product_cat-disposable-vapes-in-norway","21":"product_cat-disposable-vapes-in-poland","22":"product_cat-disposable-vapes-in-portugal","23":"product_cat-disposable-vapes-in-spain","24":"product_cat-disposable-vapes-in-sweden","25":"product_cat-disposable-vapes-in-switzerland","26":"product_cat-dual-mesh-vapes","27":"product_cat-rechargeable-vapes","28":"product_cat-smart-screen-vapes","29":"product_cat-waspe","31":"first","32":"instock","33":"shipping-taxable","34":"purchasable","35":"product-type-variable","36":"has-default-attributes"},"jetpack_sharing_enabled":true,"tiered_pricing_type":"fixed","tiered_pricing_fixed_rules":{"2000":5.5},"tiered_pricing_product_settings":{"layout":"default","base_unit_name":{"singular":null,"plural":null},"default_variation":null},"tiered_pricing_minimum_quantity":1000,"tiered_pricing_roles_data":[],"tiered_pricing_percentage_rules":[],"tiered_pricing_maximum_quantity":null,"tiered_pricing_quantity_step":"10","_links":{"self":[{"href":"https:\/\/volovape.com\/pl\/wp-json\/wp\/v2\/product\/1269","targetHints":{"allow":["GET"]}}],"collection":[{"href":"https:\/\/volovape.com\/pl\/wp-json\/wp\/v2\/product"}],"about":[{"href":"https:\/\/volovape.com\/pl\/wp-json\/wp\/v2\/types\/product"}],"replies":[{"embeddable":true,"href":"https:\/\/volovape.com\/pl\/wp-json\/wp\/v2\/comments?post=1269"}],"wp:featuredmedia":[{"embeddable":true,"href":"https:\/\/volovape.com\/pl\/wp-json\/wp\/v2\/media\/1491"}],"wp:attachment":[{"href":"https:\/\/volovape.com\/pl\/wp-json\/wp\/v2\/media?parent=1269"}],"wp:term":[{"taxonomy":"product_brand","embeddable":true,"href":"https:\/\/volovape.com\/pl\/wp-json\/wp\/v2\/product_brand?post=1269"},{"taxonomy":"product_cat","embeddable":true,"href":"https:\/\/volovape.com\/pl\/wp-json\/wp\/v2\/product_cat?post=1269"},{"taxonomy":"product_tag","embeddable":true,"href":"https:\/\/volovape.com\/pl\/wp-json\/wp\/v2\/product_tag?post=1269"}],"curies":[{"name":"wp","href":"https:\/\/api.w.org\/{rel}","templated":true}]}}