{"id":1240,"date":"2024-11-21T03:39:04","date_gmt":"2024-11-21T03:39:04","guid":{"rendered":"https:\/\/volovape.com\/?post_type=product&#038;p=1240"},"modified":"2025-08-07T08:19:48","modified_gmt":"2025-08-07T08:19:48","slug":"zaginiona-mary-mo10000","status":"publish","type":"product","link":"https:\/\/volovape.com\/pl\/product\/lost-mary-mo10000\/","title":{"rendered":"Lost Mary MO10000 Vape jednorazowego u\u017cytku - 10 000 zaci\u0105gni\u0119\u0107, cewka siatkowa, zapobieganie suchym trafieniom"},"content":{"rendered":"<p><strong>Vape jednorazowego u\u017cytku Lost Mary MO10000<\/strong> - Do\u015bwiadcz 10 000 zaci\u0105gni\u0119\u0107 czystym smakiem z zaawansowan\u0105 funkcj\u0105 zapobiegania suchym uderzeniom.<\/p>\n<p>Zanurz si\u0119 w d\u0142u\u017csz\u0105 podr\u00f3\u017c vapingow\u0105 z Lost Mary MO10000, dostarczaj\u0105c do 10 000 zaci\u0105gni\u0119\u0107 z du\u017cej pojemno\u015bci 18 ml e-liquidu. Ten jednorazowy waporyzator o du\u017cej pojemno\u015bci jest zasilany akumulatorem o pojemno\u015bci 600 mAh, zapewniaj\u0105c zasilanie przez ca\u0142y dzie\u0144. Ciesz si\u0119 bogatym, sp\u00f3jnym smakiem dzi\u0119ki wyrafinowanej technologii cewek siatkowych i nigdy nie martw si\u0119 o spalone uderzenia dzi\u0119ki innowacyjnej funkcji zapobiegania suchym uderzeniom. Dost\u0119pne w zr\u00f3\u017cnicowanej gamie 15 unikalnych smak\u00f3w, od Blue Dragon Fruit Peach po Strawberry Grapefruit, urz\u0105dzenie to zaspokoi ka\u017cde podniebienie. Idealny do u\u017cytku osobistego lub hurtowych zam\u00f3wie\u0144 hurtowych, Lost Mary MO10000 \u0142\u0105czy wygod\u0119 z doskona\u0142\u0105 wydajno\u015bci\u0105. Jego elegancki, po\u0142yskuj\u0105cy, falisty design dodaje odrobin\u0119 elegancji do wra\u017ce\u0144 z waporyzacji. Idealny dla os\u00f3b poszukuj\u0105cych wysokiej jako\u015bci jednorazowego waporyzatora o d\u0142ugotrwa\u0142ej wydajno\u015bci.<\/p>\n<h3><strong>Lost Mary MO10000 Cechy:<\/strong><\/h3>\n<ul>\n<li>Puffy: Do 10 000<\/li>\n<li>Pojemno\u015b\u0107 e-liquidu: 18 ml<\/li>\n<li>Bateria: 600 mAh (akumulator)<\/li>\n<li>\u0141adowanie: Typ-C<\/li>\n<li>Cewka: Refined Mesh Coil<\/li>\n<li>Moc nikotyny: 5% (20 mg\/ml)<\/li>\n<li>Wz\u00f3r: Shimmering Ripple<\/li>\n<li>Inteligentne zapobieganie suchym uderzeniom<\/li>\n<\/ul>\n<h4>Cz\u0119sto zadawane pytania<\/h4>\n<h5>Jak dzia\u0142a zapobieganie suchym trafieniom?<\/h5>\n<p>Model Lost Mary MO10000 zosta\u0142 wyposa\u017cony w inteligentn\u0105 technologi\u0119, kt\u00f3ra monitoruje cewk\u0119 i poziom e-cieczy. System ten automatycznie dostosowuje dostarczan\u0105 moc, aby zapobiec przegrzaniu cewki, zapewniaj\u0105c sp\u00f3jny smak i zapobiegaj\u0105c przypalonym smakom, zapewniaj\u0105c p\u0142ynn\u0105 i przyjemn\u0105 waporyzacj\u0119 za ka\u017cdym razem.<\/p>\n<h5>Jakie metody wysy\u0142ki s\u0105 stosowane?<\/h5>\n<p>Wsp\u00f3\u0142pracujemy z UPS\/DHL\/FEDEX\/DPD itp. Wybierzemy odpowiedni\u0105 opcj\u0119 wysy\u0142ki w zale\u017cno\u015bci od kraju dostawy, aby zapewni\u0107 jak najszybsze otrzymanie produkt\u00f3w.<\/p>\n<h5>Jak d\u0142ugo trwa dostawa?<\/h5>\n<p>Zwykle trwa to od 7 do 15 dni roboczych, a w dni wolne od pracy lub w z\u0142ych warunkach pogodowych mo\u017ce trwa\u0107 do 20 dni roboczych.<\/p>\n<h5>Czy mo\u017ce przej\u015b\u0107 przez odpraw\u0119 celn\u0105 i czy sprawi mi jakie\u015b problemy?<\/h5>\n<p>Gwarantujemy, \u017ce nie b\u0119dziesz mia\u0142 \u017cadnych k\u0142opot\u00f3w, poniewa\u017c zajmiemy si\u0119 odpraw\u0105 celn\u0105 i nie b\u0119dzie \u017cadnych podatk\u00f3w ani op\u0142at. Gwarantujemy, \u017ce 100% naszych produkt\u00f3w przejdzie odpraw\u0119 celn\u0105.<\/p>\n<h5>Czy mog\u0119 mu zaufa\u0107?<\/h5>\n<p>Obs\u0142ugujemy p\u0142atno\u015bci PayPal i us\u0142ug\u0119 ochrony kupuj\u0105cych. Mo\u017cesz r\u00f3wnie\u017c sprawdzi\u0107 nasze recenzje na <a href=\"https:\/\/www.trustpilot.com\/review\/volovape.com?utm_medium=trustbox&amp;utm_source=TrustBoxReviewCollector\">TrustPilot<\/a>.<\/p>","protected":false},"excerpt":{"rendered":"<p>Podnie\u015b poziom waporyzacji dzi\u0119ki jednorazowemu waporyzatorowi Lost Mary MO10000. Oferuje 18 ml e-liquidu, bateri\u0119 600 mAh, cewk\u0119 siatkow\u0105, zapobieganie suchym uderzeniom, nikotyn\u0119 5%. Sprzeda\u017c hurtowa, wiele smak\u00f3w, \u0142adowanie typu C.<\/p>","protected":false},"featured_media":1437,"comment_status":"open","ping_status":"closed","template":"","meta":[],"product_brand":[],"product_cat":[73,57,21,18,20,23,24,22,25,26,27,28,29,30,31,32,33,34,35,36],"product_tag":[],"class_list":{"0":"post-1240","1":"product","2":"type-product","3":"status-publish","4":"has-post-thumbnail","6":"product_cat-lost-mary","7":"product_cat-10000-puffs-disposable-vape","8":"product_cat-big-puffs-vapes","9":"product_cat-different-puffs-of-disposable-vapes","10":"product_cat-disposable-vape-types","11":"product_cat-disposable-vapes-in-austria","12":"product_cat-disposable-vapes-in-belgium","13":"product_cat-disposable-vapes-in-europe","14":"product_cat-disposable-vapes-in-france","15":"product_cat-disposable-vapes-in-germany","16":"product_cat-disposable-vapes-in-hungary","17":"product_cat-disposable-vapes-in-ltaly","18":"product_cat-disposable-vapes-in-netherlands","19":"product_cat-disposable-vapes-in-norway","20":"product_cat-disposable-vapes-in-poland","21":"product_cat-disposable-vapes-in-portugal","22":"product_cat-disposable-vapes-in-spain","23":"product_cat-disposable-vapes-in-sweden","24":"product_cat-disposable-vapes-in-switzerland","25":"product_cat-rechargeable-vapes","27":"first","28":"instock","29":"shipping-taxable","30":"purchasable","31":"product-type-variable","32":"has-default-attributes"},"jetpack_sharing_enabled":true,"tiered_pricing_type":"fixed","tiered_pricing_fixed_rules":{"2000":6.5},"tiered_pricing_product_settings":{"layout":"default","base_unit_name":{"singular":null,"plural":null},"default_variation":null},"tiered_pricing_minimum_quantity":1000,"tiered_pricing_roles_data":[],"tiered_pricing_percentage_rules":[],"tiered_pricing_maximum_quantity":null,"tiered_pricing_quantity_step":"100","_links":{"self":[{"href":"https:\/\/volovape.com\/pl\/wp-json\/wp\/v2\/product\/1240","targetHints":{"allow":["GET"]}}],"collection":[{"href":"https:\/\/volovape.com\/pl\/wp-json\/wp\/v2\/product"}],"about":[{"href":"https:\/\/volovape.com\/pl\/wp-json\/wp\/v2\/types\/product"}],"replies":[{"embeddable":true,"href":"https:\/\/volovape.com\/pl\/wp-json\/wp\/v2\/comments?post=1240"}],"wp:featuredmedia":[{"embeddable":true,"href":"https:\/\/volovape.com\/pl\/wp-json\/wp\/v2\/media\/1437"}],"wp:attachment":[{"href":"https:\/\/volovape.com\/pl\/wp-json\/wp\/v2\/media?parent=1240"}],"wp:term":[{"taxonomy":"product_brand","embeddable":true,"href":"https:\/\/volovape.com\/pl\/wp-json\/wp\/v2\/product_brand?post=1240"},{"taxonomy":"product_cat","embeddable":true,"href":"https:\/\/volovape.com\/pl\/wp-json\/wp\/v2\/product_cat?post=1240"},{"taxonomy":"product_tag","embeddable":true,"href":"https:\/\/volovape.com\/pl\/wp-json\/wp\/v2\/product_tag?post=1240"}],"curies":[{"name":"wp","href":"https:\/\/api.w.org\/{rel}","templated":true}]}}