{"id":1190,"date":"2024-11-21T03:38:19","date_gmt":"2024-11-21T03:38:19","guid":{"rendered":"https:\/\/volovape.com\/?post_type=product&#038;p=1190"},"modified":"2025-07-17T04:34:15","modified_gmt":"2025-07-17T04:34:15","slug":"vapsolo-feed-bar-shisha-15000-zaciagniec","status":"publish","type":"product","link":"https:\/\/volovape.com\/pl\/product\/vapsolo-feed-bar-shisha-15000-puffs\/","title":{"rendered":"Vapsolo FEED BAR Shisha 15000 Puffs Jednorazowy Vape - Cewka siatkowa 0,6\u03a9, wysoki przep\u0142yw powietrza"},"content":{"rendered":"<p><iframe title=\"Odtwarzacz wideo VideoPress\" aria-label='Odtwarzacz wideo VideoPress' width='421' height='750' src='https:\/\/videopress.com\/embed\/JWLYAsYP?hd=0&amp;cover=1' frameborder='0' allowfullscreen allow='clipboard-write'><\/iframe><script src='https:\/\/v0.wordpress.com\/js\/next\/videopress-iframe.js?m=1739540970'><\/script><\/p>\n<h2>Vapsolo FEED BAR Shisha 15000 Puffs Jednorazowy Vape - Do\u015bwiadcz Vapingu inspirowanego Shish\u0105 z wysokim przep\u0142ywem powietrza.<\/h2>\n<p>Ten <strong>Vapsolo FEED BAR Shisha 15000 Puff\u00f3w<\/strong> Jednorazowy vape przenosi bogate, aromatyczne doznania shishy do wygodnego i przeno\u015bnego formatu. Dzi\u0119ki imponuj\u0105cej <strong>15 000 puff<\/strong> pojemno\u015b\u0107, ogromna <strong>Zbiornik e-liquidu o pojemno\u015bci 25 ml<\/strong>i solidny <strong>Akumulator o pojemno\u015bci 650 mAh<\/strong>To urz\u0105dzenie oferuje d\u0142u\u017csze u\u017cytkowanie i warto\u015b\u0107. The <strong>Cewka o oczkach 0,6\u03a9<\/strong> jest zoptymalizowany pod k\u0105tem zwi\u0119kszonej produkcji pary, a <strong>Konstrukcja o wysokim przep\u0142ywie powietrza<\/strong> zapewnia g\u0142adkie, przewiewne zaci\u0105ganie przypominaj\u0105ce tradycyjn\u0105 shish\u0119. Idealny do osobistej przyjemno\u015bci i <strong>hurtownia vape jednorazowego u\u017cytku<\/strong>To urz\u0105dzenie zapewnia najwy\u017cszej jako\u015bci doznania podczas waporyzacji. <strong>Zam\u00f3wienie zbiorcze<\/strong> opcje s\u0105 dost\u0119pne dla sprzedawc\u00f3w detalicznych.<\/p>\n<h3><strong>Vapsolo FEED BAR Shisha 15000 Puffs Cechy:<\/strong><\/h3>\n<ul>\n<li>Puffy: Do 15 000<\/li>\n<li>Pojemno\u015b\u0107 e-liquidu: 25 ml<\/li>\n<li>Bateria: 650 mAh (akumulator)<\/li>\n<li>\u0141adowanie: Typ-C<\/li>\n<li>Cewka: cewka siatkowa 0,6\u03a9<\/li>\n<li>Przep\u0142yw powietrza: Konstrukcja o wysokim przep\u0142ywie powietrza<\/li>\n<li>Dost\u0119pne smaki: Two Apple, Blue Razz Lemonade, Peach Ice, Mango Ice, Lush Ice, Lemon Mint, Grape Mint, Strawberry Punch, Blueberry Gum.<\/li>\n<\/ul>\n<h4>Cz\u0119sto zadawane pytania<\/h4>\n<h5>W jaki spos\u00f3b cewka siatkowa 0,6\u03a9 zwi\u0119ksza doznania inspirowane shish\u0105?<\/h5>\n<p>Siatkowa cewka 0,6\u03a9 zosta\u0142a specjalnie zaprojektowana, aby zmaksymalizowa\u0107 produkcj\u0119 pary i intensywno\u015b\u0107 smaku, zapewniaj\u0105c g\u0119st\u0105, aromatyczn\u0105 chmur\u0119, kt\u00f3ra \u015bci\u015ble na\u015bladuje doznania tradycyjnej shishy. Cewka ta zapewnia r\u00f3wnomierne ogrzewanie i optymalne dostarczanie aromatu.<\/p>\n<h5>Jakie s\u0105 zalety konstrukcji o wysokim przep\u0142ywie powietrza?<\/h5>\n<p>Konstrukcja z wysokim przep\u0142ywem powietrza pozwala na p\u0142ynne i przewiewne zaci\u0105ganie si\u0119, odwzorowuj\u0105c otwarty i zrelaksowany styl inhalacji zwi\u0105zany z shish\u0105. Funkcja ta poprawia og\u00f3lne wra\u017cenia z waporyzacji, czyni\u0105c j\u0105 bardziej komfortow\u0105 i przyjemn\u0105 dla tych, kt\u00f3rzy preferuj\u0105 mniej ograniczon\u0105 waporyzacj\u0119.<\/p>\n<h5>Jak d\u0142ugo dzia\u0142a bateria i jak szybko si\u0119 \u0142aduje?<\/h5>\n<p>Akumulator o pojemno\u015bci 650 mAh zapewnia d\u0142ugotrwa\u0142\u0105 moc do 15 000 zaci\u0105gni\u0119\u0107. Dzi\u0119ki \u0142adowaniu typu C mo\u017cna szybko i sprawnie na\u0142adowa\u0107 urz\u0105dzenie, minimalizuj\u0105c przestoje i maksymalizuj\u0105c przyjemno\u015b\u0107 z waporyzacji.<\/p>\n<h5>Jakie metody wysy\u0142ki s\u0105 stosowane?<\/h5>\n<p>Wsp\u00f3\u0142pracujemy z renomowanymi przewo\u017anikami, takimi jak UPS, DHL, FedEx i DPD, aby zapewni\u0107 niezawodn\u0105 i sprawn\u0105 dostaw\u0119. Wybieramy najlepsz\u0105 opcj\u0119 wysy\u0142ki w zale\u017cno\u015bci od lokalizacji, aby jak najszybciej dostarczy\u0107 zam\u00f3wienie.<\/p>\n<h5>Czy mog\u0119 zaufa\u0107 mojemu zakupowi?<\/h5>\n<p>Priorytetowo traktujemy zadowolenie klient\u00f3w i oferujemy bezpieczne opcje p\u0142atno\u015bci, w tym PayPal z ochron\u0105 kupuj\u0105cego. Mo\u017cesz r\u00f3wnie\u017c przeczyta\u0107 opinie naszych zadowolonych klient\u00f3w na TrustPilot: <a href=\"https:\/\/www.trustpilot.com\/review\/volovape.com?utm_medium=trustbox&amp;utm_source=TrustBoxReviewCollector\">TrustPilot<\/a>.<\/p>","protected":false},"excerpt":{"rendered":"<p>Kup Vapsolo FEED BAR Shisha 15000 Puffs Vape jednorazowego u\u017cytku luzem. Ciesz si\u0119 25 ml e-liquidu, cewk\u0105 siatkow\u0105, p\u0142ynnym przep\u0142ywem powietrza i obfitymi chmurami. Idealny dla hurtowych dystrybutor\u00f3w i sprzedawc\u00f3w vape.<\/p>","protected":false},"featured_media":1426,"comment_status":"open","ping_status":"closed","template":"","meta":[],"product_brand":[],"product_cat":[72,41,21,18,20,23,24,22,25,26,27,28,29,30,31,32,33,34,35,36,47],"product_tag":[],"class_list":{"0":"post-1190","1":"product","2":"type-product","3":"status-publish","4":"has-post-thumbnail","6":"product_cat-vapsolo","7":"product_cat-15000-puffs-disposable-vape","8":"product_cat-big-puffs-vapes","9":"product_cat-different-puffs-of-disposable-vapes","10":"product_cat-disposable-vape-types","11":"product_cat-disposable-vapes-in-austria","12":"product_cat-disposable-vapes-in-belgium","13":"product_cat-disposable-vapes-in-europe","14":"product_cat-disposable-vapes-in-france","15":"product_cat-disposable-vapes-in-germany","16":"product_cat-disposable-vapes-in-hungary","17":"product_cat-disposable-vapes-in-ltaly","18":"product_cat-disposable-vapes-in-netherlands","19":"product_cat-disposable-vapes-in-norway","20":"product_cat-disposable-vapes-in-poland","21":"product_cat-disposable-vapes-in-portugal","22":"product_cat-disposable-vapes-in-spain","23":"product_cat-disposable-vapes-in-sweden","24":"product_cat-disposable-vapes-in-switzerland","25":"product_cat-rechargeable-vapes","26":"product_cat-shisha-hookah-vapes","28":"first","29":"instock","30":"shipping-taxable","31":"purchasable","32":"product-type-variable","33":"has-default-attributes"},"jetpack_sharing_enabled":true,"tiered_pricing_type":"fixed","tiered_pricing_fixed_rules":{"2000":6.5999999999999996447286321199499070644378662109375},"tiered_pricing_product_settings":{"layout":"default","base_unit_name":{"singular":null,"plural":null},"default_variation":null},"tiered_pricing_minimum_quantity":1000,"tiered_pricing_roles_data":[],"tiered_pricing_percentage_rules":[],"tiered_pricing_maximum_quantity":null,"tiered_pricing_quantity_step":"10","_links":{"self":[{"href":"https:\/\/volovape.com\/pl\/wp-json\/wp\/v2\/product\/1190","targetHints":{"allow":["GET"]}}],"collection":[{"href":"https:\/\/volovape.com\/pl\/wp-json\/wp\/v2\/product"}],"about":[{"href":"https:\/\/volovape.com\/pl\/wp-json\/wp\/v2\/types\/product"}],"replies":[{"embeddable":true,"href":"https:\/\/volovape.com\/pl\/wp-json\/wp\/v2\/comments?post=1190"}],"wp:featuredmedia":[{"embeddable":true,"href":"https:\/\/volovape.com\/pl\/wp-json\/wp\/v2\/media\/1426"}],"wp:attachment":[{"href":"https:\/\/volovape.com\/pl\/wp-json\/wp\/v2\/media?parent=1190"}],"wp:term":[{"taxonomy":"product_brand","embeddable":true,"href":"https:\/\/volovape.com\/pl\/wp-json\/wp\/v2\/product_brand?post=1190"},{"taxonomy":"product_cat","embeddable":true,"href":"https:\/\/volovape.com\/pl\/wp-json\/wp\/v2\/product_cat?post=1190"},{"taxonomy":"product_tag","embeddable":true,"href":"https:\/\/volovape.com\/pl\/wp-json\/wp\/v2\/product_tag?post=1190"}],"curies":[{"name":"wp","href":"https:\/\/api.w.org\/{rel}","templated":true}]}}