{"id":1167,"date":"2024-11-21T03:37:57","date_gmt":"2024-11-21T03:37:57","guid":{"rendered":"https:\/\/volovape.com\/?post_type=product&#038;p=1167"},"modified":"2025-07-13T13:48:06","modified_gmt":"2025-07-13T13:48:06","slug":"vapsolo-dg18000-zaciagniec","status":"publish","type":"product","link":"https:\/\/volovape.com\/pl\/product\/vapsolo-dg18000-puffs\/","title":{"rendered":"Vapsolo DG18000 Puffs jednorazowe Vape - pojemno\u015b\u0107 28 ml, rezystancja 0,9\u03a9"},"content":{"rendered":"<p><iframe title=\"Odtwarzacz wideo VideoPress\" aria-label='Odtwarzacz wideo VideoPress' width='500' height='281' src='https:\/\/videopress.com\/embed\/ss3cmXiS?hd=0&amp;cover=1' frameborder='0' allowfullscreen allow='clipboard-write'><\/iframe><script src='https:\/\/v0.wordpress.com\/js\/next\/videopress-iframe.js?m=1739540970'><\/script><\/p>\n<p><strong>Vapsolo DG18000 Puffs Jednorazowy Vape<\/strong> - Niezr\u00f3wnana trwa\u0142o\u015b\u0107 i g\u0142adka para w urz\u0105dzeniu o du\u017cej pojemno\u015bci.<\/p>\n<p>Ten <strong>Vapsolo DG18000 Puffs<\/strong> Jednorazowy vape zosta\u0142 zaprojektowany dla vaper\u00f3w, kt\u00f3rzy wymagaj\u0105 d\u0142ugiego u\u017cytkowania i doskona\u0142ej wydajno\u015bci. Dzi\u0119ki imponuj\u0105cej <strong>18 000 puff<\/strong> pojemno\u015b\u0107, ogromna <strong>Zbiornik e-liquidu o pojemno\u015bci 28 ml<\/strong>i <strong>Akumulator o pojemno\u015bci 650 mAh<\/strong>To urz\u0105dzenie oferuje niezr\u00f3wnan\u0105 trwa\u0142o\u015b\u0107 i wygod\u0119. Zoptymalizowany <strong>Rezystancja 0,9\u03a9<\/strong> zapewnia niezmiennie g\u0142adk\u0105 i aromatyczn\u0105 produkcj\u0119 pary. Do wyboru <strong>Moc nikotyny 2% i 5%<\/strong>. Idealny dla vaper\u00f3w poszukuj\u0105cych d\u0142ugotrwa\u0142ej przyjemno\u015bci, Vapsolo DG18000 jest idealny do u\u017cytku osobistego i <strong>hurtownia vape jednorazowego u\u017cytku<\/strong>. <strong>Zam\u00f3wienie zbiorcze<\/strong> opcje s\u0105 dost\u0119pne dla sprzedawc\u00f3w detalicznych.<\/p>\n<h3><strong>Vapsolo DG18000 Puffs Cechy:<\/strong><\/h3>\n<ul>\n<li>Puffy: Do 18 000<\/li>\n<li>Pojemno\u015b\u0107 e-liquidu: 28 ml<\/li>\n<li>Bateria: 650 mAh (akumulator)<\/li>\n<li>\u0141adowanie: Typ-C<\/li>\n<li>Op\u00f3r: 0.9\u03a9<\/li>\n<li>Si\u0142a nikotyny: 2%, 5%<\/li>\n<li>Dost\u0119pne smaki: Peach Mango Pineapple, Passion Fruit Kiwi Ice, Blueberry Cherry Cranberry, Watermelon Ice, Strawberry Kiwi, Lemon Lime, Strawberry Banana, Red Bull, Mixed Berries, Prime Strawberry Watermelon.<\/li>\n<\/ul>\n<h4>Cz\u0119sto zadawane pytania<\/h4>\n<h5>W jaki spos\u00f3b op\u00f3r 0,9\u03a9 poprawia wra\u017cenia z waporyzacji?<\/h5>\n<p>Op\u00f3r 0,9\u03a9 zosta\u0142 specjalnie zaprojektowany, aby zapewni\u0107 r\u00f3wnowag\u0119 mi\u0119dzy smakiem a produkcj\u0105 pary. Op\u00f3r ten zapewnia sp\u00f3jn\u0105 i g\u0142adk\u0105 par\u0119, dostarczaj\u0105c bogate i satysfakcjonuj\u0105ce smaki przy ka\u017cdym zaci\u0105gni\u0119ciu. Jest zoptymalizowany pod k\u0105tem wygodnej i przyjemnej waporyzacji.<\/p>\n<h5>Jakie s\u0105 zalety pojemno\u015bci 18 000 zaci\u0105gni\u0119\u0107 i zbiornika e-liquidu o pojemno\u015bci 28 ml?<\/h5>\n<p>Pojemno\u015b\u0107 18 000 zaci\u0105gni\u0119\u0107 i zbiornik e-liquidu o pojemno\u015bci 28 ml zapewniaj\u0105 d\u0142u\u017csze u\u017cytkowanie, minimalizuj\u0105c potrzeb\u0119 cz\u0119stej wymiany. Sprawia to, \u017ce Vapsolo DG18000 jest idealny dla u\u017cytkownik\u00f3w, kt\u00f3rzy chc\u0105 d\u0142ugotrwa\u0142ego i wygodnego rozwi\u0105zania do waporyzacji, idealnego do podr\u00f3\u017cy lub codziennego u\u017cytku.<\/p>\n<h5>Jak szybko \u0142aduje si\u0119 bateria o pojemno\u015bci 650 mAh?<\/h5>\n<p>Bateria o pojemno\u015bci 650 mAh obs\u0142uguje d\u0142ugie sesje waporyzacji i szybko \u0142aduje si\u0119 za pomoc\u0105 \u0142adowania typu C. Zapewnia to minimalny czas przestoju, pozwalaj\u0105c cieszy\u0107 si\u0119 urz\u0105dzeniem bez d\u0142ugiego oczekiwania.<\/p>\n<h5>Jakie metody wysy\u0142ki s\u0105 stosowane?<\/h5>\n<p>Wsp\u00f3\u0142pracujemy z niezawodnymi przewo\u017anikami, takimi jak UPS, DHL, FedEx i DPD, aby zapewni\u0107 sprawn\u0105 i bezpieczn\u0105 dostaw\u0119. Wybieramy najodpowiedniejsz\u0105 metod\u0119 wysy\u0142ki w oparciu o lokalizacj\u0119 klienta, aby jak najszybciej dostarczy\u0107 zam\u00f3wienie.<\/p>\n<h5>Czy mog\u0119 zaufa\u0107 mojemu zakupowi?<\/h5>\n<p>Priorytetowo traktujemy zadowolenie klienta i oferujemy bezpieczne opcje p\u0142atno\u015bci, w tym PayPal z ochron\u0105 kupuj\u0105cego. Opinie klient\u00f3w mo\u017cna r\u00f3wnie\u017c znale\u017a\u0107 w serwisie TrustPilot: <a href=\"https:\/\/www.trustpilot.com\/review\/volovape.com?utm_medium=trustbox&amp;utm_source=TrustBoxReviewCollector\">TrustPilot<\/a>.<\/p>","protected":false},"excerpt":{"rendered":"<p>Zaopatrz si\u0119 hurtowo w Vapsolo DG18000 Puffs Disposable Vape. Dzi\u0119ki 28 ml e-liquidu, opcjom nikotynowym 2% i 5% oraz g\u0142adkiej parze, jest to idealne rozwi\u0105zanie dla hurtowych dostawc\u00f3w i sprzedawc\u00f3w vape.<\/p>","protected":false},"featured_media":1388,"comment_status":"open","ping_status":"closed","template":"","meta":[],"product_brand":[],"product_cat":[72,50,21,18,39,20,23,24,22,25,26,27,28,29,30,31,32,33,34,35,36,40],"product_tag":[],"class_list":{"0":"post-1167","1":"product","2":"type-product","3":"status-publish","4":"has-post-thumbnail","6":"product_cat-vapsolo","7":"product_cat-18000-puffs-disposable-vape","8":"product_cat-big-puffs-vapes","9":"product_cat-different-puffs-of-disposable-vapes","10":"product_cat-digital-box-vapes","11":"product_cat-disposable-vape-types","12":"product_cat-disposable-vapes-in-austria","13":"product_cat-disposable-vapes-in-belgium","14":"product_cat-disposable-vapes-in-europe","15":"product_cat-disposable-vapes-in-france","16":"product_cat-disposable-vapes-in-germany","17":"product_cat-disposable-vapes-in-hungary","18":"product_cat-disposable-vapes-in-ltaly","19":"product_cat-disposable-vapes-in-netherlands","20":"product_cat-disposable-vapes-in-norway","21":"product_cat-disposable-vapes-in-poland","22":"product_cat-disposable-vapes-in-portugal","23":"product_cat-disposable-vapes-in-spain","24":"product_cat-disposable-vapes-in-sweden","25":"product_cat-disposable-vapes-in-switzerland","26":"product_cat-rechargeable-vapes","27":"product_cat-smart-screen-vapes","29":"first","30":"instock","31":"shipping-taxable","32":"purchasable","33":"product-type-variable","34":"has-default-attributes"},"jetpack_sharing_enabled":true,"tiered_pricing_type":"fixed","tiered_pricing_fixed_rules":{"2000":6.9900000000000002131628207280300557613372802734375},"tiered_pricing_product_settings":{"layout":"default","base_unit_name":{"singular":null,"plural":null},"default_variation":null},"tiered_pricing_minimum_quantity":1000,"tiered_pricing_roles_data":[],"tiered_pricing_percentage_rules":[],"tiered_pricing_maximum_quantity":null,"tiered_pricing_quantity_step":"10","_links":{"self":[{"href":"https:\/\/volovape.com\/pl\/wp-json\/wp\/v2\/product\/1167","targetHints":{"allow":["GET"]}}],"collection":[{"href":"https:\/\/volovape.com\/pl\/wp-json\/wp\/v2\/product"}],"about":[{"href":"https:\/\/volovape.com\/pl\/wp-json\/wp\/v2\/types\/product"}],"replies":[{"embeddable":true,"href":"https:\/\/volovape.com\/pl\/wp-json\/wp\/v2\/comments?post=1167"}],"wp:featuredmedia":[{"embeddable":true,"href":"https:\/\/volovape.com\/pl\/wp-json\/wp\/v2\/media\/1388"}],"wp:attachment":[{"href":"https:\/\/volovape.com\/pl\/wp-json\/wp\/v2\/media?parent=1167"}],"wp:term":[{"taxonomy":"product_brand","embeddable":true,"href":"https:\/\/volovape.com\/pl\/wp-json\/wp\/v2\/product_brand?post=1167"},{"taxonomy":"product_cat","embeddable":true,"href":"https:\/\/volovape.com\/pl\/wp-json\/wp\/v2\/product_cat?post=1167"},{"taxonomy":"product_tag","embeddable":true,"href":"https:\/\/volovape.com\/pl\/wp-json\/wp\/v2\/product_tag?post=1167"}],"curies":[{"name":"wp","href":"https:\/\/api.w.org\/{rel}","templated":true}]}}