{"id":1166,"date":"2024-11-21T03:37:57","date_gmt":"2024-11-21T03:37:57","guid":{"rendered":"https:\/\/volovape.com\/?post_type=product&#038;p=1166"},"modified":"2025-08-07T08:19:46","modified_gmt":"2025-08-07T08:19:46","slug":"vapsolo-viking-12000-zaciagniec","status":"publish","type":"product","link":"https:\/\/volovape.com\/pl\/product\/vapsolo-viking-12000-puffs\/","title":{"rendered":"VapSolo Viking 12000 Puffs jednorazowy Vape - regulowany przep\u0142yw powietrza, cewka siatkowa, LCD"},"content":{"rendered":"<p><iframe title=\"Odtwarzacz wideo VideoPress\" aria-label='Odtwarzacz wideo VideoPress' width='500' height='281' src='https:\/\/videopress.com\/embed\/ngfVq1VJ?hd=0&amp;cover=1' frameborder='0' allowfullscreen allow='clipboard-write'><\/iframe><script src='https:\/\/v0.wordpress.com\/js\/next\/videopress-iframe.js?m=1739540970'><\/script><\/p>\n<p><strong>VapSolo Viking 12000 Puffs Jednorazowy Vape<\/strong> - Spersonalizowana waporyzacja z regulowanym przep\u0142ywem powietrza i wy\u015bwietlaczem LCD.<\/p>\n<p>Ten <strong>VapSolo Viking 12000 Puffs<\/strong> Jednorazowy vape zapewnia konfigurowalne wra\u017cenia z waporyzacji dzi\u0119ki swoim <strong>4-stopniowa regulacja przep\u0142ywu powietrza<\/strong>umo\u017cliwiaj\u0105c prze\u0142\u0105czanie mi\u0119dzy stylami MTL i DTL. Z maksymalnie <strong>12 000 zaci\u0105gni\u0119\u0107<\/strong>hojny <strong>Zbiornik e-liquidu o pojemno\u015bci 22 ml<\/strong>i <strong>Akumulator o pojemno\u015bci 650 mAh<\/strong>To urz\u0105dzenie oferuje wyj\u0105tkow\u0105 warto\u015b\u0107 i trwa\u0142o\u015b\u0107. The <strong>Cewka o oczkach 1,0\u03a9<\/strong> zapewnia niezmiennie g\u0142adk\u0105 i aromatyczn\u0105 par\u0119, podczas gdy <strong>Wy\u015bwietlacz LCD<\/strong> zapewnia monitorowanie w czasie rzeczywistym \u017cywotno\u015bci baterii i stanu waporyzacji. Idealny dla vaper\u00f3w poszukuj\u0105cych spersonalizowanej kontroli, VapSolo Viking jest idealny do u\u017cytku osobistego i <strong>hurtownia vape jednorazowego u\u017cytku<\/strong>. <strong>Zam\u00f3wienie zbiorcze<\/strong> opcje s\u0105 dost\u0119pne dla sprzedawc\u00f3w detalicznych.<\/p>\n<h3><strong>VapSolo Viking 12000 Puffs Cechy:<\/strong><\/h3>\n<ul>\n<li>Puffy: Do 12 000<\/li>\n<li>Pojemno\u015b\u0107 e-liquidu: 22 ml<\/li>\n<li>Bateria: 650 mAh (akumulator)<\/li>\n<li>\u0141adowanie: Typ-C<\/li>\n<li>Cewka: cewka siatkowa 1,0\u03a9<\/li>\n<li>Przep\u0142yw powietrza: 4-stopniowa regulacja<\/li>\n<li>Wy\u015bwietlacz: LCD (stan baterii i Vape)<\/li>\n<li>Dost\u0119pne smaki: Blueberry Raspberry, Blueberry, Cherry, Watermelon Ice, Strawberry Kiwi, Strawberry Watermelon, Blueberry Cherry Cranberry, Lemon Lime, Gummy Bear, Strawberry Banana, Fresh Mint, Strawberry Raspberry Ice, Lemon Peach, Red Apple Ice.<\/li>\n<\/ul>\n<h4>Cz\u0119sto zadawane pytania<\/h4>\n<h5>W jaki spos\u00f3b 4-stopniowa regulacja przep\u0142ywu powietrza poprawia wra\u017cenia z waporyzacji?<\/h5>\n<p>4-stopniowa regulacja przep\u0142ywu powietrza pozwala u\u017cytkownikom na precyzyjne dostrojenie zaci\u0105gania si\u0119, prze\u0142\u0105czaj\u0105c si\u0119 mi\u0119dzy ciasnym stylem MTL (usta-p\u0142uca) dla bardziej skoncentrowanego smaku i lu\u017aniejszym stylem DTL (bezpo\u015brednio-p\u0142uca) dla wi\u0119kszych chmur pary. Ta wszechstronno\u015b\u0107 zaspokaja indywidualne preferencje, zapewniaj\u0105c spersonalizowane i satysfakcjonuj\u0105ce wra\u017cenia z waporyzacji.<\/p>\n<h5>Jakie s\u0105 zalety wy\u015bwietlacza LCD?<\/h5>\n<p>Wy\u015bwietlacz LCD zapewnia informacje w czasie rzeczywistym na temat \u017cywotno\u015bci baterii i stanu waporyzacji, umo\u017cliwiaj\u0105c u\u017cytkownikom \u0142atwe monitorowanie stanu urz\u0105dzenia. Funkcja ta zapewnia, \u017ce zawsze jeste\u015b poinformowany i mo\u017cesz odpowiednio zaplanowa\u0107 sesje waporyzacji, zwi\u0119kszaj\u0105c wygod\u0119 i zapobiegaj\u0105c nieoczekiwanym przerwom.<\/p>\n<h5>W jaki spos\u00f3b cewka siatkowa 1,0\u03a9 wp\u0142ywa na smak i wytwarzanie pary?<\/h5>\n<p>Siatkowa cewka 1,0\u03a9 zosta\u0142a zaprojektowana w celu zapewnienia sp\u00f3jnego i r\u00f3wnomiernego ogrzewania, co skutkuje p\u0142ynn\u0105, bogat\u0105 i aromatyczn\u0105 produkcj\u0105 pary. Cewka ta zapewnia, \u017ce ka\u017cde zaci\u0105gni\u0119cie jest satysfakcjonuj\u0105ce i maksymalizuje dostarczanie aromatu z e-cieczy.<\/p>\n<h5>Jakie metody wysy\u0142ki s\u0105 stosowane?<\/h5>\n<p>Wsp\u00f3\u0142pracujemy z niezawodnymi przewo\u017anikami, takimi jak UPS, DHL, FedEx i DPD, aby zapewni\u0107 sprawn\u0105 i bezpieczn\u0105 dostaw\u0119. Wybieramy najodpowiedniejsz\u0105 metod\u0119 wysy\u0142ki w oparciu o lokalizacj\u0119 klienta, aby jak najszybciej dostarczy\u0107 zam\u00f3wienie.<\/p>\n<h5>Czy mog\u0119 zaufa\u0107 mojemu zakupowi?<\/h5>\n<p>Priorytetowo traktujemy zadowolenie klienta i oferujemy bezpieczne opcje p\u0142atno\u015bci, w tym PayPal z ochron\u0105 kupuj\u0105cego. Opinie klient\u00f3w mo\u017cna r\u00f3wnie\u017c znale\u017a\u0107 w serwisie TrustPilot: <a href=\"https:\/\/www.trustpilot.com\/review\/volovape.com?utm_medium=trustbox&amp;utm_source=TrustBoxReviewCollector\">TrustPilot<\/a>.<\/p>","protected":false},"excerpt":{"rendered":"<p>Zam\u00f3w VapSolo Viking 12000 Puffs Disposable Vape hurtowo. Regulowany przep\u0142yw powietrza, ekran LCD i g\u0142adki smak sprawiaj\u0105, \u017ce jest to idealne rozwi\u0105zanie dla hurtowych nabywc\u00f3w vape i sprzedawc\u00f3w poszukuj\u0105cych opcji o wysokiej wydajno\u015bci.<\/p>","protected":false},"featured_media":1373,"comment_status":"open","ping_status":"closed","template":"","meta":[],"product_brand":[],"product_cat":[72,38,21,18,39,20,23,24,22,25,26,27,28,29,30,31,32,33,34,35,36,40],"product_tag":[],"class_list":{"0":"post-1166","1":"product","2":"type-product","3":"status-publish","4":"has-post-thumbnail","6":"product_cat-vapsolo","7":"product_cat-12000-puffs-disposable-vape","8":"product_cat-big-puffs-vapes","9":"product_cat-different-puffs-of-disposable-vapes","10":"product_cat-digital-box-vapes","11":"product_cat-disposable-vape-types","12":"product_cat-disposable-vapes-in-austria","13":"product_cat-disposable-vapes-in-belgium","14":"product_cat-disposable-vapes-in-europe","15":"product_cat-disposable-vapes-in-france","16":"product_cat-disposable-vapes-in-germany","17":"product_cat-disposable-vapes-in-hungary","18":"product_cat-disposable-vapes-in-ltaly","19":"product_cat-disposable-vapes-in-netherlands","20":"product_cat-disposable-vapes-in-norway","21":"product_cat-disposable-vapes-in-poland","22":"product_cat-disposable-vapes-in-portugal","23":"product_cat-disposable-vapes-in-spain","24":"product_cat-disposable-vapes-in-sweden","25":"product_cat-disposable-vapes-in-switzerland","26":"product_cat-rechargeable-vapes","27":"product_cat-smart-screen-vapes","29":"first","30":"instock","31":"shipping-taxable","32":"purchasable","33":"product-type-variable","34":"has-default-attributes"},"jetpack_sharing_enabled":true,"tiered_pricing_type":"fixed","tiered_pricing_fixed_rules":{"2000":5.6500000000000003552713678800500929355621337890625},"tiered_pricing_product_settings":{"layout":"default","base_unit_name":{"singular":null,"plural":null},"default_variation":null},"tiered_pricing_minimum_quantity":1000,"tiered_pricing_roles_data":[],"tiered_pricing_percentage_rules":[],"tiered_pricing_maximum_quantity":null,"tiered_pricing_quantity_step":"10","_links":{"self":[{"href":"https:\/\/volovape.com\/pl\/wp-json\/wp\/v2\/product\/1166","targetHints":{"allow":["GET"]}}],"collection":[{"href":"https:\/\/volovape.com\/pl\/wp-json\/wp\/v2\/product"}],"about":[{"href":"https:\/\/volovape.com\/pl\/wp-json\/wp\/v2\/types\/product"}],"replies":[{"embeddable":true,"href":"https:\/\/volovape.com\/pl\/wp-json\/wp\/v2\/comments?post=1166"}],"wp:featuredmedia":[{"embeddable":true,"href":"https:\/\/volovape.com\/pl\/wp-json\/wp\/v2\/media\/1373"}],"wp:attachment":[{"href":"https:\/\/volovape.com\/pl\/wp-json\/wp\/v2\/media?parent=1166"}],"wp:term":[{"taxonomy":"product_brand","embeddable":true,"href":"https:\/\/volovape.com\/pl\/wp-json\/wp\/v2\/product_brand?post=1166"},{"taxonomy":"product_cat","embeddable":true,"href":"https:\/\/volovape.com\/pl\/wp-json\/wp\/v2\/product_cat?post=1166"},{"taxonomy":"product_tag","embeddable":true,"href":"https:\/\/volovape.com\/pl\/wp-json\/wp\/v2\/product_tag?post=1166"}],"curies":[{"name":"wp","href":"https:\/\/api.w.org\/{rel}","templated":true}]}}