{"id":1121,"date":"2024-11-21T03:37:34","date_gmt":"2024-11-21T03:37:34","guid":{"rendered":"https:\/\/volovape.com\/?post_type=product&#038;p=1121"},"modified":"2025-07-24T07:11:26","modified_gmt":"2025-07-24T07:11:26","slug":"vapsolo-super-15000-zaciagniec","status":"publish","type":"product","link":"https:\/\/volovape.com\/pl\/product\/vapsolo-super-15000-puffs\/","title":{"rendered":"Vapsolo Super 15000 puff\u00f3w 4-poziomowy regulowany przep\u0142yw powietrza jednorazowy vape - akumulator typu C (nikotyna 2%\/5%)"},"content":{"rendered":"<p><iframe title=\"Odtwarzacz wideo VideoPress\" aria-label='Odtwarzacz wideo VideoPress' width='421' height='750' src='https:\/\/videopress.com\/embed\/pTqryXkY?hd=0&amp;cover=1' frameborder='0' allowfullscreen allow='clipboard-write'><\/iframe><script src='https:\/\/v0.wordpress.com\/js\/next\/videopress-iframe.js?m=1739540970'><\/script><\/p>\n<p><strong>Vapsolo Super 15000 Puffs jednorazowe Vape<\/strong> - Spersonalizowana waporyzacja z 4-stopniow\u0105 regulacj\u0105 przep\u0142ywu powietrza.<\/p>\n<p>Ten <strong>Vapsolo Super 15000 zaci\u0105gni\u0119\u0107<\/strong> Jednorazowy vape oferuje konfigurowalne wra\u017cenia z waporyzacji z jego <strong>4-stopniowa regulacja przep\u0142ywu powietrza<\/strong>umo\u017cliwiaj\u0105c prze\u0142\u0105czanie mi\u0119dzy stylami MTL i DTL. Z maksymalnie <strong>15 000 zaci\u0105gni\u0119\u0107<\/strong>hojny <strong>Zbiornik e-liquidu o pojemno\u015bci 25 ml<\/strong>i <strong>Akumulator o pojemno\u015bci 650 mAh<\/strong>Urz\u0105dzenie to zapewnia wyj\u0105tkow\u0105 trwa\u0142o\u015b\u0107 i wygod\u0119. The <strong>Cewka o oczkach 1,0\u03a9<\/strong> zapewnia niezmiennie g\u0142adk\u0105 i aromatyczn\u0105 par\u0119. Do wyboru <strong>Moc nikotyny 2% i 5%<\/strong>. Idealny dla vaper\u00f3w, kt\u00f3rzy lubi\u0105 spersonalizowan\u0105 waporyzacj\u0119, Vapsolo Super jest idealny do u\u017cytku osobistego i <strong>hurtownia vape jednorazowego u\u017cytku<\/strong>. <strong>Zam\u00f3wienie zbiorcze<\/strong> opcje s\u0105 dost\u0119pne dla sprzedawc\u00f3w detalicznych.<\/p>\n<h3><strong>Vapsolo Super 15000 Puffs Cechy:<\/strong><\/h3>\n<ul>\n<li>Puffy: Do 15 000<\/li>\n<li>Pojemno\u015b\u0107 e-liquidu: 25 ml<\/li>\n<li>Bateria: 650 mAh (akumulator)<\/li>\n<li>\u0141adowanie: Typ-C<\/li>\n<li>Cewka: cewka siatkowa 1,0\u03a9<\/li>\n<li>Przep\u0142yw powietrza: 4-stopniowa regulacja<\/li>\n<li>Si\u0142a nikotyny: 2%, 5%<\/li>\n<li>Dost\u0119pne smaki: Blue Razz, Blueberry Ice, Double Apple, Watermelon Ice, Strawberry Kiwi, Mixed Berry, Red Bull, Blueberry Cherry Cranberry, Lemon Lime, Skittles, Strawberry Banana, Raspberry Watermelon, Blueberry Cherry Cola, Black Ice Dragonfruit Strawberry.<\/li>\n<\/ul>\n<h4>Cz\u0119sto zadawane pytania<\/h4>\n<h5>W jaki spos\u00f3b 4-stopniowa regulacja przep\u0142ywu powietrza poprawia wra\u017cenia z waporyzacji?<\/h5>\n<p>Czterostopniowa regulacja przep\u0142ywu powietrza pozwala u\u017cytkownikom dostosowa\u0107 spos\u00f3b zaci\u0105gania si\u0119, prze\u0142\u0105czaj\u0105c si\u0119 mi\u0119dzy ciasnym stylem MTL (usta-p\u0142uca) dla bardziej skoncentrowanego smaku i lu\u017aniejszym stylem DTL (bezpo\u015brednio-p\u0142uca) dla wi\u0119kszych chmur pary. Ta wszechstronno\u015b\u0107 zaspokaja indywidualne preferencje, zapewniaj\u0105c spersonalizowane i satysfakcjonuj\u0105ce wra\u017cenia z waporyzacji.<\/p>\n<h5>Jakie s\u0105 zalety cewki mesh 1,0\u03a9?<\/h5>\n<p>Siatkowa cewka 1,0\u03a9 zosta\u0142a zaprojektowana w celu zapewnienia sp\u00f3jnego i r\u00f3wnomiernego ogrzewania, co skutkuje p\u0142ynn\u0105, bogat\u0105 i aromatyczn\u0105 produkcj\u0105 pary. Cewka ta zapewnia, \u017ce ka\u017cde zaci\u0105gni\u0119cie jest satysfakcjonuj\u0105ce i maksymalizuje dostarczanie aromatu z e-cieczy.<\/p>\n<h5>Jak d\u0142ugo dzia\u0142a bateria i jak szybko si\u0119 \u0142aduje?<\/h5>\n<p>Akumulator o pojemno\u015bci 650 mAh zosta\u0142 zaprojektowany z my\u015bl\u0105 o d\u0142ugotrwa\u0142ej wydajno\u015bci, obs\u0142uguj\u0105c do 15 000 zaci\u0105gni\u0119\u0107. Dzi\u0119ki \u0142adowaniu typu C urz\u0105dzenie \u0142aduje si\u0119 szybko, minimalizuj\u0105c przestoje i zapewniaj\u0105c mo\u017cliwo\u015b\u0107 cieszenia si\u0119 waporyzacj\u0105 bez d\u0142ugiego oczekiwania.<\/p>\n<h5>Jakie metody wysy\u0142ki s\u0105 stosowane?<\/h5>\n<p>Wsp\u00f3\u0142pracujemy z niezawodnymi przewo\u017anikami, takimi jak UPS, DHL, FedEx i DPD, aby zapewni\u0107 sprawn\u0105 i bezpieczn\u0105 dostaw\u0119. Wybieramy najodpowiedniejsz\u0105 metod\u0119 wysy\u0142ki w oparciu o lokalizacj\u0119 klienta, aby jak najszybciej dostarczy\u0107 zam\u00f3wienie.<\/p>\n<h5>Czy mog\u0119 zaufa\u0107 mojemu zakupowi?<\/h5>\n<p>Priorytetowo traktujemy zadowolenie klienta i oferujemy bezpieczne opcje p\u0142atno\u015bci, w tym PayPal z ochron\u0105 kupuj\u0105cego. Opinie klient\u00f3w mo\u017cna r\u00f3wnie\u017c znale\u017a\u0107 w serwisie TrustPilot: <a href=\"https:\/\/www.trustpilot.com\/review\/volovape.com?utm_medium=trustbox&amp;utm_source=TrustBoxReviewCollector\">TrustPilot<\/a>.<\/p>","protected":false},"excerpt":{"rendered":"<p>Ciesz si\u0119 spersonalizowan\u0105 waporyzacj\u0105 dzi\u0119ki jednorazowemu waporyzatorowi Vapsolo Super 15000 Puffs. 15 000 zaci\u0105gni\u0119\u0107, 25 ml, regulowany przep\u0142yw powietrza, cewka siatkowa 1,0 \u03a9. Nikotyna 2% i 5%. 15 smak\u00f3w.<\/p>","protected":false},"featured_media":1364,"comment_status":"open","ping_status":"closed","template":"","meta":[],"product_brand":[],"product_cat":[72,41,21,18,20,23,24,22,25,26,27,28,29,30,31,32,33,34,35,36],"product_tag":[],"class_list":{"0":"post-1121","1":"product","2":"type-product","3":"status-publish","4":"has-post-thumbnail","6":"product_cat-vapsolo","7":"product_cat-15000-puffs-disposable-vape","8":"product_cat-big-puffs-vapes","9":"product_cat-different-puffs-of-disposable-vapes","10":"product_cat-disposable-vape-types","11":"product_cat-disposable-vapes-in-austria","12":"product_cat-disposable-vapes-in-belgium","13":"product_cat-disposable-vapes-in-europe","14":"product_cat-disposable-vapes-in-france","15":"product_cat-disposable-vapes-in-germany","16":"product_cat-disposable-vapes-in-hungary","17":"product_cat-disposable-vapes-in-ltaly","18":"product_cat-disposable-vapes-in-netherlands","19":"product_cat-disposable-vapes-in-norway","20":"product_cat-disposable-vapes-in-poland","21":"product_cat-disposable-vapes-in-portugal","22":"product_cat-disposable-vapes-in-spain","23":"product_cat-disposable-vapes-in-sweden","24":"product_cat-disposable-vapes-in-switzerland","25":"product_cat-rechargeable-vapes","27":"first","28":"instock","29":"shipping-taxable","30":"purchasable","31":"product-type-variable","32":"has-default-attributes"},"jetpack_sharing_enabled":true,"tiered_pricing_type":"fixed","tiered_pricing_fixed_rules":{"2000":5.9900000000000002131628207280300557613372802734375},"tiered_pricing_product_settings":{"layout":"default","base_unit_name":{"singular":null,"plural":null},"default_variation":null},"tiered_pricing_minimum_quantity":1000,"tiered_pricing_roles_data":[],"tiered_pricing_percentage_rules":[],"tiered_pricing_maximum_quantity":null,"tiered_pricing_quantity_step":"10","_links":{"self":[{"href":"https:\/\/volovape.com\/pl\/wp-json\/wp\/v2\/product\/1121","targetHints":{"allow":["GET"]}}],"collection":[{"href":"https:\/\/volovape.com\/pl\/wp-json\/wp\/v2\/product"}],"about":[{"href":"https:\/\/volovape.com\/pl\/wp-json\/wp\/v2\/types\/product"}],"replies":[{"embeddable":true,"href":"https:\/\/volovape.com\/pl\/wp-json\/wp\/v2\/comments?post=1121"}],"wp:featuredmedia":[{"embeddable":true,"href":"https:\/\/volovape.com\/pl\/wp-json\/wp\/v2\/media\/1364"}],"wp:attachment":[{"href":"https:\/\/volovape.com\/pl\/wp-json\/wp\/v2\/media?parent=1121"}],"wp:term":[{"taxonomy":"product_brand","embeddable":true,"href":"https:\/\/volovape.com\/pl\/wp-json\/wp\/v2\/product_brand?post=1121"},{"taxonomy":"product_cat","embeddable":true,"href":"https:\/\/volovape.com\/pl\/wp-json\/wp\/v2\/product_cat?post=1121"},{"taxonomy":"product_tag","embeddable":true,"href":"https:\/\/volovape.com\/pl\/wp-json\/wp\/v2\/product_tag?post=1121"}],"curies":[{"name":"wp","href":"https:\/\/api.w.org\/{rel}","templated":true}]}}