{"id":1120,"date":"2024-11-21T03:37:34","date_gmt":"2024-11-21T03:37:34","guid":{"rendered":"https:\/\/volovape.com\/?post_type=product&#038;p=1120"},"modified":"2025-09-08T03:35:10","modified_gmt":"2025-09-08T03:35:10","slug":"vapsolo-twins-20000-puffs-podwojny-smak-jednorazowe-hurtowo","status":"publish","type":"product","link":"https:\/\/volovape.com\/pl\/product\/vapsolo-twins-20000-puffs-dual-flavor-disposable-wholesale\/","title":{"rendered":"VapSolo Twins 20000 zaci\u0105gni\u0119\u0107 jednorazowego vape'a o podw\u00f3jnym smaku - \u0142adowalny z wy\u015bwietlaczem"},"content":{"rendered":"<p><iframe title=\"Odtwarzacz wideo VideoPress\" aria-label='Odtwarzacz wideo VideoPress' width='421' height='750' src='https:\/\/videopress.com\/embed\/q9MmvkxP?hd=0&amp;cover=1' frameborder='0' allowfullscreen allow='clipboard-write'><\/iframe><script src='https:\/\/v0.wordpress.com\/js\/next\/videopress-iframe.js?m=1739540970'><\/script><\/p>\n<p><strong>VapSolo Twins 20000 Puffs Dual Flavor Vape jednorazowego u\u017cytku<\/strong> - Podw\u00f3jny smak, podw\u00f3jna satysfakcja.<\/p>\n<p>Ten <strong>VapSolo Twins 20000 Puffs<\/strong> jednorazowy vape wprowadza rewolucyjn\u0105 konstrukcj\u0119 o dw\u00f3ch smakach, umo\u017cliwiaj\u0105c prze\u0142\u0105czanie mi\u0119dzy dwoma r\u00f3\u017cnymi smakami w jednym wygodnym urz\u0105dzeniu z mo\u017cliwo\u015bci\u0105 \u0142adowania. Z maksymalnie <strong>20 000 zaci\u0105gni\u0119\u0107<\/strong>hojny <strong>Pojemno\u015b\u0107 25 ml e-liquidu<\/strong>i <strong>Akumulator o pojemno\u015bci 650 mAh<\/strong>To urz\u0105dzenie oferuje wyj\u0105tkow\u0105 trwa\u0142o\u015b\u0107 i r\u00f3\u017cnorodno\u015b\u0107. Zintegrowany wy\u015bwietlacz zapewnia monitorowanie w czasie rzeczywistym poziomu e-cieczy i baterii, podczas gdy <strong>Siatka 1\u03a9<\/strong> zapewnia g\u0142adk\u0105, aromatyczn\u0105 par\u0119. Do wyboru <strong>Moc nikotyny 2% i 5%<\/strong>. Idealny dla vaper\u00f3w poszukuj\u0105cych r\u00f3\u017cnorodno\u015bci i d\u0142ugotrwa\u0142ej wydajno\u015bci, VapSolo Twins jest idealny do u\u017cytku osobistego i <strong>hurtownia vape jednorazowego u\u017cytku<\/strong>. <strong>Zam\u00f3wienie zbiorcze<\/strong> opcje s\u0105 dost\u0119pne dla sprzedawc\u00f3w detalicznych.<\/p>\n<h3><strong>VapSolo Twins 20000 Puffs Cechy:<\/strong><\/h3>\n<ul>\n<li>Puffy: Do 20 000<\/li>\n<li>Pojemno\u015b\u0107 e-liquidu: 25 ml<\/li>\n<li>Bateria: 650 mAh (akumulator)<\/li>\n<li>\u0141adowanie: Typ-C<\/li>\n<li>Cewka: Cewka siatkowa (1\u03a9)<\/li>\n<li>Si\u0142a nikotyny: 2%, 5%<\/li>\n<li>Wy\u015bwietlacz: E-liquid i poziom na\u0142adowania baterii<\/li>\n<li>Typ smaku: Podw\u00f3jny smak<\/li>\n<li>Dost\u0119pne kombinacje smak\u00f3w: Lemon Lime &amp; Watermelon Ice, Grape Ice &amp; Strawberry Kiwi, Pineapple Coconut &amp; Strawberry Banana, Orange Mango Watermelon &amp; Red Bull, Blueberry Ice &amp; Fizzy Cherry, Watermelon Ice &amp; Mixed Berry, Strawberry Banana &amp; Fizzy Cherry, Strawberry Raspberry Cherry Ice &amp; Grape Ice, Blue Razz Lemonade &amp; Lemon Lime, Watermelon Ice &amp; Strawberry Mango.<\/li>\n<\/ul>\n<h4>Cz\u0119sto zadawane pytania<\/h4>\n<h5>W jaki spos\u00f3b podw\u00f3jny smak poprawia wra\u017cenia z waporyzacji?<\/h5>\n<p>Dwusmakowa konstrukcja VapSolo Twins pozwala u\u017cytkownikom prze\u0142\u0105cza\u0107 si\u0119 mi\u0119dzy dwoma r\u00f3\u017cnymi smakami bez konieczno\u015bci korzystania z wielu urz\u0105dze\u0144. Zapewnia to r\u00f3\u017cnorodno\u015b\u0107 i zapobiega zm\u0119czeniu smakiem, dzi\u0119ki czemu jest idealny dla vaper\u00f3w, kt\u00f3rzy lubi\u0105 odkrywa\u0107 r\u00f3\u017cne smaki.<\/p>\n<h5>Jakie s\u0105 zalety zintegrowanego wy\u015bwietlacza?<\/h5>\n<p>Zintegrowany wy\u015bwietlacz zapewnia monitorowanie poziomu e-cieczy i baterii w czasie rzeczywistym, dzi\u0119ki czemu u\u017cytkownik jest zawsze informowany o stanie urz\u0105dzenia. Funkcja ta zwi\u0119ksza wygod\u0119 i zapobiega nieoczekiwanym przerwom, umo\u017cliwiaj\u0105c p\u0142ynn\u0105 waporyzacj\u0119.<\/p>\n<h5>W jaki spos\u00f3b cewka siatkowa 1\u03a9 wp\u0142ywa na smak i wytwarzanie pary?<\/h5>\n<p>Siatkowa cewka 1\u03a9 zosta\u0142a zaprojektowana w celu zapewnienia g\u0142adkiej, sp\u00f3jnej i aromatycznej pary. Optymalizuje dystrybucj\u0119 ciep\u0142a i odparowywanie e-cieczy, zapewniaj\u0105c, \u017ce ka\u017cde zaci\u0105gni\u0119cie jest bogate i satysfakcjonuj\u0105ce.<\/p>\n<h5>Jakie metody wysy\u0142ki s\u0105 stosowane?<\/h5>\n<p>Wsp\u00f3\u0142pracujemy z niezawodnymi przewo\u017anikami, takimi jak UPS, DHL, FedEx i DPD, aby zapewni\u0107 sprawn\u0105 i bezpieczn\u0105 dostaw\u0119. Wybieramy najodpowiedniejsz\u0105 metod\u0119 wysy\u0142ki w oparciu o lokalizacj\u0119 klienta, aby jak najszybciej dostarczy\u0107 zam\u00f3wienie.<\/p>\n<h5>Czy mog\u0119 zaufa\u0107 mojemu zakupowi?<\/h5>\n<p>Priorytetowo traktujemy zadowolenie klienta i oferujemy bezpieczne opcje p\u0142atno\u015bci, w tym PayPal z ochron\u0105 kupuj\u0105cego. Opinie klient\u00f3w mo\u017cna r\u00f3wnie\u017c znale\u017a\u0107 w serwisie TrustPilot: <a href=\"https:\/\/www.trustpilot.com\/review\/volovape.com?utm_medium=trustbox&amp;utm_source=TrustBoxReviewCollector\">TrustPilot<\/a>.<\/p>","protected":false},"excerpt":{"rendered":"<p>Zmaksymalizuj sprzeda\u017c vape dzi\u0119ki VapSolo Twins 20000 Puffs hurtowo! Dwa smaki, 25 ml, wy\u015bwietlacz, cewka siatkowa 1\u03a9. Zaopatrz si\u0119 w ten wyj\u0105tkowy jednorazowy akumulator ju\u017c dzi\u015b.<\/p>","protected":false},"featured_media":1330,"comment_status":"open","ping_status":"closed","template":"","meta":[],"product_brand":[],"product_cat":[72,42,21,18,39,20,23,24,22,25,26,27,28,29,30,31,32,33,34,35,64,36,40],"product_tag":[],"class_list":{"0":"post-1120","1":"product","2":"type-product","3":"status-publish","4":"has-post-thumbnail","6":"product_cat-vapsolo","7":"product_cat-20000-puffs-disposable-vape","8":"product_cat-big-puffs-vapes","9":"product_cat-different-puffs-of-disposable-vapes","10":"product_cat-digital-box-vapes","11":"product_cat-disposable-vape-types","12":"product_cat-disposable-vapes-in-austria","13":"product_cat-disposable-vapes-in-belgium","14":"product_cat-disposable-vapes-in-europe","15":"product_cat-disposable-vapes-in-france","16":"product_cat-disposable-vapes-in-germany","17":"product_cat-disposable-vapes-in-hungary","18":"product_cat-disposable-vapes-in-ltaly","19":"product_cat-disposable-vapes-in-netherlands","20":"product_cat-disposable-vapes-in-norway","21":"product_cat-disposable-vapes-in-poland","22":"product_cat-disposable-vapes-in-portugal","23":"product_cat-disposable-vapes-in-spain","24":"product_cat-disposable-vapes-in-sweden","25":"product_cat-disposable-vapes-in-switzerland","26":"product_cat-dual-flavor-vapes","27":"product_cat-rechargeable-vapes","28":"product_cat-smart-screen-vapes","30":"first","31":"instock","32":"shipping-taxable","33":"purchasable","34":"product-type-variable","35":"has-default-attributes"},"jetpack_sharing_enabled":true,"tiered_pricing_type":"fixed","tiered_pricing_fixed_rules":{"2000":7.20000000000000017763568394002504646778106689453125},"tiered_pricing_product_settings":{"layout":"default","base_unit_name":{"singular":null,"plural":null},"default_variation":null},"tiered_pricing_minimum_quantity":1000,"tiered_pricing_roles_data":[],"tiered_pricing_percentage_rules":[],"tiered_pricing_maximum_quantity":null,"tiered_pricing_quantity_step":"10","_links":{"self":[{"href":"https:\/\/volovape.com\/pl\/wp-json\/wp\/v2\/product\/1120","targetHints":{"allow":["GET"]}}],"collection":[{"href":"https:\/\/volovape.com\/pl\/wp-json\/wp\/v2\/product"}],"about":[{"href":"https:\/\/volovape.com\/pl\/wp-json\/wp\/v2\/types\/product"}],"replies":[{"embeddable":true,"href":"https:\/\/volovape.com\/pl\/wp-json\/wp\/v2\/comments?post=1120"}],"wp:featuredmedia":[{"embeddable":true,"href":"https:\/\/volovape.com\/pl\/wp-json\/wp\/v2\/media\/1330"}],"wp:attachment":[{"href":"https:\/\/volovape.com\/pl\/wp-json\/wp\/v2\/media?parent=1120"}],"wp:term":[{"taxonomy":"product_brand","embeddable":true,"href":"https:\/\/volovape.com\/pl\/wp-json\/wp\/v2\/product_brand?post=1120"},{"taxonomy":"product_cat","embeddable":true,"href":"https:\/\/volovape.com\/pl\/wp-json\/wp\/v2\/product_cat?post=1120"},{"taxonomy":"product_tag","embeddable":true,"href":"https:\/\/volovape.com\/pl\/wp-json\/wp\/v2\/product_tag?post=1120"}],"curies":[{"name":"wp","href":"https:\/\/api.w.org\/{rel}","templated":true}]}}