{"id":5962,"date":"2024-11-28T05:15:59","date_gmt":"2024-11-28T05:15:59","guid":{"rendered":"https:\/\/volovape.com\/?page_id=5962"},"modified":"2025-08-10T19:24:03","modified_gmt":"2025-08-10T19:24:03","slug":"co-mowia-nasi-klienci","status":"publish","type":"page","link":"https:\/\/volovape.com\/pl\/what-our-customers-say\/","title":{"rendered":"Co m\u00f3wi\u0105 nasi klienci?"},"content":{"rendered":"<h3>Dlaczego ludzie kochaj\u0105 VOLO Vape: Oto najwa\u017cniejsze informacje<\/h3>\n<p>Okej, wi\u0119c s\u0142ysza\u0142em sporo szumu na ten temat <strong>VOLO Waporyzator<\/strong> ostatnio i po sprawdzeniu kilku opinii klient\u00f3w, musz\u0119 powiedzie\u0107, \u017ce ludzie naprawd\u0119 o nich m\u00f3wi\u0105. Serio, trudno zignorowa\u0107 mi\u0142o\u015b\u0107, jak\u0105 dostaj\u0105. Wi\u0119c je\u015bli interesujesz si\u0119 wapowaniem (lub nawet je\u015bli jeste\u015b po prostu ciekawy), oto dlaczego <strong>VOLO Waporyzator<\/strong> przyci\u0105ga ca\u0142\u0105 uwag\u0119.<\/p>\n<p><strong>1. Jako\u015b\u0107, kt\u00f3ra si\u0119 nie poddaje<\/strong><br \/>\nPo pierwsze, ludzie nie mog\u0105 przesta\u0107 m\u00f3wi\u0107 o tym, jak solidny jest <strong>VOLO Waporyzator<\/strong> urz\u0105dzenia s\u0105. M\u00f3wimy tu o trwa\u0142ych, wysokiej jako\u015bci rzeczach. Recenzenci ci\u0105gle m\u00f3wi\u0105, \u017ce ich waporyzatory dzia\u0142aj\u0105 d\u0142u\u017cej i lepiej ni\u017c wiele innych na rynku. Wiem, jak frustruj\u0105ce mo\u017ce by\u0107, gdy wydasz troch\u0119 got\u00f3wki na waporyzator, a on po kilku miesi\u0105cach przestaje dzia\u0142a\u0107, ale z <a href=\"https:\/\/volovape.com\/pl\/\"><strong>VOLO Waporyzator<\/strong><\/a>, to nie wydaje si\u0119 by\u0107 problemem. Klienci s\u0105 pod wra\u017ceniem niezawodno\u015bci ich urz\u0105dze\u0144, co jest ogromn\u0105 spraw\u0105, je\u015bli chcesz czego\u015b, co b\u0119dzie trwa\u0142e.<\/p>\n<p><strong>2. G\u0142adkie trafienia za ka\u017cdym razem<\/strong><br \/>\nKolejna wa\u017cna rzecz, kt\u00f3r\u0105 ludzie kochaj\u0105? Jak g\u0142adkie jest do\u015bwiadczenie wapowania. Znasz to ostre uderzenie w gard\u0142o, kt\u00f3re daj\u0105 niekt\u00f3re wapory? <strong>VOLO Waporyzator<\/strong> wydaje si\u0119, \u017ce uda\u0142o si\u0119 osi\u0105gn\u0105\u0107 t\u0119 r\u00f3wnowag\u0119. Recenzenci twierdz\u0105, \u017ce para jest superg\u0142adka, a smak jest na miejscu. Niezale\u017cnie od tego, czy jeste\u015b nowicjuszem w wapowaniu, czy do\u015bwiadczonym profesjonalist\u0105, brzmi to jak <strong>VOLO Waporyzator<\/strong> zapewnia Ci idealne, satysfakcjonuj\u0105ce uderzenie za ka\u017cdym razem.<\/p>\n<p><strong>3. Opcje dla ka\u017cdego typu vapera<\/strong><br \/>\nOto co\u015b, co si\u0119 wyr\u00f3\u017cnia\u0142o: <strong>VOLO Waporyzator<\/strong> ma mn\u00f3stwo r\u00f3\u017cnych produkt\u00f3w. Niezale\u017cnie od tego, czy jeste\u015b osob\u0105, kt\u00f3ra chce po prostu kompaktowego, \u0142atwego do przenoszenia waporyzatora, czy szukasz wytrzyma\u0142ego, trwa\u0142ego urz\u0105dzenia, <strong>VOLO Waporyzator<\/strong> ma co\u015b dla Ciebie. A ludzie kochaj\u0105 t\u0119 elastyczno\u015b\u0107 \u2014 mo\u017cliwo\u015b\u0107 wyboru odpowiedniego urz\u0105dzenia do swojego stylu i potrzeb to ogromny plus.<\/p>\n<p><strong>4. Obs\u0142uga klienta, kt\u00f3ra naprawd\u0119 si\u0119 troszczy<\/strong><br \/>\nWidzia\u0142em wiele recenzji, w kt\u00f3rych ludzie chwalili obs\u0142ug\u0119 klienta. I szczerze m\u00f3wi\u0105c, to co\u015b, o czym nie zawsze si\u0119 s\u0142yszy. Wiele firm mo\u017ce mie\u0107 r\u00f3\u017cne do\u015bwiadczenia, je\u015bli chodzi o wsparcie, ale <strong>VOLO Waporyzator<\/strong> zbiera rekwizyty za super responsywno\u015b\u0107. Je\u015bli kiedykolwiek pojawi si\u0119 problem z zam\u00f3wieniem lub produktem, szybko go rozwi\u0105zuj\u0105. Wygl\u0105da na to, \u017ce naprawd\u0119 zale\u017cy im na tym, aby si\u0119 tob\u0105 zaj\u0105\u0107, a to wiele znaczy.<\/p>\n<p><strong>5. Przyst\u0119pne cenowo, ale nadal najwy\u017cszej klasy<\/strong><br \/>\nWiesz, jak to jest \u2014 czasami chcesz najlepszych rzeczy, ale tw\u00f3j portfel nie zawsze si\u0119 z tym zgadza. No c\u00f3\u017c, oto fajna cz\u0119\u015b\u0107: ludzie m\u00f3wi\u0105, \u017ce <strong>VOLO Waporyzator<\/strong> oferuje \u015bwietne produkty bez szalenie wysokiej ceny. To jedna z tych marek, kt\u00f3ra daje Ci warto\u015b\u0107 za Twoje pieni\u0105dze, dlatego tak wielu klient\u00f3w wraca po wi\u0119cej. Otrzymujesz najwy\u017csz\u0105 jako\u015b\u0107 bez poczucia, \u017ce rozbijasz bank.<\/p>\n<p><strong>6. Szybka dostawa, kt\u00f3ra nie ka\u017ce Ci czeka\u0107<\/strong><br \/>\nJe\u015bli jeste\u015b taki jak ja, nie cierpisz czeka\u0107 na przesy\u0142ki. To prawie jak gra w \u201eczy dotr\u0105 dzisiaj?\u201d. Ale z <strong>VOLO Waporyzator<\/strong>, ludzie m\u00f3wi\u0105, \u017ce s\u0105 szybcy w wysy\u0142ce, czasami nawet otrzymuj\u0105 zam\u00f3wienia wcze\u015bniej ni\u017c oczekiwano. Wi\u0119c je\u015bli masz ochot\u0119 spr\u00f3bowa\u0107 czego\u015b nowego, wydaje si\u0119, \u017ce <strong>VOLO Waporyzator<\/strong> nie pozostawi Ci\u0119 w niepewno\u015bci zbyt d\u0142ugo.<\/p>\n<p><strong>7. Ludzie wci\u0105\u017c wracaj\u0105 po wi\u0119cej<\/strong><br \/>\nJedna z najwi\u0119kszych rzeczy, jakie mo\u017cna wynie\u015b\u0107 z tych recenzji? Ludzie s\u0105 lojalni. Gdy ju\u017c spr\u00f3buj\u0105 <strong>VOLO Waporyzator<\/strong>, trzymaj\u0105 si\u0119 tego. Wielu u\u017cytkownik\u00f3w stwierdzi\u0142o, \u017ce przeszli z innych marek i nie \u017ca\u0142uj\u0105. Jest co\u015b w ich produktach \u2014 mo\u017ce to jako\u015b\u0107, mo\u017ce sp\u00f3jno\u015b\u0107 \u2014 co sprawia, \u017ce ludzie wracaj\u0105 po wi\u0119cej. I szczerze m\u00f3wi\u0105c, kiedy marka zdobywa tak\u0105 lojalno\u015b\u0107, to wiele m\u00f3wi.<\/p>\n<hr \/>\n<p><strong>Podsumowanie:<\/strong><br \/>\nTak, wygl\u0105da na to, \u017ce <strong>VOLO Waporyzator<\/strong> naprawd\u0119 robi co\u015b dobrze. Ich produkty, obs\u0142uga klienta, ceny i wysy\u0142ka ciesz\u0105 si\u0119 ogromn\u0105 sympati\u0105 u\u017cytkownik\u00f3w. Je\u015bli szukasz solidnego waporyzatora, warto ich sprawdzi\u0107. Opinie m\u00f3wi\u0105 same za siebie i podejrzewam, \u017ce zrozumiesz, dlaczego tak wiele os\u00f3b jest ich fanami.<\/p>","protected":false},"excerpt":{"rendered":"<p>Why People Are Loving VOLO Vape: Here&#8217;s the Scoop Okay, so I\u2019ve been hearing a lot of buzz about VOLO Vape lately, and after checking out some customer reviews, I gotta say, people are really raving about them. Seriously, it\u2019s hard to ignore the love they\u2019re getting. So, if you\u2019re into vaping (or even if [&hellip;]<\/p>\n","protected":false},"author":1,"featured_media":0,"parent":0,"menu_order":0,"comment_status":"closed","ping_status":"closed","template":"","meta":{"footnotes":""},"class_list":["post-5962","page","type-page","status-publish","hentry"],"jetpack_sharing_enabled":true,"_links":{"self":[{"href":"https:\/\/volovape.com\/pl\/wp-json\/wp\/v2\/pages\/5962","targetHints":{"allow":["GET"]}}],"collection":[{"href":"https:\/\/volovape.com\/pl\/wp-json\/wp\/v2\/pages"}],"about":[{"href":"https:\/\/volovape.com\/pl\/wp-json\/wp\/v2\/types\/page"}],"author":[{"embeddable":true,"href":"https:\/\/volovape.com\/pl\/wp-json\/wp\/v2\/users\/1"}],"replies":[{"embeddable":true,"href":"https:\/\/volovape.com\/pl\/wp-json\/wp\/v2\/comments?post=5962"}],"version-history":[{"count":3,"href":"https:\/\/volovape.com\/pl\/wp-json\/wp\/v2\/pages\/5962\/revisions"}],"predecessor-version":[{"id":35706,"href":"https:\/\/volovape.com\/pl\/wp-json\/wp\/v2\/pages\/5962\/revisions\/35706"}],"wp:attachment":[{"href":"https:\/\/volovape.com\/pl\/wp-json\/wp\/v2\/media?parent=5962"}],"curies":[{"name":"wp","href":"https:\/\/api.w.org\/{rel}","templated":true}]}}