{"id":28648,"date":"2025-03-21T06:47:18","date_gmt":"2025-03-21T06:47:18","guid":{"rendered":"https:\/\/volovape.com\/?post_type=product&#038;p=28648"},"modified":"2026-04-08T01:51:05","modified_gmt":"2026-04-08T01:51:05","slug":"waspe-60000-puffs-3-in-1-wegwerp-vape","status":"publish","type":"product","link":"https:\/\/volovape.com\/nl\/product\/waspe-60000-puffs-3-in-1-disposable-vape\/","title":{"rendered":"WASPE 60K 3-in-1 wegwerpvape | drievoudige smaken, 60.000 trekjes, groothandel in bulk"},"content":{"rendered":"<p><strong>WASPE 60K 3-in-1 wegwerpvape<\/strong> - Drie keer zoveel smaak, drie keer zoveel plezier, met een ongekende 60.000 trekjes. Deze revolutionaire wegwerp vape levert een verbazingwekkende <strong>60.000 trekjes<\/strong>combineren <strong>drie verschillende smaken<\/strong> in \u00e9\u00e9n gestroomlijnd apparaat. Ge\u00efnspireerd door de populaire WASPE Crystal, biedt deze vape <strong>12 unieke smaaktrio's<\/strong>voor elke smaak. Dit apparaat, dat perfect is voor de groothandel, zorgt ervoor dat je klanten kunnen genieten van langdurig vaping-plezier en diverse smaakervaringen. Het draagbare ontwerp en de hoge capaciteit maken het een uitstekende keuze voor zowel persoonlijk gebruik als groothandel.<\/p>\n<h3><strong>WASPE 60K 3-in-1 Kenmerken:<\/strong><\/h3>\n<ul>\n<li>Puffs: 60.000 Puffs (54ml e-liquid)<\/li>\n<li>Smaken: 3-in-1 Drievoudig smaakontwerp<\/li>\n<li>Smaakopties: 12 unieke smaaktrio's<\/li>\n<li>Ontwerp: Slank en draagbaar<\/li>\n<li>Ideaal voor: Groothandel in bulk<\/li>\n<\/ul>\n<h4>Veelgestelde vragen<\/h4>\n<h5>Hoe werkt het 3-in-1 smaakschakelmechanisme?<\/h5>\n<p>De WASPE 60K 3-in-1 heeft een innovatief mechanisme waarmee gebruikers naadloos kunnen wisselen tussen de drie meegeleverde smaken. Een eenvoudige aanpassing op het apparaat activeert verschillende smaakkamers, wat zorgt voor een gevarieerde en plezierige vaping ervaring zonder dat je meerdere apparaten nodig hebt.<\/p>\n<h5>Is het voordelig om de WASPE 60K 3-in-1 in bulk in te kopen?<\/h5>\n<p>Groothandel in bulk verzekert je van prioritaire toegang tot dit product waar veel vraag naar is, zodat je het als een van de eersten aan je klanten kunt aanbieden. Het stelt je ook in staat om te profiteren van kosteneffectieve bulkprijzen, waardoor je winstgevendheid wordt gemaximaliseerd. Dit zorgt ervoor dat je aan de aanvankelijk grote vraag kunt voldoen en een consistente voorraad kunt aanhouden.<\/p>\n<h5>Hoe garandeer je de kwaliteit en veiligheid van zo'n apparaat met zo'n hoge capaciteit?<\/h5>\n<p>We bouwen voort op de gevestigde reputatie van het WASPE Crystal en zorgen ervoor dat de WASPE 60K 3-in-1 voldoet aan strenge kwaliteits- en veiligheidsnormen. Elk apparaat wordt grondig getest om consistente prestaties en veiligheid voor de gebruiker te garanderen. We ondersteunen ook PayPal-betalingen en kopersbescherming. Je kunt ook onze beoordelingen bekijken op <a href=\"https:\/\/www.trustpilot.com\/review\/volovape.com?utm_medium=trustbox&amp;utm_source=TrustBoxReviewCollector\">TrustPilot<\/a>.<\/p>","protected":false},"excerpt":{"rendered":"<p>Ontketen drievoudige smaakgelukzaligheid met de WASPE 60K 3-in-1 Wegwerp Vape! Geniet van 60.000 trekjes en 3 unieke smaken in \u00e9\u00e9n slank apparaat.<\/p>\n<p><strong>Groothandel<\/strong>\u00a0in bulk en sla een voorraad in van deze verbeterde <a href=\"https:\/\/volovape.com\/nl\/product\/waspe-40k-dubbele-smaak-tweelingen-40000-trekjes\/\">WASPE 40k<\/a> Ge\u00efnspireerde vape met 12 smaken om uit te kiezen.<\/p>","protected":false},"featured_media":37388,"comment_status":"open","ping_status":"closed","template":"","meta":[],"product_brand":[],"product_cat":[17],"product_tag":[],"class_list":{"0":"post-28648","1":"product","2":"type-product","3":"status-publish","4":"has-post-thumbnail","6":"product_cat-waspe","8":"first","9":"instock","10":"shipping-taxable","11":"purchasable","12":"product-type-variable","13":"has-default-attributes"},"jetpack_sharing_enabled":true,"tiered_pricing_type":"fixed","tiered_pricing_fixed_rules":{"30":8.17999999999999971578290569595992565155029296875,"50":7.78000000000000024868995751603506505489349365234375,"100":7.28000000000000024868995751603506505489349365234375,"200":6.6699999999999999289457264239899814128875732421875,"400":6.36000000000000031974423109204508364200592041015625},"tiered_pricing_product_settings":{"layout":"default","base_unit_name":{"singular":null,"plural":null},"default_variation":null},"tiered_pricing_minimum_quantity":10,"tiered_pricing_roles_data":[],"tiered_pricing_percentage_rules":[],"tiered_pricing_maximum_quantity":null,"tiered_pricing_quantity_step":"10","_links":{"self":[{"href":"https:\/\/volovape.com\/nl\/wp-json\/wp\/v2\/product\/28648","targetHints":{"allow":["GET"]}}],"collection":[{"href":"https:\/\/volovape.com\/nl\/wp-json\/wp\/v2\/product"}],"about":[{"href":"https:\/\/volovape.com\/nl\/wp-json\/wp\/v2\/types\/product"}],"replies":[{"embeddable":true,"href":"https:\/\/volovape.com\/nl\/wp-json\/wp\/v2\/comments?post=28648"}],"wp:featuredmedia":[{"embeddable":true,"href":"https:\/\/volovape.com\/nl\/wp-json\/wp\/v2\/media\/37388"}],"wp:attachment":[{"href":"https:\/\/volovape.com\/nl\/wp-json\/wp\/v2\/media?parent=28648"}],"wp:term":[{"taxonomy":"product_brand","embeddable":true,"href":"https:\/\/volovape.com\/nl\/wp-json\/wp\/v2\/product_brand?post=28648"},{"taxonomy":"product_cat","embeddable":true,"href":"https:\/\/volovape.com\/nl\/wp-json\/wp\/v2\/product_cat?post=28648"},{"taxonomy":"product_tag","embeddable":true,"href":"https:\/\/volovape.com\/nl\/wp-json\/wp\/v2\/product_tag?post=28648"}],"curies":[{"name":"wp","href":"https:\/\/api.w.org\/{rel}","templated":true}]}}