{"id":92,"date":"2024-11-21T03:26:52","date_gmt":"2024-11-21T03:26:52","guid":{"rendered":"https:\/\/volovape.com\/?post_type=product&#038;p=92"},"modified":"2025-10-30T05:03:11","modified_gmt":"2025-10-30T05:03:11","slug":"mrvi-18000-puku","status":"publish","type":"product","link":"https:\/\/volovape.com\/lt\/product\/mrvi-18000-puffs\/","title":{"rendered":"MRVI 18000 Puffs vienkartinis vape - Dviguba tinklelio rit\u0117 ir reguliuojamas kaitinimas (2%\/5% nikotinas)"},"content":{"rendered":"<p><iframe title=\"VideoPress vaizdo \u012fra\u0161\u0173 grotuvas\" aria-label='VideoPress vaizdo \u012fra\u0161\u0173 grotuvas' width='421' height='750' src='https:\/\/videopress.com\/embed\/4wiCqhDO?hd=0&amp;cover=1' frameborder='0' allowfullscreen allow='clipboard-write'><\/iframe><script src='https:\/\/v0.wordpress.com\/js\/next\/videopress-iframe.js?m=1739540970'><\/script><\/p>\n<p><strong>MRVI 18000 Puffs vienkartiniai Vape<\/strong> - Pritaikomas garinimas su dviem tinklin\u0117mis spiral\u0117mis ir reguliuojamu kaitinimu.<\/p>\n<p>Svetain\u0117 <strong>MRVI 18000<\/strong> nustato nauj\u0105 vienkartini\u0173 garintuv\u0173 standart\u0105, si\u016blydama iki <strong>18 000 \u012fkv\u0117pim\u0173<\/strong> ir dosniai <strong>26 ml e-skys\u010dio talpa<\/strong>. Powered by a <strong>600 mAh \u012fkraunamas akumuliatorius<\/strong> ir su <strong>C tipo \u012fkrovimas<\/strong>, \u0161is prietaisas skirtas naudoti ilg\u0105 laik\u0105. . <strong>dvigubos 1,0\u03a9 tinklelio rit\u0117s<\/strong> skleid\u017eia sodrius, \u0161velnius garus, o <strong>keturi reguliuojami \u0161ildymo re\u017eimai<\/strong> gal\u0117site tiksliai sureguliuoti garinimo patirt\u012f. Galite rinktis <strong>2% ir 5% nikotino stiprumas<\/strong> kad atitikt\u0173 j\u016bs\u0173 pageidavimus. Galima \u012fsigyti <strong>10 unikali\u0173 skoni\u0173<\/strong>MRVI 18000 idealiai tinka <strong>vienkartiniai vape didmenin\u0117 prekyba<\/strong>, <strong>masiniai u\u017esakymai<\/strong>, arba <strong>asmeniniam naudojimui<\/strong>, kuriame pa\u017eangios technologijos derinamos su did\u017eiausiu patogumu.<\/p>\n<h3><strong>MRVI 18000 Funkcijos:<\/strong><\/h3>\n<ul>\n<li>Pufai: Iki 18 000 puffs\u0173<\/li>\n<li>E-skys\u010dio talpa: 26 ml<\/li>\n<li>Baterija: 600 mAh (\u012fkraunama)<\/li>\n<li>\u012ekrovimas: C tipo<\/li>\n<li>rit\u0117: Dvigubos 1,0\u03a9 tinklin\u0117s rit\u0117s.<\/li>\n<li>\u0160ildymo re\u017eimai: 4 reguliuojami re\u017eimai<\/li>\n<li>Nikotino stiprumas: 2%, 5%<\/li>\n<li>Skoniai: 10 unikali\u0173 variant\u0173<\/li>\n<li>Matmenys: 43 x 23,7 x 99 mm<\/li>\n<li>Vienkartinis \u012frenginys<\/li>\n<\/ul>\n<h4>DUK<\/h4>\n<h5>Kaip reguliuojami kaitinimo re\u017eimai pagerina garinimo patirt\u012f?<\/h5>\n<p>D\u0117l keturi\u0173 reguliuojam\u0173 kaitinimo re\u017eim\u0173 galite pritaikyti gar\u0173 intensyvum\u0105 ir \u0161ilum\u0105. Nesvarbu, ar m\u0117gstate \u0161veln\u0173, skland\u0173 garavim\u0105, ar stipresn\u012f, intensyvesn\u012f, galite lengvai reguliuoti nustatymus, kad jie atitikt\u0173 j\u016bs\u0173 asmeninius pageidavimus.<\/p>\n<h5>Kokie pristatymo b\u016bdai naudojami?<\/h5>\n<p>Bendradarbiaujame su tokiais patikimais ve\u017e\u0117jais kaip UPS, DHL, \"FedEx\" ir DPD, kad j\u016bs\u0173 u\u017esakymas b\u016bt\u0173 pristatytas greitai ir saugiai. Efektyviausias pristatymo b\u016bdas parenkamas atsi\u017evelgiant \u012f j\u016bs\u0173 buvimo viet\u0105, kad b\u016bt\u0173 optimizuotas pristatymo greitis ir patikimumas.<\/p>\n<h5>Per kiek laiko bus pristatytas mano u\u017esakymas?<\/h5>\n<p>Pristatymas paprastai trunka 7-15 darbo dien\u0173. Ta\u010diau \u0161ven\u010di\u0173 dienomis ar esant nepalankioms oro s\u0105lygoms, d\u0117l kuri\u0173 gali \u0161iek tiek v\u0117luoti siuntos gabenimas, pra\u0161ome numatyti iki 20 darbo dien\u0173.<\/p>\n<h5>Ar susidursiu su kokiomis nors muitin\u0117s problemomis ar papildomais mokes\u010diais?<\/h5>\n<p>Atliekame visas muitin\u0117s proced\u016bras, tod\u0117l u\u017etikriname skland\u017ei\u0105 ir nevarginan\u010di\u0105 patirt\u012f. Jums nereik\u0117s mok\u0117ti joki\u0173 papildom\u0173 mokes\u010di\u0173 ar rinkliav\u0173. U\u017etikriname, kad 100% m\u016bs\u0173 produkt\u0173 muitin\u0117s proced\u016bros b\u016bt\u0173 s\u0117kmingai \u012fformintos.<\/p>\n<h5>Ar pirkimas i\u0161 j\u016bs\u0173 svetain\u0117s yra saugus ir patikimas?<\/h5>\n<p>Taip, si\u016blome saugias \"PayPal\" operacijas su pirk\u0117jo apsauga. Taip pat galite patikrinti m\u016bs\u0173 patikimum\u0105 patikrin\u0119 m\u016bs\u0173 klient\u0173 atsiliepimus <a href=\"https:\/\/www.trustpilot.com\/review\/volovape.com?utm_medium=trustbox&amp;utm_source=TrustBoxReviewCollector\">\"TrustPilot\"<\/a>, kur rasite patenkint\u0173 klient\u0173 atsiliepim\u0173.<\/p>","protected":false},"excerpt":{"rendered":"<p>Pritaikykite savo vape su MRVI 18000 Puffs. Dvigubos tinklin\u0117s rit\u0117s, keturi kaitinimo re\u017eimai, 26 ml, \u012fkraunama. Puikiai tinka asmeniniam ar didmeniniam naudojimui, si\u016blo pa\u017eangi\u0105 garinimo technologij\u0105.<\/p>","protected":false},"featured_media":371,"comment_status":"open","ping_status":"closed","template":"","meta":[],"product_brand":[],"product_cat":[55,50,21,18,39,20,23,24,22,25,26,27,28,29,30,31,32,33,34,35,44,36,40],"product_tag":[],"class_list":{"0":"post-92","1":"product","2":"type-product","3":"status-publish","4":"has-post-thumbnail","6":"product_cat-mrvi","7":"product_cat-18000-puffs-disposable-vape","8":"product_cat-big-puffs-vapes","9":"product_cat-different-puffs-of-disposable-vapes","10":"product_cat-digital-box-vapes","11":"product_cat-disposable-vape-types","12":"product_cat-disposable-vapes-in-austria","13":"product_cat-disposable-vapes-in-belgium","14":"product_cat-disposable-vapes-in-europe","15":"product_cat-disposable-vapes-in-france","16":"product_cat-disposable-vapes-in-germany","17":"product_cat-disposable-vapes-in-hungary","18":"product_cat-disposable-vapes-in-ltaly","19":"product_cat-disposable-vapes-in-netherlands","20":"product_cat-disposable-vapes-in-norway","21":"product_cat-disposable-vapes-in-poland","22":"product_cat-disposable-vapes-in-portugal","23":"product_cat-disposable-vapes-in-spain","24":"product_cat-disposable-vapes-in-sweden","25":"product_cat-disposable-vapes-in-switzerland","26":"product_cat-dual-mesh-vapes","27":"product_cat-rechargeable-vapes","28":"product_cat-smart-screen-vapes","30":"first","31":"instock","32":"shipping-taxable","33":"purchasable","34":"product-type-variable","35":"has-default-attributes"},"jetpack_sharing_enabled":true,"tiered_pricing_type":"fixed","tiered_pricing_fixed_rules":{"100":6.230000000000000426325641456060111522674560546875,"200":5.4900000000000002131628207280300557613372802734375,"400":5.19000000000000039079850466805510222911834716796875},"tiered_pricing_product_settings":{"layout":"default","base_unit_name":{"singular":null,"plural":null},"default_variation":null},"tiered_pricing_minimum_quantity":50,"tiered_pricing_roles_data":[],"tiered_pricing_percentage_rules":[],"tiered_pricing_maximum_quantity":null,"tiered_pricing_quantity_step":"10","_links":{"self":[{"href":"https:\/\/volovape.com\/lt\/wp-json\/wp\/v2\/product\/92","targetHints":{"allow":["GET"]}}],"collection":[{"href":"https:\/\/volovape.com\/lt\/wp-json\/wp\/v2\/product"}],"about":[{"href":"https:\/\/volovape.com\/lt\/wp-json\/wp\/v2\/types\/product"}],"replies":[{"embeddable":true,"href":"https:\/\/volovape.com\/lt\/wp-json\/wp\/v2\/comments?post=92"}],"wp:featuredmedia":[{"embeddable":true,"href":"https:\/\/volovape.com\/lt\/wp-json\/wp\/v2\/media\/371"}],"wp:attachment":[{"href":"https:\/\/volovape.com\/lt\/wp-json\/wp\/v2\/media?parent=92"}],"wp:term":[{"taxonomy":"product_brand","embeddable":true,"href":"https:\/\/volovape.com\/lt\/wp-json\/wp\/v2\/product_brand?post=92"},{"taxonomy":"product_cat","embeddable":true,"href":"https:\/\/volovape.com\/lt\/wp-json\/wp\/v2\/product_cat?post=92"},{"taxonomy":"product_tag","embeddable":true,"href":"https:\/\/volovape.com\/lt\/wp-json\/wp\/v2\/product_tag?post=92"}],"curies":[{"name":"wp","href":"https:\/\/api.w.org\/{rel}","templated":true}]}}