{"id":91,"date":"2024-11-21T03:26:52","date_gmt":"2024-11-21T03:26:52","guid":{"rendered":"https:\/\/volovape.com\/?post_type=product&#038;p=91"},"modified":"2025-06-30T01:33:10","modified_gmt":"2025-06-30T01:33:10","slug":"elfu-dezute-pulsas-x-25000-pukeliu","status":"publish","type":"product","link":"https:\/\/volovape.com\/lt\/product\/elf-box-pulse-x-25000-puffs\/","title":{"rendered":"\"ELF BOX PULSE X\" 25000 d\u016bm\u0173 - vienkartinis vape - AI Power, dvigubas tinklelis, 3D ekranas"},"content":{"rendered":"<p><strong>ELF BOX PULSE X 25000 puffs\u0173 vienkartinis Vape<\/strong> - Dirbtinio intelekto varomas garinimas su revoliuciniu 3D ekranu.<\/p>\n<p>Svetain\u0117 <strong>ELF BOX IMPULSAS X 25000<\/strong> pristato nauj\u0105 vienkartini\u0173 garinimo aparat\u0173 er\u0105, naudodamas dirbtinio intelekto valdom\u0105 technologij\u0105 ir stulbinant\u012f 3D lenkt\u0105 ekran\u0105. M\u0117gaukit\u0117s iki <strong>25 000 \u012fkv\u0117pim\u0173 \u012fprastu re\u017eimu<\/strong> arba <strong>15 000 \u012fkv\u0117pim\u0173 impulsiniu re\u017eimu<\/strong>, suteikian\u010di\u0173 pritaikom\u0105 garinimo patirt\u012f. Prietaisas turi <strong>18 ml e-skys\u010dio talpa<\/strong> ir galingas <strong>13 500 mAh \u012fkraunamas akumuliatorius<\/strong> ilgesniam naudojimui. <strong>Dvigubos 0,8\u03a9 tinklelio rit\u0117s<\/strong> suporuotas su <strong>VPU technologija<\/strong> u\u017etikrina i\u0161skirtin\u012f skon\u012f ir gar\u0173 gamyb\u0105. . <strong>3D lenktas ekranas<\/strong> realiuoju laiku rodoma informacija apie akumuliatoriaus veikimo trukm\u0119, elektroninio skys\u010dio kiek\u012f, \u012fp\u016btim\u0173 skai\u010di\u0173 ir re\u017eim\u0105, tod\u0117l naudotojas gali geriau kontroliuoti. I\u0161pl\u0117stin\u0117s funkcijos, pvz. <strong>AI galios reguliavimas<\/strong>, <strong>Impulsin\u0117 galia<\/strong>, ir <strong>\"Super Boost<\/strong>, \u0161is prietaisas si\u016blo i\u0161ties novatori\u0161k\u0105 garinimo patirt\u012f. Galima \u012fsigyti <strong>10 skirting\u0173 skoni\u0173<\/strong>, ELF BOX PULSE X 25000 puikiai tinka <strong>vienkartiniai vape didmenin\u0117 prekyba<\/strong>, <strong>masiniai u\u017esakymai<\/strong>, arba <strong>asmeniniam naudojimui<\/strong>.<\/p>\n<h3><strong>ELF BOX PULSE X 25000 Funkcijos:<\/strong><\/h3>\n<ul>\n<li>Pufai: Iki 25 000 (\u012fprastas re\u017eimas) \/ 15 000 (impulsinis re\u017eimas)<\/li>\n<li>E-skys\u010dio talpa: 18 ml<\/li>\n<li>Akumuliatorius: 13 500 mAh (\u012fkraunamas)<\/li>\n<li>\u012ekrovimas: C tipo<\/li>\n<li>rit\u0117: Dviguba 0,8\u03a9 tinklelio rit\u0117<\/li>\n<li>Ekranas: 3D i\u0161lenktas ekranas<\/li>\n<li>Re\u017eimai: \u012eprastas re\u017eimas, impulsinis re\u017eimas<\/li>\n<li>Funkcijos: AI galios reguliavimas, impulsin\u0117 galia, \"Super Boost\", VPU technologija<\/li>\n<li>Skoniai: 10 unikali\u0173 variant\u0173<\/li>\n<li>Vienkartinis \u012frenginys<\/li>\n<\/ul>\n<h4>DUK<\/h4>\n<h5>Kaip \"AI Power Adjustment\" pagerina garinimo patirt\u012f?<\/h5>\n<p>\"AI Power Adjustment\" protingai analizuoja j\u016bs\u0173 garinimo \u012fpro\u010dius ir automati\u0161kai optimizuoja i\u0161\u0117jimo gali\u0105, kad b\u016bt\u0173 u\u017etikrintas pastovus skonis ir gar\u0173 gamyba. \u0160i funkcija prisitaiko prie j\u016bs\u0173 naudojimo, tod\u0117l su kiekvienu \u012fp\u016btimu suteikia asmenin\u0119 ir maloni\u0105 garinimo patirt\u012f.<\/p>\n<h5>Kokie pristatymo b\u016bdai naudojami?<\/h5>\n<p>Bendradarbiaujame su patikimais ve\u017e\u0117jais, tokiais kaip UPS, DHL, \"FedEx\" ir DPD, kad j\u016bs\u0173 u\u017esakymai b\u016bt\u0173 pristatyti greitai ir saugiai. Efektyviausias pristatymo b\u016bdas pasirenkamas atsi\u017evelgiant \u012f j\u016bs\u0173 buvimo viet\u0105, kad b\u016bt\u0173 u\u017etikrintas savalaikis pristatymas.<\/p>\n<h5>Per kiek laiko bus pristatytas mano u\u017esakymas?<\/h5>\n<p>U\u017esakymai paprastai pristatomi per 7-15 darbo dien\u0173. Ta\u010diau \u0161ven\u010di\u0173 dienomis ar esant nepalankioms oro s\u0105lygoms, d\u0117l kuri\u0173 gali \u0161iek tiek v\u0117luoti siuntimas, pra\u0161ome numatyti iki 20 darbo dien\u0173.<\/p>\n<h5>Ar susidursiu su kokiomis nors muitin\u0117s problemomis ar papildomais mokes\u010diais?<\/h5>\n<p>Atliekame visas muitin\u0117s proced\u016bras, tod\u0117l u\u017etikriname skland\u017ei\u0105 ir nevarginan\u010di\u0105 patirt\u012f. Jums nereik\u0117s mok\u0117ti joki\u0173 papildom\u0173 mokes\u010di\u0173 ar rinkliav\u0173. Garantuojame, kad 100% m\u016bs\u0173 produkt\u0173 muitin\u0117s formalumai bus s\u0117kmingai \u012fforminti.<\/p>\n<h5>Ar pirkimas i\u0161 j\u016bs\u0173 svetain\u0117s yra saugus ir patikimas?<\/h5>\n<p>Taip, si\u016blome saugias \"PayPal\" operacijas su pirk\u0117jo apsauga. Taip pat galite patikrinti m\u016bs\u0173 patikimum\u0105 patikrin\u0119 m\u016bs\u0173 klient\u0173 atsiliepimus <a href=\"https:\/\/www.trustpilot.com\/review\/volovape.com?utm_medium=trustbox&amp;utm_source=TrustBoxReviewCollector\">\"TrustPilot\"<\/a>, kur rasite patenkint\u0173 klient\u0173 atsiliepim\u0173.<\/p>","protected":false},"excerpt":{"rendered":"<p>\u017denkite \u012f ateit\u012f su ELF BOX PULSE X 25000 Puffs. AI galia, dvigubas tinklelis, 3D ekranas, 13 500 mAh akumuliatorius. Idealiai tinka asmeniniam ar didmeniniam naudojimui, si\u016blo pa\u017eangiausi\u0105 garinim\u0105.<\/p>","protected":false},"featured_media":360,"comment_status":"open","ping_status":"closed","template":"","meta":[],"product_brand":[],"product_cat":[54,45,21,18,39,20,23,24,22,25,26,27,28,29,30,31,32,33,34,35,44,36,40],"product_tag":[],"class_list":{"0":"post-91","1":"product","2":"type-product","3":"status-publish","4":"has-post-thumbnail","6":"product_cat-elf-box","7":"product_cat-25000-puffs-disposable-vape","8":"product_cat-big-puffs-vapes","9":"product_cat-different-puffs-of-disposable-vapes","10":"product_cat-digital-box-vapes","11":"product_cat-disposable-vape-types","12":"product_cat-disposable-vapes-in-austria","13":"product_cat-disposable-vapes-in-belgium","14":"product_cat-disposable-vapes-in-europe","15":"product_cat-disposable-vapes-in-france","16":"product_cat-disposable-vapes-in-germany","17":"product_cat-disposable-vapes-in-hungary","18":"product_cat-disposable-vapes-in-ltaly","19":"product_cat-disposable-vapes-in-netherlands","20":"product_cat-disposable-vapes-in-norway","21":"product_cat-disposable-vapes-in-poland","22":"product_cat-disposable-vapes-in-portugal","23":"product_cat-disposable-vapes-in-spain","24":"product_cat-disposable-vapes-in-sweden","25":"product_cat-disposable-vapes-in-switzerland","26":"product_cat-dual-mesh-vapes","27":"product_cat-rechargeable-vapes","28":"product_cat-smart-screen-vapes","30":"first","31":"instock","32":"featured","33":"shipping-taxable","34":"purchasable","35":"product-type-variable","36":"has-default-attributes"},"jetpack_sharing_enabled":true,"tiered_pricing_type":"fixed","tiered_pricing_fixed_rules":{"2000":7.4900000000000002131628207280300557613372802734375},"tiered_pricing_product_settings":{"layout":"default","base_unit_name":{"singular":null,"plural":null},"default_variation":null},"tiered_pricing_minimum_quantity":1000,"tiered_pricing_roles_data":[],"tiered_pricing_percentage_rules":[],"tiered_pricing_maximum_quantity":null,"tiered_pricing_quantity_step":"10","_links":{"self":[{"href":"https:\/\/volovape.com\/lt\/wp-json\/wp\/v2\/product\/91","targetHints":{"allow":["GET"]}}],"collection":[{"href":"https:\/\/volovape.com\/lt\/wp-json\/wp\/v2\/product"}],"about":[{"href":"https:\/\/volovape.com\/lt\/wp-json\/wp\/v2\/types\/product"}],"replies":[{"embeddable":true,"href":"https:\/\/volovape.com\/lt\/wp-json\/wp\/v2\/comments?post=91"}],"wp:featuredmedia":[{"embeddable":true,"href":"https:\/\/volovape.com\/lt\/wp-json\/wp\/v2\/media\/360"}],"wp:attachment":[{"href":"https:\/\/volovape.com\/lt\/wp-json\/wp\/v2\/media?parent=91"}],"wp:term":[{"taxonomy":"product_brand","embeddable":true,"href":"https:\/\/volovape.com\/lt\/wp-json\/wp\/v2\/product_brand?post=91"},{"taxonomy":"product_cat","embeddable":true,"href":"https:\/\/volovape.com\/lt\/wp-json\/wp\/v2\/product_cat?post=91"},{"taxonomy":"product_tag","embeddable":true,"href":"https:\/\/volovape.com\/lt\/wp-json\/wp\/v2\/product_tag?post=91"}],"curies":[{"name":"wp","href":"https:\/\/api.w.org\/{rel}","templated":true}]}}