{"id":90,"date":"2024-11-21T03:26:52","date_gmt":"2024-11-21T03:26:52","guid":{"rendered":"https:\/\/volovape.com\/?post_type=product&#038;p=90"},"modified":"2025-08-07T08:19:55","modified_gmt":"2025-08-07T08:19:55","slug":"sora-25k-dvigubas-tinklelis","status":"publish","type":"product","link":"https:\/\/volovape.com\/lt\/product\/sora-25k-dual-mesh\/","title":{"rendered":"SORA 25K vienkartini\u0173 vap\u0173 didmenin\u0117 prekyba - dvigubas tinklelis, LCD ekranas, 25 000 \u012fkv\u0117pim\u0173"},"content":{"rendered":"<p><strong>SORA 25K vienkartinis Vape<\/strong> - Neprilygstama pu\u010diam\u0173j\u0173 talpa su dvigubo tinklelio tikslumu ir i\u0161maniuoju ekranu.<\/p>\n<p>Svetain\u0117 <strong>SORA 25K<\/strong> i\u0161 naujo apibr\u0117\u017eia vienkartin\u012f garinim\u0105 su stulbinan\u010dia <strong>25 000 \u012fpur\u0161kim\u0173<\/strong>, nema\u017ea dalis <strong>20 ml elektroninio skys\u010dio talpa<\/strong>ir patikimas <strong>900 mAh \u012fkraunamas akumuliatorius<\/strong>. Patirkite puiki\u0105 gar\u0173 gamyb\u0105 ir skonio intensyvum\u0105 su jo <strong>Pa\u017eangi dvigubos tinklin\u0117s rit\u0117s technologija<\/strong>. Integruotas <strong>LCD ekranas<\/strong> akimirksniu pateikia gr\u012f\u017etam\u0105j\u0105 informacij\u0105 apie baterijos veikimo trukm\u0119 ir d\u016bm\u0173 skai\u010di\u0173, taip padidindamas naudotojo kontrol\u0119. Su <strong>5% nikotino stiprumas<\/strong> ir \u012fvairios <strong>9 unikal\u016bs skoniai<\/strong>, \u012fskaitant egzoti\u0161kus mi\u0161inius ir klasikinius m\u0117gstamiausius, \u0161is prietaisas skirtas i\u0161rankiems vaperiams. Idealiai tinka <strong>vienkartiniai vape didmenin\u0117 prekyba<\/strong>, <strong>pirkimas dideliais kiekiais<\/strong>, arba <strong>asmeniniam naudojimui<\/strong>, SORA 25K suderina auk\u0161t\u0105 na\u0161um\u0105 ir ypating\u0105 patogum\u0105.<\/p>\n<h3><strong>SORA 25K Funkcijos:<\/strong><\/h3>\n<ul>\n<li>Pufai: Iki 25 000 puffs\u0173<\/li>\n<li>E-skys\u010dio talpa: 20 ml<\/li>\n<li>Baterija: 900 mAh (\u012fkraunama)<\/li>\n<li>\u012ekrovimas: C tipo<\/li>\n<li>rit\u0117: Dvigubos tinklin\u0117s rit\u0117s<\/li>\n<li>Ekranas: LCD ekranas (akumuliatorius ir d\u016bm\u0173 skai\u010dius)<\/li>\n<li>Nikotino stiprumas: 5%<\/li>\n<li>Skoniai: 9 unikal\u016bs variantai<\/li>\n<li>Vienkartinis \u012frenginys<\/li>\n<\/ul>\n<h4>DUK<\/h4>\n<h5>Kaip dvigubos tinklin\u0117s rit\u0117s technologija pagerina skon\u012f ir gar\u0173 gamyb\u0105?<\/h5>\n<p>Dviej\u0173 tinkleli\u0173 spiral\u0117s konstrukcija padidina kaitinimo pavir\u0161iaus plot\u0105, tod\u0117l tolygiai paskirstoma \u0161iluma ir maksimaliai i\u0161garinamas elektroninis skystis. D\u0117l to skonis tampa sodresnis, intensyvesnis, gar\u0173 debesys tankesni, o garavimo poj\u016btis geresnis, palyginti su vienos rit\u0117s prietaisais.<\/p>\n<h5>Kokie pristatymo b\u016bdai naudojami?<\/h5>\n<p>Bendradarbiaujame su tokiais patikimais ve\u017e\u0117jais kaip UPS, DHL, \"FedEx\" ir DPD, kad j\u016bs\u0173 u\u017esakymas b\u016bt\u0173 pristatytas greitai. Efektyviausias pristatymo b\u016bdas parenkamas atsi\u017evelgiant \u012f j\u016bs\u0173 buvimo viet\u0105, kad b\u016bt\u0173 optimizuotas pristatymo greitis.<\/p>\n<h5>Per kiek laiko bus pristatytas mano u\u017esakymas?<\/h5>\n<p>Pristatymas paprastai trunka 7-15 darbo dien\u0173. Ta\u010diau \u0161ven\u010di\u0173 dienomis ar esant nepalankioms oro s\u0105lygoms, d\u0117l kuri\u0173 gali \u0161iek tiek v\u0117luoti siuntos gabenimas, pra\u0161ome numatyti iki 20 darbo dien\u0173.<\/p>\n<h5>Ar susidursiu su kokiomis nors muitin\u0117s problemomis ar papildomais mokes\u010diais?<\/h5>\n<p>Atliekame visas muitin\u0117s proced\u016bras, tod\u0117l u\u017etikriname skland\u017ei\u0105 ir nevarginan\u010di\u0105 patirt\u012f. Jums nereik\u0117s mok\u0117ti joki\u0173 papildom\u0173 mokes\u010di\u0173 ar rinkliav\u0173. U\u017etikriname, kad 100% m\u016bs\u0173 produkt\u0173 muitin\u0117s proced\u016bros b\u016bt\u0173 s\u0117kmingai \u012fformintos.<\/p>\n<h5>Ar pirkimas i\u0161 j\u016bs\u0173 svetain\u0117s yra saugus ir patikimas?<\/h5>\n<p>Taip, si\u016blome saugias \"PayPal\" operacijas su pirk\u0117jo apsauga. Taip pat galite patikrinti m\u016bs\u0173 patikimum\u0105 patikrin\u0119 m\u016bs\u0173 klient\u0173 atsiliepimus <a href=\"https:\/\/www.trustpilot.com\/review\/volovape.com?utm_medium=trustbox&amp;utm_source=TrustBoxReviewCollector\">\"TrustPilot\"<\/a>, kur rasite patenkint\u0173 klient\u0173 atsiliepim\u0173.<\/p>","protected":false},"excerpt":{"rendered":"<p>Pagerinkite savo patirt\u012f su SORA 25K vienkartin\u0117mis cigaret\u0117mis. Dvigubos tinklin\u0117s rit\u0117s, LCD ekranas, 20 ml, 900 mAh \u012fkraunamas. Puikiai tinka asmeniniam naudojimui arba didmeninei prekybai, u\u017etikrina ilgai trunkan\u010dius, aromatingus d\u016b\u017eius.<\/p>","protected":false},"featured_media":348,"comment_status":"open","ping_status":"closed","template":"","meta":[],"product_brand":[],"product_cat":[53,45,21,18,39,20,23,24,22,25,26,27,28,29,30,31,32,33,34,35,44,36,40],"product_tag":[],"class_list":{"0":"post-90","1":"product","2":"type-product","3":"status-publish","4":"has-post-thumbnail","6":"product_cat-sora","7":"product_cat-25000-puffs-disposable-vape","8":"product_cat-big-puffs-vapes","9":"product_cat-different-puffs-of-disposable-vapes","10":"product_cat-digital-box-vapes","11":"product_cat-disposable-vape-types","12":"product_cat-disposable-vapes-in-austria","13":"product_cat-disposable-vapes-in-belgium","14":"product_cat-disposable-vapes-in-europe","15":"product_cat-disposable-vapes-in-france","16":"product_cat-disposable-vapes-in-germany","17":"product_cat-disposable-vapes-in-hungary","18":"product_cat-disposable-vapes-in-ltaly","19":"product_cat-disposable-vapes-in-netherlands","20":"product_cat-disposable-vapes-in-norway","21":"product_cat-disposable-vapes-in-poland","22":"product_cat-disposable-vapes-in-portugal","23":"product_cat-disposable-vapes-in-spain","24":"product_cat-disposable-vapes-in-sweden","25":"product_cat-disposable-vapes-in-switzerland","26":"product_cat-dual-mesh-vapes","27":"product_cat-rechargeable-vapes","28":"product_cat-smart-screen-vapes","30":"first","31":"instock","32":"shipping-taxable","33":"purchasable","34":"product-type-variable","35":"has-default-attributes"},"jetpack_sharing_enabled":true,"tiered_pricing_type":"fixed","tiered_pricing_fixed_rules":{"2000":5.62000000000000010658141036401502788066864013671875},"tiered_pricing_product_settings":{"layout":"default","base_unit_name":{"singular":null,"plural":null},"default_variation":null},"tiered_pricing_minimum_quantity":1000,"tiered_pricing_roles_data":[],"tiered_pricing_percentage_rules":[],"tiered_pricing_maximum_quantity":null,"tiered_pricing_quantity_step":"5","_links":{"self":[{"href":"https:\/\/volovape.com\/lt\/wp-json\/wp\/v2\/product\/90","targetHints":{"allow":["GET"]}}],"collection":[{"href":"https:\/\/volovape.com\/lt\/wp-json\/wp\/v2\/product"}],"about":[{"href":"https:\/\/volovape.com\/lt\/wp-json\/wp\/v2\/types\/product"}],"replies":[{"embeddable":true,"href":"https:\/\/volovape.com\/lt\/wp-json\/wp\/v2\/comments?post=90"}],"wp:featuredmedia":[{"embeddable":true,"href":"https:\/\/volovape.com\/lt\/wp-json\/wp\/v2\/media\/348"}],"wp:attachment":[{"href":"https:\/\/volovape.com\/lt\/wp-json\/wp\/v2\/media?parent=90"}],"wp:term":[{"taxonomy":"product_brand","embeddable":true,"href":"https:\/\/volovape.com\/lt\/wp-json\/wp\/v2\/product_brand?post=90"},{"taxonomy":"product_cat","embeddable":true,"href":"https:\/\/volovape.com\/lt\/wp-json\/wp\/v2\/product_cat?post=90"},{"taxonomy":"product_tag","embeddable":true,"href":"https:\/\/volovape.com\/lt\/wp-json\/wp\/v2\/product_tag?post=90"}],"curies":[{"name":"wp","href":"https:\/\/api.w.org\/{rel}","templated":true}]}}