{"id":89,"date":"2024-11-21T03:26:52","date_gmt":"2024-11-21T03:26:52","guid":{"rendered":"https:\/\/volovape.com\/?post_type=product&#038;p=89"},"modified":"2025-10-30T05:03:05","modified_gmt":"2025-10-30T05:03:05","slug":"randm-skaitmenine-dezute-12000-puffs","status":"publish","type":"product","link":"https:\/\/volovape.com\/lt\/product\/randm-digital-box-12000-puffs\/","title":{"rendered":"\"RandM Digital Box\" 12000 puf\u0173 vienkartinis vape - \u012fkraunamas su LCD ekranu"},"content":{"rendered":"<p><iframe title=\"VideoPress vaizdo \u012fra\u0161\u0173 grotuvas\" aria-label='VideoPress vaizdo \u012fra\u0161\u0173 grotuvas' width='500' height='281' src='https:\/\/videopress.com\/embed\/UzJBu0bw?hd=0&amp;cover=1' frameborder='0' allowfullscreen allow='clipboard-write'><\/iframe><script src='https:\/\/v0.wordpress.com\/js\/next\/videopress-iframe.js?m=1739540970'><\/script><\/p>\n<p><strong>RandM skaitmenin\u0117 d\u0117\u017eut\u0117 12000 Puffs vienkartinis Vape<\/strong> - Didel\u0117s talpos garinimas su i\u0161maniuoju LCD monitoriumi.<\/p>\n<p>Svetain\u0117 <strong>RandM skaitmenin\u0117 d\u0117\u017eut\u0117 12000<\/strong> nustato nauj\u0105 vienkartini\u0173 garintuv\u0173 standart\u0105 ir u\u017etikrina \u012fsp\u016bding\u0105 <strong>12 000 \u012fpur\u0161kim\u0173<\/strong> ir dosniai <strong>20 ml elektroninio skys\u010dio talpa<\/strong>. \u012erengtas <strong>850 mAh \u012fkraunama baterija<\/strong> ir <strong>C tipo \u012fkrovimas<\/strong>, jis u\u017etikrina ilgalaik\u012f veikim\u0105. I\u0161skirtinis bruo\u017eas yra <strong>integruotas LCD ekranas<\/strong>, kuri realiuoju laiku pateikia naujausi\u0105 informacij\u0105 apie akumuliatoriaus veikimo trukm\u0119 ir d\u016bm\u0173 kiek\u012f, tod\u0117l suteikia neprilygstam\u0105 kontrol\u0119. . <strong>1\u03a9 aki\u0173 rit\u0117<\/strong> garantuoja skland\u017eius, aromatingus garus, pagerinan\u010dius kiekvien\u0105 \u012fkv\u0117pim\u0105. Galima \u012fsigyti <strong>6 skirtingi skoniai<\/strong>, nuo vaisi\u0173 mi\u0161ini\u0173 iki gaivi\u0173 m\u0117t\u0173, \u0161is prietaisas patenkina \u012fvairius pageidavimus. Idealiai tinka <strong>vienkartiniai vape didmenin\u0117 prekyba<\/strong>, <strong>masiniai u\u017esakymai<\/strong>, arba <strong>asmeniniam naudojimui<\/strong>, \"RandM Digital Box 12000\" suderina pa\u017eangias technologijas ir i\u0161skirtin\u012f patogum\u0105.<\/p>\n<h3><strong>RandM Digital Box 12000 Funkcijos:<\/strong><\/h3>\n<ul>\n<li>Pufai: Iki 12 000 puffs\u0173<\/li>\n<li>E-skys\u010dio talpa: 20 ml<\/li>\n<li>Baterija: 850 mAh (\u012fkraunama)<\/li>\n<li>\u012ekrovimas: C tipo<\/li>\n<li>Spiral\u0117: 1\u03a9 tinklelio spiral\u0117<\/li>\n<li>Ekranas: LCD ekranas (akumuliatorius ir d\u016bm\u0173 skai\u010dius)<\/li>\n<li>Skoniai: 6 unikalios parinktys<\/li>\n<li>Vienkartinis \u012frenginys<\/li>\n<\/ul>\n<h4>DUK<\/h4>\n<h5>Kaip LCD ekranas pagerina naudotojo patirt\u012f?<\/h5>\n<p>LCD ekrane realiuoju laiku pateikiama informacija apie akumuliatoriaus \u012fkrovos lyg\u012f ir i\u0161kv\u0117pt\u0173 d\u016bm\u0173 skai\u010di\u0173, tod\u0117l galite steb\u0117ti savo naudojim\u0105 ir atitinkamai planuoti. \u0160i funkcija suteikia daugiau patogumo ir kontrol\u0117s, tod\u0117l niekada neb\u016bsite u\u017eklupti netik\u0117tai i\u0161sekusio akumuliatoriaus ar tu\u0161\u010dio bako.<\/p>\n<h5>Kokie pristatymo b\u016bdai naudojami?<\/h5>\n<p>Bendradarbiaujame su patikimais ve\u017e\u0117jais, tokiais kaip UPS, DHL, \"FedEx\" ir DPD, kad j\u016bs\u0173 u\u017esakymai b\u016bt\u0173 pristatyti greitai. Pagal j\u016bs\u0173 buvimo viet\u0105 parenkame efektyviausi\u0105 pristatymo b\u016bd\u0105, kad u\u017etikrintume greit\u0105 ir patikim\u0105 pristatym\u0105.<\/p>\n<h5>Per kiek laiko bus pristatytas mano u\u017esakymas?<\/h5>\n<p>U\u017esakymai paprastai pristatomi per 7-15 darbo dien\u0173. Ta\u010diau per valstybines \u0161ventes ar nepalankiomis oro s\u0105lygomis, d\u0117l kuri\u0173 gali \u0161iek tiek v\u0117luoti, pra\u0161ome numatyti iki 20 darbo dien\u0173.<\/p>\n<h5>Ar susidursiu su kokiomis nors muitin\u0117s problemomis ar papildomais mokes\u010diais?<\/h5>\n<p>Atliekame visas muitin\u0117s proced\u016bras, tod\u0117l galite be r\u016bpes\u010di\u0173 atlikti visas proced\u016bras. Jums nereik\u0117s mok\u0117ti joki\u0173 papildom\u0173 mokes\u010di\u0173 ar rinkliav\u0173. Garantuojame, kad 100% m\u016bs\u0173 produkt\u0173 muitin\u0117s proced\u016bros bus s\u0117kmingai \u012fformintos.<\/p>\n<h5>Ar pirkimas i\u0161 j\u016bs\u0173 svetain\u0117s yra saugus ir patikimas?<\/h5>\n<p>Taip, mes palaikome saugias \"PayPal\" operacijas su pirk\u0117jo apsauga. Taip pat galite patikrinti m\u016bs\u0173 patikimum\u0105 skaitydami klient\u0173 atsiliepimus <a href=\"https:\/\/www.trustpilot.com\/review\/volovape.com?utm_medium=trustbox&amp;utm_source=TrustBoxReviewCollector\">\"TrustPilot\"<\/a>, kur rasite patenkint\u0173 klient\u0173 atsiliepim\u0173.<\/p>","protected":false},"excerpt":{"rendered":"<p>\u017denkite \u017eingsn\u012f \u012f skaitmenin\u012f garinim\u0105 su \"RandM Digital Box 12000 Puffs\". LCD ekranas, 1\u03a9 tinklelis, 20 ml, 850 mAh \u012fkraunamas. Idealiai tinka asmeniniam ar didmeniniam naudojimui, u\u017etikrina skland\u0173 ir informatyv\u0173 garinim\u0105.<\/p>","protected":false},"featured_media":341,"comment_status":"open","ping_status":"closed","template":"","meta":[],"product_brand":[],"product_cat":[52,38,21,18,39,20,23,24,22,25,26,27,28,29,30,31,32,33,34,35,36,40],"product_tag":[],"class_list":{"0":"post-89","1":"product","2":"type-product","3":"status-publish","4":"has-post-thumbnail","6":"product_cat-randm","7":"product_cat-12000-puffs-disposable-vape","8":"product_cat-big-puffs-vapes","9":"product_cat-different-puffs-of-disposable-vapes","10":"product_cat-digital-box-vapes","11":"product_cat-disposable-vape-types","12":"product_cat-disposable-vapes-in-austria","13":"product_cat-disposable-vapes-in-belgium","14":"product_cat-disposable-vapes-in-europe","15":"product_cat-disposable-vapes-in-france","16":"product_cat-disposable-vapes-in-germany","17":"product_cat-disposable-vapes-in-hungary","18":"product_cat-disposable-vapes-in-ltaly","19":"product_cat-disposable-vapes-in-netherlands","20":"product_cat-disposable-vapes-in-norway","21":"product_cat-disposable-vapes-in-poland","22":"product_cat-disposable-vapes-in-portugal","23":"product_cat-disposable-vapes-in-spain","24":"product_cat-disposable-vapes-in-sweden","25":"product_cat-disposable-vapes-in-switzerland","26":"product_cat-rechargeable-vapes","27":"product_cat-smart-screen-vapes","29":"first","30":"instock","31":"shipping-taxable","32":"purchasable","33":"product-type-variable","34":"has-default-attributes"},"jetpack_sharing_enabled":true,"tiered_pricing_type":"fixed","tiered_pricing_fixed_rules":{"30":7.32000000000000028421709430404007434844970703125,"50":6.8499999999999996447286321199499070644378662109375,"100":6.2599999999999997868371792719699442386627197265625,"200":5.95999999999999996447286321199499070644378662109375,"400":5.55999999999999960920149533194489777088165283203125},"tiered_pricing_product_settings":{"layout":"default","base_unit_name":{"singular":null,"plural":null},"default_variation":null},"tiered_pricing_minimum_quantity":10,"tiered_pricing_roles_data":[],"tiered_pricing_percentage_rules":[],"tiered_pricing_maximum_quantity":null,"tiered_pricing_quantity_step":"10","_links":{"self":[{"href":"https:\/\/volovape.com\/lt\/wp-json\/wp\/v2\/product\/89","targetHints":{"allow":["GET"]}}],"collection":[{"href":"https:\/\/volovape.com\/lt\/wp-json\/wp\/v2\/product"}],"about":[{"href":"https:\/\/volovape.com\/lt\/wp-json\/wp\/v2\/types\/product"}],"replies":[{"embeddable":true,"href":"https:\/\/volovape.com\/lt\/wp-json\/wp\/v2\/comments?post=89"}],"wp:featuredmedia":[{"embeddable":true,"href":"https:\/\/volovape.com\/lt\/wp-json\/wp\/v2\/media\/341"}],"wp:attachment":[{"href":"https:\/\/volovape.com\/lt\/wp-json\/wp\/v2\/media?parent=89"}],"wp:term":[{"taxonomy":"product_brand","embeddable":true,"href":"https:\/\/volovape.com\/lt\/wp-json\/wp\/v2\/product_brand?post=89"},{"taxonomy":"product_cat","embeddable":true,"href":"https:\/\/volovape.com\/lt\/wp-json\/wp\/v2\/product_cat?post=89"},{"taxonomy":"product_tag","embeddable":true,"href":"https:\/\/volovape.com\/lt\/wp-json\/wp\/v2\/product_tag?post=89"}],"curies":[{"name":"wp","href":"https:\/\/api.w.org\/{rel}","templated":true}]}}