{"id":88,"date":"2024-11-21T03:26:51","date_gmt":"2024-11-21T03:26:51","guid":{"rendered":"https:\/\/volovape.com\/?post_type=product&#038;p=88"},"modified":"2025-07-04T02:52:02","modified_gmt":"2025-07-04T02:52:02","slug":"vapme-fire-9000-puffs","status":"publish","type":"product","link":"https:\/\/volovape.com\/lt\/product\/vapme-fire-9000-puffs\/","title":{"rendered":"\"VAPME FIRE 9000 Puffs\" vienkartinis vape aparatas - \u012fkraunamas, 0,8\u03a9 tinklelio rit\u0117"},"content":{"rendered":"<p><strong>VAPME FIRE 9000 Puffs vienkartinis Vape<\/strong> - Patirkite ilgesn\u012f, aromating\u0105 garinim\u0105 su \u012fkraunama baterija.<\/p>\n<p>Svetain\u0117 <strong>VAPME FIRE 9000<\/strong> u\u017etikrina \u012fsp\u016bding\u0105 <strong>9000+ \u012fkv\u0117pim\u0173<\/strong> su dideliu <strong>15 ml elektroninio skys\u010dio talpa<\/strong>, u\u017etikrinantis ilgalaik\u012f malonum\u0105. Jo <strong>850 mAh \u012fkraunama baterija<\/strong> ir <strong>C tipo \u012fkrovimas<\/strong> u\u017etikrina patog\u0173 nuolatin\u012f naudojim\u0105 be da\u017eno keitimo. . <strong>0,8\u03a9 aki\u0173 rit\u0117<\/strong> sukurtas optimaliam skoniui ir gar\u0173 gamybai u\u017etikrinti, kad garavimas b\u016bt\u0173 nuolat sklandus. \u012evairialypis asortimentas <strong>16 unikali\u0173 skoni\u0173<\/strong>, nuo vaisi\u0173 mi\u0161ini\u0173 iki ledini\u0173 poj\u016b\u010di\u0173 - \u0161is prietaisas patenkins kiekvieno skonio poreikius. Idealiai tinka <strong>vienkartiniai vape didmenin\u0117 prekyba<\/strong>, <strong>masinis u\u017esakymas<\/strong>, arba <strong>asmeniniam naudojimui<\/strong>, VAPME FIRE 9000 suderina auk\u0161t\u0105 na\u0161um\u0105 ir puik\u0173 ne\u0161iojamum\u0105.<\/p>\n<p><iframe title=\"VideoPress vaizdo \u012fra\u0161\u0173 grotuvas\" aria-label='VideoPress vaizdo \u012fra\u0161\u0173 grotuvas' width='421' height='750' src='https:\/\/videopress.com\/embed\/Cl4SK2ke?hd=0&amp;cover=1' frameborder='0' allowfullscreen allow='clipboard-write'><\/iframe><script src='https:\/\/v0.wordpress.com\/js\/next\/videopress-iframe.js?m=1739540970'><\/script><\/p>\n<h3><strong>VAPME FIRE 9000 Funkcijos\uff1a<\/strong><\/h3>\n<ul>\n<li>Pufai: Daugiau nei 9000 puffs\u0173<\/li>\n<li>E-skys\u010dio talpa: 15 ml<\/li>\n<li>Baterija: 850 mAh (\u012fkraunama)<\/li>\n<li>\u012ekrovimas: C tipo<\/li>\n<li>Spiral\u0117: 0.8\u03a9 Mesh Coil<\/li>\n<li>Skoniai: 16 unikali\u0173 variant\u0173<\/li>\n<li>Vienkartinis \u012frenginys<\/li>\n<\/ul>\n<h4>DUK<\/h4>\n<h5>Kaip 0,8\u03a9 tinklelio rit\u0117 pagerina garinimo patirt\u012f?<\/h5>\n<p>0,8 \u03a9 tinklelio spiral\u0117 sukurta taip, kad tolygiai kaitint\u0173si ir padidint\u0173 pavir\u0161iaus plot\u0105, tod\u0117l garai gaminami skland\u017eiau, o aromatas - intensyviau. Tai u\u017etikrina nuolatin\u012f malon\u0173 garavim\u0105 su kiekvienu u\u017eg\u0117rimu, maksimaliai m\u0117gaujantis kiekvienu skoniu.<\/p>\n<h5>Kokie pristatymo b\u016bdai naudojami?<\/h5>\n<p>Bendradarbiaujame su pirmaujan\u010diais ve\u017e\u0117jais, tokiais kaip UPS, DHL, \"FedEx\" ir DPD, kad u\u017esakymas b\u016bt\u0173 pristatytas greitai ir saugiai. Pagal j\u016bs\u0173 vietov\u0119 parenkame geriausi\u0105 pristatymo b\u016bd\u0105, kad b\u016bt\u0173 u\u017etikrintas optimalus pristatymo laikas.<\/p>\n<h5>Per kiek laiko jis bus pristatytas?<\/h5>\n<p>Paprastai pristatymas trunka 7-15 darbo dien\u0173. Ta\u010diau \u0161ven\u010di\u0173 dienomis ar esant nepalankioms oro s\u0105lygoms, pra\u0161ome numatyti iki 20 darbo dien\u0173, nes tai gali tur\u0117ti \u012ftakos pristatymo tvarkara\u0161\u010diui.<\/p>\n<h5>Ar susidursiu su kokiomis nors muitin\u0117s problemomis ar papildomais mokes\u010diais?<\/h5>\n<p>Ne, mes garantuojame skland\u0173 muitinio \u012fforminimo proces\u0105. Mes atliekame visas muitin\u0117s proced\u016bras ir jums nereik\u0117s mok\u0117ti joki\u0173 papildom\u0173 mokes\u010di\u0173 ar rinkliav\u0173. Galite b\u016bti tikri, kad 100% m\u016bs\u0173 gamini\u0173 s\u0117kmingai i\u0161muitinami.<\/p>\n<h5>Ar galiu pasitik\u0117ti \u0161iuo produktu ir j\u016bs\u0173 paslaugomis?<\/h5>\n<p>Absoliu\u010diai. Palaikome saugius \"PayPal\" mok\u0117jimus su pirk\u0117jo apsauga. Taip pat galite patikrinti m\u016bs\u0173 patikimum\u0105 patikrin\u0119 m\u016bs\u0173 klient\u0173 atsiliepimus <a href=\"https:\/\/www.trustpilot.com\/review\/volovape.com?utm_medium=trustbox&amp;utm_source=TrustBoxReviewCollector\">\"TrustPilot\"<\/a>, kur rasite patenkint\u0173 klient\u0173 atsiliepim\u0173.<\/p>","protected":false},"excerpt":{"rendered":"<p>\u012e\u017eiebkite ilgalaik\u012f skon\u012f su VAPME FIRE 9000 Puffs. 0,8\u03a9 tinklelis, 15 ml, 850 mAh \u012fkraunama baterija. Idealiai tinka asmeniniam naudojimui arba didmeninei prekybai, u\u017etikrina skland\u0173, sodr\u0173 garavim\u0105.<\/p>","protected":false},"featured_media":333,"comment_status":"open","ping_status":"closed","template":"","meta":[],"product_brand":[],"product_cat":[49,48,21,18,20,23,24,22,25,26,27,28,29,30,31,32,33,34,35,36],"product_tag":[],"class_list":{"0":"post-88","1":"product","2":"type-product","3":"status-publish","4":"has-post-thumbnail","6":"product_cat-vapme","7":"product_cat-9000-puffs-disposable-vape","8":"product_cat-big-puffs-vapes","9":"product_cat-different-puffs-of-disposable-vapes","10":"product_cat-disposable-vape-types","11":"product_cat-disposable-vapes-in-austria","12":"product_cat-disposable-vapes-in-belgium","13":"product_cat-disposable-vapes-in-europe","14":"product_cat-disposable-vapes-in-france","15":"product_cat-disposable-vapes-in-germany","16":"product_cat-disposable-vapes-in-hungary","17":"product_cat-disposable-vapes-in-ltaly","18":"product_cat-disposable-vapes-in-netherlands","19":"product_cat-disposable-vapes-in-norway","20":"product_cat-disposable-vapes-in-poland","21":"product_cat-disposable-vapes-in-portugal","22":"product_cat-disposable-vapes-in-spain","23":"product_cat-disposable-vapes-in-sweden","24":"product_cat-disposable-vapes-in-switzerland","25":"product_cat-rechargeable-vapes","27":"first","28":"instock","29":"shipping-taxable","30":"purchasable","31":"product-type-variable","32":"has-default-attributes"},"jetpack_sharing_enabled":true,"tiered_pricing_type":"fixed","tiered_pricing_fixed_rules":{"2000":5.20000000000000017763568394002504646778106689453125},"tiered_pricing_product_settings":{"layout":"default","base_unit_name":{"singular":null,"plural":null},"default_variation":null},"tiered_pricing_minimum_quantity":1000,"tiered_pricing_roles_data":[],"tiered_pricing_percentage_rules":[],"tiered_pricing_maximum_quantity":null,"tiered_pricing_quantity_step":"10","_links":{"self":[{"href":"https:\/\/volovape.com\/lt\/wp-json\/wp\/v2\/product\/88","targetHints":{"allow":["GET"]}}],"collection":[{"href":"https:\/\/volovape.com\/lt\/wp-json\/wp\/v2\/product"}],"about":[{"href":"https:\/\/volovape.com\/lt\/wp-json\/wp\/v2\/types\/product"}],"replies":[{"embeddable":true,"href":"https:\/\/volovape.com\/lt\/wp-json\/wp\/v2\/comments?post=88"}],"wp:featuredmedia":[{"embeddable":true,"href":"https:\/\/volovape.com\/lt\/wp-json\/wp\/v2\/media\/333"}],"wp:attachment":[{"href":"https:\/\/volovape.com\/lt\/wp-json\/wp\/v2\/media?parent=88"}],"wp:term":[{"taxonomy":"product_brand","embeddable":true,"href":"https:\/\/volovape.com\/lt\/wp-json\/wp\/v2\/product_brand?post=88"},{"taxonomy":"product_cat","embeddable":true,"href":"https:\/\/volovape.com\/lt\/wp-json\/wp\/v2\/product_cat?post=88"},{"taxonomy":"product_tag","embeddable":true,"href":"https:\/\/volovape.com\/lt\/wp-json\/wp\/v2\/product_tag?post=88"}],"curies":[{"name":"wp","href":"https:\/\/api.w.org\/{rel}","templated":true}]}}