{"id":87,"date":"2024-11-21T03:26:51","date_gmt":"2024-11-21T03:26:51","guid":{"rendered":"https:\/\/volovape.com\/?post_type=product&#038;p=87"},"modified":"2025-08-07T08:19:54","modified_gmt":"2025-08-07T08:19:54","slug":"vapme-digital-12000-puffs","status":"publish","type":"product","link":"https:\/\/volovape.com\/lt\/product\/vapme-digital-12000-puffs\/","title":{"rendered":"VAPME Digital 12000 puanson\u0173 su tinklelio spirale - \u012fkraunama su skaitmeniniu ekranu (0-5% nikotino)"},"content":{"rendered":"<p><iframe title=\"VideoPress vaizdo \u012fra\u0161\u0173 grotuvas\" aria-label='VideoPress vaizdo \u012fra\u0161\u0173 grotuvas' width='500' height='281' src='https:\/\/videopress.com\/embed\/Ip39Kbon?hd=0&amp;cover=1' frameborder='0' allowfullscreen allow='clipboard-write'><\/iframe><script src='https:\/\/v0.wordpress.com\/js\/next\/videopress-iframe.js?m=1739540970'><\/script><br \/>\nVAPME DIGITAL 12000 puf\u0173 vienkartin\u0117 vap\u0117 - 1,0\u03a9 tinklelio rit\u0117, \u012fkraunama<br \/>\n<strong>\"VAPME DIGITAL\" 12000 puf\u0173 Ilgalaikis vienkartinis vape su tinklelio spirale<\/strong> - I\u0161manioji garinimo patirtis.<\/p>\n<p>Svetain\u0117 <strong>VAPME DIGITAL 12000 pufeli\u0173<\/strong> vienkartinis vape si\u016blo i\u0161pl\u0117stin\u012f ir pa\u017eang\u0173 garinim\u0105 su iki <strong>12 000 \u012fpur\u0161kim\u0173<\/strong>, a <strong>20 ml e-skys\u010dio talpa<\/strong>ir <strong>850 mAh \u012fkraunama baterija<\/strong> su <strong>C tipo \u012fkrovimas<\/strong>. . <strong>1,0\u03a9 tinklelio rit\u0117<\/strong> u\u017etikrina nuosekl\u0173 ir aromating\u0105 garavim\u0105. . <strong>skaitmeninis ekranas<\/strong> galite lengvai steb\u0117ti akumuliatoriaus veikimo laik\u0105 ir el. skys\u010dio kiek\u012f. Galite rinktis i\u0161 <strong>2% arba 5% nikotino kiekis<\/strong> ir m\u0117gaukit\u0117s <strong>20 \u012fvairi\u0173 skoni\u0173<\/strong>\u012fskaitant bra\u0161ki\u0173 \"Dragon Fruit Ice\" ir persik\u0173 \"BlueRazz Ice\" ledus. Idealiai tinka asmeniniam naudojimui arba <strong>vienkartiniai vape didmenin\u0117 prekyba<\/strong>, \u0161iame \u012frenginyje suderintas na\u0161umas ir i\u0161maniosios funkcijos. Skirta <strong>masinis u\u017esakymas<\/strong> kainos, susisiekite su mumis.<\/p>\n<h3><strong>VAPME DIGITAL 12000 Funkcijos:<\/strong><\/h3>\n<ul>\n<li>Pufai: Iki 12 000<\/li>\n<li>E-skys\u010dio talpa: 20ml<\/li>\n<li>Baterija: 850 mAh (\u012fkraunama)<\/li>\n<li>\u012ekrovimas: C tipo<\/li>\n<li>Rit\u0117: 1,0\u03a9 tinklelio rit\u0117<\/li>\n<li>Nikotino stiprumas: 2%, 5%<\/li>\n<li>Ekranas: Skaitmeninis ekranas (akumuliatoriaus ir elektroninio skys\u010dio lygiai)<\/li>\n<li>20 skonio parink\u010di\u0173<\/li>\n<\/ul>\n<h4>DUK<\/h4>\n<h5>Kaip skaitmeninis ekranas pagerina naudotojo patirt\u012f?<\/h5>\n<p>Skaitmeniniame ekrane realiuoju laiku pateikiama informacija apie akumuliatoriaus veikimo trukm\u0119 ir elektroninio skys\u010dio kiek\u012f, tod\u0117l galite steb\u0117ti savo prietais\u0105 ir atitinkamai planuoti garinimo seansus. \u0160i funkcija suteikia daugiau patogumo ir u\u017etikrina, kad visada \u017einotum\u0117te savo prietaiso b\u016bkl\u0119.<\/p>\n<h5>Kokie pristatymo b\u016bdai naudojami?<\/h5>\n<p>Bendradarbiaujame su patikimais ve\u017e\u0117jais, tokiais kaip UPS, DHL, \"FedEx\" ir DPD, kad j\u016bs\u0173 u\u017esakymai b\u016bt\u0173 pristatyti efektyviai. Pristatymo b\u016bdas parenkamas atsi\u017evelgiant \u012f j\u016bs\u0173 buvimo viet\u0105, kad b\u016bt\u0173 u\u017etikrintas optimalus pristatymo greitis ir patikimumas.<\/p>\n<h5>Kiek laiko paprastai u\u017etrunka pristatymas?<\/h5>\n<p>Pristatymas paprastai trunka nuo 7 iki 15 darbo dien\u0173. Sezon\u0173 piko metu arba esant nepalankioms oro s\u0105lygoms gali prireikti iki 20 darbo dien\u0173.<\/p>\n<h5>Ar susidursiu su kokiomis nors muitin\u0117s problemomis ar papildomais mokes\u010diais?<\/h5>\n<p>Atliekame visas muitin\u0117s proced\u016bras ir u\u017etikriname, kad j\u016bs\u0173 siunta b\u016bt\u0173 \u012fforminta be joki\u0173 problem\u0173. Jums nereik\u0117s mok\u0117ti joki\u0173 papildom\u0173 mokes\u010di\u0173 ar rinkliav\u0173. Garantuojame, kad 100% bus i\u0161muitintas.<\/p>\n<h5>Kaip galiu b\u016bti tikras d\u0117l gaminio kokyb\u0117s ir patikimumo?<\/h5>\n<p>Priimame saugius \"PayPal\" mok\u0117jimus su pirk\u0117jo apsauga. Taip pat galite perskaityti klient\u0173 atsiliepimus <a href=\"https:\/\/www.trustpilot.com\/review\/volovape.com?utm_medium=trustbox&amp;utm_source=TrustBoxReviewCollector\">\"TrustPilot\"<\/a>, kur daugelis klient\u0173 dalijasi teigiama patirtimi apie m\u016bs\u0173 gaminius ir paslaugas.<\/p>","protected":false},"excerpt":{"rendered":"<p>M\u0117gaukit\u0117s skaitmeniniu garinimu su \"VAPME DIGITAL 12000 Puffs\". 1,0\u03a9 tinklelis, 20 ml, 850 mAh \u012fkraunamas. Puikiai tinka asmeniniam naudojimui arba didmeninei prekybai, si\u016blo i\u0161liekam\u0105j\u012f skon\u012f ir \u012fvairias nikotino parinktis.<\/p>","protected":false},"featured_media":324,"comment_status":"open","ping_status":"closed","template":"","meta":[],"product_brand":[],"product_cat":[49,38,21,18,39,20,23,24,22,25,26,27,28,29,30,31,32,33,34,35,36,40],"product_tag":[],"class_list":{"0":"post-87","1":"product","2":"type-product","3":"status-publish","4":"has-post-thumbnail","6":"product_cat-vapme","7":"product_cat-12000-puffs-disposable-vape","8":"product_cat-big-puffs-vapes","9":"product_cat-different-puffs-of-disposable-vapes","10":"product_cat-digital-box-vapes","11":"product_cat-disposable-vape-types","12":"product_cat-disposable-vapes-in-austria","13":"product_cat-disposable-vapes-in-belgium","14":"product_cat-disposable-vapes-in-europe","15":"product_cat-disposable-vapes-in-france","16":"product_cat-disposable-vapes-in-germany","17":"product_cat-disposable-vapes-in-hungary","18":"product_cat-disposable-vapes-in-ltaly","19":"product_cat-disposable-vapes-in-netherlands","20":"product_cat-disposable-vapes-in-norway","21":"product_cat-disposable-vapes-in-poland","22":"product_cat-disposable-vapes-in-portugal","23":"product_cat-disposable-vapes-in-spain","24":"product_cat-disposable-vapes-in-sweden","25":"product_cat-disposable-vapes-in-switzerland","26":"product_cat-rechargeable-vapes","27":"product_cat-smart-screen-vapes","29":"first","30":"instock","31":"shipping-taxable","32":"purchasable","33":"product-type-variable","34":"has-default-attributes"},"jetpack_sharing_enabled":true,"tiered_pricing_type":"fixed","tiered_pricing_fixed_rules":{"2000":4.2599999999999997868371792719699442386627197265625},"tiered_pricing_product_settings":{"layout":"default","base_unit_name":{"singular":null,"plural":null},"default_variation":null},"tiered_pricing_minimum_quantity":1000,"tiered_pricing_roles_data":[],"tiered_pricing_percentage_rules":[],"tiered_pricing_maximum_quantity":null,"tiered_pricing_quantity_step":"10","_links":{"self":[{"href":"https:\/\/volovape.com\/lt\/wp-json\/wp\/v2\/product\/87","targetHints":{"allow":["GET"]}}],"collection":[{"href":"https:\/\/volovape.com\/lt\/wp-json\/wp\/v2\/product"}],"about":[{"href":"https:\/\/volovape.com\/lt\/wp-json\/wp\/v2\/types\/product"}],"replies":[{"embeddable":true,"href":"https:\/\/volovape.com\/lt\/wp-json\/wp\/v2\/comments?post=87"}],"wp:featuredmedia":[{"embeddable":true,"href":"https:\/\/volovape.com\/lt\/wp-json\/wp\/v2\/media\/324"}],"wp:attachment":[{"href":"https:\/\/volovape.com\/lt\/wp-json\/wp\/v2\/media?parent=87"}],"wp:term":[{"taxonomy":"product_brand","embeddable":true,"href":"https:\/\/volovape.com\/lt\/wp-json\/wp\/v2\/product_brand?post=87"},{"taxonomy":"product_cat","embeddable":true,"href":"https:\/\/volovape.com\/lt\/wp-json\/wp\/v2\/product_cat?post=87"},{"taxonomy":"product_tag","embeddable":true,"href":"https:\/\/volovape.com\/lt\/wp-json\/wp\/v2\/product_tag?post=87"}],"curies":[{"name":"wp","href":"https:\/\/api.w.org\/{rel}","templated":true}]}}