{"id":86,"date":"2024-11-21T03:26:51","date_gmt":"2024-11-21T03:26:51","guid":{"rendered":"https:\/\/volovape.com\/?post_type=product&#038;p=86"},"modified":"2025-10-28T03:26:10","modified_gmt":"2025-10-28T03:26:10","slug":"vapme-crystal-7000-puffs","status":"publish","type":"product","link":"https:\/\/volovape.com\/lt\/product\/vapme-crystal-7000-puffs\/","title":{"rendered":"\"VAPME Crystal\" 7000 \u012fkv\u0117pim\u0173 - 30 skoni\u0173 su \u012fkraunamu C tipo akumuliatoriumi"},"content":{"rendered":"<p><iframe title=\"VideoPress vaizdo \u012fra\u0161\u0173 grotuvas\" aria-label='VideoPress vaizdo \u012fra\u0161\u0173 grotuvas' width='421' height='750' src='https:\/\/videopress.com\/embed\/tK1sr4ND?hd=0&amp;cover=1' frameborder='0' allowfullscreen allow='clipboard-write'><\/iframe><script src='https:\/\/v0.wordpress.com\/js\/next\/videopress-iframe.js?m=1739540970'><\/script><\/p>\n<p>\"VAPME Crystal 7000 Puffs\" - 30 skoni\u0173, 2%\/5% nikotino, \u012fkraunamas C tipo, didmenin\u0117 prekyba<br \/>\n<strong>VAPME Crystal 7000 Puffs \u012fkraunamas vienkartinis Vape su 30 skoni\u0173<\/strong> - Skonio \u012fvairov\u0117 ir ilgaam\u017ei\u0161kumas.<\/p>\n<p>Svetain\u0117 <strong>VAPME Crystal 7000 Puffs<\/strong> vienkartinis vape si\u016blo pla\u010di\u0105 garinimo patirt\u012f su iki <strong>7 000 \u012fpur\u0161kim\u0173<\/strong>, a <strong>14 ml e-skys\u010dio talpa<\/strong>ir <strong>650 mAh \u012fkraunama baterija<\/strong> su <strong>C tipo \u012fkrovimas<\/strong>. . <strong>0,8\u03a9 aki\u0173 rit\u0117<\/strong> u\u017etikrina nuosekl\u0173 ir aromating\u0105 garavim\u0105. Galite rinktis i\u0161 <strong>2% arba 5% nikotino kiekis<\/strong> ir i\u0161tirti \u012fsp\u016bding\u0105 asortiment\u0105 <strong>30 unikali\u0173 skoni\u0173<\/strong>\u012fskaitant bra\u0161ki\u0173 arb\u016bzo kramtomosios gumos ir tropini\u0173 vaisi\u0173 pun\u0161o. Idealiai tinka asmeniniam naudojimui arba <strong>vienkartiniai vape didmenin\u0117 prekyba<\/strong>, \u0161is prietaisas u\u017etikrina ir \u012fvairov\u0119, ir patogum\u0105. Skirta <strong>masinis u\u017esakymas<\/strong> kainos, susisiekite su mumis.<\/p>\n<h3><strong>VAPME Crystal 7000 Funkcijos:<\/strong><\/h3>\n<ul>\n<li>Pufai: Iki 7 000<\/li>\n<li>E-skys\u010dio talpa: 14ml<\/li>\n<li>Baterija: 650 mAh (\u012fkraunama)<\/li>\n<li>\u012ekrovimas: C tipo<\/li>\n<li>Spiral\u0117: 0.8\u03a9 Mesh Coil<\/li>\n<li>Nikotino stiprumas: 2%, 5%<\/li>\n<li>30 skonio parink\u010di\u0173<\/li>\n<\/ul>\n<h4>DUK<\/h4>\n<h5>Kaip 0,8 \u03a9 tinklelio rit\u0117 pagerina aromato perteikim\u0105?<\/h5>\n<p>0,8 \u03a9 tinklelio spiral\u0117 sukurta taip, kad optimizuot\u0173 aromato perdavim\u0105, u\u017etikrint\u0173 nuosekl\u0173 kaitinim\u0105 ir efektyv\u0173 garinim\u0105. Taip u\u017etikrinama, kad kiekvienas d\u016bmas b\u016bt\u0173 sodrus ir malonus, tod\u0117l gal\u0117site m\u0117gautis pla\u010dia si\u016blom\u0173 skoni\u0173 \u012fvairove.<\/p>\n<h5>Kokie pristatymo b\u016bdai naudojami?<\/h5>\n<p>Bendradarbiaujame su patikimais ve\u017e\u0117jais, tokiais kaip UPS, DHL, \"FedEx\" ir DPD, kad j\u016bs\u0173 u\u017esakymai b\u016bt\u0173 pristatyti efektyviai. Pristatymo b\u016bdas parenkamas atsi\u017evelgiant \u012f j\u016bs\u0173 buvimo viet\u0105, kad b\u016bt\u0173 u\u017etikrintas optimalus pristatymo greitis ir patikimumas.<\/p>\n<h5>Kiek laiko paprastai u\u017etrunka pristatymas?<\/h5>\n<p>Pristatymas paprastai trunka nuo 7 iki 15 darbo dien\u0173. Sezon\u0173 piko metu arba esant nepalankioms oro s\u0105lygoms gali prireikti iki 20 darbo dien\u0173.<\/p>\n<h5>Ar susidursiu su kokiomis nors muitin\u0117s problemomis ar papildomais mokes\u010diais?<\/h5>\n<p>Atliekame visas muitin\u0117s proced\u016bras ir u\u017etikriname, kad j\u016bs\u0173 siunta b\u016bt\u0173 \u012fforminta be joki\u0173 problem\u0173. Jums nereik\u0117s mok\u0117ti joki\u0173 papildom\u0173 mokes\u010di\u0173 ar rinkliav\u0173. Garantuojame, kad 100% bus i\u0161muitintas.<\/p>\n<h5>Kaip galiu b\u016bti tikras d\u0117l gaminio kokyb\u0117s ir patikimumo?<\/h5>\n<p>Priimame saugius \"PayPal\" mok\u0117jimus su pirk\u0117jo apsauga. Taip pat galite perskaityti klient\u0173 atsiliepimus <a href=\"https:\/\/www.trustpilot.com\/review\/volovape.com?utm_medium=trustbox&amp;utm_source=TrustBoxReviewCollector\">\"TrustPilot\"<\/a>, kur daugelis klient\u0173 dalijasi teigiama patirtimi apie m\u016bs\u0173 gaminius ir paslaugas.<\/p>","protected":false},"excerpt":{"rendered":"<p>M\u0117gaukit\u0117s ilgesniu garinimu su \"VAPME Crystal 7000 Puffs\". 0,8\u03a9 tinklelio rit\u0117, 14 ml, \u012fkraunama. I\u0161tirkite 30 skoni\u0173 ir pasirinkite 2% arba 5% nikotino. Idealiai tinka asmeniniam naudojimui arba didmeninei prekybai.<\/p>","protected":false},"featured_media":310,"comment_status":"open","ping_status":"closed","template":"","meta":[],"product_brand":[],"product_cat":[49,37,21,43,18,20,23,24,22,25,26,27,28,29,30,31,32,33,34,35,36],"product_tag":[],"class_list":{"0":"post-86","1":"product","2":"type-product","3":"status-publish","4":"has-post-thumbnail","6":"product_cat-vapme","7":"product_cat-8000-puffs-disposable-vape","8":"product_cat-big-puffs-vapes","9":"product_cat-crystal-vapes","10":"product_cat-different-puffs-of-disposable-vapes","11":"product_cat-disposable-vape-types","12":"product_cat-disposable-vapes-in-austria","13":"product_cat-disposable-vapes-in-belgium","14":"product_cat-disposable-vapes-in-europe","15":"product_cat-disposable-vapes-in-france","16":"product_cat-disposable-vapes-in-germany","17":"product_cat-disposable-vapes-in-hungary","18":"product_cat-disposable-vapes-in-ltaly","19":"product_cat-disposable-vapes-in-netherlands","20":"product_cat-disposable-vapes-in-norway","21":"product_cat-disposable-vapes-in-poland","22":"product_cat-disposable-vapes-in-portugal","23":"product_cat-disposable-vapes-in-spain","24":"product_cat-disposable-vapes-in-sweden","25":"product_cat-disposable-vapes-in-switzerland","26":"product_cat-rechargeable-vapes","28":"first","29":"instock","30":"shipping-taxable","31":"purchasable","32":"product-type-variable","33":"has-default-attributes"},"jetpack_sharing_enabled":true,"tiered_pricing_type":"fixed","tiered_pricing_fixed_rules":{"30":5.28000000000000024868995751603506505489349365234375,"50":4.75,"100":4.160000000000000142108547152020037174224853515625,"200":3.979999999999999982236431605997495353221893310546875,"400":3.5800000000000000710542735760100185871124267578125},"tiered_pricing_product_settings":{"layout":"default","base_unit_name":{"singular":null,"plural":null},"default_variation":null},"tiered_pricing_minimum_quantity":10,"tiered_pricing_roles_data":[],"tiered_pricing_percentage_rules":[],"tiered_pricing_maximum_quantity":null,"tiered_pricing_quantity_step":"10","_links":{"self":[{"href":"https:\/\/volovape.com\/lt\/wp-json\/wp\/v2\/product\/86","targetHints":{"allow":["GET"]}}],"collection":[{"href":"https:\/\/volovape.com\/lt\/wp-json\/wp\/v2\/product"}],"about":[{"href":"https:\/\/volovape.com\/lt\/wp-json\/wp\/v2\/types\/product"}],"replies":[{"embeddable":true,"href":"https:\/\/volovape.com\/lt\/wp-json\/wp\/v2\/comments?post=86"}],"wp:featuredmedia":[{"embeddable":true,"href":"https:\/\/volovape.com\/lt\/wp-json\/wp\/v2\/media\/310"}],"wp:attachment":[{"href":"https:\/\/volovape.com\/lt\/wp-json\/wp\/v2\/media?parent=86"}],"wp:term":[{"taxonomy":"product_brand","embeddable":true,"href":"https:\/\/volovape.com\/lt\/wp-json\/wp\/v2\/product_brand?post=86"},{"taxonomy":"product_cat","embeddable":true,"href":"https:\/\/volovape.com\/lt\/wp-json\/wp\/v2\/product_cat?post=86"},{"taxonomy":"product_tag","embeddable":true,"href":"https:\/\/volovape.com\/lt\/wp-json\/wp\/v2\/product_tag?post=86"}],"curies":[{"name":"wp","href":"https:\/\/api.w.org\/{rel}","templated":true}]}}