{"id":854,"date":"2024-11-21T03:33:53","date_gmt":"2024-11-21T03:33:53","guid":{"rendered":"https:\/\/volovape.com\/?post_type=product&#038;p=854"},"modified":"2025-07-06T04:15:38","modified_gmt":"2025-07-06T04:15:38","slug":"elfu-pasaulis-mx-25000-puffs","status":"publish","type":"product","link":"https:\/\/volovape.com\/lt\/product\/elfworld-mx-25000-puffs\/","title":{"rendered":"ELFWORLD MX 25000 puanson\u0173 - vienkartinis vape - tinklin\u0117 rit\u0117, skaitmeninis ekranas, reguliuojamas oro srautas"},"content":{"rendered":"<p><strong>ELFWORLD MX 25000 puffs\u0173 vienkartinis Vape<\/strong> - Individualus garinimas su didele talpa ir skaitmeniniu tikslumu.<\/p>\n<p>Svetain\u0117 <strong>ELFWORLD MX 25000 pufik\u0173<\/strong> vienkartinis vape si\u016blo i\u0161skirtin\u0119 garinimo patirt\u012f su did\u017eiuliu <strong>25 000 puff<\/strong> talpa, didel\u0117 <strong>25 ml elektroninio skys\u010dio rezervuaras<\/strong>ir galingas <strong>850 mAh \u012fkraunama baterija<\/strong>. I\u0161pl\u0117stin\u0117 <strong>tinklelio rit\u0117<\/strong> technologija u\u017etikrina nuolatin\u012f skland\u0173 ir aromating\u0105 garavim\u0105, o <strong>skaitmeninis ekranas<\/strong> realiuoju laiku stebi akumuliatoriaus ir elektroninio skys\u010dio lyg\u012f. . <strong>reguliuojamas oro srautas<\/strong> galima pritaikyti br\u0117\u017ein\u012f, atsi\u017evelgiant \u012f individualius pageidavimus. Galite rinktis i\u0161 <strong>0%, 2%, 3% arba 5% nikotino koncentracija<\/strong>. Idealiai tinka asmeniniam naudojimui ir <strong>vienkartiniai vape didmenin\u0117 prekyba<\/strong>, \u0161is prietaisas pasi\u017eymi ir na\u0161umu, ir personalizavimu. <strong>Masinis u\u017esakymas<\/strong> ma\u017emenininkai gali rinktis.<\/p>\n<h3><strong>ELFWORLD MX 25000 pufik\u0173 Savyb\u0117s:<\/strong><\/h3>\n<ul>\n<li>Pufai: Iki 25 000<\/li>\n<li>E-skys\u010dio talpa: 25ml<\/li>\n<li>Baterija: 850 mAh (\u012fkraunama)<\/li>\n<li>\u012ekrovimas: C tipo<\/li>\n<li>rit\u0117: Tinklin\u0117 rit\u0117<\/li>\n<li>Ekranas: Skaitmeninis ekranas (akumuliatoriaus ir elektroninio skys\u010dio lygiai)<\/li>\n<li>Oro srautas: Reguliuojamas<\/li>\n<li>Nikotino stiprumas: 0%, 2%, 3%, 5%<\/li>\n<li>Galimi skoniai: Bra\u0161ki\u0173 ledai, arb\u016bz\u0173 ledai, vynuogi\u0173 ledai, m\u0117tos, dvigubi obuoliai, sultingi persik\u0173 ledai, Blue Razz ledai, ro\u017einiai limonadai, mi\u0161rios uogos, m\u0117lyni\u0173 arb\u016bzai, apelsin\u0173 uogos, avie\u010di\u0173 persikai, r\u016bg\u0161t\u016bs mangai ir ananasai, persik\u0173 m\u0117lynumas.<\/li>\n<\/ul>\n<h4>DUK<\/h4>\n<h5>Kaip reguliuojamas oro srautas pagerina garinimo patirt\u012f?<\/h5>\n<p>Reguliuojamas oro srautas leid\u017eia naudotojams tiksliai sureguliuoti traukimo pasiprie\u0161inim\u0105 pagal savo pageidavimus, asmeni\u0161kai kontroliuojant gar\u0173 tank\u012f ir aromato intensyvum\u0105. \u0160is pritaikymas u\u017etikrina malonesn\u012f ir labiau pritaikyt\u0105 garinim\u0105.<\/p>\n<h5>Kokie \u0161io prietaiso skaitmeninio ekrano privalumai?<\/h5>\n<p>Skaitmeniniame ekrane realiuoju laiku stebimas akumuliatoriaus ir elektroninio skys\u010dio lygis, tod\u0117l naudotojai gali lengvai steb\u0117ti savo prietaiso b\u016bkl\u0119. \u0160i funkcija u\u017etikrina, kad visada b\u016bsite informuoti ir gal\u0117site atitinkamai planuoti garinimo seansus, taip padidindami patogum\u0105 ir i\u0161vengdami netik\u0117t\u0173 pertrauk\u0173.<\/p>\n<h5>Kuo naudotojams naudingi 25 000 \u012fkv\u0117pim\u0173 talpa ir 850 mAh baterija?<\/h5>\n<p>25 000 \u012fp\u016btim\u0173 talpa ir 850 mAh \u012fkraunamas akumuliatorius u\u017etikrina ilgesn\u012f naudojim\u0105, tod\u0117l nereikia da\u017enai keisti ar \u012fkrauti. \u0160is derinys u\u017etikrina i\u0161skirtin\u012f ilgaam\u017ei\u0161kum\u0105 ir patogum\u0105, tod\u0117l ELFWORLD MX 25000 idealiai tinka ilgiems garinimo seansams.<\/p>\n<h5>Kokie pristatymo b\u016bdai naudojami?<\/h5>\n<p>Bendradarbiaujame su patikimais ve\u017e\u0117jais, tokiais kaip UPS, DHL, \"FedEx\" ir DPD, kad u\u017etikrintume veiksming\u0105 ir saug\u0173 pristatym\u0105. Pagal j\u016bs\u0173 buvimo viet\u0105 parenkame tinkamiausi\u0105 pristatymo b\u016bd\u0105, kad u\u017esakym\u0105 gautum\u0117te kuo grei\u010diau.<\/p>\n<h5>Ar galiu pasitik\u0117ti savo pirkiniu?<\/h5>\n<p>Pirmenyb\u0119 teikiame klient\u0173 pasitenkinimui ir si\u016blome saugias mok\u0117jimo galimybes, \u012fskaitant \"PayPal\" su pirk\u0117jo apsauga. Klient\u0173 atsiliepimus taip pat galite per\u017ei\u016br\u0117ti \"TrustPilot\" svetain\u0117je: <a href=\"https:\/\/www.trustpilot.com\/review\/volovape.com?utm_medium=trustbox&amp;utm_source=TrustBoxReviewCollector\">\"TrustPilot\"<\/a>.<\/p>","protected":false},"excerpt":{"rendered":"<p>Akcija ELFWORLD MX 25000 Puffs Vienkartiniai garintuvai. 25 000 p\u016btim\u0173, 25 ml el. skys\u010dio, 850 mAh akumuliatorius, tinklin\u0117 rit\u0117, skaitmeninis ekranas, reguliuojamas oro srautas. Galima rinktis i\u0161 15 skoni\u0173.<\/p>","protected":false},"featured_media":1296,"comment_status":"open","ping_status":"closed","template":"","meta":[],"product_brand":[],"product_cat":[69,45,21,18,39,20,23,24,22,25,26,27,28,29,30,31,32,33,34,35,44,36,40],"product_tag":[],"class_list":{"0":"post-854","1":"product","2":"type-product","3":"status-publish","4":"has-post-thumbnail","6":"product_cat-elfworld","7":"product_cat-25000-puffs-disposable-vape","8":"product_cat-big-puffs-vapes","9":"product_cat-different-puffs-of-disposable-vapes","10":"product_cat-digital-box-vapes","11":"product_cat-disposable-vape-types","12":"product_cat-disposable-vapes-in-austria","13":"product_cat-disposable-vapes-in-belgium","14":"product_cat-disposable-vapes-in-europe","15":"product_cat-disposable-vapes-in-france","16":"product_cat-disposable-vapes-in-germany","17":"product_cat-disposable-vapes-in-hungary","18":"product_cat-disposable-vapes-in-ltaly","19":"product_cat-disposable-vapes-in-netherlands","20":"product_cat-disposable-vapes-in-norway","21":"product_cat-disposable-vapes-in-poland","22":"product_cat-disposable-vapes-in-portugal","23":"product_cat-disposable-vapes-in-spain","24":"product_cat-disposable-vapes-in-sweden","25":"product_cat-disposable-vapes-in-switzerland","26":"product_cat-dual-mesh-vapes","27":"product_cat-rechargeable-vapes","28":"product_cat-smart-screen-vapes","30":"first","31":"instock","32":"shipping-taxable","33":"purchasable","34":"product-type-variable","35":"has-default-attributes"},"jetpack_sharing_enabled":true,"tiered_pricing_type":"fixed","tiered_pricing_fixed_rules":{"2000":5.20000000000000017763568394002504646778106689453125},"tiered_pricing_product_settings":{"layout":"default","base_unit_name":{"singular":null,"plural":null},"default_variation":null},"tiered_pricing_minimum_quantity":1000,"tiered_pricing_roles_data":[],"tiered_pricing_percentage_rules":[],"tiered_pricing_maximum_quantity":null,"tiered_pricing_quantity_step":"10","_links":{"self":[{"href":"https:\/\/volovape.com\/lt\/wp-json\/wp\/v2\/product\/854","targetHints":{"allow":["GET"]}}],"collection":[{"href":"https:\/\/volovape.com\/lt\/wp-json\/wp\/v2\/product"}],"about":[{"href":"https:\/\/volovape.com\/lt\/wp-json\/wp\/v2\/types\/product"}],"replies":[{"embeddable":true,"href":"https:\/\/volovape.com\/lt\/wp-json\/wp\/v2\/comments?post=854"}],"wp:featuredmedia":[{"embeddable":true,"href":"https:\/\/volovape.com\/lt\/wp-json\/wp\/v2\/media\/1296"}],"wp:attachment":[{"href":"https:\/\/volovape.com\/lt\/wp-json\/wp\/v2\/media?parent=854"}],"wp:term":[{"taxonomy":"product_brand","embeddable":true,"href":"https:\/\/volovape.com\/lt\/wp-json\/wp\/v2\/product_brand?post=854"},{"taxonomy":"product_cat","embeddable":true,"href":"https:\/\/volovape.com\/lt\/wp-json\/wp\/v2\/product_cat?post=854"},{"taxonomy":"product_tag","embeddable":true,"href":"https:\/\/volovape.com\/lt\/wp-json\/wp\/v2\/product_tag?post=854"}],"curies":[{"name":"wp","href":"https:\/\/api.w.org\/{rel}","templated":true}]}}