{"id":853,"date":"2024-11-21T03:33:53","date_gmt":"2024-11-21T03:33:53","guid":{"rendered":"https:\/\/volovape.com\/?post_type=product&#038;p=853"},"modified":"2025-07-06T04:14:47","modified_gmt":"2025-07-06T04:14:47","slug":"hzko-supernova-25000-vnt","status":"publish","type":"product","link":"https:\/\/volovape.com\/lt\/product\/hzko-supernova-25000-puffs\/","title":{"rendered":"\"HZKO Supernova\" 25000 \u012fkv\u0117pim\u0173 - skaitmeninis ekranas, reguliuojamas oro srautas, tinklin\u0117 rit\u0117"},"content":{"rendered":"<p><strong>HZKO Supernova 25000 Puffs vienkartinis Vape<\/strong> - Skaitmeninis ekranas ir reguliuojamas oro srautas u\u017etikrina puiki\u0105 kontrol\u0119 ir ilgaam\u017ei\u0161kum\u0105.<\/p>\n<p>Svetain\u0117 <strong>HZKO Supernova 25000 puffs<\/strong> vienkartinis vape u\u017etikrina neprilygstam\u0105 garinimo patirt\u012f su \u012fsp\u016bdingu <strong>25 000 puff<\/strong> talpa, didel\u0117 <strong>25 ml elektroninio skys\u010dio rezervuaras<\/strong>ir galingas <strong>850 mAh \u012fkraunama baterija<\/strong>. Integruotas <strong>skaitmeninis ekranas<\/strong> realiuoju laiku stebi akumuliatoriaus ir elektroninio skys\u010dio lyg\u012f, o <strong>reguliuojamas oro srautas<\/strong> leid\u017eia rengti asmeninius garinimo seansus. Pa\u017eangi <strong>tinklelio rit\u0117<\/strong> u\u017etikrina skland\u0173 ir aromating\u0105 gar\u0173 gamyb\u0105. Galite rinktis i\u0161 <strong>0%, 2%, 3% arba 5% nikotino koncentracija<\/strong>. Idealiai tinka asmeniniam naudojimui ir <strong>vienkartiniai vape didmenin\u0117 prekyba<\/strong>, \u0161is prietaisas suteikia ir patogumo, ir kontrol\u0117s galimyb\u0119. <strong>Masinis u\u017esakymas<\/strong> ma\u017emenininkai gali rinktis.<\/p>\n<h3><strong>HZKO \"Supernova 25000 Puffs\" funkcijos:<\/strong><\/h3>\n<ul>\n<li>Pufai: Iki 25 000<\/li>\n<li>E-skys\u010dio talpa: 25ml<\/li>\n<li>Baterija: 850 mAh (\u012fkraunama)<\/li>\n<li>\u012ekrovimas: C tipo<\/li>\n<li>rit\u0117: Tinklin\u0117 rit\u0117<\/li>\n<li>Ekranas: Skaitmeninis ekranas (akumuliatoriaus ir elektroninio skys\u010dio lygiai)<\/li>\n<li>Oro srautas: Reguliuojamas<\/li>\n<li>Nikotino stiprumas: 0%, 2%, 3%, 5%<\/li>\n<li>Galimi skoniai: M\u0117lynas persik\u0173 ledas, greipfrut\u0173 gaivusis ledas, r\u016bg\u0161tus mang\u0173 ananas\u0173 ledas, apelsin\u0173 uog\u0173 ledas, arb\u016bzo ledas, Majamio m\u0117tos, m\u0117lynasis Razz ledas, r\u016bg\u0161\u010di\u0173 obuoli\u0173 ledas, mi\u0161ri\u0173 uog\u0173 ledas, avie\u010di\u0173 persik\u0173 ledas.<\/li>\n<\/ul>\n<h4>DUK<\/h4>\n<h5>Kaip skaitmeninis ekranas pagerina naudotojo patirt\u012f?<\/h5>\n<p>Skaitmeniniame ekrane realiuoju laiku pateikiama informacija apie akumuliatoriaus ir elektroninio skys\u010dio lyg\u012f, tod\u0117l naudotojai gali i\u0161 karto steb\u0117ti savo prietaiso b\u016bkl\u0119. \u0160i funkcija u\u017etikrina, kad visada \u017einotum\u0117te apie savo prietaiso b\u016bkl\u0119, tod\u0117l i\u0161vengsite netik\u0117t\u0173 trikd\u017ei\u0173 ir padidinsite bendr\u0105 patogum\u0105.<\/p>\n<h5>Kokie reguliuojamo oro srauto privalumai \u0161iame prietaise?<\/h5>\n<p>Reguliuojamas oro srautas leid\u017eia naudotojams pritaikyti garinimo patirt\u012f, tiksliai reguliuojant traukimo pasiprie\u0161inim\u0105. Nesvarbu, ar m\u0117gstate grie\u017et\u0105, ar laisv\u0105 u\u017etraukim\u0105, \u0161i funkcija suteikia asmenin\u0119 kontrol\u0119, tod\u0117l garinimas tampa malonesnis ir malonesnis.<\/p>\n<h5>Kaip 850 mAh baterija ir 25 ml elektroninio skys\u010dio talpa prisideda prie prietaiso ilgaam\u017ei\u0161kumo?<\/h5>\n<p>850 mAh \u012fkraunama baterija ir 25 ml elektroninio skys\u010dio talpa yra skirtos dideliam prietaiso pu\u010diam\u0173j\u0173 kiekiui palaikyti, kad b\u016bt\u0173 u\u017etikrintas ilgalaikis naudojimas be da\u017eno \u012fkrovimo ar papildymo. \u0160is derinys u\u017etikrina i\u0161skirtin\u012f patogum\u0105 ir ilgaam\u017ei\u0161kum\u0105, tod\u0117l \"HZKO Supernova 25000\" idealiai tinka ilgiems garinimo seansams.<\/p>\n<h5>Kokie pristatymo b\u016bdai naudojami?<\/h5>\n<p>Bendradarbiaujame su patikimais ve\u017e\u0117jais, tokiais kaip UPS, DHL, \"FedEx\" ir DPD, kad u\u017etikrintume veiksming\u0105 ir saug\u0173 pristatym\u0105. Pagal j\u016bs\u0173 buvimo viet\u0105 parenkame tinkamiausi\u0105 pristatymo b\u016bd\u0105, kad u\u017esakym\u0105 gautum\u0117te kuo grei\u010diau.<\/p>\n<h5>Ar galiu pasitik\u0117ti savo pirkiniu?<\/h5>\n<p>Pirmenyb\u0119 teikiame klient\u0173 pasitenkinimui ir si\u016blome saugias mok\u0117jimo galimybes, \u012fskaitant \"PayPal\" su pirk\u0117jo apsauga. Klient\u0173 atsiliepimus taip pat galite per\u017ei\u016br\u0117ti \"TrustPilot\" svetain\u0117je: <a href=\"https:\/\/www.trustpilot.com\/review\/volovape.com?utm_medium=trustbox&amp;utm_source=TrustBoxReviewCollector\">\"TrustPilot\"<\/a>.<\/p>","protected":false},"excerpt":{"rendered":"<p>Tiekimas HZKO Supernova 25000 Puffs vienkartiniai Vapes. 25000 puff\u0173, 25 ml el. skys\u010dio, 850 mAh baterija, skaitmeninis ekranas, reguliuojamas oro srautas, tinklin\u0117 rit\u0117. \u012evairus nikotinas. I\u0161nagrin\u0117kite skonius.<\/p>","protected":false},"featured_media":1281,"comment_status":"open","ping_status":"closed","template":"","meta":[],"product_brand":[],"product_cat":[70,45,21,18,39,20,23,24,22,25,26,27,28,29,30,31,32,33,34,35,44,36,40],"product_tag":[],"class_list":{"0":"post-853","1":"product","2":"type-product","3":"status-publish","4":"has-post-thumbnail","6":"product_cat-hzkd","7":"product_cat-25000-puffs-disposable-vape","8":"product_cat-big-puffs-vapes","9":"product_cat-different-puffs-of-disposable-vapes","10":"product_cat-digital-box-vapes","11":"product_cat-disposable-vape-types","12":"product_cat-disposable-vapes-in-austria","13":"product_cat-disposable-vapes-in-belgium","14":"product_cat-disposable-vapes-in-europe","15":"product_cat-disposable-vapes-in-france","16":"product_cat-disposable-vapes-in-germany","17":"product_cat-disposable-vapes-in-hungary","18":"product_cat-disposable-vapes-in-ltaly","19":"product_cat-disposable-vapes-in-netherlands","20":"product_cat-disposable-vapes-in-norway","21":"product_cat-disposable-vapes-in-poland","22":"product_cat-disposable-vapes-in-portugal","23":"product_cat-disposable-vapes-in-spain","24":"product_cat-disposable-vapes-in-sweden","25":"product_cat-disposable-vapes-in-switzerland","26":"product_cat-dual-mesh-vapes","27":"product_cat-rechargeable-vapes","28":"product_cat-smart-screen-vapes","30":"first","31":"instock","32":"shipping-taxable","33":"purchasable","34":"product-type-variable","35":"has-default-attributes"},"jetpack_sharing_enabled":true,"tiered_pricing_type":"fixed","tiered_pricing_fixed_rules":{"2000":5.20000000000000017763568394002504646778106689453125},"tiered_pricing_product_settings":{"layout":"default","base_unit_name":{"singular":null,"plural":null},"default_variation":null},"tiered_pricing_minimum_quantity":1000,"tiered_pricing_roles_data":[],"tiered_pricing_percentage_rules":[],"tiered_pricing_maximum_quantity":null,"tiered_pricing_quantity_step":"10","_links":{"self":[{"href":"https:\/\/volovape.com\/lt\/wp-json\/wp\/v2\/product\/853","targetHints":{"allow":["GET"]}}],"collection":[{"href":"https:\/\/volovape.com\/lt\/wp-json\/wp\/v2\/product"}],"about":[{"href":"https:\/\/volovape.com\/lt\/wp-json\/wp\/v2\/types\/product"}],"replies":[{"embeddable":true,"href":"https:\/\/volovape.com\/lt\/wp-json\/wp\/v2\/comments?post=853"}],"wp:featuredmedia":[{"embeddable":true,"href":"https:\/\/volovape.com\/lt\/wp-json\/wp\/v2\/media\/1281"}],"wp:attachment":[{"href":"https:\/\/volovape.com\/lt\/wp-json\/wp\/v2\/media?parent=853"}],"wp:term":[{"taxonomy":"product_brand","embeddable":true,"href":"https:\/\/volovape.com\/lt\/wp-json\/wp\/v2\/product_brand?post=853"},{"taxonomy":"product_cat","embeddable":true,"href":"https:\/\/volovape.com\/lt\/wp-json\/wp\/v2\/product_cat?post=853"},{"taxonomy":"product_tag","embeddable":true,"href":"https:\/\/volovape.com\/lt\/wp-json\/wp\/v2\/product_tag?post=853"}],"curies":[{"name":"wp","href":"https:\/\/api.w.org\/{rel}","templated":true}]}}