{"id":84,"date":"2024-11-21T03:26:51","date_gmt":"2024-11-21T03:26:51","guid":{"rendered":"https:\/\/volovape.com\/?post_type=product&#038;p=84"},"modified":"2025-07-06T04:05:12","modified_gmt":"2025-07-06T04:05:12","slug":"vapme-monster-16000-puffs","status":"publish","type":"product","link":"https:\/\/volovape.com\/lt\/product\/vapme-monster-16000-puffs\/","title":{"rendered":"VAPME MONSTER 16000 vnt. vienkartini\u0173 vape | \u012fkraunamas didel\u0117s talpos ilgalaikis"},"content":{"rendered":"<p><strong>VAPME MONSTER 16000 puf\u0173 didel\u0117s talpos vienkartin\u0117 vap\u0117 su tinklelio spirale<\/strong> - I\u0161pl\u0117stinis garinimo veikimas.<\/p>\n<p>Svetain\u0117 <strong>VAPME MONSTER 16000 puodeli\u0173<\/strong> vienkartinis vapas si\u016blo ne\u012ftik\u0117tinai ilgai trunkant\u012f vapavim\u0105 su iki <strong>16 000 \u012fkv\u0117pim\u0173<\/strong>, did\u017eiulis <strong>26 ml e-skys\u010dio talpa<\/strong>ir <strong>850 mAh \u012fkraunama baterija<\/strong> su <strong>C tipo \u012fkrovimas<\/strong>. . <strong>1,0\u03a9 tinklelio rit\u0117<\/strong> u\u017etikrina nuolatin\u012f skland\u0173 ir aromating\u0105 garavim\u0105. Galite rinktis i\u0161 <strong>2% arba 5% nikotino kiekis<\/strong> ir m\u0117gaukit\u0117s \u012fvairiais skoniais, \u012fskaitant bra\u0161ki\u0173 \"Red Bull\" ir kivi\u0173 aistros vaisi\u0173 \"Guava\". Idealiai tinka asmeniniam naudojimui arba <strong>vienkartiniai vape didmenin\u0117 prekyba<\/strong>, \u0161is prietaisas u\u017etikrina neprilygstam\u0105 ilgaam\u017ei\u0161kum\u0105 ir patogum\u0105. Skirta <strong>masinis u\u017esakymas<\/strong> kainos, susisiekite su mumis.<\/p>\n<h3><strong>VAPME MONSTER 16000 Funkcijos:<\/strong><\/h3>\n<ul>\n<li>Pufai: Iki 16 000<\/li>\n<li>E-skys\u010dio talpa: 26ml<\/li>\n<li>Baterija: 850 mAh (\u012fkraunama)<\/li>\n<li>\u012ekrovimas: C tipo<\/li>\n<li>Rit\u0117: 1,0\u03a9 tinklelio rit\u0117<\/li>\n<li>Nikotino stiprumas: 2%, 5%<\/li>\n<li>12 skonio parink\u010di\u0173<\/li>\n<\/ul>\n<h4>DUK<\/h4>\n<h5>Kaip 1,0\u03a9 tinklelio rit\u0117 prisideda prie garinimo patirties?<\/h5>\n<p>1,0 \u03a9 tinklelio rit\u0117 sukurta taip, kad u\u017etikrint\u0173 skland\u0173 ir nuosekl\u0173 garinim\u0105, turting\u0105 skon\u012f ir patenkinam\u0105 gar\u0173 gamyb\u0105. Ji u\u017etikrina efektyv\u0173 elektroninio skys\u010dio garinim\u0105, maksimaliai padidindama skonio perteikim\u0105 ir bendr\u0105 malonum\u0105 per vis\u0105 prietaiso naudojimo laik\u0105.<\/p>\n<h5>Kokie pristatymo b\u016bdai naudojami?<\/h5>\n<p>Bendradarbiaujame su patikimais ve\u017e\u0117jais, tokiais kaip UPS, DHL, \"FedEx\" ir DPD, kad j\u016bs\u0173 u\u017esakymai b\u016bt\u0173 pristatyti efektyviai. Pristatymo b\u016bdas parenkamas atsi\u017evelgiant \u012f j\u016bs\u0173 buvimo viet\u0105, kad b\u016bt\u0173 u\u017etikrintas optimalus pristatymo greitis ir patikimumas.<\/p>\n<h5>Kiek laiko paprastai u\u017etrunka pristatymas?<\/h5>\n<p>Pristatymas paprastai trunka nuo 7 iki 15 darbo dien\u0173. Sezon\u0173 piko metu arba esant nepalankioms oro s\u0105lygoms gali prireikti iki 20 darbo dien\u0173.<\/p>\n<h5>Ar susidursiu su kokiomis nors muitin\u0117s problemomis ar papildomais mokes\u010diais?<\/h5>\n<p>Atliekame visas muitin\u0117s proced\u016bras ir u\u017etikriname, kad j\u016bs\u0173 siunta b\u016bt\u0173 \u012fforminta be joki\u0173 problem\u0173. Jums nereik\u0117s mok\u0117ti joki\u0173 papildom\u0173 mokes\u010di\u0173 ar rinkliav\u0173. Garantuojame, kad 100% bus i\u0161muitintas.<\/p>\n<h5>Kaip galiu b\u016bti tikras d\u0117l gaminio kokyb\u0117s ir patikimumo?<\/h5>\n<p>Priimame saugius \"PayPal\" mok\u0117jimus su pirk\u0117jo apsauga. Taip pat galite perskaityti klient\u0173 atsiliepimus <a href=\"https:\/\/www.trustpilot.com\/review\/volovape.com?utm_medium=trustbox&amp;utm_source=TrustBoxReviewCollector\">\"TrustPilot\"<\/a>, kur daugelis klient\u0173 dalijasi teigiama patirtimi apie m\u016bs\u0173 gaminius ir paslaugas.<\/p>","protected":false},"excerpt":{"rendered":"<p>I\u0161laisvinkite ilgalaik\u012f skon\u012f su VAPME MONSTER 16000 keksiuk\u0173. 1,0 \u03a9 tinklelis, 26 ml, 850 mAh \u012fkraunamas. Idealiai tinka asmeniniam naudojimui arba didmeninei prekybai, u\u017etikrina skland\u0173 garavim\u0105 ir \u012fvairias nikotino parinktis.<\/p>","protected":false},"featured_media":284,"comment_status":"open","ping_status":"closed","template":"","meta":[],"product_brand":[],"product_cat":[49,51,21,18,20,23,24,22,25,26,27,28,29,30,31,32,33,34,35,36,40],"product_tag":[],"class_list":{"0":"post-84","1":"product","2":"type-product","3":"status-publish","4":"has-post-thumbnail","6":"product_cat-vapme","7":"product_cat-16000-puffs-disposable-vape","8":"product_cat-big-puffs-vapes","9":"product_cat-different-puffs-of-disposable-vapes","10":"product_cat-disposable-vape-types","11":"product_cat-disposable-vapes-in-austria","12":"product_cat-disposable-vapes-in-belgium","13":"product_cat-disposable-vapes-in-europe","14":"product_cat-disposable-vapes-in-france","15":"product_cat-disposable-vapes-in-germany","16":"product_cat-disposable-vapes-in-hungary","17":"product_cat-disposable-vapes-in-ltaly","18":"product_cat-disposable-vapes-in-netherlands","19":"product_cat-disposable-vapes-in-norway","20":"product_cat-disposable-vapes-in-poland","21":"product_cat-disposable-vapes-in-portugal","22":"product_cat-disposable-vapes-in-spain","23":"product_cat-disposable-vapes-in-sweden","24":"product_cat-disposable-vapes-in-switzerland","25":"product_cat-rechargeable-vapes","26":"product_cat-smart-screen-vapes","28":"first","29":"instock","30":"shipping-taxable","31":"purchasable","32":"product-type-variable","33":"has-default-attributes"},"jetpack_sharing_enabled":true,"tiered_pricing_type":"fixed","tiered_pricing_fixed_rules":{"2000":5.38999999999999968025576890795491635799407958984375},"tiered_pricing_product_settings":{"layout":"default","base_unit_name":{"singular":null,"plural":null},"default_variation":null},"tiered_pricing_minimum_quantity":1000,"tiered_pricing_roles_data":[],"tiered_pricing_percentage_rules":[],"tiered_pricing_maximum_quantity":null,"tiered_pricing_quantity_step":"10","_links":{"self":[{"href":"https:\/\/volovape.com\/lt\/wp-json\/wp\/v2\/product\/84","targetHints":{"allow":["GET"]}}],"collection":[{"href":"https:\/\/volovape.com\/lt\/wp-json\/wp\/v2\/product"}],"about":[{"href":"https:\/\/volovape.com\/lt\/wp-json\/wp\/v2\/types\/product"}],"replies":[{"embeddable":true,"href":"https:\/\/volovape.com\/lt\/wp-json\/wp\/v2\/comments?post=84"}],"wp:featuredmedia":[{"embeddable":true,"href":"https:\/\/volovape.com\/lt\/wp-json\/wp\/v2\/media\/284"}],"wp:attachment":[{"href":"https:\/\/volovape.com\/lt\/wp-json\/wp\/v2\/media?parent=84"}],"wp:term":[{"taxonomy":"product_brand","embeddable":true,"href":"https:\/\/volovape.com\/lt\/wp-json\/wp\/v2\/product_brand?post=84"},{"taxonomy":"product_cat","embeddable":true,"href":"https:\/\/volovape.com\/lt\/wp-json\/wp\/v2\/product_cat?post=84"},{"taxonomy":"product_tag","embeddable":true,"href":"https:\/\/volovape.com\/lt\/wp-json\/wp\/v2\/product_tag?post=84"}],"curies":[{"name":"wp","href":"https:\/\/api.w.org\/{rel}","templated":true}]}}