{"id":826,"date":"2024-11-21T03:33:30","date_gmt":"2024-11-21T03:33:30","guid":{"rendered":"https:\/\/volovape.com\/?post_type=product&#038;p=826"},"modified":"2025-06-19T03:45:17","modified_gmt":"2025-06-19T03:45:17","slug":"elfu-pasaulis-al-22000-puffs","status":"publish","type":"product","link":"https:\/\/volovape.com\/lt\/product\/elfworld-al-22000-puffs\/","title":{"rendered":"ELFWORLD AL 22000 Puffs vienkartinis Vape - dvigubas tinklelis, skaitmeninis ekranas, reguliuojamas oro srautas"},"content":{"rendered":"<p><strong>ELFWORLD AL 22000 vienkartini\u0173 pufik\u0173<\/strong> - Did\u017eiausias garinimo valdymas su dvigubomis tinklin\u0117mis rit\u0117mis ir skaitmeniniu ekranu.<\/p>\n<p>Svetain\u0117 <strong>ELFWORLD AL 22000 pufik\u0173<\/strong> vienkartinis vape i\u0161 naujo apibr\u0117\u017eia vaping d\u0117l savo i\u0161skirtini\u0173 <strong>22 000 puff<\/strong> talpa, did\u017eiulis <strong>26 ml elektroninio skys\u010dio rezervuaras<\/strong>ir patikimas <strong>650 mAh \u012fkraunama baterija<\/strong>. Su <strong>dvigubos 1,0\u03a9 tinklelio rit\u0117s<\/strong>, \u0161is prietaisas u\u017etikrina neprilygstam\u0105 skon\u012f ir gar\u0173 gamyb\u0105. Integruotas <strong>skaitmeninis ekranas<\/strong> realiuoju laiku stebi akumuliatoriaus ir elektroninio skys\u010dio lyg\u012f, o <strong>reguliuojamas oro srautas<\/strong> leid\u017eia visi\u0161kai pritaikyti garinimo patirt\u012f. Galite rinktis i\u0161 <strong>0%, 2%, 3% arba 5% nikotino koncentracija<\/strong>. Idealiai tinka asmeniniam naudojimui ir <strong>vienkartiniai vape didmenin\u0117 prekyba<\/strong>, \u0161is prietaisas - tai patogumo ir na\u0161umo vir\u0161\u016bn\u0117. <strong>Masinis u\u017esakymas<\/strong> ma\u017emenininkai gali rinktis.<\/p>\n<h3><strong>ELFWORLD AL 22000 Puffs Savyb\u0117s:<\/strong><\/h3>\n<ul>\n<li>Pufai: Iki 22 000<\/li>\n<li>E-skys\u010dio talpa: 26ml<\/li>\n<li>Baterija: 650 mAh (\u012fkraunama)<\/li>\n<li>\u012ekrovimas: C tipo<\/li>\n<li>rit\u0117: Dvigubos 1,0\u03a9 tinklin\u0117s rit\u0117s.<\/li>\n<li>Ekranas: Skaitmeninis ekranas (akumuliatoriaus ir elektroninio skys\u010dio lygiai)<\/li>\n<li>Oro srautas: Reguliuojamas<\/li>\n<li>Nikotino stiprumas: 0%, 2%, 3%, 5%<\/li>\n<li>Galimi skoniai: Mango Apple Pear, Cool Mango, Green Apple, Blueberry Ice, Mint, Mix Berries, Grape Ice, Watermelon Ice, Blueberry Mint.<\/li>\n<\/ul>\n<h4>DUK<\/h4>\n<h5>Kaip dvigubos tinklin\u0117s rit\u0117s pagerina garinimo patirt\u012f?<\/h5>\n<p>Dvigubos 1,0 \u03a9 tinklin\u0117s rit\u0117s u\u017etikrina didesn\u012f kaitinimo efektyvum\u0105 ir tolyg\u0173 garinim\u0105, tod\u0117l skonis yra sodresnis, intensyvesnis, o gar\u0173 debesys tankesni. \u0160i technologija u\u017etikrina nuolat skland\u0173 ir malon\u0173 garinim\u0105 per vis\u0105 prietaiso naudojimo laik\u0105.<\/p>\n<h5>Kokie yra skaitmeninio ekrano ir reguliuojamo oro srauto privalumai?<\/h5>\n<p>Skaitmeninis ekranas leid\u017eia naudotojams realiuoju laiku steb\u0117ti akumuliatoriaus ir elektroninio skys\u010dio lyg\u012f, tod\u0117l jie niekada nebus u\u017eklupti netik\u0117tai. Reguliuojamas oro srautas suteikia galimyb\u0119 pritaikyti traukimo pasiprie\u0161inim\u0105, tod\u0117l vartotojai gali tiksliai sureguliuoti garinimo patirt\u012f pagal savo pageidavimus.<\/p>\n<h5>Kuo naudotojams naudinga 22 000 \u012fpur\u0161kim\u0173 talpa ir 26 ml elektroninio skys\u010dio rezervuaras?<\/h5>\n<p>22 000 \u012fpur\u0161kim\u0173 talpa ir 26 ml elektroninio skys\u010dio rezervuaras u\u017etikrina ilgesn\u012f naudojim\u0105, tod\u0117l nereikia da\u017enai keisti. Tai u\u017etikrina i\u0161skirtin\u012f patogum\u0105 ir vert\u0119, tod\u0117l ELFWORLD AL 22000 puikiai tinka naudotojams, norintiems ilgai ir be r\u016bpes\u010di\u0173 garinti.<\/p>\n<h5>Kokie pristatymo b\u016bdai naudojami?<\/h5>\n<p>Bendradarbiaujame su patikimais ve\u017e\u0117jais, tokiais kaip UPS, DHL, \"FedEx\" ir DPD, kad u\u017etikrintume veiksming\u0105 ir saug\u0173 pristatym\u0105. Pagal j\u016bs\u0173 buvimo viet\u0105 parenkame tinkamiausi\u0105 pristatymo b\u016bd\u0105, kad u\u017esakym\u0105 gautum\u0117te kuo grei\u010diau.<\/p>\n<h5>Ar galiu pasitik\u0117ti savo pirkiniu?<\/h5>\n<p>Pirmenyb\u0119 teikiame klient\u0173 pasitenkinimui ir si\u016blome saugias mok\u0117jimo galimybes, \u012fskaitant \"PayPal\" su pirk\u0117jo apsauga. Klient\u0173 atsiliepimus taip pat galite per\u017ei\u016br\u0117ti \"TrustPilot\" svetain\u0117je: <a href=\"https:\/\/www.trustpilot.com\/review\/volovape.com?utm_medium=trustbox&amp;utm_source=TrustBoxReviewCollector\">\"TrustPilot\"<\/a>.<\/p>","protected":false},"excerpt":{"rendered":"<p>Gaukite didmenin\u0117s didmenin\u0117s prekybos ELFWORLD AL 22000 Puffs vienkartini\u0173 garintuv\u0173. 22 000 puanson\u0173, 26 ml el. skys\u010dio, dvigubos tinklin\u0117s rit\u0117s, skaitmeninis ekranas ir reguliuojamas oro srautas. I\u0161bandykite 10 skoni\u0173.<\/p>","protected":false},"featured_media":1271,"comment_status":"open","ping_status":"closed","template":"","meta":[],"product_brand":[],"product_cat":[69,42,45,21,18,39,20,23,24,22,25,26,27,28,29,30,31,32,33,34,35,44,36,40],"product_tag":[],"class_list":{"0":"post-826","1":"product","2":"type-product","3":"status-publish","4":"has-post-thumbnail","6":"product_cat-elfworld","7":"product_cat-20000-puffs-disposable-vape","8":"product_cat-25000-puffs-disposable-vape","9":"product_cat-big-puffs-vapes","10":"product_cat-different-puffs-of-disposable-vapes","11":"product_cat-digital-box-vapes","12":"product_cat-disposable-vape-types","13":"product_cat-disposable-vapes-in-austria","14":"product_cat-disposable-vapes-in-belgium","15":"product_cat-disposable-vapes-in-europe","16":"product_cat-disposable-vapes-in-france","17":"product_cat-disposable-vapes-in-germany","18":"product_cat-disposable-vapes-in-hungary","19":"product_cat-disposable-vapes-in-ltaly","20":"product_cat-disposable-vapes-in-netherlands","21":"product_cat-disposable-vapes-in-norway","22":"product_cat-disposable-vapes-in-poland","23":"product_cat-disposable-vapes-in-portugal","24":"product_cat-disposable-vapes-in-spain","25":"product_cat-disposable-vapes-in-sweden","26":"product_cat-disposable-vapes-in-switzerland","27":"product_cat-dual-mesh-vapes","28":"product_cat-rechargeable-vapes","29":"product_cat-smart-screen-vapes","31":"first","32":"instock","33":"shipping-taxable","34":"purchasable","35":"product-type-variable","36":"has-default-attributes"},"jetpack_sharing_enabled":true,"tiered_pricing_type":"fixed","tiered_pricing_fixed_rules":{"2000":6.88999999999999968025576890795491635799407958984375},"tiered_pricing_product_settings":{"layout":"default","base_unit_name":{"singular":null,"plural":null},"default_variation":null},"tiered_pricing_minimum_quantity":1000,"tiered_pricing_roles_data":[],"tiered_pricing_percentage_rules":[],"tiered_pricing_maximum_quantity":null,"tiered_pricing_quantity_step":"10","_links":{"self":[{"href":"https:\/\/volovape.com\/lt\/wp-json\/wp\/v2\/product\/826","targetHints":{"allow":["GET"]}}],"collection":[{"href":"https:\/\/volovape.com\/lt\/wp-json\/wp\/v2\/product"}],"about":[{"href":"https:\/\/volovape.com\/lt\/wp-json\/wp\/v2\/types\/product"}],"replies":[{"embeddable":true,"href":"https:\/\/volovape.com\/lt\/wp-json\/wp\/v2\/comments?post=826"}],"wp:featuredmedia":[{"embeddable":true,"href":"https:\/\/volovape.com\/lt\/wp-json\/wp\/v2\/media\/1271"}],"wp:attachment":[{"href":"https:\/\/volovape.com\/lt\/wp-json\/wp\/v2\/media?parent=826"}],"wp:term":[{"taxonomy":"product_brand","embeddable":true,"href":"https:\/\/volovape.com\/lt\/wp-json\/wp\/v2\/product_brand?post=826"},{"taxonomy":"product_cat","embeddable":true,"href":"https:\/\/volovape.com\/lt\/wp-json\/wp\/v2\/product_cat?post=826"},{"taxonomy":"product_tag","embeddable":true,"href":"https:\/\/volovape.com\/lt\/wp-json\/wp\/v2\/product_tag?post=826"}],"curies":[{"name":"wp","href":"https:\/\/api.w.org\/{rel}","templated":true}]}}