{"id":825,"date":"2024-11-21T03:33:30","date_gmt":"2024-11-21T03:33:30","guid":{"rendered":"https:\/\/volovape.com\/?post_type=product&#038;p=825"},"modified":"2025-07-06T04:09:11","modified_gmt":"2025-07-06T04:09:11","slug":"elfu-pasaulis-plius-20000-puffu","status":"publish","type":"product","link":"https:\/\/volovape.com\/lt\/product\/elfworld-plus-20000-puffs\/","title":{"rendered":"ELFWORLD PLUS+ 20000 puffs vienkartinis vape - didmenin\u0117 nuolaida, tinklin\u0117 rit\u0117, \u012fkraunama"},"content":{"rendered":"<p><strong>ELFWORLD PLUS+ 20000 puf\u0173 vienkartinis Vape<\/strong> - Neprilygstamas ilgaam\u017ei\u0161kumas ir skonis su pa\u017eangia tinklelio rit\u0117s technologija.<\/p>\n<p>Svetain\u0117 <strong>ELFWORLD PLUS+ 20000 kapsuli\u0173<\/strong> Vienkartinis vape u\u017etikrina i\u0161skirtin\u0119 garinimo patirt\u012f ir \u012fsp\u016bding\u0105 <strong>20 000 puff<\/strong> talpa, didel\u0117 <strong>22 ml elektroninio skys\u010dio rezervuaras<\/strong>ir galingas <strong>650 mAh \u012fkraunama baterija<\/strong>. I\u0161pl\u0117stin\u0117 <strong>tinklelio rit\u0117<\/strong> technologija u\u017etikrina nuolatin\u012f skland\u0173, sodr\u0173 ir malon\u0173 garavim\u0105, tod\u0117l puikiai tinka ilgesniam naudojimui. Galite rinktis i\u0161 <strong>0%, 2%, 3% arba 5% nikotino koncentracija<\/strong> kad atitikt\u0173 j\u016bs\u0173 pageidavimus. Idealiai tinka asmeniniam naudojimui ir <strong>vienkartiniai vape didmenin\u0117 prekyba<\/strong>, \u0161is prietaisas pasi\u017eymi ilgaam\u017ei\u0161kumu ir patogumu. <strong>Masinis u\u017esakymas<\/strong> ma\u017emenininkai gali rinktis.<\/p>\n<h3><strong>ELFWORLD PLUS+ 20000 pufik\u0173 Funkcijos:<\/strong><\/h3>\n<ul>\n<li>Pufai: Iki 20 000<\/li>\n<li>E-skys\u010dio talpa: 22ml<\/li>\n<li>Baterija: 650 mAh (\u012fkraunama)<\/li>\n<li>\u012ekrovimas: C tipo<\/li>\n<li>rit\u0117: Tinklin\u0117 rit\u0117<\/li>\n<li>Nikotino stiprumas: 0%, 2%, 3%, 5%<\/li>\n<li>Galimi skoniai: Vynuogi\u0173 citrina, vy\u0161ni\u0173 bomba, sultingas persik\u0173 ledas, \"Berry Bliss\", \"Blue Razz Ice\", m\u0117lyni\u0173 arb\u016bzas, ro\u017einis limonadas, meksikieti\u0161kas mangas, bra\u0161ki\u0173 bananas, arb\u016bz\u0173 ledas, baltas kramtomasis ledas, bra\u0161ki\u0173 mangas, Majamio m\u0117ta.<\/li>\n<\/ul>\n<h4>DUK<\/h4>\n<h5>Kaip tinklin\u0117 rit\u0117 pagerina garinimo patirt\u012f \u0161iame didel\u0117s talpos \u012frenginyje?<\/h5>\n<p>\"ELFWORLD PLUS+ 20000\" tinklin\u0117 rit\u0117 sukurta taip, kad tolygiai kaitint\u0173 ir efektyviai garint\u0173, u\u017etikrindama pastov\u0173 skon\u012f ir gar\u0173 gamyb\u0105 per vis\u0105 prietaiso naudojimo laik\u0105. \u0160i technologija leid\u017eia u\u017etikrinti skland\u0173 ir malon\u0173 poj\u016bt\u012f net ir esant dideliam d\u016bm\u0173 skai\u010diui.<\/p>\n<h5>Kokie yra 20 000 puod\u0173 talpos privalumai?<\/h5>\n<p>20 000 i\u0161pu\u010diam\u0173 buteli\u0173 talpa u\u017etikrina ilgesn\u012f naudojim\u0105, tod\u0117l nereikia da\u017enai keisti nauj\u0173. Tod\u0117l ELFWORLD PLUS+ 20000 idealiai tinka naudotojams, norintiems ilgalaikio ir patogaus garinimo sprendimo, puikiai tinkan\u010dio kelion\u0117ms ar kasdieniam naudojimui.<\/p>\n<h5>Kaip greitai \u012fkraunamas 650 mAh akumuliatorius?<\/h5>\n<p>650 mAh baterija palaiko ilgus garinimo seansus ir greitai \u012fkraunama naudojant C tipo \u012fkrovim\u0105. Taip u\u017etikrinamas minimalus prastovos laikas, kad gal\u0117tum\u0117te m\u0117gautis prietaisu be ilgo laukimo.<\/p>\n<h5>Kokie pristatymo b\u016bdai naudojami?<\/h5>\n<p>Bendradarbiaujame su patikimais ve\u017e\u0117jais, tokiais kaip UPS, DHL, \"FedEx\" ir DPD, kad u\u017etikrintume veiksming\u0105 ir saug\u0173 pristatym\u0105. Pagal j\u016bs\u0173 buvimo viet\u0105 parenkame geriausi\u0105 pristatymo variant\u0105, kad u\u017esakym\u0105 gautum\u0117te kuo grei\u010diau.<\/p>\n<h5>Ar galiu pasitik\u0117ti savo pirkiniu?<\/h5>\n<p>Pirmenyb\u0119 teikiame klient\u0173 pasitenkinimui ir si\u016blome saugias mok\u0117jimo galimybes, \u012fskaitant \"PayPal\" su pirk\u0117jo apsauga. Klient\u0173 atsiliepimus taip pat galite per\u017ei\u016br\u0117ti \"TrustPilot\" svetain\u0117je: <a href=\"https:\/\/www.trustpilot.com\/review\/volovape.com?utm_medium=trustbox&amp;utm_source=TrustBoxReviewCollector\">\"TrustPilot\"<\/a>.<\/p>","protected":false},"excerpt":{"rendered":"<p>Didmenin\u0117 didmenin\u0117 prekyba ELFWORLD PLUS+ 20000 Puffs vienkartiniai garintuvai. 20000 \u012fpur\u0161kim\u0173, 22 ml el. skys\u010dio, tinklin\u0117 rit\u0117, \u012fkraunama. \u012evairios nikotino parinktys. I\u0161bandykite 15 skoni\u0173.<\/p>","protected":false},"featured_media":1254,"comment_status":"open","ping_status":"closed","template":"","meta":[],"product_brand":[],"product_cat":[69,42,21,18,39,20,23,24,22,25,26,27,28,29,30,31,32,33,34,35,44,36,40],"product_tag":[],"class_list":{"0":"post-825","1":"product","2":"type-product","3":"status-publish","4":"has-post-thumbnail","6":"product_cat-elfworld","7":"product_cat-20000-puffs-disposable-vape","8":"product_cat-big-puffs-vapes","9":"product_cat-different-puffs-of-disposable-vapes","10":"product_cat-digital-box-vapes","11":"product_cat-disposable-vape-types","12":"product_cat-disposable-vapes-in-austria","13":"product_cat-disposable-vapes-in-belgium","14":"product_cat-disposable-vapes-in-europe","15":"product_cat-disposable-vapes-in-france","16":"product_cat-disposable-vapes-in-germany","17":"product_cat-disposable-vapes-in-hungary","18":"product_cat-disposable-vapes-in-ltaly","19":"product_cat-disposable-vapes-in-netherlands","20":"product_cat-disposable-vapes-in-norway","21":"product_cat-disposable-vapes-in-poland","22":"product_cat-disposable-vapes-in-portugal","23":"product_cat-disposable-vapes-in-spain","24":"product_cat-disposable-vapes-in-sweden","25":"product_cat-disposable-vapes-in-switzerland","26":"product_cat-dual-mesh-vapes","27":"product_cat-rechargeable-vapes","28":"product_cat-smart-screen-vapes","30":"first","31":"instock","32":"shipping-taxable","33":"purchasable","34":"product-type-variable","35":"has-default-attributes"},"jetpack_sharing_enabled":true,"tiered_pricing_type":"fixed","tiered_pricing_fixed_rules":{"2000":6.19000000000000039079850466805510222911834716796875},"tiered_pricing_product_settings":{"layout":"default","base_unit_name":{"singular":null,"plural":null},"default_variation":null},"tiered_pricing_minimum_quantity":1000,"tiered_pricing_roles_data":[],"tiered_pricing_percentage_rules":[],"tiered_pricing_maximum_quantity":null,"tiered_pricing_quantity_step":"10","_links":{"self":[{"href":"https:\/\/volovape.com\/lt\/wp-json\/wp\/v2\/product\/825","targetHints":{"allow":["GET"]}}],"collection":[{"href":"https:\/\/volovape.com\/lt\/wp-json\/wp\/v2\/product"}],"about":[{"href":"https:\/\/volovape.com\/lt\/wp-json\/wp\/v2\/types\/product"}],"replies":[{"embeddable":true,"href":"https:\/\/volovape.com\/lt\/wp-json\/wp\/v2\/comments?post=825"}],"wp:featuredmedia":[{"embeddable":true,"href":"https:\/\/volovape.com\/lt\/wp-json\/wp\/v2\/media\/1254"}],"wp:attachment":[{"href":"https:\/\/volovape.com\/lt\/wp-json\/wp\/v2\/media?parent=825"}],"wp:term":[{"taxonomy":"product_brand","embeddable":true,"href":"https:\/\/volovape.com\/lt\/wp-json\/wp\/v2\/product_brand?post=825"},{"taxonomy":"product_cat","embeddable":true,"href":"https:\/\/volovape.com\/lt\/wp-json\/wp\/v2\/product_cat?post=825"},{"taxonomy":"product_tag","embeddable":true,"href":"https:\/\/volovape.com\/lt\/wp-json\/wp\/v2\/product_tag?post=825"}],"curies":[{"name":"wp","href":"https:\/\/api.w.org\/{rel}","templated":true}]}}