{"id":824,"date":"2024-11-21T03:33:30","date_gmt":"2024-11-21T03:33:30","guid":{"rendered":"https:\/\/volovape.com\/?post_type=product&#038;p=824"},"modified":"2025-07-06T04:22:09","modified_gmt":"2025-07-06T04:22:09","slug":"elfu-pasaulis-15pro-12000-vnt","status":"publish","type":"product","link":"https:\/\/volovape.com\/lt\/product\/elfworld-15pro-12000-puffs\/","title":{"rendered":"ELFWORLD 15PRO 12000 \u012fkv\u0117pim\u0173 vienkartinis vape su skaitmeniniu ekranu ir reguliuojamu oro srautu"},"content":{"rendered":"<p><strong>ELFWORLD 15PRO 12000 Puffs vienkartinis Vape<\/strong> - I\u0161manusis garinimas su skaitmeniniu ekranu ir reguliuojamu oro srautu.<\/p>\n<p>Svetain\u0117 <strong>ELFWORLD 15PRO 12000 p\u016bkeli\u0173<\/strong> vienkartinis vape sujungia auk\u0161t\u0105 na\u0161um\u0105 ir i\u0161mani\u0105sias funkcijas, si\u016blydamas iki <strong>12 000 \u012fpur\u0161kim\u0173<\/strong>, an <strong>18 ml e-skys\u010dio talpa<\/strong>ir <strong>600 mAh \u012fkraunamas akumuliatorius<\/strong>. Integruotas <strong>skaitmeninis ekranas<\/strong> realiuoju laiku stebi akumuliatoriaus ir elektroninio skys\u010dio lyg\u012f, o <strong>reguliuojamas oro srautas<\/strong> leid\u017eia \u012fgyti asmenin\u0119 garinimo patirt\u012f. Pa\u017eangus <strong>tinklelio rit\u0117<\/strong> u\u017etikrina skland\u0173 ir aromating\u0105 garavim\u0105. Galite rinktis i\u0161 <strong>0%, 2%, 3% arba 5% nikotino koncentracija<\/strong>. Idealiai tinka asmeniniam naudojimui ir <strong>vienkartiniai vape didmenin\u0117 prekyba<\/strong>, \u0161is prietaisas suteikia ir patogumo, ir kontrol\u0117s galimyb\u0119. <strong>Masinis u\u017esakymas<\/strong> ma\u017emenininkai gali rinktis.<\/p>\n<h3><strong>ELFWORLD 15PRO 12000 pufik\u0173 Funkcijos:<\/strong><\/h3>\n<ul>\n<li>Pufai: Iki 12 000<\/li>\n<li>E-skys\u010dio talpa: 18ml<\/li>\n<li>Baterija: 600 mAh (\u012fkraunama)<\/li>\n<li>\u012ekrovimas: C tipo<\/li>\n<li>rit\u0117: Tinklin\u0117 rit\u0117<\/li>\n<li>Ekranas: Skaitmeninis ekranas (akumuliatoriaus ir elektroninio skys\u010dio lygiai)<\/li>\n<li>Oro srautas: Reguliuojamas<\/li>\n<li>Nikotino stiprumas: 0%, 2%, 3%, 5%<\/li>\n<li>Galimi skoniai: Arb\u016bz\u0173 ledai, Blue Razz ledai, Bra\u0161ki\u0173 ledai, Vanilinis tabakas, Drakono vaisi\u0173 uogos, Sakura vynuog\u0117s, Persik\u0173 mangai, Saldaini\u0173 vaivoryk\u0161t\u0117, M\u0117tos, Mi\u0161rios uogos, Arb\u016bz\u0173 kramtomoji guma, Kivi\u0173 pasiflor\u0173 gvajava, Avie\u010di\u0173 arb\u016bzai, Dvigubas obuolys, Bra\u0161ki\u0173 ledai.<\/li>\n<\/ul>\n<h4>DUK<\/h4>\n<h5>Kaip skaitmeninis ekranas pagerina garinimo patirt\u012f?<\/h5>\n<p>Skaitmeniniame ekrane realiuoju laiku pateikiama informacija apie akumuliatoriaus ir elektroninio skys\u010dio lyg\u012f, tod\u0117l naudotojai gali i\u0161 karto steb\u0117ti savo prietaiso b\u016bkl\u0119. \u0160i funkcija u\u017etikrina, kad niekada neb\u016bsite u\u017eklupti netik\u0117tai ir gal\u0117site atitinkamai planuoti garinimo seansus, taip padidindami bendr\u0105 patogum\u0105 ir kontrol\u0119.<\/p>\n<h5>Kokie yra reguliuojamo oro srauto privalumai?<\/h5>\n<p>Reguliuojamas oro srautas leid\u017eia naudotojams pritaikyti garinimo patirt\u012f, tiksliai reguliuojant traukimo pasiprie\u0161inim\u0105. Nesvarbu, ar m\u0117gstate grie\u017etesn\u012f, ar laisvesn\u012f traukim\u0105, \u0161i funkcija leid\u017eia pritaikyti garinim\u0105 pagal savo pageidavimus, o tai suteikia daugiau pasitenkinimo ir malonumo.<\/p>\n<h5>Kaip tinklin\u0117 rit\u0117 prisideda prie skonio ir gar\u0173 gamybos?<\/h5>\n<p>Tinklin\u0117 rit\u0117 sukurta taip, kad u\u017etikrint\u0173 tolyg\u0173 kaitinim\u0105 ir optimal\u0173 elektroninio skys\u010dio garinim\u0105, tod\u0117l garai bus tolyg\u016bs ir aromatingi. \u0160i technologija pagerina bendr\u0105 garinimo patirt\u012f, nes su kiekvienu d\u016b\u017eiu sukuria sodrius, malonius debes\u0117lius.<\/p>\n<h5>Kokie pristatymo b\u016bdai naudojami?<\/h5>\n<p>Bendradarbiaujame su patikimais ve\u017e\u0117jais, tokiais kaip UPS, DHL, \"FedEx\" ir DPD, kad u\u017etikrintume patikim\u0105 ir veiksming\u0105 pristatym\u0105. Pagal j\u016bs\u0173 buvimo viet\u0105 parenkame tinkamiausi\u0105 pristatymo b\u016bd\u0105, kad u\u017esakym\u0105 gautum\u0117te kuo grei\u010diau.<\/p>\n<h5>Ar galiu pasitik\u0117ti savo pirkiniu?<\/h5>\n<p>Pirmenyb\u0119 teikiame klient\u0173 pasitenkinimui ir si\u016blome saugias mok\u0117jimo galimybes, \u012fskaitant \"PayPal\" su pirk\u0117jo apsauga. Klient\u0173 atsiliepimus taip pat galite per\u017ei\u016br\u0117ti \"TrustPilot\" svetain\u0117je: <a href=\"https:\/\/www.trustpilot.com\/review\/volovape.com?utm_medium=trustbox&amp;utm_source=TrustBoxReviewCollector\">\"TrustPilot\"<\/a>.<\/p>","protected":false},"excerpt":{"rendered":"<p>Platinkite ELFWORLD 15PRO 12000 Puffs vienkartinius garintuvus. 12 000 p\u016btim\u0173, 18 ml el. skys\u010dio, skaitmeninis ekranas, reguliuojamas oro srautas, tinklin\u0117 rit\u0117. \u012evairus nikotinas. Atraskite 15 skoni\u0173.<\/p>","protected":false},"featured_media":1243,"comment_status":"open","ping_status":"closed","template":"","meta":[],"product_brand":[],"product_cat":[69,38,21,18,39,20,23,24,22,25,26,27,28,29,30,31,32,33,34,35,36,40],"product_tag":[],"class_list":{"0":"post-824","1":"product","2":"type-product","3":"status-publish","4":"has-post-thumbnail","6":"product_cat-elfworld","7":"product_cat-12000-puffs-disposable-vape","8":"product_cat-big-puffs-vapes","9":"product_cat-different-puffs-of-disposable-vapes","10":"product_cat-digital-box-vapes","11":"product_cat-disposable-vape-types","12":"product_cat-disposable-vapes-in-austria","13":"product_cat-disposable-vapes-in-belgium","14":"product_cat-disposable-vapes-in-europe","15":"product_cat-disposable-vapes-in-france","16":"product_cat-disposable-vapes-in-germany","17":"product_cat-disposable-vapes-in-hungary","18":"product_cat-disposable-vapes-in-ltaly","19":"product_cat-disposable-vapes-in-netherlands","20":"product_cat-disposable-vapes-in-norway","21":"product_cat-disposable-vapes-in-poland","22":"product_cat-disposable-vapes-in-portugal","23":"product_cat-disposable-vapes-in-spain","24":"product_cat-disposable-vapes-in-sweden","25":"product_cat-disposable-vapes-in-switzerland","26":"product_cat-rechargeable-vapes","27":"product_cat-smart-screen-vapes","29":"first","30":"instock","31":"shipping-taxable","32":"purchasable","33":"product-type-variable","34":"has-default-attributes"},"jetpack_sharing_enabled":true,"tiered_pricing_type":"fixed","tiered_pricing_fixed_rules":{"2000":5.20000000000000017763568394002504646778106689453125},"tiered_pricing_product_settings":{"layout":"default","base_unit_name":{"singular":null,"plural":null},"default_variation":null},"tiered_pricing_minimum_quantity":1000,"tiered_pricing_roles_data":[],"tiered_pricing_percentage_rules":[],"tiered_pricing_maximum_quantity":null,"tiered_pricing_quantity_step":"10","_links":{"self":[{"href":"https:\/\/volovape.com\/lt\/wp-json\/wp\/v2\/product\/824","targetHints":{"allow":["GET"]}}],"collection":[{"href":"https:\/\/volovape.com\/lt\/wp-json\/wp\/v2\/product"}],"about":[{"href":"https:\/\/volovape.com\/lt\/wp-json\/wp\/v2\/types\/product"}],"replies":[{"embeddable":true,"href":"https:\/\/volovape.com\/lt\/wp-json\/wp\/v2\/comments?post=824"}],"wp:featuredmedia":[{"embeddable":true,"href":"https:\/\/volovape.com\/lt\/wp-json\/wp\/v2\/media\/1243"}],"wp:attachment":[{"href":"https:\/\/volovape.com\/lt\/wp-json\/wp\/v2\/media?parent=824"}],"wp:term":[{"taxonomy":"product_brand","embeddable":true,"href":"https:\/\/volovape.com\/lt\/wp-json\/wp\/v2\/product_brand?post=824"},{"taxonomy":"product_cat","embeddable":true,"href":"https:\/\/volovape.com\/lt\/wp-json\/wp\/v2\/product_cat?post=824"},{"taxonomy":"product_tag","embeddable":true,"href":"https:\/\/volovape.com\/lt\/wp-json\/wp\/v2\/product_tag?post=824"}],"curies":[{"name":"wp","href":"https:\/\/api.w.org\/{rel}","templated":true}]}}