{"id":82,"date":"2024-11-21T03:26:51","date_gmt":"2024-11-21T03:26:51","guid":{"rendered":"https:\/\/volovape.com\/?post_type=product&#038;p=82"},"modified":"2025-06-19T03:44:40","modified_gmt":"2025-06-19T03:44:40","slug":"fihp-9000-puffs","status":"publish","type":"product","link":"https:\/\/volovape.com\/lt\/product\/fihp-9000-puffs\/","title":{"rendered":"\"FIHP 9000 Puffs\" vienkartinis vape - \u012fkraunamas, tinklin\u0117 rit\u0117, RGB \u0161viesa"},"content":{"rendered":"<p><iframe title=\"VideoPress vaizdo \u012fra\u0161\u0173 grotuvas\" aria-label='VideoPress vaizdo \u012fra\u0161\u0173 grotuvas' width='421' height='750' src='https:\/\/videopress.com\/embed\/xJVwxWTP?hd=0&amp;cover=1' frameborder='0' allowfullscreen allow='clipboard-write'><\/iframe><script src='https:\/\/v0.wordpress.com\/js\/next\/videopress-iframe.js?m=1739540970'><\/script><\/p>\n<p><strong>FIHP 9000 Puffs Stilingas \u012fkraunamas vienkartinis vape su RGB ap\u0161vietimu<\/strong> - Veikimas ir stilius kartu.<\/p>\n<p>Svetain\u0117 <strong>FIHP 9000 Puffs<\/strong> Vienkartinis vape si\u016blo unikal\u0173 na\u0161umo ir stiliaus derin\u012f, u\u017etikrinant\u012f iki <strong>9 000 \u012fpur\u0161kim\u0173<\/strong> su <strong>18 ml e-skys\u010dio talpa<\/strong> ir <strong>650 mAh \u012fkraunama baterija<\/strong> su <strong>C tipo \u012fkrovimas<\/strong>. . <strong>pa\u017eangi tinklin\u0117s rit\u0117s technologija<\/strong> u\u017etikrina nuolatin\u012f skland\u0173 ir aromating\u0105 garavim\u0105. I\u0161siskirkite su <strong>ry\u0161kus RGB ap\u0161vietimas<\/strong>ir taip papildysite garinim\u0105 pritaikomu vizualiniu elementu. Galite rinktis i\u0161 <strong>2% arba 5% nikotino kiekis<\/strong> ir m\u0117gaukit\u0117s \u012fvairiais skoniais, \u012fskaitant bra\u0161ki\u0173 drakono vaisi\u0173 ir m\u0117lyni\u0173 limonado. Idealiai tinka asmeniniam naudojimui arba <strong>vienkartiniai vape didmenin\u0117 prekyba<\/strong>\u0161is prietaisas yra ir patogus, ir stilingas. Skirta <strong>masinis u\u017esakymas<\/strong> kainos, susisiekite su mumis.<\/p>\n<h3><strong>FIHP 9000 Funkcijos:<\/strong><\/h3>\n<ul>\n<li>Pufai: Iki 9 000<\/li>\n<li>E-skys\u010dio talpa: 18ml<\/li>\n<li>Baterija: 650 mAh (\u012fkraunama)<\/li>\n<li>\u012ekrovimas: C tipo<\/li>\n<li>rit\u0117: Tinklin\u0117 rit\u0117<\/li>\n<li>Ap\u0161vietimas: RGB<\/li>\n<li>Nikotino stiprumas: 2%, 5%<\/li>\n<li>12 skonio parink\u010di\u0173<\/li>\n<\/ul>\n<h4>DUK<\/h4>\n<h5>Kaip RGB ap\u0161vietimas pagerina garinimo patirt\u012f?<\/h5>\n<p>Ry\u0161kus RGB ap\u0161vietimas suteikia stiling\u0105 ir pritaikom\u0105 vizualin\u012f element\u0105 j\u016bs\u0173 garinimo patir\u010diai, tod\u0117l ji tampa malonesn\u0117 ir asmeni\u0161kesn\u0117. Tai unikali funkcija, i\u0161skirianti \u0161\u012f prietais\u0105.<\/p>\n<h5>Kokie pristatymo b\u016bdai naudojami?<\/h5>\n<p>Bendradarbiaujame su patikimais ve\u017e\u0117jais, tokiais kaip UPS, DHL, \"FedEx\" ir DPD, kad j\u016bs\u0173 u\u017esakymai b\u016bt\u0173 pristatyti efektyviai. Pristatymo b\u016bdas parenkamas atsi\u017evelgiant \u012f j\u016bs\u0173 buvimo viet\u0105, kad b\u016bt\u0173 u\u017etikrintas optimalus pristatymo greitis ir patikimumas.<\/p>\n<h5>Kiek laiko paprastai u\u017etrunka pristatymas?<\/h5>\n<p>Pristatymas paprastai trunka nuo 7 iki 15 darbo dien\u0173. Sezon\u0173 piko metu arba esant nepalankioms oro s\u0105lygoms gali prireikti iki 20 darbo dien\u0173.<\/p>\n<h5>Ar susidursiu su kokiomis nors muitin\u0117s problemomis ar papildomais mokes\u010diais?<\/h5>\n<p>Atliekame visas muitin\u0117s proced\u016bras ir u\u017etikriname, kad j\u016bs\u0173 siunta b\u016bt\u0173 \u012fforminta be joki\u0173 problem\u0173. Jums nereik\u0117s mok\u0117ti joki\u0173 papildom\u0173 mokes\u010di\u0173 ar rinkliav\u0173. Garantuojame, kad 100% bus i\u0161muitintas.<\/p>\n<h5>Kaip galiu b\u016bti tikras d\u0117l gaminio kokyb\u0117s ir patikimumo?<\/h5>\n<p>Priimame saugius \"PayPal\" mok\u0117jimus su pirk\u0117jo apsauga. Taip pat galite perskaityti klient\u0173 atsiliepimus<\/p>\n<p>https:\/\/www.trustpilot.com\/review\/volovape.com?utm_medium=trustbox&amp;utm_source=TrustBoxReviewCollector, kur daugelis klient\u0173 dalijasi teigiama patirtimi apie m\u016bs\u0173 gaminius ir paslaugas.<\/p>","protected":false},"excerpt":{"rendered":"<p>Ap\u0161vieskite savo vape su FIHP 9000 puf\u0173. RGB ap\u0161vietimas, tinklin\u0117 rit\u0117, 18 ml, \u012fkraunama. Idealiai tinka asmeniniam ar didmeniniam naudojimui, si\u016blo stiling\u0105 ir ilgalaik\u012f garinim\u0105 su \u012fvairiu nikotinu.<\/p>","protected":false},"featured_media":260,"comment_status":"open","ping_status":"closed","template":"","meta":[],"product_brand":[],"product_cat":[46,48,21,18,20,23,24,22,25,26,27,28,29,30,31,32,33,34,35,36],"product_tag":[],"class_list":{"0":"post-82","1":"product","2":"type-product","3":"status-publish","4":"has-post-thumbnail","6":"product_cat-fihp","7":"product_cat-9000-puffs-disposable-vape","8":"product_cat-big-puffs-vapes","9":"product_cat-different-puffs-of-disposable-vapes","10":"product_cat-disposable-vape-types","11":"product_cat-disposable-vapes-in-austria","12":"product_cat-disposable-vapes-in-belgium","13":"product_cat-disposable-vapes-in-europe","14":"product_cat-disposable-vapes-in-france","15":"product_cat-disposable-vapes-in-germany","16":"product_cat-disposable-vapes-in-hungary","17":"product_cat-disposable-vapes-in-ltaly","18":"product_cat-disposable-vapes-in-netherlands","19":"product_cat-disposable-vapes-in-norway","20":"product_cat-disposable-vapes-in-poland","21":"product_cat-disposable-vapes-in-portugal","22":"product_cat-disposable-vapes-in-spain","23":"product_cat-disposable-vapes-in-sweden","24":"product_cat-disposable-vapes-in-switzerland","25":"product_cat-rechargeable-vapes","27":"first","28":"instock","29":"shipping-taxable","30":"purchasable","31":"product-type-variable","32":"has-default-attributes"},"jetpack_sharing_enabled":true,"tiered_pricing_type":"fixed","tiered_pricing_fixed_rules":{"2000":4.38999999999999968025576890795491635799407958984375},"tiered_pricing_product_settings":{"layout":"default","base_unit_name":{"singular":null,"plural":null},"default_variation":null},"tiered_pricing_minimum_quantity":1000,"tiered_pricing_roles_data":[],"tiered_pricing_percentage_rules":[],"tiered_pricing_maximum_quantity":null,"tiered_pricing_quantity_step":"10","_links":{"self":[{"href":"https:\/\/volovape.com\/lt\/wp-json\/wp\/v2\/product\/82","targetHints":{"allow":["GET"]}}],"collection":[{"href":"https:\/\/volovape.com\/lt\/wp-json\/wp\/v2\/product"}],"about":[{"href":"https:\/\/volovape.com\/lt\/wp-json\/wp\/v2\/types\/product"}],"replies":[{"embeddable":true,"href":"https:\/\/volovape.com\/lt\/wp-json\/wp\/v2\/comments?post=82"}],"wp:featuredmedia":[{"embeddable":true,"href":"https:\/\/volovape.com\/lt\/wp-json\/wp\/v2\/media\/260"}],"wp:attachment":[{"href":"https:\/\/volovape.com\/lt\/wp-json\/wp\/v2\/media?parent=82"}],"wp:term":[{"taxonomy":"product_brand","embeddable":true,"href":"https:\/\/volovape.com\/lt\/wp-json\/wp\/v2\/product_brand?post=82"},{"taxonomy":"product_cat","embeddable":true,"href":"https:\/\/volovape.com\/lt\/wp-json\/wp\/v2\/product_cat?post=82"},{"taxonomy":"product_tag","embeddable":true,"href":"https:\/\/volovape.com\/lt\/wp-json\/wp\/v2\/product_tag?post=82"}],"curies":[{"name":"wp","href":"https:\/\/api.w.org\/{rel}","templated":true}]}}